{"id":11116,"date":"2021-03-07T19:34:46","date_gmt":"2021-03-07T18:34:46","guid":{"rendered":"http:\/\/projectes.xtec.cat\/mobilitatfp\/?page_id=11116"},"modified":"2024-12-18T10:16:26","modified_gmt":"2024-12-18T09:16:26","slug":"descripcio-del-programa","status":"publish","type":"page","link":"https:\/\/projectes.xtec.cat\/mobilitatfp\/fpeois-together\/descripcio-del-programa\/","title":{"rendered":"Descripci\u00f3 del programa"},"content":{"rendered":"<p><a class=\"experiences experienceNumber1\" style=\"font-size: 1.6875em; font-weight: bold;\"><span style=\"color: #561d00; font-size: 18px;\">Desenvolupament<\/span><\/a><\/p>\n<div id=\"mainDiv\">\n<div id=\"questions\">\n<div id=\"experienceDetails1\" class=\"experienceDetails\" style=\"border: 1px solid #FFFFFF; border-radius: 5px; background-color: #ffffff;\">\n<p><span style=\"font-weight: 400;\">Les activitats del Projecte seran presencials.<\/span><\/p>\n<p><span style=\"font-weight: 400;\">El projecte consisteix en:<\/span><\/p>\n<ul>\n<li><span style=\"font-family: inherit; font-size: 1em;\">5 hores de col\u00b7laboraci\u00f3 entre l\u2019alumnat d\u2019FP, EA o EAS i la seva EOI de refer\u00e8ncia.<\/span><\/li>\n<li style=\"font-weight: 400;\" aria-level=\"1\"><span style=\"font-weight: 400;\">L\u2019EOI suggerir\u00e0 alguna activitat com podrien ser, entre d\u2019altres:<\/span>\n<ul>\n<li style=\"font-weight: 400;\" aria-level=\"2\"><span style=\"font-weight: 400;\">Participaci\u00f3 en una classe com a alumnes convidats.<\/span><\/li>\n<li style=\"font-weight: 400;\" aria-level=\"2\"><span style=\"font-weight: 400;\">Participaci\u00f3 en una activitat cultural organitzada per l\u2019EOI.<\/span><\/li>\n<li style=\"font-weight: 400;\" aria-level=\"2\"><span style=\"font-weight: 400;\">Participaci\u00f3 en tallers.<\/span><\/li>\n<li style=\"font-weight: 400;\" aria-level=\"2\"><span style=\"font-weight: 400;\">Activitats d\u2019ensenyament i aprenentatge gamificades (per exemple, Escape Room).<\/span><\/li>\n<li style=\"font-weight: 400;\" aria-level=\"2\"><span style=\"font-weight: 400;\">Presentacions per part de l\u2019alumnat de l\u2019EOI\u00a0i d\u2019FP, EA o EAS.<\/span><\/li>\n<li style=\"font-weight: 400;\" aria-level=\"2\"><span style=\"font-weight: 400;\">Activitats orals espec\u00edfiques entre l\u2019alumnat d\u2019FP i el de l\u2019EOI (per exemple, simulacions d\u2019entrevistes de treball).<\/span><\/li>\n<li style=\"font-weight: 400;\" aria-level=\"2\"><span style=\"font-weight: 400;\">Debats o taules rodones.<\/span><\/li>\n<li style=\"font-weight: 400;\" aria-level=\"2\"><span style=\"font-weight: 400;\">Projectes conjunts de creaci\u00f3 de continguts.<\/span><\/li>\n<li style=\"font-weight: 400;\" aria-level=\"2\"><span style=\"font-weight: 400;\">D\u2019altres que es considerin adients per assolir els objectius del projecte.<\/span><\/li>\n<\/ul>\n<\/li>\n<li style=\"font-weight: 400;\" aria-level=\"1\"><span style=\"font-weight: 400;\">L\u2019EOI i el centre d\u2019FP, Escola d\u2019Art o Superior Art\u00edstica interessats acordaran la proposta definitiva de participaci\u00f3.<\/span><\/li>\n<li style=\"font-weight: 400;\" aria-level=\"1\"><span style=\"font-weight: 400;\">Es proposa que totes les actuacions previstes es duguin a terme entre el primer i el segon trimestre de curs.<\/span><\/li>\n<\/ul>\n<p><span style=\"font-weight: 400;\">El dia <\/span><b>25 de novembre de 2024<\/b><span style=\"font-weight: 400;\">\u00a0tindr\u00e0 lloc el webinar <\/span><b>FP &amp; EOI TOGETHER<\/b><span style=\"font-weight: 400;\"> (de 9:30 a 11:30) per concretar els detalls del Projecte i con\u00e8ixer les vostres EOIs de refer\u00e8ncia a fi de dissenyar un pla de col\u00b7laboraci\u00f3 conjunt.<\/span><\/p>\n<p><span style=\"font-weight: 400;\">Per poder participar en el Projecte, el proc\u00e9s \u00e9s el seg\u00fcent:<\/span><\/p>\n<p><b>Pas 1: <\/b><span style=\"font-weight: 400;\">La direcci\u00f3 del centre d\u2019FP, Escola d\u2019Art o Superior Art\u00edstica i l\u2019EOI comunicaran la seva intenci\u00f3 de participar en el projecte mitjan\u00e7ant el <\/span><a href=\"https:\/\/forms.gle\/4asFpN9AxAR3u1V49\"><span style=\"font-weight: 400;\">formulari<\/span><\/a><span style=\"font-weight: 400;\">, fins el <\/span><b>19 de novembre de 2024<\/b><span style=\"font-weight: 400;\">.<\/span><\/p>\n<p><b>Pas 2: <\/b><span style=\"font-weight: 400;\">Participaci\u00f3 al webinar del <\/span><b>25 de novembre de 2024<\/b><span style=\"font-weight: 400;\"> per establir contacte entre els centres d\u2019FP, EA i EAS i les EOI.<\/span><\/p>\n<\/div>\n<p><b>Pas 3: <\/b>Seguiment de la concreci\u00f3 de les activitats a trav\u00e9s d&#8217;aquest <a href=\"https:\/\/forms.gle\/UvdC4itGSGbWika1A\">formulari<\/a>.<\/p>\n<p><span style=\"font-weight: 400;\"><b>Pas 4: <\/b>Un cop s\u2019acabin les activitats acordades, tant el centre d\u2019FP, Escola d\u2019Art o Superior Art\u00edstica com l\u2019EOI hauran d\u2019omplir el <\/span><a href=\"https:\/\/forms.gle\/LX5qFfUfCuXrobb17\"><span style=\"font-weight: 400;\">formulari <\/span><\/a><span style=\"font-weight: 400;\">de valoraci\u00f3 de l\u2019experi\u00e8ncia abans del <strong>30<\/strong><\/span><b> de juny de 2025<\/b><span style=\"font-weight: 400;\">.<\/span><\/p>\n<p><span style=\"font-weight: 400;\">Properament rebreu per correu electr\u00f2nic l\u2019enlla\u00e7 al webinar.<\/span><\/p>\n<\/div>\n<\/div>\n","protected":false},"excerpt":{"rendered":"<p><a class=\"experiences experienceNumber1\" style=\"font-size: 1.6875em; font-weight: bold;\">Desenvolupament<\/a><\/p>\n<p>Les activitats del Projecte seran presencials.<br \/>\nEl projecte consisteix en:<\/p>\n<ul>\n<li>5 hores de col\u00b7laboraci\u00f3 entre l\u2019alumnat d\u2019FP, EA o EAS i la seva EOI de refer\u00e8ncia.<\/li>\n<li style=\"font-weight: 400;\" aria-level=\"1\">L\u2019EOI suggerir\u00e0 alguna activitat com podrien ser, entre d\u2019altres:\n<ul>\n<li style=\"font-weight: 400;\" aria-level=\"2\">Participaci\u00f3 en&hellip;  <a href=\"https:\/\/projectes.xtec.cat\/mobilitatfp\/fpeois-together\/descripcio-del-programa\/\" title=\"Read Descripci\u00f3 del programa\">Llegeix m\u00e9s\u00bb<\/a><br \/>\n","protected":false},"author":216,"featured_media":0,"parent":10957,"menu_order":0,"comment_status":"closed","ping_status":"closed","template":"","meta":{"_bbp_topic_count":0,"_bbp_reply_count":0,"_bbp_total_topic_count":0,"_bbp_total_reply_count":0,"_bbp_voice_count":0,"_bbp_anonymous_reply_count":0,"_bbp_topic_count_hidden":0,"_bbp_reply_count_hidden":0,"_bbp_forum_subforum_count":0,"footnotes":""},"class_list":["post-11116","page","type-page","status-publish","hentry"],"post_mailing_queue_ids":[],"_links":{"self":[{"href":"https:\/\/projectes.xtec.cat\/mobilitatfp\/wp-json\/wp\/v2\/pages\/11116","targetHints":{"allow":["GET"]}}],"collection":[{"href":"https:\/\/projectes.xtec.cat\/mobilitatfp\/wp-json\/wp\/v2\/pages"}],"about":[{"href":"https:\/\/projectes.xtec.cat\/mobilitatfp\/wp-json\/wp\/v2\/types\/page"}],"author":[{"embeddable":true,"href":"https:\/\/projectes.xtec.cat\/mobilitatfp\/wp-json\/wp\/v2\/users\/216"}],"replies":[{"embeddable":true,"href":"https:\/\/projectes.xtec.cat\/mobilitatfp\/wp-json\/wp\/v2\/comments?post=11116"}],"version-history":[{"count":8,"href":"https:\/\/projectes.xtec.cat\/mobilitatfp\/wp-json\/wp\/v2\/pages\/11116\/revisions"}],"predecessor-version":[{"id":14359,"href":"https:\/\/projectes.xtec.cat\/mobilitatfp\/wp-json\/wp\/v2\/pages\/11116\/revisions\/14359"}],"up":[{"embeddable":true,"href":"https:\/\/projectes.xtec.cat\/mobilitatfp\/wp-json\/wp\/v2\/pages\/10957"}],"wp:attachment":[{"href":"https:\/\/projectes.xtec.cat\/mobilitatfp\/wp-json\/wp\/v2\/media?parent=11116"}],"curies":[{"name":"wp","href":"https:\/\/api.w.org\/{rel}","templated":true}]}}