{"id":11484,"date":"2021-03-14T12:23:50","date_gmt":"2021-03-14T11:23:50","guid":{"rendered":"http:\/\/projectes.xtec.cat\/mobilitatfp\/?page_id=11484"},"modified":"2022-04-25T17:24:47","modified_gmt":"2022-04-25T15:24:47","slug":"videos","status":"publish","type":"page","link":"https:\/\/projectes.xtec.cat\/mobilitatfp\/fpeois-together\/videos\/","title":{"rendered":"V\u00eddeos concurs"},"content":{"rendered":"<style type=\"text\/css\">\n.myButton {<br \/>background-color:#feae00;<br \/>border-radius:5px;<br \/>display:inline-block;<br \/>cursor:pointer;<br \/>color:#ffffff !important;<br \/>font-family:Arial;<br \/>font-size:17px;<br \/>padding:4px 7px;<br \/>text-decoration:none;<br \/>}<br \/>.myButton:hover {<br \/>background-color:#feae00;<br \/>}<br \/>.myButton:active {<br \/>position:relative;<br \/>top:1px;<br \/>}<br \/><\/style>\n<p>Aqu\u00ed teniu els<strong><span style=\"color: #6a7a00;\"> 5 v\u00eddeos finalistes<\/span>:<\/strong><\/p>\n<table style=\"width: 88.8722%; height: 208px;\">\n<tbody>\n<tr style=\"height: 159px;\">\n<td style=\"width: 17.9219%; text-align: center; height: 159px;\">V\u00eddeo 1<\/p>\n<p><em>EOI Animation<\/em><\/td>\n<td style=\"width: 31.7848%; text-align: center; height: 159px;\">V\u00eddeo 2<\/p>\n<p><em>EOI&amp;FP Together Pharmacy 21-22<\/em><\/td>\n<td style=\"width: 17.0094%; text-align: center; height: 159px;\">V\u00eddeo 3<\/p>\n<p><em>Experience<\/em><\/td>\n<td style=\"width: 20.0435%; text-align: center; height: 159px;\">V\u00eddeo 4<\/p>\n<p><em>EOI video<\/em><\/td>\n<td style=\"width: 56.6847%; text-align: center; height: 159px;\">V\u00eddeo 5<\/p>\n<p><em>Together<\/em><\/td>\n<\/tr>\n<tr style=\"height: 49px;\">\n<td style=\"width: 17.9219%; height: 49px; text-align: center;\"><a href=\"https:\/\/youtu.be\/3FD4ESf_nGc\">Enlla\u00e7 v\u00eddeo<\/a><\/td>\n<td style=\"width: 31.7848%; height: 49px; text-align: center;\"><a href=\"https:\/\/www.youtube.com\/watch?v=QCyBIQR1nZY&amp;t=3s\">Enlla\u00e7 v\u00eddeo<\/a><\/td>\n<td style=\"width: 17.0094%; height: 49px; text-align: center;\"><a href=\"https:\/\/drive.google.com\/file\/d\/1CS_GJNfcCv8pj08VgP5gzTgkB6KvZOHW\/view\">Enlla\u00e7 v\u00eddeo<\/a><\/td>\n<td style=\"width: 20.0435%; height: 49px; text-align: center;\"><a href=\"https:\/\/www.youtube.com\/watch?v=XLYcnJkHlsU&amp;t=4s\">Enlla\u00e7 v\u00eddeo<\/a><\/td>\n<td style=\"width: 56.6847%; height: 49px; text-align: center;\"><a href=\"https:\/\/drive.google.com\/file\/d\/1WM-Q2lqVeFbmG5BpxpmbQYIoB1DMLKMK\/view\">Enlla\u00e7 v\u00eddeo<\/a><\/td>\n<\/tr>\n<\/tbody>\n<\/table>\n<p>Despr\u00e9s de visualitzar el v\u00eddeos finalistes, us demanem que trieu el vostre v\u00eddeo favorit a trav\u00e9s del seg\u00fcent formulari. Nom\u00e9s podeu votar una vegada i no podeu votar el vostre v\u00eddeo. <a href=\"https:\/\/wall.sli.do\/event\/q4S4Rr2F3wLd3aRdxdWV54\" target=\"_blank\" rel=\"noopener noreferrer\"><strong><span class=\"myButton\">VOTA<\/span><\/strong><\/a><\/p>\n<p><strong><span style=\"color: #6a7a00;\">Ja tenim el 3 v\u00eddeos guanyadors. Enhorabona a tots! Els guanyadors han de seguir les instruccions de la pestanya PREMIS<\/span><\/strong><\/p>\n<table style=\"width: 439px; height: 94px;\">\n<tbody>\n<tr>\n<td style=\"width: 143.333px; text-align: center;\">V\u00eddeo 3<\/td>\n<td style=\"width: 144.444px; text-align: center;\">V\u00eddeo 2<\/td>\n<td style=\"width: 144.444px; text-align: center;\">V\u00eddeo 1<\/td>\n<\/tr>\n<tr>\n<td style=\"width: 143.333px; text-align: center;\"><a href=\"https:\/\/drive.google.com\/file\/d\/1CS_GJNfcCv8pj08VgP5gzTgkB6KvZOHW\/view\">Enlla\u00e7 v\u00eddeo<\/a><\/td>\n<td style=\"width: 144.444px; text-align: center;\"><a href=\"https:\/\/drive.google.com\/file\/d\/1CS_GJNfcCv8pj08VgP5gzTgkB6KvZOHW\/view\">Enlla\u00e7 v\u00eddeo<\/a><\/td>\n<td style=\"width: 144.444px; text-align: center;\"><a href=\"https:\/\/youtu.be\/3FD4ESf_nGc\">Enlla\u00e7 v\u00eddeo<\/a><\/td>\n<\/tr>\n<\/tbody>\n<\/table>\n","protected":false},"excerpt":{"rendered":"<p>.myButton {background-color:#feae00;border-radius:5px;display:inline-block;cursor:pointer;color:#ffffff !important;font-family:Arial;font-size:17px;padding:4px 7px;text-decoration:none;}.myButton:hover {background-color:#feae00;}.myButton:active {position:relative;top:1px;}<br \/>\nAqu\u00ed teniu els 5 v\u00eddeos finalistes:<\/p>\n<p>V\u00eddeo 1<br \/>\nEOI Animation<br \/>\nV\u00eddeo 2<br \/>\nEOI&amp;FP Together Pharmacy 21-22<br \/>\nV\u00eddeo 3<br \/>\nExperience<br \/>\nV\u00eddeo 4<br \/>\nEOI video<br \/>\nV\u00eddeo 5<br \/>\nTogether<\/p>\n<p><a href=\"https:\/\/youtu.be\/3FD4ESf_nGc\">Enlla\u00e7 v\u00eddeo<\/a><br \/>\n<a href=\"https:\/\/www.youtube.com\/watch?v=QCyBIQR1nZY&amp;t=3s\">Enlla\u00e7 v\u00eddeo<\/a><br \/>\n<a href=\"https:\/\/drive.google.com\/file\/d\/1CS_GJNfcCv8pj08VgP5gzTgkB6KvZOHW\/view\">Enlla\u00e7 v\u00eddeo<\/a><br \/>\n<a href=\"https:\/\/www.youtube.com\/watch?v=XLYcnJkHlsU&amp;t=4s\">Enlla\u00e7 v\u00eddeo<\/a><br \/>\n<a href=\"https:\/\/drive.google.com\/file\/d\/1WM-Q2lqVeFbmG5BpxpmbQYIoB1DMLKMK\/view\">Enlla\u00e7 v\u00eddeo<\/a><\/p>\n<p>Despr\u00e9s de visualitzar el v\u00eddeos finalistes, us demanem que trieu el vostre v\u00eddeo favorit a&hellip;  <a href=\"https:\/\/projectes.xtec.cat\/mobilitatfp\/fpeois-together\/videos\/\" title=\"Read V\u00eddeos concurs\">Llegeix m\u00e9s\u00bb<\/a><\/p>\n","protected":false},"author":216,"featured_media":0,"parent":10957,"menu_order":0,"comment_status":"closed","ping_status":"closed","template":"","meta":{"_bbp_topic_count":0,"_bbp_reply_count":0,"_bbp_total_topic_count":0,"_bbp_total_reply_count":0,"_bbp_voice_count":0,"_bbp_anonymous_reply_count":0,"_bbp_topic_count_hidden":0,"_bbp_reply_count_hidden":0,"_bbp_forum_subforum_count":0,"footnotes":""},"class_list":["post-11484","page","type-page","status-publish","hentry"],"post_mailing_queue_ids":[],"_links":{"self":[{"href":"https:\/\/projectes.xtec.cat\/mobilitatfp\/wp-json\/wp\/v2\/pages\/11484","targetHints":{"allow":["GET"]}}],"collection":[{"href":"https:\/\/projectes.xtec.cat\/mobilitatfp\/wp-json\/wp\/v2\/pages"}],"about":[{"href":"https:\/\/projectes.xtec.cat\/mobilitatfp\/wp-json\/wp\/v2\/types\/page"}],"author":[{"embeddable":true,"href":"https:\/\/projectes.xtec.cat\/mobilitatfp\/wp-json\/wp\/v2\/users\/216"}],"replies":[{"embeddable":true,"href":"https:\/\/projectes.xtec.cat\/mobilitatfp\/wp-json\/wp\/v2\/comments?post=11484"}],"version-history":[{"count":4,"href":"https:\/\/projectes.xtec.cat\/mobilitatfp\/wp-json\/wp\/v2\/pages\/11484\/revisions"}],"predecessor-version":[{"id":13076,"href":"https:\/\/projectes.xtec.cat\/mobilitatfp\/wp-json\/wp\/v2\/pages\/11484\/revisions\/13076"}],"up":[{"embeddable":true,"href":"https:\/\/projectes.xtec.cat\/mobilitatfp\/wp-json\/wp\/v2\/pages\/10957"}],"wp:attachment":[{"href":"https:\/\/projectes.xtec.cat\/mobilitatfp\/wp-json\/wp\/v2\/media?parent=11484"}],"curies":[{"name":"wp","href":"https:\/\/api.w.org\/{rel}","templated":true}]}}