{"id":12335,"date":"2022-01-19T12:53:49","date_gmt":"2022-01-19T11:53:49","guid":{"rendered":"https:\/\/projectes.xtec.cat\/mobilitatfp\/?page_id=12335"},"modified":"2025-06-19T15:04:37","modified_gmt":"2025-06-19T13:04:37","slug":"concurs","status":"publish","type":"page","link":"https:\/\/projectes.xtec.cat\/mobilitatfp\/concurs\/","title":{"rendered":"Concurs de v\u00eddeos"},"content":{"rendered":"<p>La Direcci\u00f3 General de Formaci\u00f3 Professional convoca anualment un concurs de v\u00eddeo a trav\u00e9s del <b><i>Programa de mobilitat formativa i cooperaci\u00f3 internacional en els ensenyaments professionals<\/i><\/b>.<\/p>\n<p>Les experi\u00e8ncies de mobilitat que es presentin poden haver estat realitzades en el marc del Programa Erasmus+.<\/p>\n<p>El concurs es divideix en tres modalitats:<\/p>\n<ul>\n<li>Estades formatives d\u2019alumnat de CFGM (pr\u00e0ctiques).<\/li>\n<li>Estades formatives d\u2019alumnat de CFGS (pr\u00e0ctiques o estudis).<\/li>\n<li>Estades formatives de professorat (doc\u00e8ncia, formaci\u00f3 o aprenentatge per observaci\u00f3).<\/li>\n<\/ul>\n<p>&nbsp;<\/p>\n<h4 style=\"text-align: center;\"><span style=\"color: #ff0000;\"><strong><a style=\"color: #ff0000;\" href=\"https:\/\/projectes.xtec.cat\/mobilitatfp\/concurs-de-video-25-26\/\">Bases del concurs de v\u00eddeo. Edici\u00f3 2025-2026<\/a><\/strong><\/span><\/h4>\n<p style=\"text-align: center;\"><a href=\"https:\/\/projectes.xtec.cat\/mobilitatfp\/concurs-de-video-25-26\/\"><img loading=\"lazy\" decoding=\"async\" class=\"alignnone size-full wp-image-14768\" src=\"https:\/\/projectes.xtec.cat\/mobilitatfp\/wp-content\/uploads\/usu1833\/2025\/06\/Captura-de-pantalla-2025-06-17-120905.png\" alt=\"\" width=\"957\" height=\"535\" srcset=\"https:\/\/projectes.xtec.cat\/mobilitatfp\/wp-content\/uploads\/usu1833\/2025\/06\/Captura-de-pantalla-2025-06-17-120905.png 957w, https:\/\/projectes.xtec.cat\/mobilitatfp\/wp-content\/uploads\/usu1833\/2025\/06\/Captura-de-pantalla-2025-06-17-120905-300x168.png 300w, https:\/\/projectes.xtec.cat\/mobilitatfp\/wp-content\/uploads\/usu1833\/2025\/06\/Captura-de-pantalla-2025-06-17-120905-768x429.png 768w\" sizes=\"auto, (max-width: 957px) 100vw, 957px\" \/><\/a><\/p>\n<p>&nbsp;<\/p>\n<h4><span style=\"color: #ff0000;\">Lliurament dels v\u00eddeos<\/span><\/h4>\n<p>El\/La coordinador\/a de mobilitat del centre participant emplenar\u00e0 i enviar\u00e0 el formulari corresponent:<\/p>\n<ul>\n<li>Formulari d\u2019inscripci\u00f3: <a href=\"https:\/\/forms.gle\/E4CFoKxK4rZJAKKy7\"><u><b>https:\/\/forms.gle\/E4CFoKxK4rZJAKKy7<\/b><\/u><\/a><\/li>\n<\/ul>\n<p>Al formulari s\u2019hi adjuntar\u00e0:<\/p>\n<ol>\n<li>El v\u00eddeo.<\/li>\n<li><u><a href=\"https:\/\/drive.google.com\/file\/d\/12Aq9wPO6VYXmjMoQVyTcZQPp5Dgq668T\/view?usp=drive_link\">El document de cessi\u00f3 de drets d\u2019imatge<\/a><\/u> dels participants degudament emplenat.<\/li>\n<li><u><a href=\"https:\/\/drive.google.com\/file\/d\/1_O7Jk1AcDPVVe49cIF8ZwQY_bG2nYtLT\/view?usp=drive_link\">El formulari d\u2019inscripci\u00f3<\/a><\/u>, signat pel director\/a del centre participant.<\/li>\n<\/ol>\n<p>&nbsp;<\/p>\n<h4><span style=\"color: #ff0000;\">Termini:\u00a0<\/span><strong>Fins al 30 de setembre de 2025.<\/strong><\/h4>\n<p>&nbsp;<\/p>\n<h4 style=\"text-align: center;\"><span style=\"color: #ff0000;\"><a style=\"color: #ff0000;\" href=\"https:\/\/www.google.com\/maps\/d\/u\/0\/viewer?mid=1n9F1_0V7BSCgOseaFTMHND6QFG6kAy4&amp;ll=47.739539978405816%2C13.879168249999967&amp;z=5\">Mapa interactiu dels v\u00eddeos presentats a les darreres edicions<\/a><\/span><\/h4>\n<p style=\"text-align: center;\"><a href=\"https:\/\/www.google.com\/maps\/d\/u\/0\/viewer?mid=1n9F1_0V7BSCgOseaFTMHND6QFG6kAy4&amp;ll=47.739539978405816%2C13.879168249999967&amp;z=5\"> <iframe loading=\"lazy\" src=\"https:\/\/www.google.com\/maps\/d\/embed?mid=1n9F1_0V7BSCgOseaFTMHND6QFG6kAy4&amp;ehbc=2E312F\" width=\"640\" height=\"480\"><\/iframe><\/a><\/p>\n<p style=\"text-align: center;\">\n","protected":false},"excerpt":{"rendered":"<p>La Direcci\u00f3 General de Formaci\u00f3 Professional convoca anualment un concurs de v\u00eddeo a trav\u00e9s del Programa de mobilitat formativa i cooperaci\u00f3 internacional en els ensenyaments professionals.<br \/>\nLes experi\u00e8ncies de mobilitat que es presentin poden haver estat realitzades en el marc del Programa Erasmus+.<br \/>\nEl concurs es divideix&hellip;  <a href=\"https:\/\/projectes.xtec.cat\/mobilitatfp\/concurs\/\" title=\"Read Concurs de v\u00eddeos\">Llegeix m\u00e9s\u00bb<\/a><\/p>\n","protected":false},"author":216,"featured_media":0,"parent":0,"menu_order":0,"comment_status":"closed","ping_status":"closed","template":"","meta":{"_bbp_topic_count":0,"_bbp_reply_count":0,"_bbp_total_topic_count":0,"_bbp_total_reply_count":0,"_bbp_voice_count":0,"_bbp_anonymous_reply_count":0,"_bbp_topic_count_hidden":0,"_bbp_reply_count_hidden":0,"_bbp_forum_subforum_count":0,"footnotes":""},"class_list":["post-12335","page","type-page","status-publish","hentry"],"post_mailing_queue_ids":[],"_links":{"self":[{"href":"https:\/\/projectes.xtec.cat\/mobilitatfp\/wp-json\/wp\/v2\/pages\/12335","targetHints":{"allow":["GET"]}}],"collection":[{"href":"https:\/\/projectes.xtec.cat\/mobilitatfp\/wp-json\/wp\/v2\/pages"}],"about":[{"href":"https:\/\/projectes.xtec.cat\/mobilitatfp\/wp-json\/wp\/v2\/types\/page"}],"author":[{"embeddable":true,"href":"https:\/\/projectes.xtec.cat\/mobilitatfp\/wp-json\/wp\/v2\/users\/216"}],"replies":[{"embeddable":true,"href":"https:\/\/projectes.xtec.cat\/mobilitatfp\/wp-json\/wp\/v2\/comments?post=12335"}],"version-history":[{"count":6,"href":"https:\/\/projectes.xtec.cat\/mobilitatfp\/wp-json\/wp\/v2\/pages\/12335\/revisions"}],"predecessor-version":[{"id":14769,"href":"https:\/\/projectes.xtec.cat\/mobilitatfp\/wp-json\/wp\/v2\/pages\/12335\/revisions\/14769"}],"wp:attachment":[{"href":"https:\/\/projectes.xtec.cat\/mobilitatfp\/wp-json\/wp\/v2\/media?parent=12335"}],"curies":[{"name":"wp","href":"https:\/\/api.w.org\/{rel}","templated":true}]}}