{"id":7,"date":"2014-09-12T10:14:31","date_gmt":"2014-09-12T10:14:31","guid":{"rendered":"http:\/\/projectes.xtec.cat\/mobilitatfp\/?page_id=7"},"modified":"2021-11-23T13:48:54","modified_gmt":"2021-11-23T12:48:54","slug":"inici","status":"publish","type":"page","link":"https:\/\/projectes.xtec.cat\/mobilitatfp\/inici\/","title":{"rendered":"Butllet\u00ed informatiu Mobilitatfp curs 2021-2022"},"content":{"rendered":"<p><a href=\"https:\/\/projectes.xtec.cat\/mobilitatfp\/wp-content\/uploads\/usu1833\/2021\/11\/Captura3.jpg\"><img loading=\"lazy\" decoding=\"async\" class=\"alignnone size-full wp-image-12285\" src=\"https:\/\/projectes.xtec.cat\/mobilitatfp\/wp-content\/uploads\/usu1833\/2021\/11\/Captura3.jpg\" alt=\"\" width=\"870\" height=\"335\" srcset=\"https:\/\/projectes.xtec.cat\/mobilitatfp\/wp-content\/uploads\/usu1833\/2021\/11\/Captura3.jpg 870w, https:\/\/projectes.xtec.cat\/mobilitatfp\/wp-content\/uploads\/usu1833\/2021\/11\/Captura3-300x116.jpg 300w, https:\/\/projectes.xtec.cat\/mobilitatfp\/wp-content\/uploads\/usu1833\/2021\/11\/Captura3-768x296.jpg 768w\" sizes=\"auto, (max-width: 870px) 100vw, 870px\" \/><\/a><\/p>\n<p>Ja estem treballant en la primera edici\u00f3 del butllet\u00ed de Mobilitatfp d&#8217;aquest curs 2021-2022. Us animem publicar les vostres experi\u00e8ncies en projectes internacionals, sigui d&#8217;alumnat,\u00a0 professorat o participaci\u00f3 en projectes KA2, a la <a href=\"https:\/\/projectes.xtec.cat\/mobilitatfp\/categoria\/participa\/\">secci\u00f3 participa<\/a> d&#8217;aquest nodes per a poder-les incloure en el butllet\u00ed i aix\u00ed ampliar la vostra difusi\u00f3 internacional.<\/p>\n<p>Qualsevol dubte o incid\u00e8ncia la podeu fer arribar a: mobilitatfp.educacio@gencat.cat \/ assumpte:nodes.<\/p>\n","protected":false},"excerpt":{"rendered":"<p><a href=\"https:\/\/projectes.xtec.cat\/mobilitatfp\/wp-content\/uploads\/usu1833\/2021\/11\/Captura3.jpg\"><\/a><br \/>\nJa estem treballant en la primera edici\u00f3 del butllet\u00ed de Mobilitatfp d&#8217;aquest curs 2021-2022. Us animem publicar les vostres experi\u00e8ncies en projectes internacionals, sigui d&#8217;alumnat,\u00a0 professorat o participaci\u00f3 en projectes KA2, a la <a href=\"https:\/\/projectes.xtec.cat\/mobilitatfp\/categoria\/participa\/\">secci\u00f3 participa<\/a> d&#8217;aquest nodes per a poder-les incloure en el&hellip;  <a href=\"https:\/\/projectes.xtec.cat\/mobilitatfp\/inici\/\" title=\"Read Butllet\u00ed informatiu Mobilitatfp curs 2021-2022\">Llegeix m\u00e9s\u00bb<\/a><\/p>\n","protected":false},"author":1,"featured_media":0,"parent":0,"menu_order":0,"comment_status":"closed","ping_status":"closed","template":"page-templates\/front-page.php","meta":{"_bbp_topic_count":0,"_bbp_reply_count":0,"_bbp_total_topic_count":0,"_bbp_total_reply_count":0,"_bbp_voice_count":0,"_bbp_anonymous_reply_count":0,"_bbp_topic_count_hidden":0,"_bbp_reply_count_hidden":0,"_bbp_forum_subforum_count":0,"footnotes":""},"class_list":["post-7","page","type-page","status-publish","hentry"],"post_mailing_queue_ids":[],"_links":{"self":[{"href":"https:\/\/projectes.xtec.cat\/mobilitatfp\/wp-json\/wp\/v2\/pages\/7","targetHints":{"allow":["GET"]}}],"collection":[{"href":"https:\/\/projectes.xtec.cat\/mobilitatfp\/wp-json\/wp\/v2\/pages"}],"about":[{"href":"https:\/\/projectes.xtec.cat\/mobilitatfp\/wp-json\/wp\/v2\/types\/page"}],"author":[{"embeddable":true,"href":"https:\/\/projectes.xtec.cat\/mobilitatfp\/wp-json\/wp\/v2\/users\/1"}],"replies":[{"embeddable":true,"href":"https:\/\/projectes.xtec.cat\/mobilitatfp\/wp-json\/wp\/v2\/comments?post=7"}],"version-history":[{"count":3,"href":"https:\/\/projectes.xtec.cat\/mobilitatfp\/wp-json\/wp\/v2\/pages\/7\/revisions"}],"predecessor-version":[{"id":12286,"href":"https:\/\/projectes.xtec.cat\/mobilitatfp\/wp-json\/wp\/v2\/pages\/7\/revisions\/12286"}],"wp:attachment":[{"href":"https:\/\/projectes.xtec.cat\/mobilitatfp\/wp-json\/wp\/v2\/media?parent=7"}],"curies":[{"name":"wp","href":"https:\/\/api.w.org\/{rel}","templated":true}]}}