{"id":797,"date":"2015-11-28T21:06:57","date_gmt":"2015-11-28T20:06:57","guid":{"rendered":"http:\/\/projectes.xtec.cat\/mobilitatfp\/?page_id=797"},"modified":"2020-04-30T17:07:35","modified_gmt":"2020-04-30T15:07:35","slug":"presentacio","status":"publish","type":"page","link":"https:\/\/projectes.xtec.cat\/mobilitatfp\/presentacio\/","title":{"rendered":"Missi\u00f3"},"content":{"rendered":"<p>Acompanyar i donar suport als centres que imparteixen ensenyaments professionals per a la implantaci\u00f3 d\u2019una estrat\u00e8gia que possibiliti la promoci\u00f3 de la mobilitat formativa i la participaci\u00f3 en projectes internacionals per tal que:<\/p>\n<p><strong><a href=\"https:\/\/projectes.xtec.cat\/mobilitatfp\/wp-content\/uploads\/usu1833\/2020\/04\/FLETXApeque.png\"><img loading=\"lazy\" decoding=\"async\" class=\"wp-image-10377 alignnone\" src=\"https:\/\/projectes.xtec.cat\/mobilitatfp\/wp-content\/uploads\/usu1833\/2020\/04\/FLETXApeque.png\" alt=\"\" width=\"35\" height=\"36\" \/><\/a> L\u2019alumnat<\/strong> d\u2019ensenyaments professionals faci formaci\u00f3 pr\u00e0ctica en empreses o formaci\u00f3 acad\u00e8mica en centres educatius d\u2019altres pa\u00efsos, col\u00b7labori amb estudiants d&#8217;altres pa\u00efsos i millori la compet\u00e8ncia comunicativa en lleng\u00fces estrangeres.<\/p>\n<p><a href=\"https:\/\/projectes.xtec.cat\/mobilitatfp\/wp-content\/uploads\/usu1833\/2020\/04\/FLETXApeque.png\"><img loading=\"lazy\" decoding=\"async\" class=\"wp-image-10377 alignnone\" src=\"https:\/\/projectes.xtec.cat\/mobilitatfp\/wp-content\/uploads\/usu1833\/2020\/04\/FLETXApeque.png\" alt=\"\" width=\"35\" height=\"36\" \/><\/a> El <strong>professorat<\/strong> d\u2019ensenyaments professionals faci estades formatives en empreses o imparteixi doc\u00e8ncia en centres educatius d\u2019altres pa\u00efsos, desenvolupi projectes formatius d\u2019innovaci\u00f3 i de qualitat amb professorat d\u2019altres pa\u00efsos i millori la compet\u00e8ncia comunicativa en lleng\u00fces estrangeres.<\/p>\n<p><a href=\"https:\/\/projectes.xtec.cat\/mobilitatfp\/wp-content\/uploads\/usu1833\/2020\/04\/FLETXApeque.png\"><img loading=\"lazy\" decoding=\"async\" class=\"wp-image-10377 alignnone\" src=\"https:\/\/projectes.xtec.cat\/mobilitatfp\/wp-content\/uploads\/usu1833\/2020\/04\/FLETXApeque.png\" alt=\"\" width=\"35\" height=\"36\" \/> <\/a>Els <strong>centres educatius<\/strong> estableixin aliances d\u2019inter\u00e8s mutu que contribueixin a la millora de la formaci\u00f3 de l\u2019alumnat i el desenvolupament professional del professorat, impulsin l\u2019intercanvi d\u2019alumnat i professorat entre centres catalans i centres d\u2019altres pa\u00efsos i participin en projectes de cooperaci\u00f3 europea i internacional que tinguin un impacte en tota la comunitat educativa.<\/p>\n","protected":false},"excerpt":{"rendered":"<p>Acompanyar i donar suport als centres que imparteixen ensenyaments professionals per a la implantaci\u00f3 d\u2019una estrat\u00e8gia que possibiliti la promoci\u00f3 de la mobilitat formativa i la participaci\u00f3 en projectes internacionals per tal que:<br \/>\n<a href=\"https:\/\/projectes.xtec.cat\/mobilitatfp\/wp-content\/uploads\/usu1833\/2020\/04\/FLETXApeque.png\"><\/a> L\u2019alumnat d\u2019ensenyaments professionals faci formaci\u00f3 pr\u00e0ctica en empreses o formaci\u00f3 acad\u00e8mica&hellip;  <a href=\"https:\/\/projectes.xtec.cat\/mobilitatfp\/presentacio\/\" title=\"Read Missi\u00f3\">Llegeix m\u00e9s\u00bb<\/a><\/p>\n","protected":false},"author":1,"featured_media":0,"parent":0,"menu_order":10,"comment_status":"closed","ping_status":"closed","template":"page-templates\/side-menu.php","meta":{"_bbp_topic_count":0,"_bbp_reply_count":0,"_bbp_total_topic_count":0,"_bbp_total_reply_count":0,"_bbp_voice_count":0,"_bbp_anonymous_reply_count":0,"_bbp_topic_count_hidden":0,"_bbp_reply_count_hidden":0,"_bbp_forum_subforum_count":0,"footnotes":""},"class_list":["post-797","page","type-page","status-publish","hentry"],"post_mailing_queue_ids":[],"_links":{"self":[{"href":"https:\/\/projectes.xtec.cat\/mobilitatfp\/wp-json\/wp\/v2\/pages\/797","targetHints":{"allow":["GET"]}}],"collection":[{"href":"https:\/\/projectes.xtec.cat\/mobilitatfp\/wp-json\/wp\/v2\/pages"}],"about":[{"href":"https:\/\/projectes.xtec.cat\/mobilitatfp\/wp-json\/wp\/v2\/types\/page"}],"author":[{"embeddable":true,"href":"https:\/\/projectes.xtec.cat\/mobilitatfp\/wp-json\/wp\/v2\/users\/1"}],"replies":[{"embeddable":true,"href":"https:\/\/projectes.xtec.cat\/mobilitatfp\/wp-json\/wp\/v2\/comments?post=797"}],"version-history":[{"count":4,"href":"https:\/\/projectes.xtec.cat\/mobilitatfp\/wp-json\/wp\/v2\/pages\/797\/revisions"}],"predecessor-version":[{"id":10509,"href":"https:\/\/projectes.xtec.cat\/mobilitatfp\/wp-json\/wp\/v2\/pages\/797\/revisions\/10509"}],"wp:attachment":[{"href":"https:\/\/projectes.xtec.cat\/mobilitatfp\/wp-json\/wp\/v2\/media?parent=797"}],"curies":[{"name":"wp","href":"https:\/\/api.w.org\/{rel}","templated":true}]}}