{"id":9889,"date":"2020-01-03T12:14:34","date_gmt":"2020-01-03T11:14:34","guid":{"rendered":"http:\/\/projectes.xtec.cat\/mobilitatfp\/?page_id=9889"},"modified":"2022-03-09T12:02:53","modified_gmt":"2022-03-09T11:02:53","slug":"internacionalitzacio","status":"publish","type":"page","link":"https:\/\/projectes.xtec.cat\/mobilitatfp\/internacionalitzacio\/","title":{"rendered":""},"content":{"rendered":"<p>&nbsp;<\/p>\n<p><a href=\"https:\/\/projectes.xtec.cat\/mobilitatfp\/wp-content\/uploads\/usu1833\/2022\/03\/MobilitatFP.jpg\"><img loading=\"lazy\" decoding=\"async\" class=\"alignnone  wp-image-12835\" src=\"https:\/\/projectes.xtec.cat\/mobilitatfp\/wp-content\/uploads\/usu1833\/2022\/03\/MobilitatFP.jpg\" alt=\"\" width=\"521\" height=\"120\" srcset=\"https:\/\/projectes.xtec.cat\/mobilitatfp\/wp-content\/uploads\/usu1833\/2022\/03\/MobilitatFP.jpg 656w, https:\/\/projectes.xtec.cat\/mobilitatfp\/wp-content\/uploads\/usu1833\/2022\/03\/MobilitatFP-300x69.jpg 300w\" sizes=\"auto, (max-width: 521px) 100vw, 521px\" \/><\/a><\/p>\n<p>El Departament d\u2019Educaci\u00f3, des de la Direcci\u00f3 General de Formaci\u00f3 Professional, promou diverses iniciatives per a la innovaci\u00f3 i millora de la qualitat de la formaci\u00f3 professional inicial, utilitzant com a instrument la cooperaci\u00f3 transnacional en projectes d\u2019iniciativa i programes comunitaris.<\/p>\n<div style=\"width: 480px;\" class=\"wp-video\"><!--[if lt IE 9]><script>document.createElement('video');<\/script><![endif]-->\n<video class=\"wp-video-shortcode\" id=\"video-9889-1\" width=\"480\" height=\"360\" autoplay=\"1\" preload=\"auto\" controls=\"controls\"><source type=\"video\/mp4\" src=\"https:\/\/projectes.xtec.cat\/mobilitatfp\/wp-content\/uploads\/usu1833\/2020\/04\/MobilitatFPvideo.mp4?_=1\" \/><a href=\"https:\/\/projectes.xtec.cat\/mobilitatfp\/wp-content\/uploads\/usu1833\/2020\/04\/MobilitatFPvideo.mp4\">https:\/\/projectes.xtec.cat\/mobilitatfp\/wp-content\/uploads\/usu1833\/2020\/04\/MobilitatFPvideo.mp4<\/a><\/video><\/div>\n","protected":false},"excerpt":{"rendered":"<p>&nbsp;<br \/>\n<a href=\"https:\/\/projectes.xtec.cat\/mobilitatfp\/wp-content\/uploads\/usu1833\/2022\/03\/MobilitatFP.jpg\"><\/a><br \/>\nEl Departament d\u2019Educaci\u00f3, des de la Direcci\u00f3 General de Formaci\u00f3 Professional, promou diverses iniciatives per a la innovaci\u00f3 i millora de la qualitat de la formaci\u00f3 professional inicial, utilitzant com a instrument la cooperaci\u00f3 transnacional en projectes d\u2019iniciativa i programes comunitaris.<br \/>\n<a href=\"https:\/\/projectes.xtec.cat\/mobilitatfp\/wp-content\/uploads\/usu1833\/2020\/04\/MobilitatFPvideo.mp4\">https:\/\/projectes.xtec.cat\/mobilitatfp\/wp-content\/uploads\/usu1833\/2020\/04\/MobilitatFPvideo.mp4<\/a><\/p>\n","protected":false},"author":216,"featured_media":0,"parent":0,"menu_order":0,"comment_status":"closed","ping_status":"closed","template":"","meta":{"_bbp_topic_count":0,"_bbp_reply_count":0,"_bbp_total_topic_count":0,"_bbp_total_reply_count":0,"_bbp_voice_count":0,"_bbp_anonymous_reply_count":0,"_bbp_topic_count_hidden":0,"_bbp_reply_count_hidden":0,"_bbp_forum_subforum_count":0,"footnotes":""},"class_list":["post-9889","page","type-page","status-publish","hentry"],"post_mailing_queue_ids":[],"_links":{"self":[{"href":"https:\/\/projectes.xtec.cat\/mobilitatfp\/wp-json\/wp\/v2\/pages\/9889","targetHints":{"allow":["GET"]}}],"collection":[{"href":"https:\/\/projectes.xtec.cat\/mobilitatfp\/wp-json\/wp\/v2\/pages"}],"about":[{"href":"https:\/\/projectes.xtec.cat\/mobilitatfp\/wp-json\/wp\/v2\/types\/page"}],"author":[{"embeddable":true,"href":"https:\/\/projectes.xtec.cat\/mobilitatfp\/wp-json\/wp\/v2\/users\/216"}],"replies":[{"embeddable":true,"href":"https:\/\/projectes.xtec.cat\/mobilitatfp\/wp-json\/wp\/v2\/comments?post=9889"}],"version-history":[{"count":3,"href":"https:\/\/projectes.xtec.cat\/mobilitatfp\/wp-json\/wp\/v2\/pages\/9889\/revisions"}],"predecessor-version":[{"id":12836,"href":"https:\/\/projectes.xtec.cat\/mobilitatfp\/wp-json\/wp\/v2\/pages\/9889\/revisions\/12836"}],"wp:attachment":[{"href":"https:\/\/projectes.xtec.cat\/mobilitatfp\/wp-json\/wp\/v2\/media?parent=9889"}],"curies":[{"name":"wp","href":"https:\/\/api.w.org\/{rel}","templated":true}]}}