{"id":9940,"date":"2020-01-04T15:41:41","date_gmt":"2020-01-04T14:41:41","guid":{"rendered":"http:\/\/projectes.xtec.cat\/mobilitatfp\/?page_id=9940"},"modified":"2020-05-19T18:20:44","modified_gmt":"2020-05-19T16:20:44","slug":"cercador","status":"publish","type":"page","link":"https:\/\/projectes.xtec.cat\/mobilitatfp\/cercador\/","title":{"rendered":"Centres educatius"},"content":{"rendered":"<p>&nbsp;<\/p>\n<p>El Programa de mobilitat formativa i cooperaci\u00f3 europea i internacional en els ensenyaments professionals es composa per una xarxa de centres educatius de Catalunya de titularitat p\u00fablica o privada sostinguts amb fons p\u00fablic, que imparteixen Formaci\u00f3 Professional.<\/p>\n<p>En aquesta secci\u00f3 podeu trobar informaci\u00f3 detallada sobre els centres, aix\u00ed com alguns exemples de bones pr\u00e0ctiques i experi\u00e8ncies.<\/p>\n","protected":false},"excerpt":{"rendered":"<p>&nbsp;<br \/>\nEl Programa de mobilitat formativa i cooperaci\u00f3 europea i internacional en els ensenyaments professionals es composa per una xarxa de centres educatius de Catalunya de titularitat p\u00fablica o privada sostinguts amb fons p\u00fablic, que imparteixen Formaci\u00f3 Professional.<br \/>\nEn aquesta secci\u00f3 podeu trobar informaci\u00f3 detallada sobre els&hellip;  <a href=\"https:\/\/projectes.xtec.cat\/mobilitatfp\/cercador\/\" title=\"Read Centres educatius\">Llegeix m\u00e9s\u00bb<\/a><\/p>\n","protected":false},"author":216,"featured_media":0,"parent":0,"menu_order":5,"comment_status":"closed","ping_status":"closed","template":"","meta":{"_bbp_topic_count":0,"_bbp_reply_count":0,"_bbp_total_topic_count":0,"_bbp_total_reply_count":0,"_bbp_voice_count":0,"_bbp_anonymous_reply_count":0,"_bbp_topic_count_hidden":0,"_bbp_reply_count_hidden":0,"_bbp_forum_subforum_count":0,"footnotes":""},"class_list":["post-9940","page","type-page","status-publish","hentry"],"post_mailing_queue_ids":[],"_links":{"self":[{"href":"https:\/\/projectes.xtec.cat\/mobilitatfp\/wp-json\/wp\/v2\/pages\/9940","targetHints":{"allow":["GET"]}}],"collection":[{"href":"https:\/\/projectes.xtec.cat\/mobilitatfp\/wp-json\/wp\/v2\/pages"}],"about":[{"href":"https:\/\/projectes.xtec.cat\/mobilitatfp\/wp-json\/wp\/v2\/types\/page"}],"author":[{"embeddable":true,"href":"https:\/\/projectes.xtec.cat\/mobilitatfp\/wp-json\/wp\/v2\/users\/216"}],"replies":[{"embeddable":true,"href":"https:\/\/projectes.xtec.cat\/mobilitatfp\/wp-json\/wp\/v2\/comments?post=9940"}],"version-history":[{"count":3,"href":"https:\/\/projectes.xtec.cat\/mobilitatfp\/wp-json\/wp\/v2\/pages\/9940\/revisions"}],"predecessor-version":[{"id":10714,"href":"https:\/\/projectes.xtec.cat\/mobilitatfp\/wp-json\/wp\/v2\/pages\/9940\/revisions\/10714"}],"wp:attachment":[{"href":"https:\/\/projectes.xtec.cat\/mobilitatfp\/wp-json\/wp\/v2\/media?parent=9940"}],"curies":[{"name":"wp","href":"https:\/\/api.w.org\/{rel}","templated":true}]}}