{"id":10192,"date":"2023-01-27T17:29:49","date_gmt":"2023-01-27T16:29:49","guid":{"rendered":"https:\/\/projectes.xtec.cat\/nou-curriculum\/?page_id=10192"},"modified":"2026-03-13T09:57:28","modified_gmt":"2026-03-13T08:57:28","slug":"decret-educacio-basica","status":"publish","type":"page","link":"https:\/\/projectes.xtec.cat\/nou-curriculum\/educacio-basica\/decret-educacio-basica\/","title":{"rendered":"El decret  i la guia"},"content":{"rendered":"\n<h2 class=\"wp-block-heading\">El decret d&#8217;educaci\u00f3 b\u00e0sica<\/h2>\n\n\n\n<div style=\"height:34px\" aria-hidden=\"true\" class=\"wp-block-spacer\"><\/div>\n\n\n\n<div class=\"wp-block-columns is-layout-flex wp-container-core-columns-is-layout-1 wp-block-columns-is-layout-flex\">\n<div class=\"wp-block-column is-layout-flow wp-block-column-is-layout-flow\" style=\"flex-basis:33.33%\">\n<figure class=\"wp-block-image size-large ambvora\"><a href=\"https:\/\/portaljuridic.gencat.cat\/ca\/document-del-pjur\/?documentId=938401\" target=\"_blank\" rel=\"noopener\"><img loading=\"lazy\" decoding=\"async\" width=\"575\" height=\"810\" src=\"https:\/\/projectes.xtec.cat\/nou-curriculum\/wp-content\/uploads\/usu2072\/2022\/09\/decret-edbasica.png\" alt=\"\" class=\"wp-image-9463\" srcset=\"https:\/\/projectes.xtec.cat\/nou-curriculum\/wp-content\/uploads\/usu2072\/2022\/09\/decret-edbasica.png 575w, https:\/\/projectes.xtec.cat\/nou-curriculum\/wp-content\/uploads\/usu2072\/2022\/09\/decret-edbasica-213x300.png 213w\" sizes=\"auto, (max-width: 575px) 100vw, 575px\" \/><\/a><\/figure>\n<\/div>\n\n\n\n<div class=\"wp-block-column is-layout-flow wp-block-column-is-layout-flow\" style=\"flex-basis:66.66%\">\n<p>El Decret 175\/2022, de 27 de setembre, d&#8217;ordenaci\u00f3 dels ensenyaments de l&#8217;educaci\u00f3 b\u00e0sica s&#8217;estructura en <strong>quatre cap\u00edtols<\/strong> i trenta-cinc articles:<\/p>\n\n\n\n<p><a href=\"https:\/\/portaldogc.gencat.cat\/utilsEADOP\/PDF\/8762\/2116761.pdf#page=8\" target=\"_blank\" rel=\"noreferrer noopener\">Cap\u00edtol 1<\/a>. Disposicions generals<br><a href=\"https:\/\/portaldogc.gencat.cat\/utilsEADOP\/PDF\/8762\/2116761.pdf#page=14\" target=\"_blank\" rel=\"noreferrer noopener\">Cap\u00edtol 2<\/a>. Curr\u00edculum<br><a href=\"https:\/\/portaldogc.gencat.cat\/utilsEADOP\/PDF\/8762\/2116761.pdf#page=25\" target=\"_blank\" rel=\"noreferrer noopener\">Cap\u00edtol 3.<\/a> Gesti\u00f3 pedag\u00f2gica<br><a href=\"https:\/\/portaldogc.gencat.cat\/utilsEADOP\/PDF\/8762\/2116761.pdf#page=36\" target=\"_blank\" rel=\"noreferrer noopener\">Cap\u00edtol 4<\/a>. Avaluaci\u00f3<\/p>\n\n\n\n<p>El decret tamb\u00e9 inclou <strong>set annexos<\/strong>:<\/p>\n\n\n\n<p class=\"has-text-align-left\">L&#8217;<a href=\"https:\/\/portaldogc.gencat.cat\/utilsEADOP\/PDF\/8762\/1928585.pdf#page=33\" target=\"_blank\" rel=\"noreferrer noopener\">annex 1<\/a> recull les <strong>compet\u00e8ncies clau<\/strong>, que s\u00f3n preceptives i provenen de les establertes a la Recomanaci\u00f3 del Consell de la Uni\u00f3 Europea de 22 de maig de 2018 relativa a les compet\u00e8ncies clau per a l&#8217;aprenentatge permanent. En aquest annex es descriuen els indicadors operatius, que defineixen el perfil competencial de sortida de l&#8217;alumnat al final de l&#8217;educaci\u00f3 b\u00e0sica.<br>L&#8217;<a href=\"https:\/\/portaldogc.gencat.cat\/utilsEADOP\/PDF\/8762\/1928585.pdf#page=45\" target=\"_blank\" rel=\"noreferrer noopener\">annex 2<\/a> cont\u00e9 la descripci\u00f3 de les <strong>\u00e0rees <\/strong>de coneixement de l&#8217;educaci\u00f3 prim\u00e0ria.<br>L&#8217;<a href=\"https:\/\/portaldogc.gencat.cat\/utilsEADOP\/PDF\/8762\/1928585.pdf#page=194\" target=\"_blank\" rel=\"noreferrer noopener\">annex 3 <\/a>inclou la descripci\u00f3 de les <strong>mat\u00e8ries<\/strong> d&#8217;educaci\u00f3 secund\u00e0ria obligat\u00f2ria. <br><code><sub>(El Decret 480\/2024 modifica aquest annex 3 afegint la descripci\u00f3 de la mat\u00e8ria optativa de quart curs de l'educaci\u00f3 secund\u00e0ria obligat\u00f2ria <a href=\"https:\/\/portaldogc.gencat.cat\/utilsEADOP\/PDF\/9314\/2063112.pdf#page=5\" target=\"_blank\" rel=\"noreferrer noopener\">Cultura Cient\u00edfica<\/a> i modificant la descripci\u00f3 de la mat\u00e8ria de la mat\u00e8ria optativa de quart curs d'educaci\u00f3 secund\u00e0ria obligat\u00f2ria <a href=\"https:\/\/portaldogc.gencat.cat\/utilsEADOP\/PDF\/9314\/2063112.pdf#page=18\" target=\"_blank\" rel=\"noreferrer noopener\">Educaci\u00f3 en Valors C\u00edvics i \u00c8tics<\/a>)<\/sub><\/code><br>L&#8217;<a href=\"https:\/\/portaldogc.gencat.cat\/utilsEADOP\/PDF\/8762\/1928585.pdf#page=453\" target=\"_blank\" rel=\"noreferrer noopener\">annex 4<\/a> enumera i descriu les <strong>compet\u00e8ncies transversals<\/strong>.<br>L&#8217;<a href=\"https:\/\/portaldogc.gencat.cat\/utilsEADOP\/PDF\/8762\/1928585.pdf#page=456\" target=\"_blank\" rel=\"noreferrer noopener\">annex 5<\/a> cont\u00e9 una explicaci\u00f3 sobre l&#8217;<strong>aprenentatge basat en situacions<\/strong>.<br>L&#8217;<a href=\"https:\/\/portaldogc.gencat.cat\/utilsEADOP\/PDF\/8762\/1928585.pdf#page=458\" target=\"_blank\" rel=\"noreferrer noopener\">annex 6<\/a> inclou la descripci\u00f3 dels <strong>\u00e0mbits dels cicles formatius de grau b\u00e0sic<\/strong>.<br>L&#8217;<a href=\"https:\/\/portaldogc.gencat.cat\/utilsEADOP\/PDF\/9314\/2063112.pdf#page=29\" target=\"_blank\" rel=\"noreferrer noopener\">annex 7<\/a> (modificar pel Decret 480\/2024 &#8211; annex 3): presenta la <strong>distribuci\u00f3 hor\u00e0ria<\/strong> de les diferents \u00e0rees i mat\u00e8ries al llarg de cadascuna de les etapes.<\/p>\n<\/div>\n<\/div>\n\n\n\n<div style=\"height:26px\" aria-hidden=\"true\" class=\"wp-block-spacer\"><\/div>\n\n\n\n<h6 class=\"wp-block-heading\"><strong><a href=\"https:\/\/projectes.xtec.cat\/nou-curriculum\/wp-content\/uploads\/usu2072\/2024\/12\/DECRET-4802024-de-17-de-desembre-de-modificacio-del-Decret-1752022-de-27-de-setembre-dordenacio-dels-ensenyaments-de-leducacio-basica.pdf\" target=\"_blank\" rel=\"noreferrer noopener\"><em>DECRET 480\/2024, de 17 de desembre<\/em><\/a><\/strong><em><a href=\"https:\/\/projectes.xtec.cat\/nou-curriculum\/wp-content\/uploads\/usu2072\/2024\/12\/DECRET-4802024-de-17-de-desembre-de-modificacio-del-Decret-1752022-de-27-de-setembre-dordenacio-dels-ensenyaments-de-leducacio-basica.pdf\" target=\"_blank\" rel=\"noreferrer noopener\">, de modificaci\u00f3 del Decret 175\/2022, de 27 de setembre, d&#8217;ordenaci\u00f3 dels ensenyaments de l&#8217;educaci\u00f3 b\u00e0sica.<\/a><\/em><\/h6>\n\n\n\n<div style=\"height:29px\" aria-hidden=\"true\" class=\"wp-block-spacer\"><\/div>\n\n\n\n<h2 class=\"wp-block-heading\">Guia de l&#8217;educaci\u00f3 b\u00e0sica<\/h2>\n\n\n\n<div style=\"height:31px\" aria-hidden=\"true\" class=\"wp-block-spacer\"><\/div>\n\n\n\n<div class=\"wp-block-columns is-layout-flex wp-container-core-columns-is-layout-2 wp-block-columns-is-layout-flex\">\n<div class=\"wp-block-column is-layout-flow wp-block-column-is-layout-flow\" style=\"flex-basis:33.33%\">\n<p class=\"has-medium-font-size\">Amb l\u2019ajuda d\u2019aquesta guia podreu fer un recorregut per a con\u00e8ixer les caracter\u00edstiques i les oportunitats de reflexi\u00f3 pedag\u00f2gica que ens ofereix el nou curr\u00edculum de l\u2019educaci\u00f3 b\u00e0sica. <\/p>\n\n\n\n<p class=\"has-medium-font-size\">La guia est\u00e0 dividida en quatre grans apartats: <\/p>\n\n\n\n<ul class=\"wp-block-list\">\n<li class=\"has-medium-font-size\">Els&nbsp;vectors&nbsp;del curr\u00edculum<\/li>\n\n\n\n<li class=\"has-medium-font-size\">L\u2019organitzaci\u00f3&nbsp;dels ensenyaments,<\/li>\n\n\n\n<li class=\"has-medium-font-size\">La&nbsp;programaci\u00f3 competencial<\/li>\n\n\n\n<li class=\"has-medium-font-size\">L\u2019avaluaci\u00f3<\/li>\n<\/ul>\n<\/div>\n\n\n\n<div class=\"wp-block-column is-layout-flow wp-block-column-is-layout-flow\" style=\"flex-basis:66.66%\">\n<iframe loading=\"lazy\" src=\"https:\/\/docs.google.com\/presentation\/d\/e\/2PACX-1vQNM2rgzVBX__mJbAHqTffcPpdzkROGBFxp93GTXUugZAy5Pd1uVC6_3fIJIvzWZi7KT4yAeKZAD6bg\/embed?start=true&#038;loop=false&#038;delayms=3000\" frameborder=\"0\" width=\"960\" height=\"569\" allowfullscreen=\"true\" mozallowfullscreen=\"true\" webkitallowfullscreen=\"true\"><\/iframe>\n<\/div>\n<\/div>\n\n\n\n<div style=\"height:34px\" aria-hidden=\"true\" class=\"wp-block-spacer\"><\/div>\n","protected":false},"excerpt":{"rendered":"<p>El decret d&#8217;educaci\u00f3 b\u00e0sica El Decret 175\/2022, de 27 de setembre, d&#8217;ordenaci\u00f3 dels ensenyaments de l&#8217;educaci\u00f3 b\u00e0sica s&#8217;estructura en quatre cap\u00edtols i trenta-cinc articles: Cap\u00edtol 1. Disposicions generalsCap\u00edtol 2. Curr\u00edculumCap\u00edtol 3. Gesti\u00f3 pedag\u00f2gicaCap\u00edtol 4. Avaluaci\u00f3 El decret tamb\u00e9 inclou set annexos: L&#8217;annex 1 recull les compet\u00e8ncies clau, que s\u00f3n preceptives i provenen de les establertes [&hellip;]<\/p>\n","protected":false},"author":2,"featured_media":0,"parent":9770,"menu_order":0,"comment_status":"closed","ping_status":"close","template":"","meta":{"_acf_changed":false,"site-sidebar-layout":"default","site-content-layout":"","ast-site-content-layout":"default","site-content-style":"default","site-sidebar-style":"default","ast-global-header-display":"","ast-banner-title-visibility":"","ast-main-header-display":"","ast-hfb-above-header-display":"","ast-hfb-below-header-display":"","ast-hfb-mobile-header-display":"","site-post-title":"disabled","ast-breadcrumbs-content":"","ast-featured-img":"","footer-sml-layout":"","theme-transparent-header-meta":"","adv-header-id-meta":"","stick-header-meta":"","header-above-stick-meta":"","header-main-stick-meta":"","header-below-stick-meta":"","astra-migrate-meta-layouts":"set","ast-page-background-enabled":"default","ast-page-background-meta":{"desktop":{"background-color":"","background-image":"","background-repeat":"repeat","background-position":"center center","background-size":"auto","background-attachment":"scroll","background-type":"","background-media":"","overlay-type":"","overlay-color":"","overlay-opacity":"","overlay-gradient":""},"tablet":{"background-color":"","background-image":"","background-repeat":"repeat","background-position":"center center","background-size":"auto","background-attachment":"scroll","background-type":"","background-media":"","overlay-type":"","overlay-color":"","overlay-opacity":"","overlay-gradient":""},"mobile":{"background-color":"","background-image":"","background-repeat":"repeat","background-position":"center center","background-size":"auto","background-attachment":"scroll","background-type":"","background-media":"","overlay-type":"","overlay-color":"","overlay-opacity":"","overlay-gradient":""}},"ast-content-background-meta":{"desktop":{"background-color":"var(--ast-global-color-5)","background-image":"","background-repeat":"repeat","background-position":"center center","background-size":"auto","background-attachment":"scroll","background-type":"","background-media":"","overlay-type":"","overlay-color":"","overlay-opacity":"","overlay-gradient":""},"tablet":{"background-color":"var(--ast-global-color-5)","background-image":"","background-repeat":"repeat","background-position":"center center","background-size":"auto","background-attachment":"scroll","background-type":"","background-media":"","overlay-type":"","overlay-color":"","overlay-opacity":"","overlay-gradient":""},"mobile":{"background-color":"var(--ast-global-color-5)","background-image":"","background-repeat":"repeat","background-position":"center center","background-size":"auto","background-attachment":"scroll","background-type":"","background-media":"","overlay-type":"","overlay-color":"","overlay-opacity":"","overlay-gradient":""}},"footnotes":""},"class_list":["post-10192","page","type-page","status-publish","hentry"],"acf":[],"post_mailing_queue_ids":[],"_links":{"self":[{"href":"https:\/\/projectes.xtec.cat\/nou-curriculum\/wp-json\/wp\/v2\/pages\/10192","targetHints":{"allow":["GET"]}}],"collection":[{"href":"https:\/\/projectes.xtec.cat\/nou-curriculum\/wp-json\/wp\/v2\/pages"}],"about":[{"href":"https:\/\/projectes.xtec.cat\/nou-curriculum\/wp-json\/wp\/v2\/types\/page"}],"author":[{"embeddable":true,"href":"https:\/\/projectes.xtec.cat\/nou-curriculum\/wp-json\/wp\/v2\/users\/2"}],"replies":[{"embeddable":true,"href":"https:\/\/projectes.xtec.cat\/nou-curriculum\/wp-json\/wp\/v2\/comments?post=10192"}],"version-history":[{"count":6,"href":"https:\/\/projectes.xtec.cat\/nou-curriculum\/wp-json\/wp\/v2\/pages\/10192\/revisions"}],"predecessor-version":[{"id":16753,"href":"https:\/\/projectes.xtec.cat\/nou-curriculum\/wp-json\/wp\/v2\/pages\/10192\/revisions\/16753"}],"up":[{"embeddable":true,"href":"https:\/\/projectes.xtec.cat\/nou-curriculum\/wp-json\/wp\/v2\/pages\/9770"}],"wp:attachment":[{"href":"https:\/\/projectes.xtec.cat\/nou-curriculum\/wp-json\/wp\/v2\/media?parent=10192"}],"curies":[{"name":"wp","href":"https:\/\/api.w.org\/{rel}","templated":true}]}}