{"id":10707,"date":"2023-02-02T20:39:43","date_gmt":"2023-02-02T19:39:43","guid":{"rendered":"https:\/\/projectes.xtec.cat\/nou-curriculum\/?page_id=10707"},"modified":"2023-06-06T17:45:21","modified_gmt":"2023-06-06T15:45:21","slug":"guia-batxillerat","status":"publish","type":"page","link":"https:\/\/projectes.xtec.cat\/nou-curriculum\/batxillerat\/guia-batxillerat\/","title":{"rendered":"Guia de batxillerat"},"content":{"rendered":"\n<div class=\"wp-block-columns is-layout-flex wp-container-core-columns-is-layout-1 wp-block-columns-is-layout-flex\">\n<div class=\"wp-block-column is-layout-flow wp-block-column-is-layout-flow\" style=\"flex-basis:33.33%\">\n<p>Amb l\u2019ajuda d\u2019aquesta guia podreu fer un recorregut per a con\u00e8ixer les caracter\u00edstiques i les oportunitats de reflexi\u00f3 pedag\u00f2gica que ens ofereix el nou curr\u00edculum del batxillerat.<\/p>\n\n\n\n<p>Est\u00e0 dividida en set grans apartats: les&nbsp;<strong>caracter\u00edstiques<\/strong>&nbsp;del batxillerat, l\u2019<strong>enfocament competencial<\/strong>, els&nbsp;<strong>elements<\/strong>&nbsp;del curr\u00edculum, l\u2019aprenentatge basat en&nbsp;<strong>situacions<\/strong>, l\u2019<strong>organitzaci\u00f3<\/strong>&nbsp;dels ensenyaments, la&nbsp;<strong>programaci\u00f3 competencial<\/strong>&nbsp;i l\u2019<strong>avaluaci\u00f3<\/strong>.<\/p>\n<\/div>\n\n\n\n<div class=\"wp-block-column is-layout-flow wp-block-column-is-layout-flow\" style=\"flex-basis:66.66%\">\n<iframe loading=\"lazy\" src=\"https:\/\/docs.google.com\/presentation\/d\/e\/2PACX-1vTX-JR8CCzXFvnvUYHJXLN0JVMUDx41VpfyzZUE3Tu9U8LV3G_tz5Gg4B5avczz9f9L6pJbQU5k6zYE\/embed?start=true&#038;loop=false&#038;delayms=5000\" frameborder=\"0\" width=\"875\" height=\"521\" allowfullscreen=\"true\" mozallowfullscreen=\"true\" webkitallowfullscreen=\"true\"><\/iframe>\n<\/div>\n<\/div>\n","protected":false},"excerpt":{"rendered":"<p>Amb l\u2019ajuda d\u2019aquesta guia podreu fer un recorregut per a con\u00e8ixer les caracter\u00edstiques i les oportunitats de reflexi\u00f3 pedag\u00f2gica que ens ofereix el nou curr\u00edculum del batxillerat. Est\u00e0 dividida en set grans apartats: les&nbsp;caracter\u00edstiques&nbsp;del batxillerat, l\u2019enfocament competencial, els&nbsp;elements&nbsp;del curr\u00edculum, l\u2019aprenentatge basat en&nbsp;situacions, l\u2019organitzaci\u00f3&nbsp;dels ensenyaments, la&nbsp;programaci\u00f3 competencial&nbsp;i l\u2019avaluaci\u00f3.<\/p>\n","protected":false},"author":2,"featured_media":0,"parent":10661,"menu_order":0,"comment_status":"closed","ping_status":"close","template":"","meta":{"_acf_changed":false,"site-sidebar-layout":"default","site-content-layout":"","ast-site-content-layout":"","site-content-style":"default","site-sidebar-style":"default","ast-global-header-display":"","ast-banner-title-visibility":"","ast-main-header-display":"","ast-hfb-above-header-display":"","ast-hfb-below-header-display":"","ast-hfb-mobile-header-display":"","site-post-title":"","ast-breadcrumbs-content":"","ast-featured-img":"","footer-sml-layout":"","theme-transparent-header-meta":"","adv-header-id-meta":"","stick-header-meta":"","header-above-stick-meta":"","header-main-stick-meta":"","header-below-stick-meta":"","astra-migrate-meta-layouts":"default","ast-page-background-enabled":"default","ast-page-background-meta":{"desktop":{"background-color":"","background-image":"","background-repeat":"repeat","background-position":"center center","background-size":"auto","background-attachment":"scroll","background-type":"","background-media":"","overlay-type":"","overlay-color":"","overlay-opacity":"","overlay-gradient":""},"tablet":{"background-color":"","background-image":"","background-repeat":"repeat","background-position":"center center","background-size":"auto","background-attachment":"scroll","background-type":"","background-media":"","overlay-type":"","overlay-color":"","overlay-opacity":"","overlay-gradient":""},"mobile":{"background-color":"","background-image":"","background-repeat":"repeat","background-position":"center center","background-size":"auto","background-attachment":"scroll","background-type":"","background-media":"","overlay-type":"","overlay-color":"","overlay-opacity":"","overlay-gradient":""}},"ast-content-background-meta":{"desktop":{"background-color":"var(--ast-global-color-5)","background-image":"","background-repeat":"repeat","background-position":"center center","background-size":"auto","background-attachment":"scroll","background-type":"","background-media":"","overlay-type":"","overlay-color":"","overlay-opacity":"","overlay-gradient":""},"tablet":{"background-color":"var(--ast-global-color-5)","background-image":"","background-repeat":"repeat","background-position":"center center","background-size":"auto","background-attachment":"scroll","background-type":"","background-media":"","overlay-type":"","overlay-color":"","overlay-opacity":"","overlay-gradient":""},"mobile":{"background-color":"var(--ast-global-color-5)","background-image":"","background-repeat":"repeat","background-position":"center center","background-size":"auto","background-attachment":"scroll","background-type":"","background-media":"","overlay-type":"","overlay-color":"","overlay-opacity":"","overlay-gradient":""}},"footnotes":""},"class_list":["post-10707","page","type-page","status-publish","hentry"],"acf":[],"post_mailing_queue_ids":[],"_links":{"self":[{"href":"https:\/\/projectes.xtec.cat\/nou-curriculum\/wp-json\/wp\/v2\/pages\/10707","targetHints":{"allow":["GET"]}}],"collection":[{"href":"https:\/\/projectes.xtec.cat\/nou-curriculum\/wp-json\/wp\/v2\/pages"}],"about":[{"href":"https:\/\/projectes.xtec.cat\/nou-curriculum\/wp-json\/wp\/v2\/types\/page"}],"author":[{"embeddable":true,"href":"https:\/\/projectes.xtec.cat\/nou-curriculum\/wp-json\/wp\/v2\/users\/2"}],"replies":[{"embeddable":true,"href":"https:\/\/projectes.xtec.cat\/nou-curriculum\/wp-json\/wp\/v2\/comments?post=10707"}],"version-history":[{"count":3,"href":"https:\/\/projectes.xtec.cat\/nou-curriculum\/wp-json\/wp\/v2\/pages\/10707\/revisions"}],"predecessor-version":[{"id":12000,"href":"https:\/\/projectes.xtec.cat\/nou-curriculum\/wp-json\/wp\/v2\/pages\/10707\/revisions\/12000"}],"up":[{"embeddable":true,"href":"https:\/\/projectes.xtec.cat\/nou-curriculum\/wp-json\/wp\/v2\/pages\/10661"}],"wp:attachment":[{"href":"https:\/\/projectes.xtec.cat\/nou-curriculum\/wp-json\/wp\/v2\/media?parent=10707"}],"curies":[{"name":"wp","href":"https:\/\/api.w.org\/{rel}","templated":true}]}}