{"id":10745,"date":"2023-02-03T06:06:16","date_gmt":"2023-02-03T05:06:16","guid":{"rendered":"https:\/\/projectes.xtec.cat\/nou-curriculum\/?page_id=10745"},"modified":"2026-03-13T09:32:38","modified_gmt":"2026-03-13T08:32:38","slug":"decret-batxillerat","status":"publish","type":"page","link":"https:\/\/projectes.xtec.cat\/nou-curriculum\/batxillerat\/decret-batxillerat\/","title":{"rendered":"El decret de Batxillerat"},"content":{"rendered":"\n<div class=\"wp-block-columns is-layout-flex wp-container-core-columns-is-layout-1 wp-block-columns-is-layout-flex\">\n<div class=\"wp-block-column is-layout-flow wp-block-column-is-layout-flow\">\n<figure class=\"wp-block-image size-large ambvora\"><a href=\"https:\/\/portaljuridic.gencat.cat\/ca\/document-del-pjur\/?documentId=938056\" target=\"_blank\" rel=\"noopener\"><img loading=\"lazy\" decoding=\"async\" width=\"716\" height=\"1024\" src=\"https:\/\/projectes.xtec.cat\/nou-curriculum\/wp-content\/uploads\/usu2072\/2022\/09\/decret_batx-716x1024.jpg\" alt=\"\" class=\"wp-image-9350\" srcset=\"https:\/\/projectes.xtec.cat\/nou-curriculum\/wp-content\/uploads\/usu2072\/2022\/09\/decret_batx-716x1024.jpg 716w, https:\/\/projectes.xtec.cat\/nou-curriculum\/wp-content\/uploads\/usu2072\/2022\/09\/decret_batx-210x300.jpg 210w, https:\/\/projectes.xtec.cat\/nou-curriculum\/wp-content\/uploads\/usu2072\/2022\/09\/decret_batx-768x1098.jpg 768w, https:\/\/projectes.xtec.cat\/nou-curriculum\/wp-content\/uploads\/usu2072\/2022\/09\/decret_batx.jpg 990w\" sizes=\"auto, (max-width: 716px) 100vw, 716px\" \/><\/a><\/figure>\n<\/div>\n\n\n\n<div class=\"wp-block-column is-layout-flow wp-block-column-is-layout-flow\">\n<p>El decret 171\/2022, de 20 de setembre, d\u2019ordenaci\u00f3 dels ensenyaments de batxillerat s&#8217;estructura en <strong>quatre cap\u00edtols<\/strong> i quaranta-dos articles.<\/p>\n\n\n\n<p><a href=\"https:\/\/portaldogc.gencat.cat\/utilsEADOP\/PDF\/8758\/2085248.pdf#page=9\" target=\"_blank\" rel=\"noreferrer noopener\">Cap\u00edtol 1<\/a>. Disposicions generals<br><a href=\"https:\/\/portaldogc.gencat.cat\/utilsEADOP\/PDF\/8758\/2085248.pdf#page=14\" target=\"_blank\" rel=\"noreferrer noopener\">Cap\u00edtol 2<\/a>. Curr\u00edculum i organitzaci\u00f3 dels ensenyaments<br><a href=\"https:\/\/portaldogc.gencat.cat\/utilsEADOP\/PDF\/8758\/2085248.pdf#page=26\" target=\"_blank\" rel=\"noreferrer noopener\">Cap\u00edtol 3<\/a>. Gesti\u00f3 pedag\u00f2gica<br><a href=\"https:\/\/portaldogc.gencat.cat\/utilsEADOP\/PDF\/8758\/2085248.pdf#page=34\" target=\"_blank\" rel=\"noreferrer noopener\">Cap\u00edtol 4.<\/a> Avaluaci\u00f3<\/p>\n\n\n\n<p>Tamb\u00e9 inclou <strong>4 annexos<\/strong>:<\/p>\n\n\n\n<p>L&#8217;<a href=\"https:\/\/portaldogc.gencat.cat\/utilsEADOP\/PDF\/8758\/1927851.pdf#page=31\" target=\"_blank\" rel=\"noreferrer noopener\">annex 1<\/a> recull les compet\u00e8ncies clau, que s\u00f3n preceptives i provenen de les establertes a la Recomanaci\u00f3 del Consell de la Uni\u00f3 Europea de 22 de maig de 2018 relativa a les compet\u00e8ncies clau per a l&#8217;aprenentatge permanent. Dins d&#8217;aquest annex es troben definits els indicadors operatius, que defineixen el nivell d&#8217;adquisici\u00f3 d&#8217;aquestes compet\u00e8ncies clau en finalitzar el batxillerat.<br>L&#8217;<a href=\"https:\/\/portaldogc.gencat.cat\/utilsEADOP\/PDF\/8758\/1927851.pdf#page=39\" target=\"_blank\" rel=\"noreferrer noopener\">annex 2<\/a> cont\u00e9 la descripci\u00f3 de les mat\u00e8ries comunes i de modalitat, com tamb\u00e9 la de les mat\u00e8ries optatives anuals de primer de batxillerat.<br>L&#8217;<a href=\"https:\/\/portaldogc.gencat.cat\/utilsEADOP\/PDF\/8758\/1927851.pdf#page=548\" target=\"_blank\" rel=\"noreferrer noopener\">annex 3<\/a> relaciona les hores assignades a cada mat\u00e8ria comuna, de modalitat i optativa, tant de 1r com de 2n. curs de batxillerat, aix\u00ed com les hores assignades a la tutoria, al treball de recerca i a la mat\u00e8ria Religi\u00f3.<br>L&#8217;<a href=\"https:\/\/portaldogc.gencat.cat\/utilsEADOP\/PDF\/8758\/1927851.pdf#page=553\" target=\"_blank\" rel=\"noreferrer noopener\">annex 4<\/a> expressa la continu\u00eftat entre les mat\u00e8ries al llarg dels dos cursos de batxillerat.<\/p>\n\n\n\n<h3 class=\"wp-block-heading\"><a rel=\"noreferrer noopener\" href=\"https:\/\/xtec.gencat.cat\/ca\/curriculum\/batxillerat\/curriculum-171-2022\/\" target=\"_blank\">Enlla\u00e7 a les mat\u00e8ries de batxillerat.<\/a><\/h3>\n\n\n\n<p>En aquest enlla\u00e7 trobareu tota la informaci\u00f3 publicada de les mat\u00e8ries comunes, les mat\u00e8ries obligat\u00f2ries de modalitat, les mat\u00e8ries de modalitat i les mat\u00e8ries optatives de batxillerat.<\/p>\n<\/div>\n<\/div>\n\n\n\n<p><\/p>\n","protected":false},"excerpt":{"rendered":"<p>El decret 171\/2022, de 20 de setembre, d\u2019ordenaci\u00f3 dels ensenyaments de batxillerat s&#8217;estructura en quatre cap\u00edtols i quaranta-dos articles. Cap\u00edtol 1. Disposicions generalsCap\u00edtol 2. Curr\u00edculum i organitzaci\u00f3 dels ensenyamentsCap\u00edtol 3. Gesti\u00f3 pedag\u00f2gicaCap\u00edtol 4. Avaluaci\u00f3 Tamb\u00e9 inclou 4 annexos: L&#8217;annex 1 recull les compet\u00e8ncies clau, que s\u00f3n preceptives i provenen de les establertes a la Recomanaci\u00f3 [&hellip;]<\/p>\n","protected":false},"author":2,"featured_media":0,"parent":10661,"menu_order":0,"comment_status":"closed","ping_status":"close","template":"","meta":{"_acf_changed":false,"site-sidebar-layout":"default","site-content-layout":"","ast-site-content-layout":"","site-content-style":"default","site-sidebar-style":"default","ast-global-header-display":"","ast-banner-title-visibility":"","ast-main-header-display":"","ast-hfb-above-header-display":"","ast-hfb-below-header-display":"","ast-hfb-mobile-header-display":"","site-post-title":"","ast-breadcrumbs-content":"","ast-featured-img":"","footer-sml-layout":"","theme-transparent-header-meta":"","adv-header-id-meta":"","stick-header-meta":"","header-above-stick-meta":"","header-main-stick-meta":"","header-below-stick-meta":"","astra-migrate-meta-layouts":"set","ast-page-background-enabled":"default","ast-page-background-meta":{"desktop":{"background-color":"","background-image":"","background-repeat":"repeat","background-position":"center center","background-size":"auto","background-attachment":"scroll","background-type":"","background-media":"","overlay-type":"","overlay-color":"","overlay-opacity":"","overlay-gradient":""},"tablet":{"background-color":"","background-image":"","background-repeat":"repeat","background-position":"center center","background-size":"auto","background-attachment":"scroll","background-type":"","background-media":"","overlay-type":"","overlay-color":"","overlay-opacity":"","overlay-gradient":""},"mobile":{"background-color":"","background-image":"","background-repeat":"repeat","background-position":"center center","background-size":"auto","background-attachment":"scroll","background-type":"","background-media":"","overlay-type":"","overlay-color":"","overlay-opacity":"","overlay-gradient":""}},"ast-content-background-meta":{"desktop":{"background-color":"var(--ast-global-color-5)","background-image":"","background-repeat":"repeat","background-position":"center center","background-size":"auto","background-attachment":"scroll","background-type":"","background-media":"","overlay-type":"","overlay-color":"","overlay-opacity":"","overlay-gradient":""},"tablet":{"background-color":"var(--ast-global-color-5)","background-image":"","background-repeat":"repeat","background-position":"center center","background-size":"auto","background-attachment":"scroll","background-type":"","background-media":"","overlay-type":"","overlay-color":"","overlay-opacity":"","overlay-gradient":""},"mobile":{"background-color":"var(--ast-global-color-5)","background-image":"","background-repeat":"repeat","background-position":"center center","background-size":"auto","background-attachment":"scroll","background-type":"","background-media":"","overlay-type":"","overlay-color":"","overlay-opacity":"","overlay-gradient":""}},"footnotes":""},"class_list":["post-10745","page","type-page","status-publish","hentry"],"acf":[],"post_mailing_queue_ids":[],"_links":{"self":[{"href":"https:\/\/projectes.xtec.cat\/nou-curriculum\/wp-json\/wp\/v2\/pages\/10745","targetHints":{"allow":["GET"]}}],"collection":[{"href":"https:\/\/projectes.xtec.cat\/nou-curriculum\/wp-json\/wp\/v2\/pages"}],"about":[{"href":"https:\/\/projectes.xtec.cat\/nou-curriculum\/wp-json\/wp\/v2\/types\/page"}],"author":[{"embeddable":true,"href":"https:\/\/projectes.xtec.cat\/nou-curriculum\/wp-json\/wp\/v2\/users\/2"}],"replies":[{"embeddable":true,"href":"https:\/\/projectes.xtec.cat\/nou-curriculum\/wp-json\/wp\/v2\/comments?post=10745"}],"version-history":[{"count":4,"href":"https:\/\/projectes.xtec.cat\/nou-curriculum\/wp-json\/wp\/v2\/pages\/10745\/revisions"}],"predecessor-version":[{"id":16750,"href":"https:\/\/projectes.xtec.cat\/nou-curriculum\/wp-json\/wp\/v2\/pages\/10745\/revisions\/16750"}],"up":[{"embeddable":true,"href":"https:\/\/projectes.xtec.cat\/nou-curriculum\/wp-json\/wp\/v2\/pages\/10661"}],"wp:attachment":[{"href":"https:\/\/projectes.xtec.cat\/nou-curriculum\/wp-json\/wp\/v2\/media?parent=10745"}],"curies":[{"name":"wp","href":"https:\/\/api.w.org\/{rel}","templated":true}]}}