{"id":11342,"date":"2023-02-27T19:40:21","date_gmt":"2023-02-27T18:40:21","guid":{"rendered":"https:\/\/projectes.xtec.cat\/nou-curriculum\/?page_id=11342"},"modified":"2023-02-27T19:41:22","modified_gmt":"2023-02-27T18:41:22","slug":"guia-educacio-infantil","status":"publish","type":"page","link":"https:\/\/projectes.xtec.cat\/nou-curriculum\/educacio-infantil\/guia-educacio-infantil\/","title":{"rendered":"Guia de l&#8217;Educaci\u00f3 infantil"},"content":{"rendered":"\n<div class=\"wp-block-columns is-layout-flex wp-container-core-columns-is-layout-1 wp-block-columns-is-layout-flex\">\n<div class=\"wp-block-column is-layout-flow wp-block-column-is-layout-flow\" style=\"flex-basis:33.33%\">\n<p>Amb l\u2019ajuda d\u2019aquesta guia podreu fer un recorregut per a con\u00e8ixer les caracter\u00edstiques i les oportunitats de reflexi\u00f3 pedag\u00f2gica que ens ofereix el nou curr\u00edculum de l\u2019educaci\u00f3 infantil.<\/p>\n\n\n\n<p>En aquesta guia, entre altres, trobareu informaci\u00f3 sobre les&nbsp;<strong>idees clau<\/strong>&nbsp;del curr\u00edculum, l\u2019<strong>organitzaci\u00f3<\/strong>&nbsp;dels aprenentatges, l\u2019observaci\u00f3 del&nbsp;<strong>progr\u00e9s dels infants<\/strong>, el&nbsp;<strong>seguiment<\/strong>&nbsp;i l\u2019<strong>avaluaci\u00f3<\/strong>&nbsp;dels aprenentatges i les&nbsp;<strong>situacions d\u2019aprenentatge<\/strong>.<\/p>\n<\/div>\n\n\n\n<div class=\"wp-block-column is-layout-flow wp-block-column-is-layout-flow\" style=\"flex-basis:66.66%\">\n<iframe loading=\"lazy\" title=\"Presentaci\u00f3\/Guia de l\u2019educaci\u00f3 infantil\" src=\"https:\/\/docs.google.com\/presentation\/d\/e\/2PACX-1vTDKmmkrv-70HagPTQmTnTJLo84PRvngEn5nfBdDYXSbwRMHoRTYNjTw9vUXRBung\/embed?start=false&amp;loop=false&amp;delayms=3000\" width=\"100%\" height=\"510\" frameborder=\"0\" allowfullscreen=\"allowfullscreen\"><\/iframe>\n<\/div>\n<\/div>\n\n\n\n<div style=\"height:50px\" aria-hidden=\"true\" class=\"wp-block-spacer\"><\/div>\n\n\n\n<div class=\"wp-block-group alignfull has-ast-global-color-4-background-color has-background\"><div class=\"wp-block-group__inner-container is-layout-flow wp-block-group-is-layout-flow\">\n<div style=\"height:50px\" aria-hidden=\"true\" class=\"wp-block-spacer\"><\/div>\n\n\n\n<h3 class=\"wp-block-heading\">Relacionat<\/h3>\n\n\n\n        <div class=\"wp-block-getwid-post-carousel custom-post-type-post has-slides-gap-small is-carousel has-arrows-inside has-dots-outside\">\n            <div data-slider-option=\"{&quot;sliderSlidesToShowDesktop&quot;:&quot;3&quot;,&quot;getwid_slidesToShowLaptop&quot;:&quot;1&quot;,&quot;getwid_slidesToShowTablet&quot;:&quot;1&quot;,&quot;getwid_slidesToShowMobile&quot;:&quot;1&quot;,&quot;getwid_autoplay_speed&quot;:6000,&quot;getwid_animation_speed&quot;:800,&quot;getwid_slidesToScroll&quot;:&quot;1&quot;,&quot;getwid_autoplay&quot;:false,&quot;getwid_pause_on_hover&quot;:false,&quot;getwid_infinite&quot;:true,&quot;getwid_center_mode&quot;:false,&quot;getwid_arrows&quot;:&quot;inside&quot;,&quot;getwid_dots&quot;:&quot;outside&quot;}\" class=\"wp-block-getwid-post-carousel__wrapper\">\n                \t\t\t\t\t\t\t<div class=\"wp-block-getwid-post-carousel__slide\">\n\t\t\t\t\t\t\t\t\n<div class=\"wp-block-getwid-template-post-featured-image\" >\n            <a href=\"https:\/\/projectes.xtec.cat\/nou-curriculum\/general\/presentacio-telematica-del-decret-de-curriculum-deducacio-infantil\/\">\n        <img loading=\"lazy\" decoding=\"async\" width=\"831\" height=\"571\" src=\"https:\/\/projectes.xtec.cat\/nou-curriculum\/wp-content\/uploads\/usu2072\/2023\/03\/INFANTIL-e1683627897469.jpg\" class=\"attachment-full size-full wp-post-image\" alt=\"Presentaci\u00f3 telem\u00e0tica del Decret de curr\u00edculum d&#8217;educaci\u00f3 infantil\" \/>            <\/a>\n    <\/div>\n\n\n\n<div class=\"wp-block-columns is-layout-flex wp-container-core-columns-is-layout-2 wp-block-columns-is-layout-flex\">\n<div class=\"wp-block-column is-layout-flow wp-block-column-is-layout-flow\">\n<div class=\"wp-block-getwid-template-post-categories has-divider\" >\n    \t\t<i class=\"fas fa-folder-open \"\n\t\t\t\t\t><\/i>\n\t    <a href=\"https:\/\/projectes.xtec.cat\/nou-curriculum\/categoria\/educacio-infantil\/\" rel=\"category tag\">Educaci\u00f3 infantil<\/a>, <a href=\"https:\/\/projectes.xtec.cat\/nou-curriculum\/categoria\/general\/\" rel=\"category tag\">General<\/a><\/div><\/div>\n<\/div>\n\n\n\n<h3 class=\"wp-block-getwid-template-post-title\"><a class=\"wp-block-getwid-template-post-title__link\" href=\"https:\/\/projectes.xtec.cat\/nou-curriculum\/general\/presentacio-telematica-del-decret-de-curriculum-deducacio-infantil\/\">Presentaci\u00f3 telem\u00e0tica del Decret de curr\u00edculum d&#8217;educaci\u00f3 infantil<\/a><\/h3>\n\n\n<div class=\"wp-block-getwid-template-post-content is-excerpt\" ><p>Dijous, 13 d&#039;abril 2023 a les 17.30 h.<\/p><\/div>\n\n\n\n<div class=\"wp-block-getwid-template-post-custom-field custom-field-link\" >\n    <\/div>\n\n\n\n<div class=\"wp-block-getwid-template-post-tags has-divider\" >\n\t<i class=\"fas fa-tags \"\n\t\t\t\t><\/i>\n\t<a href=\"https:\/\/projectes.xtec.cat\/nou-curriculum\/tag\/decret\/\" rel=\"tag\">decret<\/a>, <a href=\"https:\/\/projectes.xtec.cat\/nou-curriculum\/tag\/decret-catalunya\/\" rel=\"tag\">decret catalunya<\/a>, <a href=\"https:\/\/projectes.xtec.cat\/nou-curriculum\/tag\/decret-deducacio-infantil\/\" rel=\"tag\">decret d&#039;educaci\u00f3 infantil<\/a>, <a href=\"https:\/\/projectes.xtec.cat\/nou-curriculum\/tag\/educacio-infantil\/\" rel=\"tag\">educaci\u00f3 infantil<\/a><\/div>\t\t\t\t\t\t\t<\/div>\n\t\t\t\t\t\t            <\/div>\n        <\/div>\n        \n\n\n<div style=\"height:50px\" aria-hidden=\"true\" class=\"wp-block-spacer\"><\/div>\n<\/div><\/div>\n","protected":false},"excerpt":{"rendered":"<p>Amb l\u2019ajuda d\u2019aquesta guia podreu fer un recorregut per a con\u00e8ixer les caracter\u00edstiques i les oportunitats de reflexi\u00f3 pedag\u00f2gica que ens ofereix el nou curr\u00edculum de l\u2019educaci\u00f3 infantil. En aquesta guia, entre altres, trobareu informaci\u00f3 sobre les&nbsp;idees clau&nbsp;del curr\u00edculum, l\u2019organitzaci\u00f3&nbsp;dels aprenentatges, l\u2019observaci\u00f3 del&nbsp;progr\u00e9s dels infants, el&nbsp;seguiment&nbsp;i l\u2019avaluaci\u00f3&nbsp;dels aprenentatges i les&nbsp;situacions d\u2019aprenentatge. Relacionat<\/p>\n","protected":false},"author":2,"featured_media":0,"parent":8252,"menu_order":10,"comment_status":"closed","ping_status":"close","template":"","meta":{"_acf_changed":false,"site-sidebar-layout":"default","site-content-layout":"","ast-site-content-layout":"","site-content-style":"default","site-sidebar-style":"default","ast-global-header-display":"","ast-banner-title-visibility":"","ast-main-header-display":"","ast-hfb-above-header-display":"","ast-hfb-below-header-display":"","ast-hfb-mobile-header-display":"","site-post-title":"","ast-breadcrumbs-content":"","ast-featured-img":"","footer-sml-layout":"","theme-transparent-header-meta":"","adv-header-id-meta":"","stick-header-meta":"","header-above-stick-meta":"","header-main-stick-meta":"","header-below-stick-meta":"","astra-migrate-meta-layouts":"default","ast-page-background-enabled":"default","ast-page-background-meta":{"desktop":{"background-color":"","background-image":"","background-repeat":"repeat","background-position":"center center","background-size":"auto","background-attachment":"scroll","background-type":"","background-media":"","overlay-type":"","overlay-color":"","overlay-opacity":"","overlay-gradient":""},"tablet":{"background-color":"","background-image":"","background-repeat":"repeat","background-position":"center center","background-size":"auto","background-attachment":"scroll","background-type":"","background-media":"","overlay-type":"","overlay-color":"","overlay-opacity":"","overlay-gradient":""},"mobile":{"background-color":"","background-image":"","background-repeat":"repeat","background-position":"center center","background-size":"auto","background-attachment":"scroll","background-type":"","background-media":"","overlay-type":"","overlay-color":"","overlay-opacity":"","overlay-gradient":""}},"ast-content-background-meta":{"desktop":{"background-color":"var(--ast-global-color-5)","background-image":"","background-repeat":"repeat","background-position":"center center","background-size":"auto","background-attachment":"scroll","background-type":"","background-media":"","overlay-type":"","overlay-color":"","overlay-opacity":"","overlay-gradient":""},"tablet":{"background-color":"var(--ast-global-color-5)","background-image":"","background-repeat":"repeat","background-position":"center center","background-size":"auto","background-attachment":"scroll","background-type":"","background-media":"","overlay-type":"","overlay-color":"","overlay-opacity":"","overlay-gradient":""},"mobile":{"background-color":"var(--ast-global-color-5)","background-image":"","background-repeat":"repeat","background-position":"center center","background-size":"auto","background-attachment":"scroll","background-type":"","background-media":"","overlay-type":"","overlay-color":"","overlay-opacity":"","overlay-gradient":""}},"footnotes":""},"class_list":["post-11342","page","type-page","status-publish","hentry"],"acf":[],"post_mailing_queue_ids":[],"_links":{"self":[{"href":"https:\/\/projectes.xtec.cat\/nou-curriculum\/wp-json\/wp\/v2\/pages\/11342","targetHints":{"allow":["GET"]}}],"collection":[{"href":"https:\/\/projectes.xtec.cat\/nou-curriculum\/wp-json\/wp\/v2\/pages"}],"about":[{"href":"https:\/\/projectes.xtec.cat\/nou-curriculum\/wp-json\/wp\/v2\/types\/page"}],"author":[{"embeddable":true,"href":"https:\/\/projectes.xtec.cat\/nou-curriculum\/wp-json\/wp\/v2\/users\/2"}],"replies":[{"embeddable":true,"href":"https:\/\/projectes.xtec.cat\/nou-curriculum\/wp-json\/wp\/v2\/comments?post=11342"}],"version-history":[{"count":2,"href":"https:\/\/projectes.xtec.cat\/nou-curriculum\/wp-json\/wp\/v2\/pages\/11342\/revisions"}],"predecessor-version":[{"id":11344,"href":"https:\/\/projectes.xtec.cat\/nou-curriculum\/wp-json\/wp\/v2\/pages\/11342\/revisions\/11344"}],"up":[{"embeddable":true,"href":"https:\/\/projectes.xtec.cat\/nou-curriculum\/wp-json\/wp\/v2\/pages\/8252"}],"wp:attachment":[{"href":"https:\/\/projectes.xtec.cat\/nou-curriculum\/wp-json\/wp\/v2\/media?parent=11342"}],"curies":[{"name":"wp","href":"https:\/\/api.w.org\/{rel}","templated":true}]}}