{"id":11432,"date":"2023-03-08T12:29:32","date_gmt":"2023-03-08T11:29:32","guid":{"rendered":"https:\/\/projectes.xtec.cat\/nou-curriculum\/?page_id=11432"},"modified":"2024-11-20T13:35:50","modified_gmt":"2024-11-20T12:35:50","slug":"programa-de-recerca-creacio-i-servei-rcs","status":"publish","type":"page","link":"https:\/\/projectes.xtec.cat\/nou-curriculum\/educacio-basica\/programes-innovacio\/programa-de-recerca-creacio-i-servei-rcs\/","title":{"rendered":"Programa de Recerca, Creaci\u00f3 i Servei (RCS)"},"content":{"rendered":"\n<p class=\"has-medium-font-size\">El Programa Recerca, Creaci\u00f3 i Servei fomenta els <strong>aprenentatges competencials<\/strong> a partir de reptes derivats de necessitats que plantegen <strong>entitats de l&#8217;entorn<\/strong> i que es concreten en l&#8217;elaboraci\u00f3 de productes i serveis culturals. Aplica a tot l\u2019alumnat de 3r o de 4t d&#8217;ESO en les hores de gesti\u00f3 aut\u00f2noma del curr\u00edculum.<\/p>\n\n\n\n<div class=\"wp-block-columns is-layout-flex wp-container-core-columns-is-layout-1 wp-block-columns-is-layout-flex\" style=\"padding-right:var(--wp--preset--spacing--70);padding-left:var(--wp--preset--spacing--70)\">\n<div class=\"wp-block-column is-layout-flow wp-block-column-is-layout-flow\">\n<h3 class=\"wp-block-heading has-text-align-center has-ast-global-color-0-color has-text-color has-link-color wp-elements-72ffafef82eb1017b350b4b11dd3b121\"><strong>RCS: Experi\u00e8ncies<\/strong><\/h3>\n\n\n\n<div class=\"video-responsive\"><iframe loading=\"lazy\" width=\"560\" height=\"315\" src=\"https:\/\/www.youtube.com\/embed\/zc-flJj9E30\" title=\"YouTube video player\" frameborder=\"0\" allow=\"accelerometer; autoplay; clipboard-write; encrypted-media; gyroscope; picture-in-picture; web-share\" allowfullscreen=\"\"><\/iframe><\/div>\n<\/div>\n\n\n\n<div class=\"wp-block-column is-layout-flow wp-block-column-is-layout-flow\" style=\"flex-basis:100px\"><\/div>\n\n\n\n<div class=\"wp-block-column is-layout-flow wp-block-column-is-layout-flow\">\n<h3 class=\"wp-block-heading has-text-align-center has-ast-global-color-0-color has-text-color has-link-color wp-elements-216b38275fe16e144e2794600c81d7ff\"><strong>Webinar Programa de Recerca, Creaci\u00f3 i Servei<\/strong><\/h3>\n\n\n\n<figure class=\"wp-block-image aligncenter size-full is-resized is-style-default\"><a href=\"https:\/\/www.youtube.com\/live\/Tkbok0guI-Q?si=Y3mu6CWe8m_ZsNVz\" target=\"_blank\" rel=\"noreferrer noopener\"><img loading=\"lazy\" decoding=\"async\" width=\"403\" height=\"220\" src=\"https:\/\/projectes.xtec.cat\/nou-curriculum\/wp-content\/uploads\/usu2072\/2024\/08\/webinar-RCS.jpg\" alt=\"\" class=\"wp-image-13833\" style=\"width:575px;height:auto\" srcset=\"https:\/\/projectes.xtec.cat\/nou-curriculum\/wp-content\/uploads\/usu2072\/2024\/08\/webinar-RCS.jpg 403w, https:\/\/projectes.xtec.cat\/nou-curriculum\/wp-content\/uploads\/usu2072\/2024\/08\/webinar-RCS-300x164.jpg 300w\" sizes=\"auto, (max-width: 403px) 100vw, 403px\" \/><\/a><\/figure>\n<\/div>\n<\/div>\n\n\n\n<div class=\"wp-block-columns is-layout-flex wp-container-core-columns-is-layout-2 wp-block-columns-is-layout-flex\">\n<div class=\"wp-block-column is-layout-flow wp-block-column-is-layout-flow\" style=\"padding-top:var(--wp--preset--spacing--70);padding-bottom:var(--wp--preset--spacing--70)\"><\/div>\n<\/div>\n\n\n\n<h3 class=\"wp-block-heading has-text-align-left has-ast-global-color-0-color has-text-color has-link-color wp-elements-b068fec3313abe0f09f7aec5d08d2b08\"><strong>Aprenentatges competencials a partir dels reptes de l&#8217;entorn<\/strong><\/h3>\n\n\n\n<p><strong>Programa Recerca, Creaci\u00f3 i Servei<\/strong><em> <\/em>facilita als centres que hi participen el disseny i desenvolupament de projectes globalitzadors a partir de problem\u00e0tiques de l\u2019entorn. Aquests projectes es desenvolupen en la fracci\u00f3 hor\u00e0ria de gesti\u00f3 aut\u00f2noma i s\u2019orienten a tot l&#8217;alumnat de 3r o 4t d&#8217;ESO.<\/p>\n\n\n\n<p>El programa es fonamenta en el plantejament de diferents tipus de <strong>reptes proposats a l&#8217;alumnat per entitats socials, culturals i altres, procedents de l&#8217;entorn<\/strong> dels centres educatius, com associacions de ve\u00efns i ve\u00efnes, museus, ONG i altres entitats.&nbsp;<\/p>\n\n\n\n<p>Es concreta en una proposta d\u2019un m\u00ednim de 3 projectes trimestrals amb orientaci\u00f3 diversa (comunicativa, social i servei a les persones, cient\u00edfico-tecnol\u00f2gica) que implica elecci\u00f3 per part de l\u2019alumnat per tal de construir una traject\u00f2ria personalitzada. Cada alumne participa en 3 projectes al llarg del curs.<\/p>\n\n\n\n<p>El programa proporciona acompanyament en forma d\u2019una persona assessora al centre i una altra coordinadora de cada projecte. Els projectes es desenvolupen en col\u00b7laboraci\u00f3 amb l&#8217;entitat externa i l&#8217;acompanyament d&#8217;un professor o una professora del centre. Les entitats amb qu\u00e8 actualment col\u00b7labora el Departament d&#8217;Educaci\u00f3 per introduir als centres educatius en l&#8217;aplicaci\u00f3 de projectes globalitzadors i contextualitzats s\u00f3n les seg\u00fcents:<\/p>\n\n\n\n<figure class=\"wp-block-image aligncenter size-large is-resized is-style-default\"><a href=\"https:\/\/projectes.xtec.cat\/nou-curriculum\/wp-content\/uploads\/usu2072\/2024\/08\/Entitats-RCS-scaled.jpg\"><img loading=\"lazy\" decoding=\"async\" width=\"1024\" height=\"122\" src=\"https:\/\/projectes.xtec.cat\/nou-curriculum\/wp-content\/uploads\/usu2072\/2024\/08\/Entitats-RCS-1024x122.jpg\" alt=\"\" class=\"wp-image-13819\" style=\"width:1309px;height:auto\" srcset=\"https:\/\/projectes.xtec.cat\/nou-curriculum\/wp-content\/uploads\/usu2072\/2024\/08\/Entitats-RCS-1024x122.jpg 1024w, https:\/\/projectes.xtec.cat\/nou-curriculum\/wp-content\/uploads\/usu2072\/2024\/08\/Entitats-RCS-300x36.jpg 300w, https:\/\/projectes.xtec.cat\/nou-curriculum\/wp-content\/uploads\/usu2072\/2024\/08\/Entitats-RCS-768x92.jpg 768w, https:\/\/projectes.xtec.cat\/nou-curriculum\/wp-content\/uploads\/usu2072\/2024\/08\/Entitats-RCS-1536x183.jpg 1536w, https:\/\/projectes.xtec.cat\/nou-curriculum\/wp-content\/uploads\/usu2072\/2024\/08\/Entitats-RCS-2048x244.jpg 2048w\" sizes=\"auto, (max-width: 1024px) 100vw, 1024px\" \/><\/a><\/figure>\n\n\n\n<div class=\"wp-block-columns is-layout-flex wp-container-core-columns-is-layout-3 wp-block-columns-is-layout-flex\">\n<div class=\"wp-block-column is-layout-flow wp-block-column-is-layout-flow\">\n<p><\/p>\n<\/div>\n<\/div>\n\n\n\n<h3 class=\"wp-block-heading has-ast-global-color-0-color has-text-color has-link-color wp-elements-68cd3721f9a196e783b6bf0af9e02acf\"><strong>Tipus de projectes<\/strong><\/h3>\n\n\n\n<div class=\"wp-block-getwid-section alignfull alignfull\"><div class=\"wp-block-getwid-section__wrapper\"><div class=\"wp-block-getwid-section__inner-wrapper\"><div class=\"wp-block-getwid-section__background-holder\"><div class=\"wp-block-getwid-section__background\"><\/div><div class=\"wp-block-getwid-section__foreground\"><\/div><\/div><div class=\"wp-block-getwid-section__content\"><div class=\"wp-block-getwid-section__inner-content\">\n<div class=\"wp-block-columns alignwide is-layout-flex wp-container-core-columns-is-layout-4 wp-block-columns-is-layout-flex\">\n<div class=\"wp-block-column caixa-link educacio-basica is-layout-flow wp-block-column-is-layout-flow\" id=\"https:\/\/projectes.xtec.cat\/nou-curriculum\/educacio-basica\/programa-de-recerca-creacio-i-servei-rcs\/projectes-amb-acompanyament\/\">\n<h2 class=\"wp-block-heading\" style=\"font-size:27px\">Projectes amb acompanyament<\/h2>\n\n\n\n<figure class=\"wp-block-image alignright size-large is-resized\"><img loading=\"lazy\" decoding=\"async\" width=\"300\" height=\"300\" src=\"https:\/\/projectes.xtec.cat\/nou-curriculum\/wp-content\/uploads\/usu2072\/2023\/03\/services.png\" alt=\"dos rodes acomplades\" class=\"wp-image-11481\" style=\"width:98px;height:98px\" srcset=\"https:\/\/projectes.xtec.cat\/nou-curriculum\/wp-content\/uploads\/usu2072\/2023\/03\/services.png 300w, https:\/\/projectes.xtec.cat\/nou-curriculum\/wp-content\/uploads\/usu2072\/2023\/03\/services-150x150.png 150w\" sizes=\"auto, (max-width: 300px) 100vw, 300px\" \/><\/figure>\n\n\n\n<p>Projectes que plantegen les entitats socials, culturals, centres de recerca, ONGs o altres associacions proposades pel Departament d\u2019Educaci\u00f3. Durant la seva realitzaci\u00f3, els centres tenen el suport i seguiment dels assessors de centre i dels coordinadors de les entitats.<\/p>\n<\/div>\n\n\n\n<div class=\"wp-block-column caixa-link educacio-basica is-layout-flow wp-block-column-is-layout-flow\" id=\"https:\/\/projectes.xtec.cat\/nou-curriculum\/educacio-basica\/programa-de-recerca-creacio-i-servei-rcs\/projectes-autonoms\/\">\n<h2 class=\"wp-block-heading\" style=\"font-size:28px\">Projectes aut\u00f2noms<\/h2>\n\n\n\n<figure class=\"wp-block-image alignright size-large is-resized\"><img loading=\"lazy\" decoding=\"async\" width=\"400\" height=\"400\" src=\"https:\/\/projectes.xtec.cat\/nou-curriculum\/wp-content\/uploads\/usu2072\/2023\/03\/settings.png\" alt=\"una roda dentada\" class=\"wp-image-11482\" style=\"width:86px;height:86px\" srcset=\"https:\/\/projectes.xtec.cat\/nou-curriculum\/wp-content\/uploads\/usu2072\/2023\/03\/settings.png 400w, https:\/\/projectes.xtec.cat\/nou-curriculum\/wp-content\/uploads\/usu2072\/2023\/03\/settings-300x300.png 300w, https:\/\/projectes.xtec.cat\/nou-curriculum\/wp-content\/uploads\/usu2072\/2023\/03\/settings-150x150.png 150w\" sizes=\"auto, (max-width: 400px) 100vw, 400px\" \/><\/figure>\n\n\n\n<p>Projectes que els centres treballen, de forma aut\u00f2noma, per resoldre reptes plantejats per entitats socials, culturals i altres, procedents de l&#8217;entorn dels centres educatius, com associacions de ve\u00efns i ve\u00efnes, museus, ONG&#8230;<\/p>\n<\/div>\n<\/div>\n<\/div><\/div><\/div><\/div><\/div>\n\n\n\n<h3 class=\"wp-block-heading has-ast-global-color-0-color has-text-color has-link-color wp-elements-b3084f233fe5d00e0935b41ac88c1d7f\"><strong>Publicacions vinculades al programa<\/strong><\/h3>\n\n\n\n<div class=\"wp-block-columns is-layout-flex wp-container-core-columns-is-layout-5 wp-block-columns-is-layout-flex\">\n<div class=\"wp-block-column has-ast-global-color-4-background-color has-background is-layout-flow wp-block-column-is-layout-flow\">\n<h5 class=\"wp-block-heading has-ast-global-color-3-color has-text-color has-link-color wp-elements-7f9d4acda23fff733e013ff8c7380eac\"><strong>Publicaci\u00f3 producte de la col\u00b7laboraci\u00f3 entre l\u2019IBEC (Institute for Bioengineering of Catalonia) i els centres participants en el programa d\u2019innovaci\u00f3 Recerca, Creaci\u00f3 i Servei del Departament d\u2019Educaci\u00f3.<\/strong><\/h5>\n\n\n\n<figure class=\"wp-block-image aligncenter size-full is-resized is-style-default\"><a href=\"https:\/\/projectes.xtec.cat\/nou-curriculum\/general\/publicacio-producte-de-la-collaboracio-entre-libec-institute-for-bioengineering-of-catalonia-i-els-centres-participants-en-el-programa-dinnovacio-recerca-creacio-i-servei-del-departament-dedu\/\" target=\"_blank\" rel=\"noreferrer noopener\"><img loading=\"lazy\" decoding=\"async\" width=\"304\" height=\"377\" src=\"https:\/\/projectes.xtec.cat\/nou-curriculum\/wp-content\/uploads\/usu2072\/2024\/08\/IBEC-RCS_1.jpg\" alt=\"\" class=\"wp-image-13809\" style=\"width:264px;height:auto\" srcset=\"https:\/\/projectes.xtec.cat\/nou-curriculum\/wp-content\/uploads\/usu2072\/2024\/08\/IBEC-RCS_1.jpg 304w, https:\/\/projectes.xtec.cat\/nou-curriculum\/wp-content\/uploads\/usu2072\/2024\/08\/IBEC-RCS_1-242x300.jpg 242w\" sizes=\"auto, (max-width: 304px) 100vw, 304px\" \/><\/a><\/figure>\n<\/div>\n\n\n\n<div class=\"wp-block-column has-ast-global-color-4-background-color has-background is-layout-flow wp-block-column-is-layout-flow\">\n<h5 class=\"wp-block-heading\"><strong>Publicaci\u00f3 de la not\u00edcia sobre la producci\u00f3 d&#8217;art ef\u00edmer dels alumnes de l&#8217;institut escola Xandri sobre la sequera<\/strong><\/h5>\n\n\n\n<figure class=\"wp-block-image aligncenter size-full is-resized is-style-default\"><a href=\"https:\/\/projectes.xtec.cat\/nou-curriculum\/wp-content\/uploads\/usu2072\/2024\/08\/Xandri-RCS.jpg\"><img loading=\"lazy\" decoding=\"async\" width=\"655\" height=\"817\" src=\"https:\/\/projectes.xtec.cat\/nou-curriculum\/wp-content\/uploads\/usu2072\/2024\/08\/Xandri-RCS.jpg\" alt=\"\" class=\"wp-image-13812\" style=\"width:302px;height:auto\" srcset=\"https:\/\/projectes.xtec.cat\/nou-curriculum\/wp-content\/uploads\/usu2072\/2024\/08\/Xandri-RCS.jpg 655w, https:\/\/projectes.xtec.cat\/nou-curriculum\/wp-content\/uploads\/usu2072\/2024\/08\/Xandri-RCS-241x300.jpg 241w\" sizes=\"auto, (max-width: 655px) 100vw, 655px\" \/><\/a><\/figure>\n<\/div>\n<\/div>\n\n\n\n<div class=\"wp-block-getwid-section alignfull alignfull\"><div class=\"wp-block-getwid-section__wrapper\"><div class=\"wp-block-getwid-section__inner-wrapper\"><div class=\"wp-block-getwid-section__background-holder\"><div class=\"wp-block-getwid-section__background has-background has-ast-global-color-4-background-color\"><\/div><div class=\"wp-block-getwid-section__foreground\"><\/div><\/div><div class=\"wp-block-getwid-section__content\"><div class=\"wp-block-getwid-section__inner-content\"><\/div><\/div><\/div><\/div><\/div>\n\n\n\n<p><\/p>\n\n\n\n<div class=\"wp-block-columns is-layout-flex wp-container-core-columns-is-layout-6 wp-block-columns-is-layout-flex\">\n<div class=\"wp-block-column is-layout-flow wp-block-column-is-layout-flow\">\n<p class=\"has-medium-font-size\"><strong>Una investigaci\u00f3 sobre l&#8217;impacte del pl\u00e0stic mar\u00ed en la tortuga bova \u00e9s la guanyadora del Stockholm Junior Water Prize Spain 2024. El treball de Marina Navarro, alumna de 2n de Batxillerat en l&#8217;Institut Carles Vallbona de Granollers, \u00e9s seleccionat per representar a Espanya en la final internacional del \u2018Nobel j\u00fanior de l&#8217;aigua\u2019<\/strong>.<\/p>\n\n\n\n<figure class=\"wp-block-image size-large is-style-default\"><a href=\"https:\/\/projectes.xtec.cat\/nou-curriculum\/wp-content\/uploads\/usu2072\/2024\/11\/RCS-Nobel-aigua.jpg\"><img loading=\"lazy\" decoding=\"async\" width=\"1024\" height=\"767\" src=\"https:\/\/projectes.xtec.cat\/nou-curriculum\/wp-content\/uploads\/usu2072\/2024\/11\/RCS-Nobel-aigua-1024x767.jpg\" alt=\"\" class=\"wp-image-14364\" srcset=\"https:\/\/projectes.xtec.cat\/nou-curriculum\/wp-content\/uploads\/usu2072\/2024\/11\/RCS-Nobel-aigua-1024x767.jpg 1024w, https:\/\/projectes.xtec.cat\/nou-curriculum\/wp-content\/uploads\/usu2072\/2024\/11\/RCS-Nobel-aigua-300x225.jpg 300w, https:\/\/projectes.xtec.cat\/nou-curriculum\/wp-content\/uploads\/usu2072\/2024\/11\/RCS-Nobel-aigua-768x576.jpg 768w, https:\/\/projectes.xtec.cat\/nou-curriculum\/wp-content\/uploads\/usu2072\/2024\/11\/RCS-Nobel-aigua-1536x1151.jpg 1536w, https:\/\/projectes.xtec.cat\/nou-curriculum\/wp-content\/uploads\/usu2072\/2024\/11\/RCS-Nobel-aigua.jpg 1600w\" sizes=\"auto, (max-width: 1024px) 100vw, 1024px\" \/><\/a><\/figure>\n<\/div>\n\n\n\n<div class=\"wp-block-column is-layout-flow wp-block-column-is-layout-flow\"><\/div>\n<\/div>\n","protected":false},"excerpt":{"rendered":"<p>El Programa Recerca, Creaci\u00f3 i Servei fomenta els aprenentatges competencials a partir de reptes derivats de necessitats que plantegen entitats de l&#8217;entorn i que es concreten en l&#8217;elaboraci\u00f3 de productes i serveis culturals. Aplica a tot l\u2019alumnat de 3r o de 4t d&#8217;ESO en les hores de gesti\u00f3 aut\u00f2noma del curr\u00edculum. RCS: Experi\u00e8ncies Webinar Programa [&hellip;]<\/p>\n","protected":false},"author":2,"featured_media":0,"parent":11617,"menu_order":0,"comment_status":"closed","ping_status":"close","template":"","meta":{"_acf_changed":false,"site-sidebar-layout":"default","site-content-layout":"","ast-site-content-layout":"default","site-content-style":"default","site-sidebar-style":"default","ast-global-header-display":"","ast-banner-title-visibility":"","ast-main-header-display":"","ast-hfb-above-header-display":"","ast-hfb-below-header-display":"","ast-hfb-mobile-header-display":"","site-post-title":"","ast-breadcrumbs-content":"","ast-featured-img":"","footer-sml-layout":"","theme-transparent-header-meta":"","adv-header-id-meta":"","stick-header-meta":"","header-above-stick-meta":"","header-main-stick-meta":"","header-below-stick-meta":"","astra-migrate-meta-layouts":"set","ast-page-background-enabled":"default","ast-page-background-meta":{"desktop":{"background-color":"","background-image":"","background-repeat":"repeat","background-position":"center center","background-size":"auto","background-attachment":"scroll","background-type":"","background-media":"","overlay-type":"","overlay-color":"","overlay-opacity":"","overlay-gradient":""},"tablet":{"background-color":"","background-image":"","background-repeat":"repeat","background-position":"center center","background-size":"auto","background-attachment":"scroll","background-type":"","background-media":"","overlay-type":"","overlay-color":"","overlay-opacity":"","overlay-gradient":""},"mobile":{"background-color":"","background-image":"","background-repeat":"repeat","background-position":"center center","background-size":"auto","background-attachment":"scroll","background-type":"","background-media":"","overlay-type":"","overlay-color":"","overlay-opacity":"","overlay-gradient":""}},"ast-content-background-meta":{"desktop":{"background-color":"var(--ast-global-color-5)","background-image":"","background-repeat":"repeat","background-position":"center center","background-size":"auto","background-attachment":"scroll","background-type":"","background-media":"","overlay-type":"","overlay-color":"","overlay-opacity":"","overlay-gradient":""},"tablet":{"background-color":"var(--ast-global-color-5)","background-image":"","background-repeat":"repeat","background-position":"center center","background-size":"auto","background-attachment":"scroll","background-type":"","background-media":"","overlay-type":"","overlay-color":"","overlay-opacity":"","overlay-gradient":""},"mobile":{"background-color":"var(--ast-global-color-5)","background-image":"","background-repeat":"repeat","background-position":"center center","background-size":"auto","background-attachment":"scroll","background-type":"","background-media":"","overlay-type":"","overlay-color":"","overlay-opacity":"","overlay-gradient":""}},"footnotes":""},"class_list":["post-11432","page","type-page","status-publish","hentry"],"acf":[],"post_mailing_queue_ids":[],"_links":{"self":[{"href":"https:\/\/projectes.xtec.cat\/nou-curriculum\/wp-json\/wp\/v2\/pages\/11432","targetHints":{"allow":["GET"]}}],"collection":[{"href":"https:\/\/projectes.xtec.cat\/nou-curriculum\/wp-json\/wp\/v2\/pages"}],"about":[{"href":"https:\/\/projectes.xtec.cat\/nou-curriculum\/wp-json\/wp\/v2\/types\/page"}],"author":[{"embeddable":true,"href":"https:\/\/projectes.xtec.cat\/nou-curriculum\/wp-json\/wp\/v2\/users\/2"}],"replies":[{"embeddable":true,"href":"https:\/\/projectes.xtec.cat\/nou-curriculum\/wp-json\/wp\/v2\/comments?post=11432"}],"version-history":[{"count":5,"href":"https:\/\/projectes.xtec.cat\/nou-curriculum\/wp-json\/wp\/v2\/pages\/11432\/revisions"}],"predecessor-version":[{"id":14367,"href":"https:\/\/projectes.xtec.cat\/nou-curriculum\/wp-json\/wp\/v2\/pages\/11432\/revisions\/14367"}],"up":[{"embeddable":true,"href":"https:\/\/projectes.xtec.cat\/nou-curriculum\/wp-json\/wp\/v2\/pages\/11617"}],"wp:attachment":[{"href":"https:\/\/projectes.xtec.cat\/nou-curriculum\/wp-json\/wp\/v2\/media?parent=11432"}],"curies":[{"name":"wp","href":"https:\/\/api.w.org\/{rel}","templated":true}]}}