{"id":11485,"date":"2023-03-13T20:41:19","date_gmt":"2023-03-13T19:41:19","guid":{"rendered":"https:\/\/projectes.xtec.cat\/nou-curriculum\/?page_id=11485"},"modified":"2023-03-13T21:16:13","modified_gmt":"2023-03-13T20:16:13","slug":"projectes-amb-acompanyament","status":"publish","type":"page","link":"https:\/\/projectes.xtec.cat\/nou-curriculum\/educacio-basica\/programes-innovacio\/programa-de-recerca-creacio-i-servei-rcs\/projectes-amb-acompanyament\/","title":{"rendered":"Projectes amb acompanyament"},"content":{"rendered":"\n<div class=\"wp-block-getwid-section alignfull alignfull\"><div class=\"wp-block-getwid-section__wrapper\"><div class=\"wp-block-getwid-section__inner-wrapper\"><div class=\"wp-block-getwid-section__background-holder\"><div class=\"wp-block-getwid-section__background\"><\/div><div class=\"wp-block-getwid-section__foreground\"><\/div><\/div><div class=\"wp-block-getwid-section__content\"><div class=\"wp-block-getwid-section__inner-content\">\n<div class=\"wp-block-columns alignwide is-layout-flex wp-container-core-columns-is-layout-1 wp-block-columns-is-layout-flex\">\n<div class=\"wp-block-column is-layout-flow wp-block-column-is-layout-flow\">\n<p style=\"font-size:18px\">\u00c9s el que proposa una entitat proporcionada pel Departament d&#8217;Educaci\u00f3&nbsp; i que compta amb el suport d\u2019assessors i coordinadors tamb\u00e9 del Departament d&#8217;Educaci\u00f3.&nbsp;&nbsp;<\/p>\n\n\n\n<div class=\"wp-block-image\"><figure class=\"alignright size-large is-resized\"><img loading=\"lazy\" decoding=\"async\" src=\"https:\/\/projectes.xtec.cat\/nou-curriculum\/wp-content\/uploads\/usu2072\/2023\/03\/services.png\" alt=\"dos rodes acomplades\" class=\"wp-image-11481\" width=\"132\" height=\"132\" srcset=\"https:\/\/projectes.xtec.cat\/nou-curriculum\/wp-content\/uploads\/usu2072\/2023\/03\/services.png 300w, https:\/\/projectes.xtec.cat\/nou-curriculum\/wp-content\/uploads\/usu2072\/2023\/03\/services-150x150.png 150w\" sizes=\"auto, (max-width: 132px) 100vw, 132px\" \/><\/figure><\/div>\n\n\n\n<p style=\"font-size:18px\">Els projectes amb acompanyament tenen el suport dels assessors de centre i dels coordinadors de les entitats. Aquest suport es materialitza amb reunions peri\u00f2diques de seguiment i amb els recursos necessaris per poder seguir els projectes.<\/p>\n\n\n\n<p style=\"font-size:18px\">Els assessors donen suport a cada centre educatiu per seguir els reptes de les tres entitats amb les que col\u00b7labora cada trimestre. Aix\u00ed, es reuneixen amb tot els professorat del centre implicat en el programa per seguir el desenvolupament dels tres projectes i resoldre els problemes o dubtes que puguin sorgir.<\/p>\n\n\n\n<p style=\"font-size:18px\">Els coordinadors enllacen l\u2019entitat que presenta el repte i els centres educatius. Es reuneixen peri\u00f2dicament amb el professorat de tots els centres que fan el mateix repte per seguir les propostes que plantegen, facilitar la col\u00b7laboraci\u00f3 entre ells i resoldre els dubtes que puguin haver.<\/p>\n<\/div>\n\n\n\n<div class=\"wp-block-column is-layout-flow wp-block-column-is-layout-flow\">\n<h2 class=\"wp-block-heading\">Exemples<\/h2>\n\n\n\n<h3 class=\"wp-block-heading\">\u00c0mbit cient\u00edfic i tecnol\u00f2gic<\/h3>\n\n\n\n<ul class=\"wp-block-list\" style=\"font-size:18px\"><li><a href=\"https:\/\/docs.google.com\/presentation\/d\/1MThpDSZ2t96201bIStJaRWQKpBhTFHGCTtaw1lbgK08\/edit?usp=sharing\" target=\"_blank\" rel=\"noreferrer noopener\">Computer vision center (CVC)<\/a>: Reciclatge intel\u00b7ligent<\/li><li><a href=\"https:\/\/docs.google.com\/presentation\/d\/1DGUOQ_VGk7_uCKC-qkY3Xaqd9nbT3Gdbgxf9fKNPWwo\/edit?usp=share_link\" target=\"_blank\" rel=\"noreferrer noopener\">Museu de les Matem\u00e0tiques de Catalunya (MMACA)<\/a>: Prohibit no tocar<\/li><li><a href=\"https:\/\/docs.google.com\/presentation\/d\/1ORsA4jyH8civ4jfpFkrVY6ferCs6hXu1lfGU-eZlPko\/edit?usp=share_link\" target=\"_blank\" rel=\"noreferrer noopener\">Institut de Bioenginyeria de Catalunya (IBEC)<\/a>: Qualitat del son<\/li><li><a href=\"https:\/\/docs.google.com\/presentation\/d\/13X1JWCZR6Th2fLXRgCIQR5vp-4hbvdDH0Uv07bKI3Q8\/edit?usp=share_link\" target=\"_blank\" rel=\"noreferrer noopener\">Institut de Bioenginyeria de Catalunya (IBEC)<\/a>: Qualitat de l\u2019aire<\/li><\/ul>\n\n\n\n<h3 class=\"wp-block-heading\">\u00c0mbit de la comunicaci\u00f3<\/h3>\n\n\n\n<ul class=\"wp-block-list\" style=\"font-size:18px\"><li><a href=\"https:\/\/docs.google.com\/presentation\/d\/13X1JWCZR6Th2fLXRgCIQR5vp-4hbvdDH0Uv07bKI3Q8\/edit?usp=share_link\" target=\"_blank\" rel=\"noreferrer noopener\">Sala Beckett<\/a>: Obres de teatre dirigides a un p\u00fablic adolescent<\/li><li><a href=\"https:\/\/docs.google.com\/presentation\/d\/1AgfasRZZTFYXZRm0k1NH8JmoynGxmT7QpnZox5Yx1vg\/edit?usp=share_link\" target=\"_blank\" rel=\"noreferrer noopener\">Catalunya R\u00e0dio<\/a>: Fem el nostre programa de r\u00e0dio<\/li><li><a href=\"https:\/\/docs.google.com\/presentation\/d\/1CL7IRPL7B0w9Ph9f5pwIXvKlB__4I5e6EZPeFXdb7vw\/edit?usp=share_link\" target=\"_blank\" rel=\"noreferrer noopener\">Laboratori de les lletres<\/a>: Escriure, autopublicar i sortir als mitjans<\/li><li><a href=\"https:\/\/docs.google.com\/presentation\/d\/1aSu1wAaTDZUV1ZK8WFI87_YYyCxUifd2vpOxwfk-j_E\/edit?usp=share_link\" target=\"_blank\" rel=\"noreferrer noopener\">BTV<\/a>: Elaboraci\u00f3 d\u2019un podcast<\/li><\/ul>\n\n\n\n<h3 class=\"wp-block-heading\">\u00c0mbit social i art\u00edstic<\/h3>\n\n\n\n<ul class=\"wp-block-list\" style=\"font-size:18px\"><li><a href=\"https:\/\/docs.google.com\/presentation\/d\/1wPyA_jVQ08_qLRJDhMJIQOZTCgc7iKgNYPCasEKkT5M\/edit?usp=share_link\" target=\"_blank\" rel=\"noreferrer noopener\">TV3<\/a>: Una m\u00e0 de contes<\/li><li><a href=\"https:\/\/docs.google.com\/presentation\/d\/1lp2Ic8Kbm9YhEXFxa0ZW7XoSZnQeOpC9lBojkeralaY\/edit?usp=share_link\" target=\"_blank\" rel=\"noreferrer noopener\">Museu d\u2019hist\u00f2ria de la immigraci\u00f3 de Catalunya<\/a>: Com veieu el m\u00f3n?<\/li><li><a href=\"https:\/\/docs.google.com\/presentation\/d\/1jwSSiew2muZKsygvtlKddBpRQmKlvrm11zY9ClVfPzo\/edit?usp=share_link\" target=\"_blank\" rel=\"noreferrer noopener\">Xarxa de Drets dels infants<\/a>: Campanya de sensibilitzaci\u00f3 de la soledat<\/li><li><a href=\"https:\/\/docs.google.com\/presentation\/d\/1zLCgk4VpdDI1tte2EKyOTLD2iDKPKgVuuQrNzA_seCA\/edit?usp=share_link\" target=\"_blank\" rel=\"noreferrer noopener\">Edualter<\/a>: Campanya de sensibilitzaci\u00f3 de viol\u00e8ncies masclistes<\/li><\/ul>\n<\/div>\n<\/div>\n<\/div><\/div><\/div><\/div><\/div>\n","protected":false},"excerpt":{"rendered":"","protected":false},"author":2,"featured_media":0,"parent":11432,"menu_order":0,"comment_status":"closed","ping_status":"close","template":"","meta":{"_acf_changed":false,"site-sidebar-layout":"default","site-content-layout":"","ast-site-content-layout":"","site-content-style":"default","site-sidebar-style":"default","ast-global-header-display":"","ast-banner-title-visibility":"","ast-main-header-display":"","ast-hfb-above-header-display":"","ast-hfb-below-header-display":"","ast-hfb-mobile-header-display":"","site-post-title":"","ast-breadcrumbs-content":"","ast-featured-img":"","footer-sml-layout":"","theme-transparent-header-meta":"","adv-header-id-meta":"","stick-header-meta":"","header-above-stick-meta":"","header-main-stick-meta":"","header-below-stick-meta":"","astra-migrate-meta-layouts":"default","ast-page-background-enabled":"default","ast-page-background-meta":{"desktop":{"background-color":"","background-image":"","background-repeat":"repeat","background-position":"center center","background-size":"auto","background-attachment":"scroll","background-type":"","background-media":"","overlay-type":"","overlay-color":"","overlay-opacity":"","overlay-gradient":""},"tablet":{"background-color":"","background-image":"","background-repeat":"repeat","background-position":"center center","background-size":"auto","background-attachment":"scroll","background-type":"","background-media":"","overlay-type":"","overlay-color":"","overlay-opacity":"","overlay-gradient":""},"mobile":{"background-color":"","background-image":"","background-repeat":"repeat","background-position":"center center","background-size":"auto","background-attachment":"scroll","background-type":"","background-media":"","overlay-type":"","overlay-color":"","overlay-opacity":"","overlay-gradient":""}},"ast-content-background-meta":{"desktop":{"background-color":"var(--ast-global-color-5)","background-image":"","background-repeat":"repeat","background-position":"center center","background-size":"auto","background-attachment":"scroll","background-type":"","background-media":"","overlay-type":"","overlay-color":"","overlay-opacity":"","overlay-gradient":""},"tablet":{"background-color":"var(--ast-global-color-5)","background-image":"","background-repeat":"repeat","background-position":"center center","background-size":"auto","background-attachment":"scroll","background-type":"","background-media":"","overlay-type":"","overlay-color":"","overlay-opacity":"","overlay-gradient":""},"mobile":{"background-color":"var(--ast-global-color-5)","background-image":"","background-repeat":"repeat","background-position":"center center","background-size":"auto","background-attachment":"scroll","background-type":"","background-media":"","overlay-type":"","overlay-color":"","overlay-opacity":"","overlay-gradient":""}},"footnotes":""},"class_list":["post-11485","page","type-page","status-publish","hentry"],"acf":[],"post_mailing_queue_ids":[],"_links":{"self":[{"href":"https:\/\/projectes.xtec.cat\/nou-curriculum\/wp-json\/wp\/v2\/pages\/11485","targetHints":{"allow":["GET"]}}],"collection":[{"href":"https:\/\/projectes.xtec.cat\/nou-curriculum\/wp-json\/wp\/v2\/pages"}],"about":[{"href":"https:\/\/projectes.xtec.cat\/nou-curriculum\/wp-json\/wp\/v2\/types\/page"}],"author":[{"embeddable":true,"href":"https:\/\/projectes.xtec.cat\/nou-curriculum\/wp-json\/wp\/v2\/users\/2"}],"replies":[{"embeddable":true,"href":"https:\/\/projectes.xtec.cat\/nou-curriculum\/wp-json\/wp\/v2\/comments?post=11485"}],"version-history":[{"count":3,"href":"https:\/\/projectes.xtec.cat\/nou-curriculum\/wp-json\/wp\/v2\/pages\/11485\/revisions"}],"predecessor-version":[{"id":11534,"href":"https:\/\/projectes.xtec.cat\/nou-curriculum\/wp-json\/wp\/v2\/pages\/11485\/revisions\/11534"}],"up":[{"embeddable":true,"href":"https:\/\/projectes.xtec.cat\/nou-curriculum\/wp-json\/wp\/v2\/pages\/11432"}],"wp:attachment":[{"href":"https:\/\/projectes.xtec.cat\/nou-curriculum\/wp-json\/wp\/v2\/media?parent=11485"}],"curies":[{"name":"wp","href":"https:\/\/api.w.org\/{rel}","templated":true}]}}