{"id":11617,"date":"2023-03-22T13:21:54","date_gmt":"2023-03-22T12:21:54","guid":{"rendered":"https:\/\/projectes.xtec.cat\/nou-curriculum\/?page_id=11617"},"modified":"2024-06-13T09:14:10","modified_gmt":"2024-06-13T07:14:10","slug":"programes-innovacio","status":"publish","type":"page","link":"https:\/\/projectes.xtec.cat\/nou-curriculum\/educacio-basica\/programes-innovacio\/","title":{"rendered":"Programes d&#8217;innovaci\u00f3"},"content":{"rendered":"\n<div class=\"wp-block-columns is-layout-flex wp-container-core-columns-is-layout-1 wp-block-columns-is-layout-flex\">\n<div class=\"wp-block-column caixa-link educacio-basica is-layout-flow wp-block-column-is-layout-flow\" id=\"https:\/\/projectes.xtec.cat\/nou-curriculum\/educacio-basica\/programa-de-recerca-creacio-i-servei-rcs\/\">\n<h2 class=\"wp-block-heading has-text-align-center\">Programa de Recerca, Creaci\u00f3 i Servei (RCS)<\/h2>\n\n\n\n<figure class=\"wp-block-image aligncenter size-large is-resized\"><img loading=\"lazy\" decoding=\"async\" width=\"1018\" height=\"514\" src=\"https:\/\/projectes.xtec.cat\/nou-curriculum\/wp-content\/uploads\/usu2072\/2023\/03\/rcs.png\" alt=\"logo rcs\" class=\"wp-image-11523\" style=\"width:245px;height:123px\" srcset=\"https:\/\/projectes.xtec.cat\/nou-curriculum\/wp-content\/uploads\/usu2072\/2023\/03\/rcs.png 1018w, https:\/\/projectes.xtec.cat\/nou-curriculum\/wp-content\/uploads\/usu2072\/2023\/03\/rcs-300x151.png 300w, https:\/\/projectes.xtec.cat\/nou-curriculum\/wp-content\/uploads\/usu2072\/2023\/03\/rcs-768x388.png 768w\" sizes=\"auto, (max-width: 1018px) 100vw, 1018px\" \/><\/figure>\n\n\n\n<div style=\"height:32px\" aria-hidden=\"true\" class=\"wp-block-spacer\"><\/div>\n\n\n\n<p>El Programa Recerca, Creaci\u00f3 i Servei fomenta els\u00a0<strong>aprenentatges competencials<\/strong>\u00a0a partir de reptes derivats de necessitats que plantegen\u00a0<strong>entitats de l\u2019entorn<\/strong>\u00a0i que es concreten en l\u2019elaboraci\u00f3 de productes i serveis culturals. Aplica a tot l\u2019alumnat de 3r o de 4t d\u2019ESO en les hores de gesti\u00f3 aut\u00f2noma del curr\u00edculum.<\/p>\n<\/div>\n\n\n\n<div class=\"wp-block-column caixa-link educacio-basica is-layout-flow wp-block-column-is-layout-flow\" id=\"https:\/\/projectes.xtec.cat\/nou-curriculum\/educacio-basica\/programes-innovacio\/xarxa-de-competencies\/\">\n<h2 class=\"wp-block-heading has-text-align-center\" style=\"font-size:29px\">Xarxa de Compet\u00e8ncies<\/h2>\n\n\n\n<figure class=\"wp-block-image aligncenter size-large\"><img loading=\"lazy\" decoding=\"async\" width=\"378\" height=\"133\" src=\"https:\/\/projectes.xtec.cat\/nou-curriculum\/wp-content\/uploads\/usu2072\/2023\/03\/baixa.png\" alt=\"\" class=\"wp-image-11633\" srcset=\"https:\/\/projectes.xtec.cat\/nou-curriculum\/wp-content\/uploads\/usu2072\/2023\/03\/baixa.png 378w, https:\/\/projectes.xtec.cat\/nou-curriculum\/wp-content\/uploads\/usu2072\/2023\/03\/baixa-300x106.png 300w\" sizes=\"auto, (max-width: 378px) 100vw, 378px\" \/><\/figure>\n\n\n\n<div style=\"height:75px\" aria-hidden=\"true\" class=\"wp-block-spacer\"><\/div>\n\n\n\n<p>El\u00a0<a rel=\"noreferrer noopener\" href=\"https:\/\/xtec.gencat.cat\/ca\/curriculum\/xarxa-de-competencies\/\" target=\"_blank\">programa Xarxa de compet\u00e8ncies<\/a> \u00e9s un\u00a0model de formaci\u00f3 permanent docent entre iguals i en xarxa que agrupa diverses xarxes territorials i que promou el desenvolupament docent i la transformaci\u00f3 dels centres\u00a0per a la millora dels aprenentatges de tots els alumnes.<\/p>\n<\/div>\n\n\n\n<div class=\"wp-block-column caixa-link educacio-basica is-layout-flow wp-block-column-is-layout-flow\" id=\"https:\/\/projectes.xtec.cat\/nou-curriculum\/educacio-basica\/programes-innovacio\/programa-araart\/\">\n<h2 class=\"wp-block-heading has-text-align-center\">araArt<\/h2>\n\n\n\n<figure class=\"wp-block-image aligncenter size-large is-resized\"><img loading=\"lazy\" decoding=\"async\" width=\"225\" height=\"225\" src=\"https:\/\/projectes.xtec.cat\/nou-curriculum\/wp-content\/uploads\/usu2072\/2023\/03\/baixa-1.jpeg\" alt=\"\" class=\"wp-image-11634\" style=\"width:163px;height:163px\" srcset=\"https:\/\/projectes.xtec.cat\/nou-curriculum\/wp-content\/uploads\/usu2072\/2023\/03\/baixa-1.jpeg 225w, https:\/\/projectes.xtec.cat\/nou-curriculum\/wp-content\/uploads\/usu2072\/2023\/03\/baixa-1-150x150.jpeg 150w\" sizes=\"auto, (max-width: 225px) 100vw, 225px\" \/><\/figure>\n\n\n\n<div style=\"height:32px\" aria-hidden=\"true\" class=\"wp-block-spacer\"><\/div>\n\n\n\n<p>El programa araArt promou la transformaci\u00f3 dels centres educatius a trav\u00e9s de les arts i amb la col\u00b7laboraci\u00f3 d\u2019un agent art\u00edstic extern. La  formaci\u00f3 consisteix a promoure un treball de reflexi\u00f3 en el claustre, amb l\u2019agent art\u00edstic extern, acompanyats per persones formadores. Aquesta formaci\u00f3 est\u00e0 adre\u00e7ada a centres d&#8217;educaci\u00f3 infantil i prim\u00e0ria i de secund\u00e0ria.<\/p>\n<\/div>\n<\/div>\n\n\n\n<div style=\"height:171px\" aria-hidden=\"true\" class=\"wp-block-spacer\"><\/div>\n","protected":false},"excerpt":{"rendered":"<p>Programa de Recerca, Creaci\u00f3 i Servei (RCS) El Programa Recerca, Creaci\u00f3 i Servei fomenta els\u00a0aprenentatges competencials\u00a0a partir de reptes derivats de necessitats que plantegen\u00a0entitats de l\u2019entorn\u00a0i que es concreten en l\u2019elaboraci\u00f3 de productes i serveis culturals. Aplica a tot l\u2019alumnat de 3r o de 4t d\u2019ESO en les hores de gesti\u00f3 aut\u00f2noma del curr\u00edculum. Xarxa [&hellip;]<\/p>\n","protected":false},"author":2,"featured_media":0,"parent":9770,"menu_order":0,"comment_status":"closed","ping_status":"close","template":"","meta":{"_acf_changed":false,"site-sidebar-layout":"default","site-content-layout":"","ast-site-content-layout":"default","site-content-style":"default","site-sidebar-style":"default","ast-global-header-display":"","ast-banner-title-visibility":"","ast-main-header-display":"","ast-hfb-above-header-display":"","ast-hfb-below-header-display":"","ast-hfb-mobile-header-display":"","site-post-title":"","ast-breadcrumbs-content":"","ast-featured-img":"","footer-sml-layout":"","theme-transparent-header-meta":"","adv-header-id-meta":"","stick-header-meta":"","header-above-stick-meta":"","header-main-stick-meta":"","header-below-stick-meta":"","astra-migrate-meta-layouts":"set","ast-page-background-enabled":"default","ast-page-background-meta":{"desktop":{"background-color":"","background-image":"","background-repeat":"repeat","background-position":"center center","background-size":"auto","background-attachment":"scroll","background-type":"","background-media":"","overlay-type":"","overlay-color":"","overlay-opacity":"","overlay-gradient":""},"tablet":{"background-color":"","background-image":"","background-repeat":"repeat","background-position":"center center","background-size":"auto","background-attachment":"scroll","background-type":"","background-media":"","overlay-type":"","overlay-color":"","overlay-opacity":"","overlay-gradient":""},"mobile":{"background-color":"","background-image":"","background-repeat":"repeat","background-position":"center center","background-size":"auto","background-attachment":"scroll","background-type":"","background-media":"","overlay-type":"","overlay-color":"","overlay-opacity":"","overlay-gradient":""}},"ast-content-background-meta":{"desktop":{"background-color":"var(--ast-global-color-5)","background-image":"","background-repeat":"repeat","background-position":"center center","background-size":"auto","background-attachment":"scroll","background-type":"","background-media":"","overlay-type":"","overlay-color":"","overlay-opacity":"","overlay-gradient":""},"tablet":{"background-color":"var(--ast-global-color-5)","background-image":"","background-repeat":"repeat","background-position":"center center","background-size":"auto","background-attachment":"scroll","background-type":"","background-media":"","overlay-type":"","overlay-color":"","overlay-opacity":"","overlay-gradient":""},"mobile":{"background-color":"var(--ast-global-color-5)","background-image":"","background-repeat":"repeat","background-position":"center center","background-size":"auto","background-attachment":"scroll","background-type":"","background-media":"","overlay-type":"","overlay-color":"","overlay-opacity":"","overlay-gradient":""}},"footnotes":""},"class_list":["post-11617","page","type-page","status-publish","hentry"],"acf":[],"post_mailing_queue_ids":[],"_links":{"self":[{"href":"https:\/\/projectes.xtec.cat\/nou-curriculum\/wp-json\/wp\/v2\/pages\/11617","targetHints":{"allow":["GET"]}}],"collection":[{"href":"https:\/\/projectes.xtec.cat\/nou-curriculum\/wp-json\/wp\/v2\/pages"}],"about":[{"href":"https:\/\/projectes.xtec.cat\/nou-curriculum\/wp-json\/wp\/v2\/types\/page"}],"author":[{"embeddable":true,"href":"https:\/\/projectes.xtec.cat\/nou-curriculum\/wp-json\/wp\/v2\/users\/2"}],"replies":[{"embeddable":true,"href":"https:\/\/projectes.xtec.cat\/nou-curriculum\/wp-json\/wp\/v2\/comments?post=11617"}],"version-history":[{"count":4,"href":"https:\/\/projectes.xtec.cat\/nou-curriculum\/wp-json\/wp\/v2\/pages\/11617\/revisions"}],"predecessor-version":[{"id":13405,"href":"https:\/\/projectes.xtec.cat\/nou-curriculum\/wp-json\/wp\/v2\/pages\/11617\/revisions\/13405"}],"up":[{"embeddable":true,"href":"https:\/\/projectes.xtec.cat\/nou-curriculum\/wp-json\/wp\/v2\/pages\/9770"}],"wp:attachment":[{"href":"https:\/\/projectes.xtec.cat\/nou-curriculum\/wp-json\/wp\/v2\/media?parent=11617"}],"curies":[{"name":"wp","href":"https:\/\/api.w.org\/{rel}","templated":true}]}}