{"id":11631,"date":"2023-03-22T14:04:19","date_gmt":"2023-03-22T13:04:19","guid":{"rendered":"https:\/\/projectes.xtec.cat\/nou-curriculum\/?page_id=11631"},"modified":"2024-06-13T09:42:27","modified_gmt":"2024-06-13T07:42:27","slug":"programa-araart","status":"publish","type":"page","link":"https:\/\/projectes.xtec.cat\/nou-curriculum\/educacio-basica\/programes-innovacio\/programa-araart\/","title":{"rendered":"Programa araArt"},"content":{"rendered":"\n<div class=\"wp-block-columns is-layout-flex wp-container-core-columns-is-layout-1 wp-block-columns-is-layout-flex\">\n<div class=\"wp-block-column caixa has-background is-layout-flow wp-block-column-is-layout-flow\" style=\"background-color:#bfbfbf\">\n<figure class=\"wp-block-image alignleft size-large is-resized\"><a href=\"https:\/\/projectes.xtec.cat\/nou-curriculum\/wp-content\/uploads\/usu2072\/2023\/03\/logo-petit-1.png\"><img loading=\"lazy\" decoding=\"async\" width=\"408\" height=\"143\" src=\"https:\/\/projectes.xtec.cat\/nou-curriculum\/wp-content\/uploads\/usu2072\/2023\/03\/logo-petit-1.png\" alt=\"\" class=\"wp-image-11640\" style=\"aspect-ratio:2.8531468531468533;width:291px;height:auto\" srcset=\"https:\/\/projectes.xtec.cat\/nou-curriculum\/wp-content\/uploads\/usu2072\/2023\/03\/logo-petit-1.png 408w, https:\/\/projectes.xtec.cat\/nou-curriculum\/wp-content\/uploads\/usu2072\/2023\/03\/logo-petit-1-300x105.png 300w\" sizes=\"auto, (max-width: 408px) 100vw, 408px\" \/><\/a><\/figure>\n\n\n\n<p>La finalitat del programa araArt \u00e9s fomentar i posar en valor projectes art\u00edstics que es portin a terme en el si d&#8217;un centre d&#8217;educaci\u00f3 infantil, prim\u00e0ria o secund\u00e0ria, en col\u00b7laboraci\u00f3 amb un agent art\u00edstic extern (escoles de m\u00fasica o dansa autoritzades pel Departament d&#8217;Educaci\u00f3, o els conservatoris i centres professionals de m\u00fasica i de dansa, o les escoles d&#8217;arts pl\u00e0stiques i disseny, un equipament cultural, o institucions, entitats i associacions art\u00edstiques), per promoure l&#8217;equitat i la qualitat del sistema educatiu reflectida en la millora de les capacitats i compet\u00e8ncies de l&#8217;alumnat participant.<br>Els destinataris del programa \u201caraArt\u201d s\u00f3n els centres educatius que imparteixen ensenyaments d&#8217;educaci\u00f3 infantil, prim\u00e0ria i secund\u00e0ria del Servei d&#8217;Educaci\u00f3 de Catalunya.<\/p>\n<\/div>\n<\/div>\n\n\n\n<div style=\"height:50px\" aria-hidden=\"true\" class=\"wp-block-spacer\"><\/div>\n\n\n\n<div class=\"wp-block-columns is-layout-flex wp-container-core-columns-is-layout-2 wp-block-columns-is-layout-flex\">\n<div class=\"wp-block-column caixa has-background is-layout-flow wp-block-column-is-layout-flow\" style=\"background-color:#8c8a7d;flex-basis:55%\">\n<iframe loading=\"lazy\" width=\"560\" height=\"315\" src=\"https:\/\/www.youtube.com\/embed\/-ZTn-DqBIIs\" title=\"YouTube video player\" frameborder=\"0\" allow=\"accelerometer; autoplay; clipboard-write; encrypted-media; gyroscope; picture-in-picture; web-share\" allowfullscreen><\/iframe>\n\n\n\n<div style=\"height:20px\" aria-hidden=\"true\" class=\"wp-block-spacer\"><\/div>\n\n\n\n<div class=\"wp-block-buttons is-layout-flex wp-block-buttons-is-layout-flex\">\n<div class=\"wp-block-button is-style-outline is-style-outline--1\"><a class=\"wp-block-button__link has-ast-global-color-5-color has-text-color has-background wp-element-button\" href=\"https:\/\/espai.educacio.gencat.cat\/Centres\/Innovacio-pedagogica\/Programes\/Pagines\/default.aspx\" style=\"background-color:#595959\" target=\"_blank\" rel=\"noreferrer noopener\">Com participar-hi<\/a><\/div>\n\n\n\n<div class=\"wp-block-button is-style-outline is-style-outline--2\"><a class=\"wp-block-button__link has-ast-global-color-5-color has-text-color has-background wp-element-button\" href=\"https:\/\/espai.educacio.gencat.cat\/Centres\/Innovacio-pedagogica\/Programes\/AraArt\/Pagines\/default.aspx\" style=\"background-color:#595959\">Com tramitar la sol\u00b7licitud<\/a><\/div>\n<\/div>\n\n\n\n<div class=\"wp-block-buttons is-layout-flex wp-block-buttons-is-layout-flex\">\n<div class=\"wp-block-button is-style-outline is-style-outline--3\"><a class=\"wp-block-button__link has-ast-global-color-5-color has-text-color has-background wp-element-button\" href=\"https:\/\/projectes.xtec.cat\/araart\/\" style=\"background-color:#df1d1d\" target=\"_blank\" rel=\"noreferrer noopener\">WEB DEL PROGRAMA<\/a><\/div>\n<\/div>\n<\/div>\n\n\n\n<div class=\"wp-block-column caixa has-background is-layout-flow wp-block-column-is-layout-flow\" style=\"background-color:#59554c;flex-basis:45%\">\n<iframe loading=\"lazy\" src=\"https:\/\/www.google.com\/maps\/d\/embed?mid=1NJU-HV3UOjbyQ6D0fN_QpwV6I0YGZvs&amp;ehbc=2E312F\" width=\"640\" height=\"480\"><\/iframe>\n<\/div>\n<\/div>\n\n\n\n<div style=\"height:51px\" aria-hidden=\"true\" class=\"wp-block-spacer\"><\/div>\n\n\n\n<div class=\"wp-block-getwid-section alignfull alignfull\"><div class=\"wp-block-getwid-section__wrapper\"><div class=\"wp-block-getwid-section__inner-wrapper\"><div class=\"wp-block-getwid-section__background-holder\"><div class=\"wp-block-getwid-section__background\"><\/div><div class=\"wp-block-getwid-section__foreground\"><\/div><\/div><div class=\"wp-block-getwid-section__content\"><div class=\"wp-block-getwid-section__inner-content\">\n<h2 class=\"wp-block-heading\">Un Projecte en tres fases<\/h2>\n\n\n\n<div class=\"wp-block-columns alignwide is-layout-flex wp-container-core-columns-is-layout-3 wp-block-columns-is-layout-flex\">\n<div class=\"wp-block-column caixa has-background is-layout-flow wp-block-column-is-layout-flow\" style=\"background-color:#f2f2f2\" id=\"https:\/\/projectes.xtec.cat\/nou-curriculum\/educacio-basica\/programa-de-recerca-creacio-i-servei-rcs\/projectes-amb-acompanyament\/\">\n<h2 class=\"wp-block-heading\">1a fase<\/h2>\n\n\n\n<figure class=\"wp-block-image alignright size-large is-resized\"><img loading=\"lazy\" decoding=\"async\" width=\"128\" height=\"128\" src=\"https:\/\/projectes.xtec.cat\/nou-curriculum\/wp-content\/uploads\/usu2072\/2023\/03\/lupa.png\" alt=\"\" class=\"wp-image-11685\" style=\"width:57px;height:57px\"\/><\/figure>\n\n\n\n<div class=\"wp-block-group is-layout-flow wp-block-group-is-layout-flow\"><div class=\"wp-block-group__inner-container\">\n<p>Primera fase o fase de diagn\u00f2stic, disseny i elaboraci\u00f3 del projecte: treball amb el centre col\u00b7laborador o agent art\u00edstic extern, formaci\u00f3 inicial, determinaci\u00f3 de l&#8217;equip impulsor del projecte.<\/p>\n<\/div><\/div>\n<\/div>\n\n\n\n<div class=\"wp-block-column caixa has-background is-layout-flow wp-block-column-is-layout-flow\" style=\"background-color:#bfbfbf\">\n<h2 class=\"wp-block-heading\">2a fase<\/h2>\n\n\n\n<figure class=\"wp-block-image alignright size-large is-resized\"><img loading=\"lazy\" decoding=\"async\" width=\"128\" height=\"128\" src=\"https:\/\/projectes.xtec.cat\/nou-curriculum\/wp-content\/uploads\/usu2072\/2023\/03\/implementant.png\" alt=\"\" class=\"wp-image-11687\" style=\"width:51px;height:51px\"\/><\/figure>\n\n\n\n<div class=\"wp-block-group is-layout-flow wp-block-group-is-layout-flow\"><div class=\"wp-block-group__inner-container\">\n<p>Segona fase o fase d&#8217;implementaci\u00f3: aplicaci\u00f3 plena i desenvolupament del projecte, formaci\u00f3 permanent treball en xarxa amb altres centres \u201caraArt\u201d, avaluaci\u00f3 de segu\u200biment del projecte.<\/p>\n<\/div><\/div>\n<\/div>\n\n\n\n<div class=\"wp-block-column caixa has-background is-layout-flow wp-block-column-is-layout-flow\" style=\"background-color:#8c8c8c\">\n<h2 class=\"wp-block-heading\">3a fase<\/h2>\n\n\n\n<figure class=\"wp-block-image alignright size-large is-resized\"><img loading=\"lazy\" decoding=\"async\" width=\"128\" height=\"128\" src=\"https:\/\/projectes.xtec.cat\/nou-curriculum\/wp-content\/uploads\/usu2072\/2023\/03\/evaluation.png\" alt=\"\" class=\"wp-image-11688\" style=\"width:50px;height:50px\"\/><\/figure>\n\n\n\n<div class=\"wp-block-group is-layout-flow wp-block-group-is-layout-flow\"><div class=\"wp-block-group__inner-container\">\n<p>Tercera fase o fase de consolidaci\u00f3, avaluaci\u00f3 final i transfer\u00e8ncia: formaci\u00f3, accions de retorn a l&#8217;entorn, avaluaci\u00f3 i mem\u00f2ria final, continuaci\u00f3 del treball en xarxa. A la finalitzaci\u00f3 del projecte caldr\u00e0 entregar una mem\u00f2ria final segons model facilitat al portal de centres.<\/p>\n<\/div><\/div>\n<\/div>\n<\/div>\n<\/div><\/div><\/div><\/div><\/div>\n\n\n\n<div style=\"height:42px\" aria-hidden=\"true\" class=\"wp-block-spacer\"><\/div>\n","protected":false},"excerpt":{"rendered":"<p>La finalitat del programa araArt \u00e9s fomentar i posar en valor projectes art\u00edstics que es portin a terme en el si d&#8217;un centre d&#8217;educaci\u00f3 infantil, prim\u00e0ria o secund\u00e0ria, en col\u00b7laboraci\u00f3 amb un agent art\u00edstic extern (escoles de m\u00fasica o dansa autoritzades pel Departament d&#8217;Educaci\u00f3, o els conservatoris i centres professionals de m\u00fasica i de dansa, [&hellip;]<\/p>\n","protected":false},"author":7,"featured_media":0,"parent":11617,"menu_order":0,"comment_status":"closed","ping_status":"close","template":"","meta":{"_acf_changed":false,"site-sidebar-layout":"default","site-content-layout":"","ast-site-content-layout":"default","site-content-style":"default","site-sidebar-style":"default","ast-global-header-display":"","ast-banner-title-visibility":"","ast-main-header-display":"","ast-hfb-above-header-display":"","ast-hfb-below-header-display":"","ast-hfb-mobile-header-display":"","site-post-title":"","ast-breadcrumbs-content":"","ast-featured-img":"","footer-sml-layout":"","theme-transparent-header-meta":"","adv-header-id-meta":"","stick-header-meta":"","header-above-stick-meta":"","header-main-stick-meta":"","header-below-stick-meta":"","astra-migrate-meta-layouts":"set","ast-page-background-enabled":"default","ast-page-background-meta":{"desktop":{"background-color":"","background-image":"","background-repeat":"repeat","background-position":"center center","background-size":"auto","background-attachment":"scroll","background-type":"","background-media":"","overlay-type":"","overlay-color":"","overlay-opacity":"","overlay-gradient":""},"tablet":{"background-color":"","background-image":"","background-repeat":"repeat","background-position":"center center","background-size":"auto","background-attachment":"scroll","background-type":"","background-media":"","overlay-type":"","overlay-color":"","overlay-opacity":"","overlay-gradient":""},"mobile":{"background-color":"","background-image":"","background-repeat":"repeat","background-position":"center center","background-size":"auto","background-attachment":"scroll","background-type":"","background-media":"","overlay-type":"","overlay-color":"","overlay-opacity":"","overlay-gradient":""}},"ast-content-background-meta":{"desktop":{"background-color":"var(--ast-global-color-5)","background-image":"","background-repeat":"repeat","background-position":"center center","background-size":"auto","background-attachment":"scroll","background-type":"","background-media":"","overlay-type":"","overlay-color":"","overlay-opacity":"","overlay-gradient":""},"tablet":{"background-color":"var(--ast-global-color-5)","background-image":"","background-repeat":"repeat","background-position":"center center","background-size":"auto","background-attachment":"scroll","background-type":"","background-media":"","overlay-type":"","overlay-color":"","overlay-opacity":"","overlay-gradient":""},"mobile":{"background-color":"var(--ast-global-color-5)","background-image":"","background-repeat":"repeat","background-position":"center center","background-size":"auto","background-attachment":"scroll","background-type":"","background-media":"","overlay-type":"","overlay-color":"","overlay-opacity":"","overlay-gradient":""}},"footnotes":""},"class_list":["post-11631","page","type-page","status-publish","hentry"],"acf":[],"post_mailing_queue_ids":[],"_links":{"self":[{"href":"https:\/\/projectes.xtec.cat\/nou-curriculum\/wp-json\/wp\/v2\/pages\/11631","targetHints":{"allow":["GET"]}}],"collection":[{"href":"https:\/\/projectes.xtec.cat\/nou-curriculum\/wp-json\/wp\/v2\/pages"}],"about":[{"href":"https:\/\/projectes.xtec.cat\/nou-curriculum\/wp-json\/wp\/v2\/types\/page"}],"author":[{"embeddable":true,"href":"https:\/\/projectes.xtec.cat\/nou-curriculum\/wp-json\/wp\/v2\/users\/7"}],"replies":[{"embeddable":true,"href":"https:\/\/projectes.xtec.cat\/nou-curriculum\/wp-json\/wp\/v2\/comments?post=11631"}],"version-history":[{"count":5,"href":"https:\/\/projectes.xtec.cat\/nou-curriculum\/wp-json\/wp\/v2\/pages\/11631\/revisions"}],"predecessor-version":[{"id":13414,"href":"https:\/\/projectes.xtec.cat\/nou-curriculum\/wp-json\/wp\/v2\/pages\/11631\/revisions\/13414"}],"up":[{"embeddable":true,"href":"https:\/\/projectes.xtec.cat\/nou-curriculum\/wp-json\/wp\/v2\/pages\/11617"}],"wp:attachment":[{"href":"https:\/\/projectes.xtec.cat\/nou-curriculum\/wp-json\/wp\/v2\/media?parent=11631"}],"curies":[{"name":"wp","href":"https:\/\/api.w.org\/{rel}","templated":true}]}}