{"id":12809,"date":"2024-02-07T13:48:28","date_gmt":"2024-02-07T12:48:28","guid":{"rendered":"https:\/\/projectes.xtec.cat\/nou-curriculum\/?page_id=12809"},"modified":"2024-07-17T07:53:23","modified_gmt":"2024-07-17T05:53:23","slug":"pla-individualitzat","status":"publish","type":"page","link":"https:\/\/projectes.xtec.cat\/nou-curriculum\/educacio-basica\/pla-individualitzat\/","title":{"rendered":"Pla de suport individualitzat"},"content":{"rendered":"\n<h2 class=\"wp-block-heading\" style=\"font-size:23px\"><strong>Model per a l&#8217;elaboraci\u00f3 del pla de suport individualitzat<\/strong><\/h2>\n\n\n\n<div class=\"wp-block-columns is-layout-flex wp-container-core-columns-is-layout-1 wp-block-columns-is-layout-flex\">\n<div class=\"wp-block-column caixa has-background is-layout-flow wp-block-column-is-layout-flow\" style=\"background-color:#d9eeff;flex-basis:66.66%\">\n<p class=\"has-medium-font-size\">El pla de suport individualitzat \u00e9s el document que recull les valoracions i la presa de decisions dels equips docents, amb la participaci\u00f3 de la fam\u00edlia i de l&#8217;alumne o alumna, sobre la planificaci\u00f3 de mesures, actuacions i suports per donar resposta a situacions singulars de determinats alumnes en tots els contextos en qu\u00e8 es desenvolupa el projecte educatiu. Per elaborar el pla de suport individualitzat cal partir sempre de la programaci\u00f3 did\u00e0ctica.<\/p>\n<\/div>\n\n\n\n<div class=\"wp-block-column caixa-link educacio-basica is-layout-flow wp-block-column-is-layout-flow\" style=\"flex-basis:33.33%\" id=\"https:\/\/projectes.xtec.cat\/nou-curriculum\/wp-content\/uploads\/usu2072\/2024\/07\/Orientacions_PI_2_TS.pdf\">\n<h4 class=\"wp-block-heading has-text-align-left\">Orientacions per a l\u2019elaboraci\u00f3 del pla de suport individualitzat<\/h4>\n\n\n\n<figure class=\"wp-block-image alignleft size-full is-resized\"><a href=\"https:\/\/projectes.xtec.cat\/nou-curriculum\/wp-content\/uploads\/usu2072\/2024\/07\/orientacio.png\"><img loading=\"lazy\" decoding=\"async\" width=\"128\" height=\"128\" src=\"https:\/\/projectes.xtec.cat\/nou-curriculum\/wp-content\/uploads\/usu2072\/2024\/07\/orientacio.png\" alt=\"\" class=\"wp-image-13700\" style=\"width:100px\"\/><\/a><\/figure>\n\n\n\n<p class=\"has-medium-font-size\">Aquest document d&#8217;orientacions ha estat dissenyat per acompanyar els equips docents de l&#8217;educaci\u00f3 b\u00e0sica en la tasca d&#8217;elaborar el Pla de suport individualitzat.<\/p>\n<\/div>\n<\/div>\n\n\n\n<div style=\"height:50px\" aria-hidden=\"true\" class=\"wp-block-spacer\"><\/div>\n\n\n\n<div class=\"wp-block-columns is-layout-flex wp-container-core-columns-is-layout-2 wp-block-columns-is-layout-flex\">\n<div class=\"wp-block-column caixa-link educacio-basica is-layout-flow wp-block-column-is-layout-flow\" id=\"https:\/\/docs.google.com\/document\/d\/18ncx3KZ-FWpX1eYP7SWKGmIkkFZ7WuaG4s1S61z04uo\/template\/preview\">\n<h4 class=\"wp-block-heading\">Model per a l&#8217;educaci\u00f3 prim\u00e0ria<\/h4>\n\n\n\n<figure class=\"wp-block-image alignleft size-large is-resized is-style-default\"><a href=\"https:\/\/projectes.xtec.cat\/nou-curriculum\/wp-content\/uploads\/usu2072\/2023\/07\/Models-PI_Prima\u0300ria.pdf\"><img loading=\"lazy\" decoding=\"async\" width=\"292\" height=\"305\" src=\"https:\/\/projectes.xtec.cat\/nou-curriculum\/wp-content\/uploads\/usu2072\/2023\/07\/Document-PI.png\" alt=\"\" class=\"wp-image-12220\" style=\"aspect-ratio:0.9573770491803278;width:115px;height:auto\" srcset=\"https:\/\/projectes.xtec.cat\/nou-curriculum\/wp-content\/uploads\/usu2072\/2023\/07\/Document-PI.png 292w, https:\/\/projectes.xtec.cat\/nou-curriculum\/wp-content\/uploads\/usu2072\/2023\/07\/Document-PI-287x300.png 287w\" sizes=\"auto, (max-width: 292px) 100vw, 292px\" \/><\/a><\/figure>\n\n\n\n<p class=\"has-medium-font-size\">El model del pla del suport individualitzat, s\u2019ha actualitzat incorporant les novetats del nou curr\u00edculum, per l&#8217;alumnat de prim\u00e0ria.<\/p>\n<\/div>\n\n\n\n<div class=\"wp-block-column caixa-link educacio-basica is-layout-flow wp-block-column-is-layout-flow\" id=\"https:\/\/docs.google.com\/document\/d\/1lNlTzBAHXg5GUHdYADo6FqXNU3FrggwEo9aVAtwGjM0\/template\/preview\">\n<h4 class=\"wp-block-heading\">Model per a l&#8217;educaci\u00f3 secund\u00e0ria<\/h4>\n\n\n\n<figure class=\"wp-block-image alignleft size-large is-resized\" id=\"https:\/\/projectes.xtec.cat\/nou-curriculum\/wp-content\/uploads\/usu2072\/2023\/07\/Models-PI_Secunda\u0300ria.pdf\"><a href=\"https:\/\/projectes.xtec.cat\/nou-curriculum\/wp-content\/uploads\/usu2072\/2023\/07\/Models-PI_Secunda\u0300ria.pdf\"><img loading=\"lazy\" decoding=\"async\" width=\"292\" height=\"305\" src=\"https:\/\/projectes.xtec.cat\/nou-curriculum\/wp-content\/uploads\/usu2072\/2023\/07\/Document-PI.png\" alt=\"\" class=\"wp-image-12220\" style=\"aspect-ratio:0.9573770491803278;width:107px;height:auto\" srcset=\"https:\/\/projectes.xtec.cat\/nou-curriculum\/wp-content\/uploads\/usu2072\/2023\/07\/Document-PI.png 292w, https:\/\/projectes.xtec.cat\/nou-curriculum\/wp-content\/uploads\/usu2072\/2023\/07\/Document-PI-287x300.png 287w\" sizes=\"auto, (max-width: 292px) 100vw, 292px\" \/><\/a><\/figure>\n\n\n\n<p class=\"has-medium-font-size\">El model del pla del suport individualitzat, s\u2019ha actualitzat incorporant les novetats del nou curr\u00edculum., per l&#8217;alumnat de secund\u00e0ria.<\/p>\n<\/div>\n<\/div>\n","protected":false},"excerpt":{"rendered":"<p>Model per a l&#8217;elaboraci\u00f3 del pla de suport individualitzat El pla de suport individualitzat \u00e9s el document que recull les valoracions i la presa de decisions dels equips docents, amb la participaci\u00f3 de la fam\u00edlia i de l&#8217;alumne o alumna, sobre la planificaci\u00f3 de mesures, actuacions i suports per donar resposta a situacions singulars de [&hellip;]<\/p>\n","protected":false},"author":1,"featured_media":0,"parent":9770,"menu_order":0,"comment_status":"closed","ping_status":"close","template":"","meta":{"_acf_changed":false,"site-sidebar-layout":"default","site-content-layout":"","ast-site-content-layout":"default","site-content-style":"default","site-sidebar-style":"default","ast-global-header-display":"","ast-banner-title-visibility":"","ast-main-header-display":"","ast-hfb-above-header-display":"","ast-hfb-below-header-display":"","ast-hfb-mobile-header-display":"","site-post-title":"","ast-breadcrumbs-content":"","ast-featured-img":"","footer-sml-layout":"","theme-transparent-header-meta":"","adv-header-id-meta":"","stick-header-meta":"","header-above-stick-meta":"","header-main-stick-meta":"","header-below-stick-meta":"","astra-migrate-meta-layouts":"set","ast-page-background-enabled":"default","ast-page-background-meta":{"desktop":{"background-color":"","background-image":"","background-repeat":"repeat","background-position":"center center","background-size":"auto","background-attachment":"scroll","background-type":"","background-media":"","overlay-type":"","overlay-color":"","overlay-opacity":"","overlay-gradient":""},"tablet":{"background-color":"","background-image":"","background-repeat":"repeat","background-position":"center center","background-size":"auto","background-attachment":"scroll","background-type":"","background-media":"","overlay-type":"","overlay-color":"","overlay-opacity":"","overlay-gradient":""},"mobile":{"background-color":"","background-image":"","background-repeat":"repeat","background-position":"center center","background-size":"auto","background-attachment":"scroll","background-type":"","background-media":"","overlay-type":"","overlay-color":"","overlay-opacity":"","overlay-gradient":""}},"ast-content-background-meta":{"desktop":{"background-color":"var(--ast-global-color-5)","background-image":"","background-repeat":"repeat","background-position":"center center","background-size":"auto","background-attachment":"scroll","background-type":"","background-media":"","overlay-type":"","overlay-color":"","overlay-opacity":"","overlay-gradient":""},"tablet":{"background-color":"var(--ast-global-color-5)","background-image":"","background-repeat":"repeat","background-position":"center center","background-size":"auto","background-attachment":"scroll","background-type":"","background-media":"","overlay-type":"","overlay-color":"","overlay-opacity":"","overlay-gradient":""},"mobile":{"background-color":"var(--ast-global-color-5)","background-image":"","background-repeat":"repeat","background-position":"center center","background-size":"auto","background-attachment":"scroll","background-type":"","background-media":"","overlay-type":"","overlay-color":"","overlay-opacity":"","overlay-gradient":""}},"footnotes":""},"class_list":["post-12809","page","type-page","status-publish","hentry"],"acf":[],"post_mailing_queue_ids":[],"_links":{"self":[{"href":"https:\/\/projectes.xtec.cat\/nou-curriculum\/wp-json\/wp\/v2\/pages\/12809","targetHints":{"allow":["GET"]}}],"collection":[{"href":"https:\/\/projectes.xtec.cat\/nou-curriculum\/wp-json\/wp\/v2\/pages"}],"about":[{"href":"https:\/\/projectes.xtec.cat\/nou-curriculum\/wp-json\/wp\/v2\/types\/page"}],"author":[{"embeddable":true,"href":"https:\/\/projectes.xtec.cat\/nou-curriculum\/wp-json\/wp\/v2\/users\/1"}],"replies":[{"embeddable":true,"href":"https:\/\/projectes.xtec.cat\/nou-curriculum\/wp-json\/wp\/v2\/comments?post=12809"}],"version-history":[{"count":6,"href":"https:\/\/projectes.xtec.cat\/nou-curriculum\/wp-json\/wp\/v2\/pages\/12809\/revisions"}],"predecessor-version":[{"id":13703,"href":"https:\/\/projectes.xtec.cat\/nou-curriculum\/wp-json\/wp\/v2\/pages\/12809\/revisions\/13703"}],"up":[{"embeddable":true,"href":"https:\/\/projectes.xtec.cat\/nou-curriculum\/wp-json\/wp\/v2\/pages\/9770"}],"wp:attachment":[{"href":"https:\/\/projectes.xtec.cat\/nou-curriculum\/wp-json\/wp\/v2\/media?parent=12809"}],"curies":[{"name":"wp","href":"https:\/\/api.w.org\/{rel}","templated":true}]}}