{"id":12844,"date":"2024-02-15T15:39:46","date_gmt":"2024-02-15T14:39:46","guid":{"rendered":"https:\/\/projectes.xtec.cat\/nou-curriculum\/?page_id=12844"},"modified":"2024-09-27T10:01:05","modified_gmt":"2024-09-27T08:01:05","slug":"perspectiva-de-genere","status":"publish","type":"page","link":"https:\/\/projectes.xtec.cat\/nou-curriculum\/educacio-basica\/els-sis-vectors\/perspectiva-de-genere\/","title":{"rendered":"Perspectiva de g\u00e8nere"},"content":{"rendered":"\n<div class=\"wp-block-columns is-layout-flex wp-container-core-columns-is-layout-1 wp-block-columns-is-layout-flex\">\n<div class=\"wp-block-column has-ast-global-color-5-background-color has-background is-layout-flow wp-block-column-is-layout-flow\" style=\"flex-basis:66.66%\">\n<div style=\"height:34px\" aria-hidden=\"true\" class=\"wp-block-spacer\"><\/div>\n\n\n\n<p style=\"font-size:15px\">Explora la nostra selecci\u00f3 de recursos i descobreix com integrar la perspectiva de g\u00e8nere de manera significativa i efectiva en el teu context educatiu. Junts, podem contribuir a construir un m\u00f3n m\u00e9s igualitari i respectu\u00f3s, on cada individu tingui l&#8217;oportunitat de cr\u00e9ixer i prosperar sense importar el seu g\u00e8nere.&nbsp; Aquesta p\u00e0gina estar\u00e0 dedicada a proporcionar recursos did\u00e0ctics per a treballar la perspectiva de g\u00e8nere. En un m\u00f3n en constant evoluci\u00f3, \u00e9s essencial promoure la igualtat i la comprensi\u00f3 de les diverses identitats de g\u00e8nere. Aqu\u00ed trobar\u00e0s una varietat d&#8217;eines que facilitaran la reflexi\u00f3, el di\u00e0leg i l&#8217;aprenentatge.&nbsp;<\/p>\n<\/div>\n\n\n\n<div class=\"wp-block-column is-layout-flow wp-block-column-is-layout-flow\" style=\"flex-basis:33.33%\">\n<div class=\"video-responsive\"><iframe loading=\"lazy\" width=\"186\" height=\"105\" src=\"https:\/\/www.youtube.com\/embed\/M8WOnGIWlUU\" title=\"YouTube video player\" frameborder=\"0\" allow=\"accelerometer; autoplay; clipboard-write; encrypted-media; gyroscope; picture-in-picture; web-share\" allowfullscreen=\"\"><\/iframe><\/div>\n<\/div>\n<\/div>\n\n\n\n<div style=\"height:37px\" aria-hidden=\"true\" class=\"wp-block-spacer\"><\/div>\n\n\n\n<h2 class=\"wp-block-heading\">Situacions d\u2019aprenentatge amb perspectiva de g\u00e8nere<\/h2>\n\n\n\n<div style=\"height:46px\" aria-hidden=\"true\" class=\"wp-block-spacer\"><\/div>\n\n\n\n<div class=\"wp-block-columns is-layout-flex wp-container-core-columns-is-layout-2 wp-block-columns-is-layout-flex\">\n<div class=\"wp-block-column caixa has-background is-layout-flow wp-block-column-is-layout-flow\" style=\"background-color:#ffe5dd;flex-basis:66.66%\">\n<p class=\"has-medium-font-size\">&#8220;El vector de perspectiva de g\u00e8nere en les situacions d&#8217;aprenentatge&#8221;, coordinat per Katy Pall\u00e0s i Teresa Nav\u00e9s, \u00e9s un document d\u2019orientacions per al desplegament d\u2019aquest vector en el curr\u00edculum, amb l&#8217;objectiu d&#8217;ajudar els centres i les persones docents a tenir propostes did\u00e0ctiques de les diferents \u00e0rees o \u00e0mbits i nivells educatius que exemplifiquin com es pot incorporar la perspectiva de g\u00e8nere als continguts curriculars. Disposar d\u2019aquests exemples did\u00e0ctics en els quals emmirallar-se, facilita portar a l\u2019aula propostes educatives m\u00e9s igualit\u00e0ries i inclusives.<\/p>\n<\/div>\n\n\n\n<div class=\"wp-block-column caixa-link has-background is-layout-flow wp-block-column-is-layout-flow\" style=\"background-color:#f15850;flex-basis:33.33%\" id=\"https:\/\/projectes.xtec.cat\/nou-curriculum\/wp-content\/uploads\/usu2072\/2024\/09\/MARC-TEORIC-VECTOR-GENERE.pdf\">\n<figure class=\"wp-block-image aligncenter size-large is-resized\"><img loading=\"lazy\" decoding=\"async\" width=\"724\" height=\"1024\" src=\"https:\/\/projectes.xtec.cat\/nou-curriculum\/wp-content\/uploads\/usu2072\/2024\/08\/perspectiva-de-genere-724x1024.png\" alt=\"\" class=\"wp-image-13854\" style=\"object-fit:cover;width:182px;height:auto\" srcset=\"https:\/\/projectes.xtec.cat\/nou-curriculum\/wp-content\/uploads\/usu2072\/2024\/08\/perspectiva-de-genere-724x1024.png 724w, https:\/\/projectes.xtec.cat\/nou-curriculum\/wp-content\/uploads\/usu2072\/2024\/08\/perspectiva-de-genere-212x300.png 212w, https:\/\/projectes.xtec.cat\/nou-curriculum\/wp-content\/uploads\/usu2072\/2024\/08\/perspectiva-de-genere-768x1086.png 768w, https:\/\/projectes.xtec.cat\/nou-curriculum\/wp-content\/uploads\/usu2072\/2024\/08\/perspectiva-de-genere-1086x1536.png 1086w, https:\/\/projectes.xtec.cat\/nou-curriculum\/wp-content\/uploads\/usu2072\/2024\/08\/perspectiva-de-genere-1448x2048.png 1448w, https:\/\/projectes.xtec.cat\/nou-curriculum\/wp-content\/uploads\/usu2072\/2024\/08\/perspectiva-de-genere.png 1587w\" sizes=\"auto, (max-width: 724px) 100vw, 724px\" \/><\/figure>\n<\/div>\n<\/div>\n\n\n\n<div style=\"height:47px\" aria-hidden=\"true\" class=\"wp-block-spacer\"><\/div>\n\n\n\n<div class=\"wp-block-columns is-layout-flex wp-container-core-columns-is-layout-3 wp-block-columns-is-layout-flex\">\n<div class=\"wp-block-column caixa is-layout-flow wp-block-column-is-layout-flow\" style=\"flex-basis:66.66%\">\n<h4 class=\"wp-block-heading\">Infantil<\/h4>\n\n\n\n<p><a href=\"https:\/\/projectes.xtec.cat\/nou-curriculum\/wp-content\/uploads\/usu2072\/2024\/08\/SA_OK_Dibuixem-nos-per-a-la-festa-de-families_rev.docx.pdf\" target=\"_blank\" rel=\"noreferrer noopener\">\u00abDibuixem-nos per a la festa de fam\u00edlies\u00bb. Gemma Martret<\/a><\/p>\n\n\n\n<h4 class=\"wp-block-heading\">Prim\u00e0ria<\/h4>\n\n\n\n<p><a href=\"https:\/\/projectes.xtec.cat\/nou-curriculum\/wp-content\/uploads\/usu2072\/2024\/08\/SA_Com_de_mitjans_OK_Les-dones-viuen-mes_rev.docx.pdf\">\u00abLes dones viuen m\u00e9s?\u00bb Sira Ruiz Nogales<\/a><br><a href=\"https:\/\/projectes.xtec.cat\/nou-curriculum\/wp-content\/uploads\/usu2072\/2024\/08\/SA_CG_OK__Invent-d_on-vens_rev.docx.pdf\" target=\"_blank\" rel=\"noreferrer noopener\">\u00abInvent, d\u2019on vens?\u00bb Rut Marqu\u00e8s Ros<\/a><\/p>\n\n\n\n<h4 class=\"wp-block-heading\">Secund\u00e0ria<\/h4>\n\n\n\n<p><a href=\"https:\/\/projectes.xtec.cat\/nou-curriculum\/wp-content\/uploads\/usu2072\/2024\/08\/Revisada-OK-SITUACIO-D_APRENENTATGE-MODELS-FAMILIARS_Rev.docx.pdf\" target=\"_blank\" rel=\"noreferrer noopener\">\u00abModels familiars\u00bb Juan Carlos Osma L\u00f3pez<\/a><br><a href=\"https:\/\/projectes.xtec.cat\/nou-curriculum\/wp-content\/uploads\/usu2072\/2024\/08\/SA-OK-La-nostra-vida-i-el-treball-de-les-cures_rev.docx.pdf\" target=\"_blank\" rel=\"noreferrer noopener\">\u00abLa nostra vida i el treball de cures\u00bb Rosa Maria Aznar i \u00c0ngels Candela<\/a><br><a href=\"https:\/\/projectes.xtec.cat\/nou-curriculum\/wp-content\/uploads\/usu2072\/2024\/08\/Consent-for-Teens.-Why-it-Matters.docx.pdf\" target=\"_blank\" rel=\"noreferrer noopener\">\u00abConsent &amp; bodily autonomy\u00bb Teresa Nav\u00e9s Nogu\u00e9s<\/a><br><a href=\"https:\/\/projectes.xtec.cat\/nou-curriculum\/wp-content\/uploads\/usu2072\/2024\/08\/ESO_SA_CATALA_rev.docx.pdf\" target=\"_blank\" rel=\"noreferrer noopener\">\u00abCom utilitzem la llengua per establir relacions assertives i equitatives?\u00bb Elisenda Abad Franc\u00e0s<\/a><br><a href=\"https:\/\/projectes.xtec.cat\/nou-curriculum\/wp-content\/uploads\/usu2072\/2024\/08\/SA-OK_De-Lorca-a-Sastre_rev.docx.pdf\" target=\"_blank\" rel=\"noreferrer noopener\">\u00abDe Lorca a Sastre. G\u00e9nero disidente y expresi\u00f3n literaria\u00bb Mar Sevillano Cano<br><\/a><a href=\"https:\/\/projectes.xtec.cat\/nou-curriculum\/wp-content\/uploads\/usu2072\/2024\/09\/SA-Art_OK-Cossos-i-anticossos_revok-1.docx-1.pdf\" data-type=\"link\" data-id=\"https:\/\/projectes.xtec.cat\/nou-curriculum\/wp-content\/uploads\/usu2072\/2024\/09\/SA-Art_OK-Cossos-i-anticossos_revok-1.docx-1.pdf\" target=\"_blank\" rel=\"noreferrer noopener\">\u00abCossos i anticossos. \u00c9s l\u2019anatom\u00eda dest\u00ed?<\/a>\u00a0<a href=\"https:\/\/projectes.xtec.cat\/nou-curriculum\/wp-content\/uploads\/usu2072\/2024\/08\/ESO_SA_CATALA_rev.docx.pdf\" target=\"_blank\" rel=\"noreferrer noopener\">\u00bb<\/a>\u00a0\u00a0\u00a0<a href=\"https:\/\/projectes.xtec.cat\/nou-curriculum\/wp-content\/uploads\/usu2072\/2024\/08\/Revisada-OK-SITUACIO-D_APRENENTATGE-MODELS-FAMILIARS_Rev.docx.pdf\" target=\"_blank\" rel=\"noreferrer noopener\">Ziortza\u00a0P\u00e9rez<\/a><\/p>\n\n\n\n<p><\/p>\n<\/div>\n\n\n\n<div class=\"wp-block-column caixa-link is-layout-flow wp-block-column-is-layout-flow\" style=\"flex-basis:33.33%\" id=\"https:\/\/projectes.xtec.cat\/nou-curriculum\/wp-content\/uploads\/usu2072\/2024\/09\/Itinerari-Lector-2.pdf\">\n<div style=\"height:46px\" aria-hidden=\"true\" class=\"wp-block-spacer\"><\/div>\n\n\n\n<figure class=\"wp-block-image size-full\"><img loading=\"lazy\" decoding=\"async\" width=\"788\" height=\"675\" src=\"https:\/\/projectes.xtec.cat\/nou-curriculum\/wp-content\/uploads\/usu2072\/2024\/08\/itinerari.png\" alt=\"\" class=\"wp-image-13853\" srcset=\"https:\/\/projectes.xtec.cat\/nou-curriculum\/wp-content\/uploads\/usu2072\/2024\/08\/itinerari.png 788w, https:\/\/projectes.xtec.cat\/nou-curriculum\/wp-content\/uploads\/usu2072\/2024\/08\/itinerari-300x257.png 300w, https:\/\/projectes.xtec.cat\/nou-curriculum\/wp-content\/uploads\/usu2072\/2024\/08\/itinerari-768x658.png 768w\" sizes=\"auto, (max-width: 788px) 100vw, 788px\" \/><\/figure>\n<\/div>\n<\/div>\n\n\n\n<div style=\"height:26px\" aria-hidden=\"true\" class=\"wp-block-spacer\"><\/div>\n\n\n\n<h2 class=\"wp-block-heading\">Noies i nois en relaci\u00f3<\/h2>\n\n\n\n<h3 class=\"wp-block-heading has-text-color\" style=\"color:#9479b3\"> Materials de coeducaci\u00f3 i masculinitats a l\u2019etapa d\u2019educaci\u00f3 secund\u00e0ria<\/h3>\n\n\n\n<div class=\"wp-block-columns is-layout-flex wp-container-core-columns-is-layout-4 wp-block-columns-is-layout-flex\">\n<div class=\"wp-block-column caixa is-layout-flow wp-block-column-is-layout-flow\" style=\"flex-basis:70%\">\n<p style=\"font-size:15px\">Aquests materials responen a una revisi\u00f3 i actualitzaci\u00f3 dels publicats pels mateixos autors l\u2019any 2011 a Icaria Editorial amb el t\u00edtol de Chicos y chicas en relaci\u00f3n.<\/p>\n\n\n\n<p style=\"font-size:15px\">L\u2019actualitzaci\u00f3 l\u2019hem feta pensant en els nous contextos educatius actuals. Tamb\u00e9 hem tingut en compte el canvi de format i de suport (de paper a virtual). Tanmateix, hem mantingut els objectius de la versi\u00f3 anterior: oferir al professorat, a l\u2019alumnat i a les fam\u00edlies uns materials que contemplin la coeducaci\u00f3 (\u00e9s a dir, l\u2019educaci\u00f3, perqu\u00e8 el fet educatiu no el podem entendre sense la perspectiva integral de g\u00e8nere) de manera inclusiva. Dit altrament, amb una mirada que contempli tamb\u00e9 les masculinitats, especialment en aquesta etapa tan important de la vida com \u00e9s l\u2019adolesc\u00e8ncia.<\/p>\n\n\n\n<p class=\"has-text-color has-medium-font-size\" style=\"color:#b39bc9\"><strong>Cita dels autors: Grup Orfeu, masculinitats i coeducaci\u00f3<\/strong><\/p>\n<\/div>\n\n\n\n<div class=\"wp-block-column caixa is-layout-flow wp-block-column-is-layout-flow\" style=\"flex-basis:30%\">\n<figure class=\"wp-block-image aligncenter size-full is-resized\"><a href=\"https:\/\/projectes.xtec.cat\/nou-curriculum\/wp-content\/uploads\/usu2072\/2024\/02\/NOIES-I-NOIS-EN-RELACIO_GENER_DEF_-150124.pdf\"><img loading=\"lazy\" decoding=\"async\" width=\"342\" height=\"478\" src=\"https:\/\/projectes.xtec.cat\/nou-curriculum\/wp-content\/uploads\/usu2072\/2024\/02\/Noies-i-nois-en-relacio.png\" alt=\"\" class=\"wp-image-12856\" style=\"aspect-ratio:0.7154811715481172;width:235px;height:auto\" srcset=\"https:\/\/projectes.xtec.cat\/nou-curriculum\/wp-content\/uploads\/usu2072\/2024\/02\/Noies-i-nois-en-relacio.png 342w, https:\/\/projectes.xtec.cat\/nou-curriculum\/wp-content\/uploads\/usu2072\/2024\/02\/Noies-i-nois-en-relacio-215x300.png 215w\" sizes=\"auto, (max-width: 342px) 100vw, 342px\" \/><\/a><\/figure>\n<\/div>\n<\/div>\n\n\n\n<div style=\"height:45px\" aria-hidden=\"true\" class=\"wp-block-spacer\"><\/div>\n\n\n\n<h2 class=\"wp-block-heading\">Nous v\u00eddeos per aprofundir en la coeducaci\u00f3.<\/h2>\n\n\n\n<div style=\"height:33px\" aria-hidden=\"true\" class=\"wp-block-spacer\"><\/div>\n\n\n\n<div class=\"wp-block-columns is-layout-flex wp-container-core-columns-is-layout-5 wp-block-columns-is-layout-flex\">\n<div class=\"wp-block-column caixa educacio-basica is-layout-flow wp-block-column-is-layout-flow\">\n<h4 class=\"wp-block-heading has-text-align-center\">Coeducaci\u00f3 al nou curr\u00edculum<\/h4>\n\n\n\n<div style=\"height:11px\" aria-hidden=\"true\" class=\"wp-block-spacer\"><\/div>\n\n\n\n<iframe loading=\"lazy\" width=\"560\" height=\"315\" src=\"https:\/\/www.youtube.com\/embed\/MvamMA9ksX0?si=KXC_VMOyEGSqNAju\" title=\"YouTube video player\" frameborder=\"0\" allow=\"accelerometer; autoplay; clipboard-write; encrypted-media; gyroscope; picture-in-picture; web-share\" allowfullscreen><\/iframe>\n<\/div>\n\n\n\n<div class=\"wp-block-column caixa educacio-basica is-layout-flow wp-block-column-is-layout-flow\">\n<h4 class=\"wp-block-heading has-text-align-center\">Coeducaci\u00f3 \u00e9s educaci\u00f3<\/h4>\n\n\n\n<div style=\"height:18px\" aria-hidden=\"true\" class=\"wp-block-spacer\"><\/div>\n\n\n\n<iframe loading=\"lazy\" width=\"560\" height=\"315\" src=\"https:\/\/www.youtube.com\/embed\/-VjS9r2IYTU?si=Bee0ftcMBAaco5Do\" title=\"YouTube video player\" frameborder=\"0\" allow=\"accelerometer; autoplay; clipboard-write; encrypted-media; gyroscope; picture-in-picture; web-share\" allowfullscreen><\/iframe>\n<\/div>\n\n\n\n<div class=\"wp-block-column caixa educacio-basica is-layout-flow wp-block-column-is-layout-flow\">\n<h4 class=\"wp-block-heading has-text-align-center\">Coeducaci\u00f3, qu\u00e8 fem i qu\u00e8 queda per fer?<\/h4>\n\n\n\n<iframe loading=\"lazy\" width=\"560\" height=\"315\" src=\"https:\/\/www.youtube.com\/embed\/IE1qpbL-fgQ?si=Fk6bn9nay8SGqhww\" title=\"YouTube video player\" frameborder=\"0\" allow=\"accelerometer; autoplay; clipboard-write; encrypted-media; gyroscope; picture-in-picture; web-share\" allowfullscreen><\/iframe>\n<\/div>\n<\/div>\n\n\n\n<div style=\"height:53px\" aria-hidden=\"true\" class=\"wp-block-spacer\"><\/div>\n\n\n\n<div class=\"wp-block-columns is-layout-flex wp-container-core-columns-is-layout-6 wp-block-columns-is-layout-flex\">\n<div class=\"wp-block-column caixa educacio-basica is-layout-flow wp-block-column-is-layout-flow\">\n<h4 class=\"wp-block-heading\">La coeducaci\u00f3 als centres educatius<\/h4>\n\n\n\n<div style=\"height:19px\" aria-hidden=\"true\" class=\"wp-block-spacer\"><\/div>\n\n\n\n<iframe loading=\"lazy\" width=\"560\" height=\"315\" src=\"https:\/\/www.youtube.com\/embed\/MOPUOcoIaAI?si=W12pA_MPLY_jLE4g\" title=\"YouTube video player\" frameborder=\"0\" allow=\"accelerometer; autoplay; clipboard-write; encrypted-media; gyroscope; picture-in-picture; web-share\" allowfullscreen><\/iframe>\n<\/div>\n\n\n\n<div class=\"wp-block-column caixa educacio-basica is-layout-flow wp-block-column-is-layout-flow\">\n<h4 class=\"wp-block-heading\">Com implementem el vector de g\u00e8nere en un centre de prim\u00e0ria?<\/h4>\n\n\n\n<iframe loading=\"lazy\" width=\"560\" height=\"315\" src=\"https:\/\/www.youtube.com\/embed\/vtnChDclB4s?si=_OB9GBTttavvHp1U\" title=\"YouTube video player\" frameborder=\"0\" allow=\"accelerometer; autoplay; clipboard-write; encrypted-media; gyroscope; picture-in-picture; web-share\" allowfullscreen><\/iframe>\n<\/div>\n\n\n\n<div class=\"wp-block-column caixa educacio-basica is-layout-flow wp-block-column-is-layout-flow\">\n<h4 class=\"wp-block-heading\">Com treballem la coeducaci\u00f3 a l\u2019institut?<\/h4>\n\n\n\n<div style=\"height:6px\" aria-hidden=\"true\" class=\"wp-block-spacer\"><\/div>\n\n\n\n<iframe loading=\"lazy\" width=\"560\" height=\"315\" src=\"https:\/\/www.youtube.com\/embed\/froe_4wwwF4?si=fTlkTDnLA-hOq1PD\" title=\"YouTube video player\" frameborder=\"0\" allow=\"accelerometer; autoplay; clipboard-write; encrypted-media; gyroscope; picture-in-picture; web-share\" allowfullscreen><\/iframe>\n<\/div>\n<\/div>\n\n\n\n<div style=\"height:42px\" aria-hidden=\"true\" class=\"wp-block-spacer\"><\/div>\n\n\n\n<div class=\"wp-block-columns is-layout-flex wp-container-core-columns-is-layout-7 wp-block-columns-is-layout-flex\">\n<div class=\"wp-block-column caixa educacio-basica is-layout-flow wp-block-column-is-layout-flow\">\n<h4 class=\"wp-block-heading\">La coeducaci\u00f3 des de la universalitat<\/h4>\n\n\n\n<iframe loading=\"lazy\" width=\"560\" height=\"315\" src=\"https:\/\/www.youtube.com\/embed\/MxHtvGsKFT8?si=oSxB4ILKZW1jviKs\" title=\"YouTube video player\" frameborder=\"0\" allow=\"accelerometer; autoplay; clipboard-write; encrypted-media; gyroscope; picture-in-picture; web-share\" allowfullscreen><\/iframe>\n<\/div>\n\n\n\n<div class=\"wp-block-column caixa educacio-basica is-layout-flow wp-block-column-is-layout-flow\">\n<h4 class=\"wp-block-heading\">Noves masculinitats<\/h4>\n\n\n\n<div style=\"height:7px\" aria-hidden=\"true\" class=\"wp-block-spacer\"><\/div>\n\n\n\n<iframe loading=\"lazy\" width=\"560\" height=\"315\" src=\"https:\/\/www.youtube.com\/embed\/ZVDvFDUbQaE?si=p0BfY8QOJalBqB75\" title=\"YouTube video player\" frameborder=\"0\" allow=\"accelerometer; autoplay; clipboard-write; encrypted-media; gyroscope; picture-in-picture; web-share\" allowfullscreen><\/iframe>\n<\/div>\n\n\n\n<div class=\"wp-block-column caixa is-layout-flow wp-block-column-is-layout-flow\"><\/div>\n<\/div>\n\n\n\n<div style=\"height:36px\" aria-hidden=\"true\" class=\"wp-block-spacer\"><\/div>\n\n\n\n<h2 class=\"wp-block-heading\">ANUE Dones font de vida<\/h2>\n\n\n\n<div class=\"wp-block-columns is-layout-flex wp-container-core-columns-is-layout-8 wp-block-columns-is-layout-flex\">\n<div class=\"wp-block-column caixa has-background is-layout-flow wp-block-column-is-layout-flow\" style=\"background-color:#d9e3ec;flex-basis:66.66%\">\n<p><\/p>\n\n\n\n<p><strong>Font de Vida<\/strong>&nbsp;\u00e9s una plataforma virtual internacional concebuda per l\u2019Associaci\u00f3 per a les Nacions Unides a Espanya, recolzada pel Departament d\u2019Igualtat i Feminismes de la Generalitat de Catalunya, amb el prop\u00f2sit fonamental de promoure i salvaguardar els Drets Humans de les dones. La plataforma s\u2019enfoca de manera priorit\u00e0ria en la visibilitzaci\u00f3, difusi\u00f3 i sensibilitzaci\u00f3 sobre les greus violacions dels Drets Humans de les dones, com ara feminicidis, mutilacions sexuals, tr\u00e0fic, matrimoni preco\u00e7, les elevades taxes de mortalitat derivades d\u2019embarassos, parts o avortaments. A m\u00e9s, aborda de manera integral les vulneracions dels Drets Civils i Pol\u00edtics, dirigint la seva activitat a organitzacions nacionals i internacionals, amb una atenci\u00f3 especial i una incid\u00e8ncia significativa a Catalunya.<\/p>\n\n\n\n<p>Les greus i sistem\u00e0tiques vulneracions dels drets humans de les dones s\u00f3n un motiu de preocupaci\u00f3 priorit\u00e0ria i representen un impediment palpable per a la consecuci\u00f3 completa dels objectius de desenvolupament sostenible aprovats per l\u2019Assemblea General de les Nacions Unides. La import\u00e0ncia de la igualtat de g\u00e8nere com a Dret Hum\u00e0 Fonamental i com a fonament essencial per construir un m\u00f3n pac\u00edfic, pr\u00f2sper i sostenible es cristal\u00b7litza en l\u2019Objectiu de Desenvolupament Sostenible (ODS) n\u00famero 5.<\/p>\n<\/div>\n\n\n\n<div class=\"wp-block-column caixa has-background is-layout-flow wp-block-column-is-layout-flow\" style=\"background-color:#d9e3ec;flex-basis:33.33%\">\n<div style=\"height:25px\" aria-hidden=\"true\" class=\"wp-block-spacer\"><\/div>\n\n\n\n<figure class=\"wp-block-image size-full\"><a href=\"https:\/\/fontdevida.anue.org\/page\/2\/\"><img loading=\"lazy\" decoding=\"async\" width=\"672\" height=\"640\" src=\"https:\/\/projectes.xtec.cat\/nou-curriculum\/wp-content\/uploads\/usu2072\/2024\/06\/Dones-5.png\" alt=\"\" class=\"wp-image-13501\" srcset=\"https:\/\/projectes.xtec.cat\/nou-curriculum\/wp-content\/uploads\/usu2072\/2024\/06\/Dones-5.png 672w, https:\/\/projectes.xtec.cat\/nou-curriculum\/wp-content\/uploads\/usu2072\/2024\/06\/Dones-5-300x286.png 300w\" sizes=\"auto, (max-width: 672px) 100vw, 672px\" \/><\/a><\/figure>\n\n\n\n<div style=\"height:36px\" aria-hidden=\"true\" class=\"wp-block-spacer\"><\/div>\n<\/div>\n<\/div>\n\n\n\n<div style=\"height:34px\" aria-hidden=\"true\" class=\"wp-block-spacer\"><\/div>\n\n\n\n<div class=\"wp-block-buttons is-content-justification-center is-layout-flex wp-container-core-buttons-is-layout-1 wp-block-buttons-is-layout-flex\">\n<div class=\"wp-block-button has-custom-font-size is-style-fill has-medium-font-size\" style=\"font-style:italic;font-weight:600\"><a class=\"wp-block-button__link has-ast-global-color-5-color has-text-color has-background wp-element-button\" href=\"https:\/\/fontdevida.anue.org\/page\/2\/\" style=\"background-color:#ef655a\">Visita el WEB<\/a><\/div>\n<\/div>\n\n\n\n<div style=\"height:35px\" aria-hidden=\"true\" class=\"wp-block-spacer\"><\/div>\n","protected":false},"excerpt":{"rendered":"<p>Explora la nostra selecci\u00f3 de recursos i descobreix com integrar la perspectiva de g\u00e8nere de manera significativa i efectiva en el teu context educatiu. Junts, podem contribuir a construir un m\u00f3n m\u00e9s igualitari i respectu\u00f3s, on cada individu tingui l&#8217;oportunitat de cr\u00e9ixer i prosperar sense importar el seu g\u00e8nere.&nbsp; Aquesta p\u00e0gina estar\u00e0 dedicada a proporcionar [&hellip;]<\/p>\n","protected":false},"author":7,"featured_media":0,"parent":10042,"menu_order":1,"comment_status":"closed","ping_status":"close","template":"","meta":{"_acf_changed":false,"site-sidebar-layout":"default","site-content-layout":"","ast-site-content-layout":"default","site-content-style":"default","site-sidebar-style":"default","ast-global-header-display":"","ast-banner-title-visibility":"","ast-main-header-display":"","ast-hfb-above-header-display":"","ast-hfb-below-header-display":"","ast-hfb-mobile-header-display":"","site-post-title":"","ast-breadcrumbs-content":"","ast-featured-img":"","footer-sml-layout":"","theme-transparent-header-meta":"","adv-header-id-meta":"","stick-header-meta":"","header-above-stick-meta":"","header-main-stick-meta":"","header-below-stick-meta":"","astra-migrate-meta-layouts":"set","ast-page-background-enabled":"default","ast-page-background-meta":{"desktop":{"background-color":"","background-image":"","background-repeat":"repeat","background-position":"center center","background-size":"auto","background-attachment":"scroll","background-type":"","background-media":"","overlay-type":"","overlay-color":"","overlay-opacity":"","overlay-gradient":""},"tablet":{"background-color":"","background-image":"","background-repeat":"repeat","background-position":"center center","background-size":"auto","background-attachment":"scroll","background-type":"","background-media":"","overlay-type":"","overlay-color":"","overlay-opacity":"","overlay-gradient":""},"mobile":{"background-color":"","background-image":"","background-repeat":"repeat","background-position":"center center","background-size":"auto","background-attachment":"scroll","background-type":"","background-media":"","overlay-type":"","overlay-color":"","overlay-opacity":"","overlay-gradient":""}},"ast-content-background-meta":{"desktop":{"background-color":"var(--ast-global-color-5)","background-image":"","background-repeat":"repeat","background-position":"center center","background-size":"auto","background-attachment":"scroll","background-type":"","background-media":"","overlay-type":"","overlay-color":"","overlay-opacity":"","overlay-gradient":""},"tablet":{"background-color":"var(--ast-global-color-5)","background-image":"","background-repeat":"repeat","background-position":"center center","background-size":"auto","background-attachment":"scroll","background-type":"","background-media":"","overlay-type":"","overlay-color":"","overlay-opacity":"","overlay-gradient":""},"mobile":{"background-color":"var(--ast-global-color-5)","background-image":"","background-repeat":"repeat","background-position":"center center","background-size":"auto","background-attachment":"scroll","background-type":"","background-media":"","overlay-type":"","overlay-color":"","overlay-opacity":"","overlay-gradient":""}},"footnotes":""},"class_list":["post-12844","page","type-page","status-publish","hentry"],"acf":[],"post_mailing_queue_ids":[],"_links":{"self":[{"href":"https:\/\/projectes.xtec.cat\/nou-curriculum\/wp-json\/wp\/v2\/pages\/12844","targetHints":{"allow":["GET"]}}],"collection":[{"href":"https:\/\/projectes.xtec.cat\/nou-curriculum\/wp-json\/wp\/v2\/pages"}],"about":[{"href":"https:\/\/projectes.xtec.cat\/nou-curriculum\/wp-json\/wp\/v2\/types\/page"}],"author":[{"embeddable":true,"href":"https:\/\/projectes.xtec.cat\/nou-curriculum\/wp-json\/wp\/v2\/users\/7"}],"replies":[{"embeddable":true,"href":"https:\/\/projectes.xtec.cat\/nou-curriculum\/wp-json\/wp\/v2\/comments?post=12844"}],"version-history":[{"count":5,"href":"https:\/\/projectes.xtec.cat\/nou-curriculum\/wp-json\/wp\/v2\/pages\/12844\/revisions"}],"predecessor-version":[{"id":13908,"href":"https:\/\/projectes.xtec.cat\/nou-curriculum\/wp-json\/wp\/v2\/pages\/12844\/revisions\/13908"}],"up":[{"embeddable":true,"href":"https:\/\/projectes.xtec.cat\/nou-curriculum\/wp-json\/wp\/v2\/pages\/10042"}],"wp:attachment":[{"href":"https:\/\/projectes.xtec.cat\/nou-curriculum\/wp-json\/wp\/v2\/media?parent=12844"}],"curies":[{"name":"wp","href":"https:\/\/api.w.org\/{rel}","templated":true}]}}