{"id":12983,"date":"2024-03-11T12:28:28","date_gmt":"2024-03-11T11:28:28","guid":{"rendered":"https:\/\/projectes.xtec.cat\/nou-curriculum\/?page_id=12983"},"modified":"2024-05-08T15:47:06","modified_gmt":"2024-05-08T13:47:06","slug":"qualitat-de-leducacio-de-les-llengues","status":"publish","type":"page","link":"https:\/\/projectes.xtec.cat\/nou-curriculum\/educacio-basica\/els-sis-vectors\/qualitat-de-leducacio-de-les-llengues\/","title":{"rendered":"Qualitat de l\u2019educaci\u00f3 de les lleng\u00fces"},"content":{"rendered":"\n<div class=\"wp-block-columns is-layout-flex wp-container-core-columns-is-layout-1 wp-block-columns-is-layout-flex\">\n<div class=\"wp-block-column is-layout-flow wp-block-column-is-layout-flow\" style=\"flex-basis:66.66%\">\n<p>Explora la nostra gamma de recursos i descobreix com integrar la valoraci\u00f3 de la diversitat ling\u00fc\u00edstica de manera significativa i efectiva en el teu entorn educatiu. Junts, podem contribuir a construir un m\u00f3n on es valori i es respecti la riquesa de les diferents lleng\u00fces, potenciant l\u2019enfocament comunicatiu de l\u2019aprenentatge de les lleng\u00fces curriculars del centre per adequar-lo a les necessitats comunicatives d\u2019un alumnat que viu en una societat multiling\u00fce. Aquesta secci\u00f3 est\u00e0 dedicada a proporcionar recursos did\u00e0ctics per treballar l\u2019aprenentatge de les lleng\u00fces i l\u2019habilitat en la comunicaci\u00f3. En un m\u00f3n cada cop m\u00e9s pluriling\u00fce, \u00e9s essencial promoure el respecte i la comprensi\u00f3 de les diferents lleng\u00fces i cultures. Aqu\u00ed trobar\u00e0s una ampla gamma d&#8217;eines que facilitaran la reflexi\u00f3, el di\u00e0leg i l&#8217;aprenentatge en aquest \u00e0mbit.<\/p>\n<\/div>\n\n\n\n<div class=\"wp-block-column is-layout-flow wp-block-column-is-layout-flow\" style=\"flex-basis:33.33%\">\n<div class=\"video-responsive\">\n<iframe loading=\"lazy\" width=\"560\" height=\"315\" src=\"https:\/\/www.youtube.com\/embed\/sZAbqCL0mro\" title=\"YouTube video player\" frameborder=\"0\" allow=\"accelerometer; autoplay; clipboard-write; encrypted-media; gyroscope; picture-in-picture; web-share\" allowfullscreen=\"\"><\/iframe>\n<\/div>\n<\/div>\n<\/div>\n\n\n\n<div style=\"height:27px\" aria-hidden=\"true\" class=\"wp-block-spacer\"><\/div>\n\n\n\n<h2 class=\"wp-block-heading\">La lectura liter\u00e0ria de 0 a 18 anys<\/h2>\n\n\n\n<figure class=\"wp-block-image alignright size-full is-resized\"><img loading=\"lazy\" decoding=\"async\" width=\"768\" height=\"528\" src=\"https:\/\/projectes.xtec.cat\/nou-curriculum\/wp-content\/uploads\/usu2072\/2024\/03\/pre_webinar-768x528-1.jpg\" alt=\"\" class=\"wp-image-12946\" style=\"aspect-ratio:1.4545454545454546;width:440px;height:auto\" srcset=\"https:\/\/projectes.xtec.cat\/nou-curriculum\/wp-content\/uploads\/usu2072\/2024\/03\/pre_webinar-768x528-1.jpg 768w, https:\/\/projectes.xtec.cat\/nou-curriculum\/wp-content\/uploads\/usu2072\/2024\/03\/pre_webinar-768x528-1-300x206.jpg 300w\" sizes=\"auto, (max-width: 768px) 100vw, 768px\" \/><\/figure>\n\n\n\n<p class=\"has-medium-font-size\">Per tal d\u2019acompanyar els docents en el desplegament del nou curr\u00edculum a l\u2019aula, el Departament d\u2019Educaci\u00f3 ha publicat tres&nbsp;documents d\u2019orientacions per treballar l\u2019educaci\u00f3 liter\u00e0ria en tots els nivells educatius.<\/p>\n\n\n\n<ul class=\"wp-block-list\">\n<li class=\"has-medium-font-size\">Documents publicats al Repositori Digital d\u2019Educaci\u00f3 (dossier d\u2019orientacions per al professorat i infografies):\n<ul class=\"wp-block-list\">\n<li><a href=\"https:\/\/repositori.educacio.gencat.cat\/handle\/20.500.12694\/5709#page=1\">La lectura liter\u00e0ria a infantil. Orientacions per a l\u2019ensenyament de la literatura<\/a><\/li>\n\n\n\n<li><a href=\"https:\/\/repositori.educacio.gencat.cat\/handle\/20.500.12694\/5710#page=1\">La lectura liter\u00e0ria a prim\u00e0ria. Orientacions per a l\u2019ensenyament de la literatura<\/a><\/li>\n\n\n\n<li><a href=\"https:\/\/repositori.educacio.gencat.cat\/handle\/20.500.12694\/5711#page=1\">La lectura liter\u00e0ria a ESO i batxillerat. Orientacions per a la lectura guiada. \/&nbsp;<\/a><a href=\"https:\/\/repositori.educacio.gencat.cat\/handle\/20.500.12694\/5711#page=1\">Els itineraris literaris de lectura guiada: dos exemples.<\/a><\/li>\n<\/ul>\n<\/li>\n<\/ul>\n\n\n\n<div style=\"height:29px\" aria-hidden=\"true\" class=\"wp-block-spacer\"><\/div>\n\n\n\n<div class=\"wp-block-buttons is-layout-flex wp-block-buttons-is-layout-flex\">\n<div class=\"wp-block-button has-custom-width wp-block-button__width-100 has-custom-font-size is-style-fill has-medium-font-size\"><a class=\"wp-block-button__link has-ast-global-color-5-color has-text-color has-background wp-element-button\" href=\"https:\/\/projectes.xtec.cat\/educacio-literaria\/general\/la-lectura-literaria-de-0-a-18-anys-enregistraments-i-materials-didactics\/\" style=\"background-color:#02a2a2\" target=\"_blank\" rel=\"noreferrer noopener\">Per a m\u00e9s informaci\u00f3 i acc\u00e9s a les xerrades aneu a la p\u00e0gina seg\u00fcent\u2026<\/a><\/div>\n<\/div>\n\n\n\n<div style=\"height:70px\" aria-hidden=\"true\" class=\"wp-block-spacer\"><\/div>\n\n\n\n<h2 class=\"wp-block-heading\">Nous v\u00eddeos<\/h2>\n\n\n\n<div style=\"height:15px\" aria-hidden=\"true\" class=\"wp-block-spacer\"><\/div>\n\n\n\n<div class=\"wp-block-columns is-layout-flex wp-container-core-columns-is-layout-2 wp-block-columns-is-layout-flex\">\n<div class=\"wp-block-column caixa educacio-basica is-layout-flow wp-block-column-is-layout-flow\">\n<h4 class=\"wp-block-heading has-text-align-center\">Com treballar les lleng\u00fces mitjan\u00e7ant la transfer\u00e8ncia interling\u00fc\u00edstica?<\/h4>\n\n\n\n<iframe loading=\"lazy\" width=\"560\" height=\"315\" src=\"https:\/\/www.youtube.com\/embed\/FskaY91HzNU?si=HhAGNJdnQ_wWUIPW\" title=\"YouTube video player\" frameborder=\"0\" allow=\"accelerometer; autoplay; clipboard-write; encrypted-media; gyroscope; picture-in-picture; web-share\" allowfullscreen><\/iframe>\n<\/div>\n\n\n\n<div class=\"wp-block-column caixa educacio-basica is-layout-flow wp-block-column-is-layout-flow\">\n<h4 class=\"wp-block-heading has-text-align-center\">Quins contextos estimulen l\u2019alumnat a aprendre les lleng\u00fces?<\/h4>\n\n\n\n<iframe loading=\"lazy\" width=\"560\" height=\"315\" src=\"https:\/\/www.youtube.com\/embed\/VKmaCavpJYc?si=47-grCOqnncnR95P\" title=\"YouTube video player\" frameborder=\"0\" allow=\"accelerometer; autoplay; clipboard-write; encrypted-media; gyroscope; picture-in-picture; web-share\" allowfullscreen><\/iframe>\n<\/div>\n\n\n\n<div class=\"wp-block-column caixa educacio-basica is-layout-flow wp-block-column-is-layout-flow\">\n<h4 class=\"wp-block-heading has-text-align-center\">Qu\u00e8 ha de garantir l&#8217;escola per a l&#8217;aprenentatge de la llengua?<\/h4>\n\n\n\n<iframe loading=\"lazy\" width=\"560\" height=\"315\" src=\"https:\/\/www.youtube.com\/embed\/GPQzuGKoStk?si=AJMfd1ilKcrGLhMt\" title=\"YouTube video player\" frameborder=\"0\" allow=\"accelerometer; autoplay; clipboard-write; encrypted-media; gyroscope; picture-in-picture; web-share\" allowfullscreen><\/iframe>\n<\/div>\n<\/div>\n\n\n\n<div style=\"height:60px\" aria-hidden=\"true\" class=\"wp-block-spacer\"><\/div>\n\n\n\n<div class=\"wp-block-columns is-layout-flex wp-container-core-columns-is-layout-3 wp-block-columns-is-layout-flex\">\n<div class=\"wp-block-column caixa educacio-basica is-layout-flow wp-block-column-is-layout-flow\">\n<h4 class=\"wp-block-heading has-text-align-center\">Com organitzar l&#8217;aprenentatge integrat dels continguts i la llengua estrangera?<\/h4>\n\n\n\n<iframe loading=\"lazy\" width=\"560\" height=\"315\" src=\"https:\/\/www.youtube.com\/embed\/S90lW1ovCeQ?si=C_NTVsUBeuvtdnvH\" title=\"YouTube video player\" frameborder=\"0\" allow=\"accelerometer; autoplay; clipboard-write; encrypted-media; gyroscope; picture-in-picture; web-share\" allowfullscreen><\/iframe>\n<\/div>\n\n\n\n<div class=\"wp-block-column caixa educacio-basica is-layout-flow wp-block-column-is-layout-flow\">\n<h4 class=\"wp-block-heading has-text-align-center\">Per qu\u00e8 s\u2019han d&#8217;integrar les diferents lleng\u00fces d\u2019origen?<\/h4>\n\n\n\n<iframe loading=\"lazy\" width=\"560\" height=\"315\" src=\"https:\/\/www.youtube.com\/embed\/cJtS2_1_nkw?si=eug31V-hmTrDwhMa\" title=\"YouTube video player\" frameborder=\"0\" allow=\"accelerometer; autoplay; clipboard-write; encrypted-media; gyroscope; picture-in-picture; web-share\" allowfullscreen><\/iframe>\n<\/div>\n\n\n\n<div class=\"wp-block-column is-layout-flow wp-block-column-is-layout-flow\"><\/div>\n<\/div>\n\n\n\n<div style=\"height:49px\" aria-hidden=\"true\" class=\"wp-block-spacer\"><\/div>\n","protected":false},"excerpt":{"rendered":"<p>Explora la nostra gamma de recursos i descobreix com integrar la valoraci\u00f3 de la diversitat ling\u00fc\u00edstica de manera significativa i efectiva en el teu entorn educatiu. Junts, podem contribuir a construir un m\u00f3n on es valori i es respecti la riquesa de les diferents lleng\u00fces, potenciant l\u2019enfocament comunicatiu de l\u2019aprenentatge de les lleng\u00fces curriculars del [&hellip;]<\/p>\n","protected":false},"author":7,"featured_media":0,"parent":10042,"menu_order":3,"comment_status":"closed","ping_status":"close","template":"","meta":{"_acf_changed":false,"site-sidebar-layout":"default","site-content-layout":"","ast-site-content-layout":"default","site-content-style":"default","site-sidebar-style":"default","ast-global-header-display":"","ast-banner-title-visibility":"","ast-main-header-display":"","ast-hfb-above-header-display":"","ast-hfb-below-header-display":"","ast-hfb-mobile-header-display":"","site-post-title":"","ast-breadcrumbs-content":"","ast-featured-img":"","footer-sml-layout":"","theme-transparent-header-meta":"","adv-header-id-meta":"","stick-header-meta":"","header-above-stick-meta":"","header-main-stick-meta":"","header-below-stick-meta":"","astra-migrate-meta-layouts":"set","ast-page-background-enabled":"default","ast-page-background-meta":{"desktop":{"background-color":"","background-image":"","background-repeat":"repeat","background-position":"center center","background-size":"auto","background-attachment":"scroll","background-type":"","background-media":"","overlay-type":"","overlay-color":"","overlay-opacity":"","overlay-gradient":""},"tablet":{"background-color":"","background-image":"","background-repeat":"repeat","background-position":"center center","background-size":"auto","background-attachment":"scroll","background-type":"","background-media":"","overlay-type":"","overlay-color":"","overlay-opacity":"","overlay-gradient":""},"mobile":{"background-color":"","background-image":"","background-repeat":"repeat","background-position":"center center","background-size":"auto","background-attachment":"scroll","background-type":"","background-media":"","overlay-type":"","overlay-color":"","overlay-opacity":"","overlay-gradient":""}},"ast-content-background-meta":{"desktop":{"background-color":"var(--ast-global-color-5)","background-image":"","background-repeat":"repeat","background-position":"center center","background-size":"auto","background-attachment":"scroll","background-type":"","background-media":"","overlay-type":"","overlay-color":"","overlay-opacity":"","overlay-gradient":""},"tablet":{"background-color":"var(--ast-global-color-5)","background-image":"","background-repeat":"repeat","background-position":"center center","background-size":"auto","background-attachment":"scroll","background-type":"","background-media":"","overlay-type":"","overlay-color":"","overlay-opacity":"","overlay-gradient":""},"mobile":{"background-color":"var(--ast-global-color-5)","background-image":"","background-repeat":"repeat","background-position":"center center","background-size":"auto","background-attachment":"scroll","background-type":"","background-media":"","overlay-type":"","overlay-color":"","overlay-opacity":"","overlay-gradient":""}},"footnotes":""},"class_list":["post-12983","page","type-page","status-publish","hentry"],"acf":[],"post_mailing_queue_ids":[],"_links":{"self":[{"href":"https:\/\/projectes.xtec.cat\/nou-curriculum\/wp-json\/wp\/v2\/pages\/12983","targetHints":{"allow":["GET"]}}],"collection":[{"href":"https:\/\/projectes.xtec.cat\/nou-curriculum\/wp-json\/wp\/v2\/pages"}],"about":[{"href":"https:\/\/projectes.xtec.cat\/nou-curriculum\/wp-json\/wp\/v2\/types\/page"}],"author":[{"embeddable":true,"href":"https:\/\/projectes.xtec.cat\/nou-curriculum\/wp-json\/wp\/v2\/users\/7"}],"replies":[{"embeddable":true,"href":"https:\/\/projectes.xtec.cat\/nou-curriculum\/wp-json\/wp\/v2\/comments?post=12983"}],"version-history":[{"count":6,"href":"https:\/\/projectes.xtec.cat\/nou-curriculum\/wp-json\/wp\/v2\/pages\/12983\/revisions"}],"predecessor-version":[{"id":13146,"href":"https:\/\/projectes.xtec.cat\/nou-curriculum\/wp-json\/wp\/v2\/pages\/12983\/revisions\/13146"}],"up":[{"embeddable":true,"href":"https:\/\/projectes.xtec.cat\/nou-curriculum\/wp-json\/wp\/v2\/pages\/10042"}],"wp:attachment":[{"href":"https:\/\/projectes.xtec.cat\/nou-curriculum\/wp-json\/wp\/v2\/media?parent=12983"}],"curies":[{"name":"wp","href":"https:\/\/api.w.org\/{rel}","templated":true}]}}