{"id":13064,"date":"2024-05-17T12:04:28","date_gmt":"2024-05-17T10:04:28","guid":{"rendered":"https:\/\/projectes.xtec.cat\/nou-curriculum\/?page_id=13064"},"modified":"2026-03-27T11:08:07","modified_gmt":"2026-03-27T10:08:07","slug":"documentacio-pedagogica","status":"publish","type":"page","link":"https:\/\/projectes.xtec.cat\/nou-curriculum\/educacio-infantil\/documentacio-pedagogica\/","title":{"rendered":"Documentaci\u00f3 pedag\u00f2gica"},"content":{"rendered":"\n<div style=\"height:45px\" aria-hidden=\"true\" class=\"wp-block-spacer\"><\/div>\n\n\n\n<div class=\"wp-block-columns is-layout-flex wp-container-core-columns-is-layout-1 wp-block-columns-is-layout-flex\">\n<div class=\"wp-block-column is-layout-flow wp-block-column-is-layout-flow\">\n<div style=\"height:65px\" aria-hidden=\"true\" class=\"wp-block-spacer\"><\/div>\n\n\n\n<p class=\"has-medium-font-size\">El DECRET 21\/2023 ens diu que l&#8217;avaluaci\u00f3, a l\u2019etapa d\u2019Educaci\u00f3 Infantil, ha de ser cont\u00ednua, global i formativa. L&#8217;observaci\u00f3 directa, atenta i sistem\u00e0tica, la conversa i <strong>la documentaci\u00f3 pedag\u00f2gica<\/strong> constitueixen les eines principals d\u2019aquest proc\u00e9s d&#8217;avaluaci\u00f3.<\/p>\n\n\n\n<p class=\"has-medium-font-size\">La documentaci\u00f3 pedag\u00f2gica \u00e9s una eina que ens permet <strong>prendre decisions<\/strong> i <strong>reflexionar<\/strong> sobre la nostra tasca educativa per reajustar-la i millorar-la amb criteri i a consci\u00e8ncia. La documentaci\u00f3 tamb\u00e9 permet fer visible als infants i a les seves fam\u00edlies el proc\u00e9s viscut i, al mateix temps, esdev\u00e9 una <strong>evid\u00e8ncia d\u2019aprenentatge.&nbsp;<\/strong><\/p>\n<\/div>\n\n\n\n<div class=\"wp-block-column is-layout-flow wp-block-column-is-layout-flow\">\n<figure class=\"wp-block-image aligncenter size-large is-resized\"><img loading=\"lazy\" decoding=\"async\" width=\"1020\" height=\"1024\" src=\"https:\/\/projectes.xtec.cat\/nou-curriculum\/wp-content\/uploads\/usu2072\/2024\/05\/Documentacio-pedagogica-1020x1024.png\" alt=\"\" class=\"wp-image-13123\" style=\"aspect-ratio:0.99609375;width:389px;height:auto\" srcset=\"https:\/\/projectes.xtec.cat\/nou-curriculum\/wp-content\/uploads\/usu2072\/2024\/05\/Documentacio-pedagogica-1020x1024.png 1020w, https:\/\/projectes.xtec.cat\/nou-curriculum\/wp-content\/uploads\/usu2072\/2024\/05\/Documentacio-pedagogica-300x300.png 300w, https:\/\/projectes.xtec.cat\/nou-curriculum\/wp-content\/uploads\/usu2072\/2024\/05\/Documentacio-pedagogica-150x150.png 150w, https:\/\/projectes.xtec.cat\/nou-curriculum\/wp-content\/uploads\/usu2072\/2024\/05\/Documentacio-pedagogica-768x771.png 768w, https:\/\/projectes.xtec.cat\/nou-curriculum\/wp-content\/uploads\/usu2072\/2024\/05\/Documentacio-pedagogica.png 1275w\" sizes=\"auto, (max-width: 1020px) 100vw, 1020px\" \/><\/figure>\n<\/div>\n<\/div>\n\n\n\n<div style=\"height:29px\" aria-hidden=\"true\" class=\"wp-block-spacer\"><\/div>\n\n\n\n<div style=\"height:63px\" aria-hidden=\"true\" class=\"wp-block-spacer\"><\/div>\n\n\n\n<h3 class=\"wp-block-heading\">Exemples de documentaci\u00f3 pedag\u00f2gica 0-3<\/h3>\n\n\n\n<div style=\"height:33px\" aria-hidden=\"true\" class=\"wp-block-spacer\"><\/div>\n\n\n\n<div class=\"wp-block-columns is-layout-flex wp-container-core-columns-is-layout-2 wp-block-columns-is-layout-flex\">\n<div class=\"wp-block-column caixa-link educacio-infantil is-layout-flow wp-block-column-is-layout-flow\" id=\"https:\/\/www.canva.com\/design\/DAGZuQY-2io\/CBcfMizNpMXtEBcGdAko6Q\/view?utm_content=DAGZuQY-2io&amp;utm_campaign=designshare&amp;utm_medium=link2&amp;utm_source=uniquelinks&amp;utlId=h1dd7c0bbd3\">\n<h4 class=\"wp-block-heading has-text-align-center\">L&#8217;Infant i la Natura<\/h4>\n\n\n\n<div style=\"position: relative; width: 100%; height: 0; padding-top: 70.7404%;\n padding-bottom: 0; box-shadow: 0 2px 8px 0 rgba(63,69,81,0.16); margin-top: 1.6em; margin-bottom: 0.9em; overflow: hidden;\n border-radius: 8px; will-change: transform;\">\n  <iframe loading=\"lazy\" style=\"position: absolute; width: 100%; height: 100%; top: 0; left: 0; border: none; padding: 0;margin: 0;\"\n    src=\"https:\/\/www.canva.com\/design\/DAGZuQY-2io\/CBcfMizNpMXtEBcGdAko6Q\/view?embed\" allowfullscreen=\"allowfullscreen\" allow=\"fullscreen\">\n  <\/iframe>\n<\/div>\n<a href=\"https:&#x2F;&#x2F;www.canva.com&#x2F;design&#x2F;DAGZuQY-2io&#x2F;CBcfMizNpMXtEBcGdAko6Q&#x2F;view?utm_content=DAGZuQY-2io&amp;utm_campaign=designshare&amp;utm_medium=embeds&amp;utm_source=link\" target=\"_blank\" rel=\"noopener\"><\/a>\n\n\n\n<div style=\"height:9px\" aria-hidden=\"true\" class=\"wp-block-spacer\"><\/div>\n\n\n\n<p class=\"has-text-align-center has-medium-font-size\">Llar d&#8217;Infants CU-CUT<\/p>\n<\/div>\n\n\n\n<div class=\"wp-block-column caixa-link educacio-infantil is-layout-flow wp-block-column-is-layout-flow\" id=\"https:\/\/www.canva.com\/design\/DAGZt7N7O6w\/AJNgyhUTQvOobWj57_tDpg\/view?utm_content=DAGZt7N7O6w&amp;utm_campaign=designshare&amp;utm_medium=link2&amp;utm_source=uniquelinks&amp;utlId=h351c9952d1\">\n<h4 class=\"wp-block-heading has-text-align-center\">L&#8217;argila com a font d&#8217;inspiraci\u00f3<\/h4>\n\n\n\n<div style=\"position: relative; width: 100%; height: 0; padding-top: 70.7404%;\n padding-bottom: 0; box-shadow: 0 2px 8px 0 rgba(63,69,81,0.16); margin-top: 1.6em; margin-bottom: 0.9em; overflow: hidden;\n border-radius: 8px; will-change: transform;\">\n  <iframe loading=\"lazy\" style=\"position: absolute; width: 100%; height: 100%; top: 0; left: 0; border: none; padding: 0;margin: 0;\"\n    src=\"https:\/\/www.canva.com\/design\/DAGZt7N7O6w\/AJNgyhUTQvOobWj57_tDpg\/view?embed\" allowfullscreen=\"allowfullscreen\" allow=\"fullscreen\">\n  <\/iframe>\n<\/div>\n<a href=\"https:&#x2F;&#x2F;www.canva.com&#x2F;design&#x2F;DAGZt7N7O6w&#x2F;AJNgyhUTQvOobWj57_tDpg&#x2F;view?utm_content=DAGZt7N7O6w&amp;utm_campaign=designshare&amp;utm_medium=embeds&amp;utm_source=link\" target=\"_blank\" rel=\"noopener\"><\/a>\n\n\n\n<div style=\"height:7px\" aria-hidden=\"true\" class=\"wp-block-spacer\"><\/div>\n\n\n\n<p class=\"has-text-align-center has-medium-font-size\">Llar d&#8217;Infants CU-CUT<\/p>\n<\/div>\n\n\n\n<div class=\"wp-block-column caixa-link educacio-infantil is-layout-flow wp-block-column-is-layout-flow\" id=\"https:\/\/www.canva.com\/design\/DAGZt3FmgtY\/D4I10gpWKi2V-KyMv3-AgA\/view?utm_content=DAGZt3FmgtY&amp;utm_campaign=designshare&amp;utm_medium=link2&amp;utm_source=uniquelinks&amp;utlId=h4b61334e86\">\n<h4 class=\"wp-block-heading has-text-align-center\">Un llenguatge que transcendeix les paraules<\/h4>\n\n\n\n<div style=\"position: relative; width: 100%; height: 0; padding-top: 56.2500%;\n padding-bottom: 0; box-shadow: 0 2px 8px 0 rgba(63,69,81,0.16); margin-top: 1.6em; margin-bottom: 0.9em; overflow: hidden;\n border-radius: 8px; will-change: transform;\">\n  <iframe loading=\"lazy\" style=\"position: absolute; width: 100%; height: 100%; top: 0; left: 0; border: none; padding: 0;margin: 0;\"\n    src=\"https:\/\/www.canva.com\/design\/DAGZt3FmgtY\/D4I10gpWKi2V-KyMv3-AgA\/view?embed\" allowfullscreen=\"allowfullscreen\" allow=\"fullscreen\">\n  <\/iframe>\n<\/div>\n<a href=\"https:&#x2F;&#x2F;www.canva.com&#x2F;design&#x2F;DAGZt3FmgtY&#x2F;D4I10gpWKi2V-KyMv3-AgA&#x2F;view?utm_content=DAGZt3FmgtY&amp;utm_campaign=designshare&amp;utm_medium=embeds&amp;utm_source=link\" target=\"_blank\" rel=\"noopener\"><\/a>\n\n\n\n<div style=\"height:22px\" aria-hidden=\"true\" class=\"wp-block-spacer\"><\/div>\n\n\n\n<p class=\"has-text-align-center has-medium-font-size\">Llar d&#8217;Infants CU-CUT<\/p>\n<\/div>\n<\/div>\n\n\n\n<div style=\"height:33px\" aria-hidden=\"true\" class=\"wp-block-spacer\"><\/div>\n\n\n\n<div class=\"wp-block-columns is-layout-flex wp-container-core-columns-is-layout-3 wp-block-columns-is-layout-flex\">\n<div class=\"wp-block-column caixa-link educacio-infantil is-layout-flow wp-block-column-is-layout-flow\" style=\"flex-basis:33.33%\" id=\"https:\/\/www.canva.com\/design\/DAGZt6Ywo3w\/V6xVQh0JMHbJPiR0Rkvksg\/view?utm_content=DAGZt6Ywo3w&amp;utm_campaign=designshare&amp;utm_medium=link2&amp;utm_source=uniquelinks&amp;utlId=h492ff63f35\">\n<h4 class=\"wp-block-heading has-text-align-center\">Beure aigua<\/h4>\n\n\n\n<div style=\"position: relative; width: 100%; height: 0; padding-top: 70.7404%;\n padding-bottom: 0; box-shadow: 0 2px 8px 0 rgba(63,69,81,0.16); margin-top: 1.6em; margin-bottom: 0.9em; overflow: hidden;\n border-radius: 8px; will-change: transform;\">\n  <iframe loading=\"lazy\" style=\"position: absolute; width: 100%; height: 100%; top: 0; left: 0; border: none; padding: 0;margin: 0;\"\n    src=\"https:\/\/www.canva.com\/design\/DAGZt6Ywo3w\/V6xVQh0JMHbJPiR0Rkvksg\/view?embed\" allowfullscreen=\"allowfullscreen\" allow=\"fullscreen\">\n  <\/iframe>\n<\/div>\n<a href=\"https:&#x2F;&#x2F;www.canva.com&#x2F;design&#x2F;DAGZt6Ywo3w&#x2F;V6xVQh0JMHbJPiR0Rkvksg&#x2F;view?utm_content=DAGZt6Ywo3w&amp;utm_campaign=designshare&amp;utm_medium=embeds&amp;utm_source=link\" target=\"_blank\" rel=\"noopener\"><\/a>\n\n\n\n<div style=\"height:6px\" aria-hidden=\"true\" class=\"wp-block-spacer\"><\/div>\n\n\n\n<p class=\"has-text-align-center has-medium-font-size\">Llar d&#8217;Infants CU-CUT<\/p>\n<\/div>\n\n\n\n<div class=\"wp-block-column caixa-link educacio-infantil is-layout-flow wp-block-column-is-layout-flow\" style=\"flex-basis:33.33%\" id=\"https:\/\/www.canva.com\/design\/DAGIrOPAdZw\/4EcwFpYLQYuAab_7riXt0g\/view?utm_content=DAGIrOPAdZw&amp;utm_campaign=designshare&amp;utm_medium=embeds&amp;utm_source=link\">\n<h4 class=\"wp-block-heading has-text-align-center\">Plou i fa&#8230; fang!<\/h4>\n\n\n\n<div style=\"position: relative; width: 100%; height: 0; padding-top: 56.2500%;\n padding-bottom: 0; box-shadow: 0 2px 8px 0 rgba(63,69,81,0.16); margin-top: 1.6em; margin-bottom: 0.9em; overflow: hidden;\n border-radius: 8px; will-change: transform;\">\n  <iframe loading=\"lazy\" style=\"position: absolute; width: 100%; height: 100%; top: 0; left: 0; border: none; padding: 0;margin: 0;\"\n    src=\"https:&#x2F;&#x2F;www.canva.com&#x2F;design&#x2F;DAGIrOPAdZw&#x2F;4EcwFpYLQYuAab_7riXt0g&#x2F;view?embed\" allowfullscreen=\"allowfullscreen\" allow=\"fullscreen\">\n  <\/iframe>\n<\/div>\n\n\n\n<div style=\"height:42px\" aria-hidden=\"true\" class=\"wp-block-spacer\"><\/div>\n\n\n\n<p class=\"has-text-align-center has-medium-font-size\">Escola Bressol Els Pins<\/p>\n<\/div>\n\n\n\n<div class=\"wp-block-column caixa-link educacio-infantil is-layout-flow wp-block-column-is-layout-flow\" style=\"flex-basis:33.33%\" id=\"https:\/\/www.canva.com\/design\/DAHE9CBBNF8\/2fM3Qjidfhic1HwtUgrXqw\/view\">\n<h4 class=\"wp-block-heading has-text-align-center\">Joc<\/h4>\n\n\n\n<div style=\"position: relative; width: 100%; height: 0; padding-top: 35.3333%;\n padding-bottom: 0; box-shadow: 0 2px 8px 0 rgba(63,69,81,0.16); margin-top: 1.6em; margin-bottom: 0.9em; overflow: hidden;\n border-radius: 8px; will-change: transform;\">\n  <iframe loading=\"lazy\" style=\"position: absolute; width: 100%; height: 100%; top: 0; left: 0; border: none; padding: 0;margin: 0;\"\n    src=\"https:\/\/www.canva.com\/design\/DAHE9CBBNF8\/2fM3Qjidfhic1HwtUgrXqw\/view?embed\" allowfullscreen=\"allowfullscreen\" allow=\"fullscreen\">\n  <\/iframe>\n<\/div>\n<a href=\"https:&#x2F;&#x2F;www.canva.com&#x2F;design&#x2F;DAHE9CBBNF8&#x2F;2fM3Qjidfhic1HwtUgrXqw&#x2F;view?utm_content=DAHE9CBBNF8&amp;utm_campaign=designshare&amp;utm_medium=embeds&amp;utm_source=link\" target=\"_blank\" rel=\"noopener\"><\/a>\n\n\n\n<div style=\"height:112px\" aria-hidden=\"true\" class=\"wp-block-spacer\"><\/div>\n\n\n\n<p class=\"has-text-align-center has-medium-font-size\">Escola Bressol La Cuna<\/p>\n<\/div>\n<\/div>\n\n\n\n<div style=\"height:33px\" aria-hidden=\"true\" class=\"wp-block-spacer\"><\/div>\n\n\n\n<div class=\"wp-block-columns is-layout-flex wp-container-core-columns-is-layout-4 wp-block-columns-is-layout-flex\">\n<div class=\"wp-block-column is-layout-flow wp-block-column-is-layout-flow\"><\/div>\n\n\n\n<div class=\"wp-block-column caixa-link educacio-infantil is-layout-flow wp-block-column-is-layout-flow\" id=\"https:\/\/www.canva.com\/design\/DAHE9GrCsCI\/krM0V884Xs0kM0_G8YlLGg\/view\">\n<h4 class=\"wp-block-heading has-text-align-center\">El Tra\u00e7 que parla<\/h4>\n\n\n\n<div style=\"position: relative; width: 100%; height: 0; padding-top: 56.2504%;\n padding-bottom: 0; box-shadow: 0 2px 8px 0 rgba(63,69,81,0.16); margin-top: 1.6em; margin-bottom: 0.9em; overflow: hidden;\n border-radius: 8px; will-change: transform;\">\n  <iframe loading=\"lazy\" style=\"position: absolute; width: 100%; height: 100%; top: 0; left: 0; border: none; padding: 0;margin: 0;\"\n    src=\"https:\/\/www.canva.com\/design\/DAHE9GrCsCI\/krM0V884Xs0kM0_G8YlLGg\/view?embed\" allowfullscreen=\"allowfullscreen\" allow=\"fullscreen\">\n  <\/iframe>\n<\/div>\n<a href=\"https:&#x2F;&#x2F;www.canva.com&#x2F;design&#x2F;DAHE9GrCsCI&#x2F;krM0V884Xs0kM0_G8YlLGg&#x2F;view?utm_content=DAHE9GrCsCI&amp;utm_campaign=designshare&amp;utm_medium=embeds&amp;utm_source=link\" target=\"_blank\" rel=\"noopener\"><\/a>\n\n\n\n<div style=\"height:10px\" aria-hidden=\"true\" class=\"wp-block-spacer\"><\/div>\n\n\n\n<p class=\"has-text-align-center has-medium-font-size\">Escola bressol de Cabrils<\/p>\n<\/div>\n\n\n\n<div class=\"wp-block-column is-layout-flow wp-block-column-is-layout-flow\"><\/div>\n<\/div>\n\n\n\n<div style=\"height:33px\" aria-hidden=\"true\" class=\"wp-block-spacer\"><\/div>\n\n\n\n<h3 class=\"wp-block-heading\">Exemples de documentaci\u00f3 pedag\u00f2gica 3-6<\/h3>\n\n\n\n<div style=\"height:33px\" aria-hidden=\"true\" class=\"wp-block-spacer\"><\/div>\n\n\n\n<div style=\"height:32px\" aria-hidden=\"true\" class=\"wp-block-spacer\"><\/div>\n\n\n\n<div class=\"wp-block-columns is-layout-flex wp-container-core-columns-is-layout-5 wp-block-columns-is-layout-flex\">\n<div class=\"wp-block-column caixa-link educacio-infantil is-layout-flow wp-block-column-is-layout-flow\" style=\"flex-basis:33%\" id=\"https:\/\/www.canva.com\/design\/DAGEz4N7ZTA\/hnLOcBElgmVBAzwlq7Ikpw\/view?utm_content=DAGEz4N7ZTA&amp;utm_campaign=designshare&amp;utm_medium=embeds&amp;utm_source=link\">\n<h4 class=\"wp-block-heading has-text-align-center\">Tanquem l&#8217;aixeta a la sequera<\/h4>\n\n\n\n<div style=\"height:41px\" aria-hidden=\"true\" class=\"wp-block-spacer\"><\/div>\n\n\n\n<div style=\"position: relative; width: 100%; height: 0; padding-top: 56.2500%;\n padding-bottom: 0; box-shadow: 0 2px 8px 0 rgba(63,69,81,0.16); margin-top: 1.6em; margin-bottom: 0.9em; overflow: hidden;\n border-radius: 8px; will-change: transform;\">\n  <iframe loading=\"lazy\" style=\"position: absolute; width: 100%; height: 100%; top: 0; left: 0; border: none; padding: 0;margin: 0;\"\n    src=\"https:&#x2F;&#x2F;www.canva.com&#x2F;design&#x2F;DAGEz4N7ZTA&#x2F;hnLOcBElgmVBAzwlq7Ikpw&#x2F;view?embed\" allowfullscreen=\"allowfullscreen\" allow=\"fullscreen\">\n  <\/iframe>\n<\/div>\n<a href=\"https:&#x2F;&#x2F;www.canva.com&#x2F;design&#x2F;DAGEz4N7ZTA&#x2F;hnLOcBElgmVBAzwlq7Ikpw&#x2F;view?utm_content=DAGEz4N7ZTA&amp;utm_campaign=designshare&amp;utm_medium=embeds&amp;utm_source=link\" target=\"_blank\" rel=\"noopener\"><\/a>\n\n\n\n<p class=\"has-text-align-center has-medium-font-size\">Escola Vedruna \u00c0ngels<\/p>\n<\/div>\n\n\n\n<div class=\"wp-block-column caixa-link educacio-infantil is-layout-flow wp-block-column-is-layout-flow\">\n<h4 class=\"wp-block-heading has-text-align-center\">Reciclem l&#8217;aigua<\/h4>\n\n\n\n<div style=\"height:46px\" aria-hidden=\"true\" class=\"wp-block-spacer\"><\/div>\n\n\n\n<iframe loading=\"lazy\" width=\"560\" height=\"315\" src=\"https:\/\/www.youtube.com\/embed\/FzBp2brdQuU?si=1hfX9PMp2w2RHroZ\" title=\"YouTube video player\" frameborder=\"0\" allow=\"accelerometer; autoplay; clipboard-write; encrypted-media; gyroscope; picture-in-picture; web-share\" referrerpolicy=\"strict-origin-when-cross-origin\" allowfullscreen><\/iframe>\n\n\n\n<p class=\"has-text-align-center has-medium-font-size\">Escola Plat\u00f3n i Sart\u00ed<\/p>\n<\/div>\n\n\n\n<div class=\"wp-block-column caixa-link educacio-infantil is-layout-flow wp-block-column-is-layout-flow\" style=\"flex-basis:33%\" id=\"https:\/\/www.canva.com\/design\/DAGEzwEXCJQ\/nqLoveFVgikkcseQRpXJ5w\/view?utm_content=DAGEzwEXCJQ&amp;utm_campaign=designshare&amp;utm_medium=embeds&amp;utm_source=link\">\n<h4 class=\"wp-block-heading has-text-align-center\">Recuperem l&#8217;aigua<\/h4>\n\n\n\n<div style=\"height:46px\" aria-hidden=\"true\" class=\"wp-block-spacer\"><\/div>\n\n\n\n<div style=\"position: relative; width: 100%; height: 0; padding-top: 56.2225%;\n padding-bottom: 0; box-shadow: 0 2px 8px 0 rgba(63,69,81,0.16); margin-top: 1.6em; margin-bottom: 0.9em; overflow: hidden;\n border-radius: 8px; will-change: transform;\">\n  <iframe loading=\"lazy\" style=\"position: absolute; width: 100%; height: 100%; top: 0; left: 0; border: none; padding: 0;margin: 0;\"\n    src=\"https:&#x2F;&#x2F;www.canva.com&#x2F;design&#x2F;DAGEzwEXCJQ&#x2F;nqLoveFVgikkcseQRpXJ5w&#x2F;view?embed\" allowfullscreen=\"allowfullscreen\" allow=\"fullscreen\">\n  <\/iframe>\n<\/div>\n<a href=\"https:&#x2F;&#x2F;www.canva.com&#x2F;design&#x2F;DAGEzwEXCJQ&#x2F;nqLoveFVgikkcseQRpXJ5w&#x2F;view?utm_content=DAGEzwEXCJQ&amp;utm_campaign=designshare&amp;utm_medium=embeds&amp;utm_source=link\" target=\"_blank\" rel=\"noopener\"><\/a>\n\n\n\n<p class=\"has-text-align-center has-medium-font-size\">Escola Ciutat d&#8217;Alba<\/p>\n<\/div>\n<\/div>\n\n\n\n<div style=\"height:41px\" aria-hidden=\"true\" class=\"wp-block-spacer\"><\/div>\n\n\n\n<div class=\"wp-block-columns is-layout-flex wp-container-core-columns-is-layout-6 wp-block-columns-is-layout-flex\">\n<div class=\"wp-block-column caixa-link educacio-infantil is-layout-flow wp-block-column-is-layout-flow\" style=\"flex-basis:33%\" id=\"https:\/\/www.canva.com\/design\/DAHBAYzgAW4\/LDrtgAPqNmS5upewSbU3vw\/view\">\n<h4 class=\"wp-block-heading has-text-align-center\">Buf i pr\u00e0xies bucofonat\u00f2ries.<\/h4>\n\n\n\n<div style=\"height:46px\" aria-hidden=\"true\" class=\"wp-block-spacer\"><\/div>\n\n\n\n<div style=\"position: relative; width: 100%; height: 0; padding-top: 56.2500%;\n padding-bottom: 0; box-shadow: 0 2px 8px 0 rgba(63,69,81,0.16); margin-top: 1.6em; margin-bottom: 0.9em; overflow: hidden;\n border-radius: 8px; will-change: transform;\">\n  <iframe loading=\"lazy\" style=\"position: absolute; width: 100%; height: 100%; top: 0; left: 0; border: none; padding: 0;margin: 0;\"\n    src=\"https:\/\/www.canva.com\/design\/DAHBAYzgAW4\/LDrtgAPqNmS5upewSbU3vw\/view?embed\" allowfullscreen=\"allowfullscreen\" allow=\"fullscreen\">\n  <\/iframe>\n<\/div>\n<a href=\"https:&#x2F;&#x2F;www.canva.com&#x2F;design&#x2F;DAHBAYzgAW4&#x2F;LDrtgAPqNmS5upewSbU3vw&#x2F;view?utm_content=DAHBAYzgAW4&amp;utm_campaign=designshare&amp;utm_medium=embeds&amp;utm_source=link\" target=\"_blank\" rel=\"noopener\"><\/a>\n\n\n\n<p class=\"has-text-align-center has-medium-font-size\">Escola Vilanova de Segri\u00e0<\/p>\n<\/div>\n\n\n\n<div class=\"wp-block-column caixa-link educacio-infantil is-layout-flow wp-block-column-is-layout-flow\" style=\"flex-basis:33%\" id=\"https:\/\/www.canva.com\/design\/DAHBAKAwy_w\/Hfkd0pUnIrrWYi3NL55snw\/view\">\n<h4 class=\"wp-block-heading has-text-align-center\">Aqu\u00ed juguen i prou?<\/h4>\n\n\n\n<div style=\"position: relative; width: 100%; height: 0; padding-top: 141.4286%;\n padding-bottom: 0; box-shadow: 0 2px 8px 0 rgba(63,69,81,0.16); margin-top: 1.6em; margin-bottom: 0.9em; overflow: hidden;\n border-radius: 8px; will-change: transform;\">\n  <iframe loading=\"lazy\" style=\"position: absolute; width: 100%; height: 100%; top: 0; left: 0; border: none; padding: 0;margin: 0;\"\n    src=\"https:\/\/www.canva.com\/design\/DAHBAKAwy_w\/Hfkd0pUnIrrWYi3NL55snw\/view?embed\" allowfullscreen=\"allowfullscreen\" allow=\"fullscreen\">\n  <\/iframe>\n<\/div>\n<a href=\"https:&#x2F;&#x2F;www.canva.com&#x2F;design&#x2F;DAHBAKAwy_w&#x2F;Hfkd0pUnIrrWYi3NL55snw&#x2F;view?utm_content=DAHBAKAwy_w&amp;utm_campaign=designshare&amp;utm_medium=embeds&amp;utm_source=link\" target=\"_blank\" rel=\"noopener\"><\/a>\n\n\n\n<p class=\"has-text-align-center has-medium-font-size\">Escola Volerany<\/p>\n<\/div>\n\n\n\n<div class=\"wp-block-column caixa-link educacio-infantil is-layout-flow wp-block-column-is-layout-flow\" id=\"https:\/\/www.canva.com\/design\/DAHBAMrh1jo\/i-Q80ztsHQC2B79zPusP9g\/view\">\n<h4 class=\"wp-block-heading has-text-align-center\">L&#8217;ambient de ci\u00e8ncies: un laboratori de raonament<\/h4>\n\n\n\n<div style=\"position: relative; width: 100%; height: 0; padding-top: 70.7071%;\n padding-bottom: 0; box-shadow: 0 2px 8px 0 rgba(63,69,81,0.16); margin-top: 1.6em; margin-bottom: 0.9em; overflow: hidden;\n border-radius: 8px; will-change: transform;\">\n  <iframe loading=\"lazy\" style=\"position: absolute; width: 100%; height: 100%; top: 0; left: 0; border: none; padding: 0;margin: 0;\"\n    src=\"https:\/\/www.canva.com\/design\/DAHBAMrh1jo\/i-Q80ztsHQC2B79zPusP9g\/view?embed\" allowfullscreen=\"allowfullscreen\" allow=\"fullscreen\">\n  <\/iframe>\n<\/div>\n<a href=\"https:&#x2F;&#x2F;www.canva.com&#x2F;design&#x2F;DAHBAMrh1jo&#x2F;i-Q80ztsHQC2B79zPusP9g&#x2F;view?utm_content=DAHBAMrh1jo&amp;utm_campaign=designshare&amp;utm_medium=embeds&amp;utm_source=link\" target=\"_blank\" rel=\"noopener\"><\/a>\n\n\n\n<p class=\"has-text-align-center has-medium-font-size\">Escola Jaume I<\/p>\n<\/div>\n<\/div>\n\n\n\n<div style=\"height:53px\" aria-hidden=\"true\" class=\"wp-block-spacer\"><\/div>\n","protected":false},"excerpt":{"rendered":"<p>El DECRET 21\/2023 ens diu que l&#8217;avaluaci\u00f3, a l\u2019etapa d\u2019Educaci\u00f3 Infantil, ha de ser cont\u00ednua, global i formativa. L&#8217;observaci\u00f3 directa, atenta i sistem\u00e0tica, la conversa i la documentaci\u00f3 pedag\u00f2gica constitueixen les eines principals d\u2019aquest proc\u00e9s d&#8217;avaluaci\u00f3. La documentaci\u00f3 pedag\u00f2gica \u00e9s una eina que ens permet prendre decisions i reflexionar sobre la nostra tasca educativa per [&hellip;]<\/p>\n","protected":false},"author":8,"featured_media":0,"parent":8252,"menu_order":4,"comment_status":"closed","ping_status":"close","template":"","meta":{"_acf_changed":false,"site-sidebar-layout":"default","site-content-layout":"","ast-site-content-layout":"default","site-content-style":"default","site-sidebar-style":"default","ast-global-header-display":"","ast-banner-title-visibility":"","ast-main-header-display":"","ast-hfb-above-header-display":"","ast-hfb-below-header-display":"","ast-hfb-mobile-header-display":"","site-post-title":"","ast-breadcrumbs-content":"","ast-featured-img":"","footer-sml-layout":"","theme-transparent-header-meta":"","adv-header-id-meta":"","stick-header-meta":"","header-above-stick-meta":"","header-main-stick-meta":"","header-below-stick-meta":"","astra-migrate-meta-layouts":"set","ast-page-background-enabled":"default","ast-page-background-meta":{"desktop":{"background-color":"","background-image":"","background-repeat":"repeat","background-position":"center center","background-size":"auto","background-attachment":"scroll","background-type":"","background-media":"","overlay-type":"","overlay-color":"","overlay-opacity":"","overlay-gradient":""},"tablet":{"background-color":"","background-image":"","background-repeat":"repeat","background-position":"center center","background-size":"auto","background-attachment":"scroll","background-type":"","background-media":"","overlay-type":"","overlay-color":"","overlay-opacity":"","overlay-gradient":""},"mobile":{"background-color":"","background-image":"","background-repeat":"repeat","background-position":"center center","background-size":"auto","background-attachment":"scroll","background-type":"","background-media":"","overlay-type":"","overlay-color":"","overlay-opacity":"","overlay-gradient":""}},"ast-content-background-meta":{"desktop":{"background-color":"var(--ast-global-color-5)","background-image":"","background-repeat":"repeat","background-position":"center center","background-size":"auto","background-attachment":"scroll","background-type":"","background-media":"","overlay-type":"","overlay-color":"","overlay-opacity":"","overlay-gradient":""},"tablet":{"background-color":"var(--ast-global-color-5)","background-image":"","background-repeat":"repeat","background-position":"center center","background-size":"auto","background-attachment":"scroll","background-type":"","background-media":"","overlay-type":"","overlay-color":"","overlay-opacity":"","overlay-gradient":""},"mobile":{"background-color":"var(--ast-global-color-5)","background-image":"","background-repeat":"repeat","background-position":"center center","background-size":"auto","background-attachment":"scroll","background-type":"","background-media":"","overlay-type":"","overlay-color":"","overlay-opacity":"","overlay-gradient":""}},"footnotes":""},"class_list":["post-13064","page","type-page","status-publish","hentry"],"acf":[],"post_mailing_queue_ids":[],"_links":{"self":[{"href":"https:\/\/projectes.xtec.cat\/nou-curriculum\/wp-json\/wp\/v2\/pages\/13064","targetHints":{"allow":["GET"]}}],"collection":[{"href":"https:\/\/projectes.xtec.cat\/nou-curriculum\/wp-json\/wp\/v2\/pages"}],"about":[{"href":"https:\/\/projectes.xtec.cat\/nou-curriculum\/wp-json\/wp\/v2\/types\/page"}],"author":[{"embeddable":true,"href":"https:\/\/projectes.xtec.cat\/nou-curriculum\/wp-json\/wp\/v2\/users\/8"}],"replies":[{"embeddable":true,"href":"https:\/\/projectes.xtec.cat\/nou-curriculum\/wp-json\/wp\/v2\/comments?post=13064"}],"version-history":[{"count":5,"href":"https:\/\/projectes.xtec.cat\/nou-curriculum\/wp-json\/wp\/v2\/pages\/13064\/revisions"}],"predecessor-version":[{"id":16773,"href":"https:\/\/projectes.xtec.cat\/nou-curriculum\/wp-json\/wp\/v2\/pages\/13064\/revisions\/16773"}],"up":[{"embeddable":true,"href":"https:\/\/projectes.xtec.cat\/nou-curriculum\/wp-json\/wp\/v2\/pages\/8252"}],"wp:attachment":[{"href":"https:\/\/projectes.xtec.cat\/nou-curriculum\/wp-json\/wp\/v2\/media?parent=13064"}],"curies":[{"name":"wp","href":"https:\/\/api.w.org\/{rel}","templated":true}]}}