{"id":13955,"date":"2024-10-09T07:37:17","date_gmt":"2024-10-09T05:37:17","guid":{"rendered":"https:\/\/projectes.xtec.cat\/nou-curriculum\/?page_id=13955"},"modified":"2024-11-13T13:22:18","modified_gmt":"2024-11-13T12:22:18","slug":"mapa-curricular-inf","status":"publish","type":"page","link":"https:\/\/projectes.xtec.cat\/nou-curriculum\/mapa-curricular-inf\/","title":{"rendered":"Mapa curricular"},"content":{"rendered":"\n<div style=\"height:40px\" aria-hidden=\"true\" class=\"wp-block-spacer\"><\/div>\n\n\n\n<div class=\"wp-block-columns caixa is-layout-flex wp-container-core-columns-is-layout-1 wp-block-columns-is-layout-flex\">\n<div class=\"wp-block-column is-layout-flow wp-block-column-is-layout-flow\" style=\"flex-basis:33.33%\">\n<div style=\"height:5px\" aria-hidden=\"true\" class=\"wp-block-spacer\"><\/div>\n\n\n\n<figure class=\"wp-block-image size-full\"><a href=\"https:\/\/projectes.xtec.cat\/nou-curriculum\/wp-content\/uploads\/usu2072\/2024\/10\/Mapa-curricular-infantil-2.png\"><img loading=\"lazy\" decoding=\"async\" width=\"629\" height=\"420\" src=\"https:\/\/projectes.xtec.cat\/nou-curriculum\/wp-content\/uploads\/usu2072\/2024\/10\/Mapa-curricular-infantil-2.png\" alt=\"\" class=\"wp-image-14043\" srcset=\"https:\/\/projectes.xtec.cat\/nou-curriculum\/wp-content\/uploads\/usu2072\/2024\/10\/Mapa-curricular-infantil-2.png 629w, https:\/\/projectes.xtec.cat\/nou-curriculum\/wp-content\/uploads\/usu2072\/2024\/10\/Mapa-curricular-infantil-2-300x200.png 300w\" sizes=\"auto, (max-width: 629px) 100vw, 629px\" \/><\/a><\/figure>\n<\/div>\n\n\n\n<div class=\"wp-block-column is-layout-flow wp-block-column-is-layout-flow\" style=\"flex-basis:66.66%\">\n<div style=\"height:86px\" aria-hidden=\"true\" class=\"wp-block-spacer\"><\/div>\n\n\n\n<h5 class=\"wp-block-heading\">El mapa curricular \u00e9s una eina de presentaci\u00f3 dels elements curriculars que pot ser \u00fatil per analitzar fins a quin punt els aprenentatges que s\u2019estan desenvolupant a l\u2019escola es corresponen amb els que recull el curr\u00edculum i decidir, de manera col\u00b7legiada, com es poden incorporar aquells aprenentatges que pensem que no hi s\u00f3n presents. Tamb\u00e9 proporciona una lectura dels sabers i dels criteris d\u2019avaluaci\u00f3 de manera progressiva. Finalment, pot ser \u00fatil per facilitar la presa de decisions als equips docents en l\u2019elaboraci\u00f3 dels plans de suport individualitzat.<\/h5>\n<\/div>\n<\/div>\n\n\n\n<div style=\"height:25px\" aria-hidden=\"true\" class=\"wp-block-spacer\"><\/div>\n\n\n\n<div class=\"wp-block-columns is-layout-flex wp-container-core-columns-is-layout-2 wp-block-columns-is-layout-flex\">\n<div class=\"wp-block-column is-layout-flow wp-block-column-is-layout-flow\"><\/div>\n\n\n\n<div class=\"wp-block-column caixa-link has-background is-layout-flow wp-block-column-is-layout-flow\" style=\"background-color:#7474c1;flex-basis:50%\" id=\"https:\/\/projectes.xtec.cat\/nou-curriculum\/wp-content\/uploads\/usu2072\/2024\/10\/Document_suport_mapa_curricular_EI.pdf\">\n<figure class=\"wp-block-image alignright size-full is-resized\"><a href=\"https:\/\/projectes.xtec.cat\/nou-curriculum\/wp-content\/uploads\/usu2072\/2024\/10\/icono-guia-infantil.png\"><img loading=\"lazy\" decoding=\"async\" width=\"512\" height=\"512\" src=\"https:\/\/projectes.xtec.cat\/nou-curriculum\/wp-content\/uploads\/usu2072\/2024\/10\/icono-guia-infantil.png\" alt=\"\" class=\"wp-image-13972\" style=\"width:100px\" srcset=\"https:\/\/projectes.xtec.cat\/nou-curriculum\/wp-content\/uploads\/usu2072\/2024\/10\/icono-guia-infantil.png 512w, https:\/\/projectes.xtec.cat\/nou-curriculum\/wp-content\/uploads\/usu2072\/2024\/10\/icono-guia-infantil-300x300.png 300w, https:\/\/projectes.xtec.cat\/nou-curriculum\/wp-content\/uploads\/usu2072\/2024\/10\/icono-guia-infantil-150x150.png 150w\" sizes=\"auto, (max-width: 512px) 100vw, 512px\" \/><\/a><\/figure>\n\n\n\n<p class=\"has-ast-global-color-5-color has-text-color has-link-color has-large-font-size wp-elements-3755cee3e27347b059311aef26273c5a\">Guia infantil<\/p>\n<\/div>\n\n\n\n<div class=\"wp-block-column is-layout-flow wp-block-column-is-layout-flow\"><\/div>\n<\/div>\n\n\n\n<div style=\"height:51px\" aria-hidden=\"true\" class=\"wp-block-spacer\"><\/div>\n\n\n\n<div class=\"wp-block-columns is-layout-flex wp-container-core-columns-is-layout-3 wp-block-columns-is-layout-flex\">\n<div class=\"wp-block-column caixa-link has-background is-layout-flow wp-block-column-is-layout-flow\" style=\"background-color:#7474c1;flex-basis:30%\" id=\"https:\/\/docs.google.com\/spreadsheets\/d\/1RuJSKGzdDpWZyl192qQuc2Amn5n44C9fUvjZWXnlFzY\/template\/preview\">\n<figure class=\"wp-block-image alignright size-full is-resized\"><a href=\"https:\/\/projectes.xtec.cat\/nou-curriculum\/wp-content\/uploads\/usu2072\/2024\/10\/mapa-curricular-infantil.png\"><img loading=\"lazy\" decoding=\"async\" width=\"512\" height=\"512\" src=\"https:\/\/projectes.xtec.cat\/nou-curriculum\/wp-content\/uploads\/usu2072\/2024\/10\/mapa-curricular-infantil.png\" alt=\"\" class=\"wp-image-13971\" style=\"width:100px\" srcset=\"https:\/\/projectes.xtec.cat\/nou-curriculum\/wp-content\/uploads\/usu2072\/2024\/10\/mapa-curricular-infantil.png 512w, https:\/\/projectes.xtec.cat\/nou-curriculum\/wp-content\/uploads\/usu2072\/2024\/10\/mapa-curricular-infantil-300x300.png 300w, https:\/\/projectes.xtec.cat\/nou-curriculum\/wp-content\/uploads\/usu2072\/2024\/10\/mapa-curricular-infantil-150x150.png 150w\" sizes=\"auto, (max-width: 512px) 100vw, 512px\" \/><\/a><\/figure>\n\n\n\n<p class=\"has-text-align-center has-ast-global-color-5-color has-text-color has-link-color wp-elements-f1460fa03a948e163adfaf32ee01cdfa\" style=\"font-size:23px\">Mapa curricular 0 &#8211; 6<\/p>\n<\/div>\n\n\n\n<div class=\"wp-block-column is-layout-flow wp-block-column-is-layout-flow\" style=\"flex-basis:5%\"><\/div>\n\n\n\n<div class=\"wp-block-column caixa-link has-background is-layout-flow wp-block-column-is-layout-flow\" style=\"background-color:#aaaae3;flex-basis:30%\" id=\"https:\/\/docs.google.com\/spreadsheets\/d\/1Ts-jjGfQ5SPNN1LNUKdHRuFpRRHeKTuJU2Qy1GgDX3k\/template\/preview\">\n<figure class=\"wp-block-image alignright size-full is-resized\"><a href=\"https:\/\/projectes.xtec.cat\/nou-curriculum\/wp-content\/uploads\/usu2072\/2024\/11\/mapa-curricular-infantil-lila-fluix.png\"><img loading=\"lazy\" decoding=\"async\" width=\"300\" height=\"300\" src=\"https:\/\/projectes.xtec.cat\/nou-curriculum\/wp-content\/uploads\/usu2072\/2024\/11\/mapa-curricular-infantil-lila-fluix.png\" alt=\"\" class=\"wp-image-14346\" style=\"object-fit:cover;width:100px;height:100px\" srcset=\"https:\/\/projectes.xtec.cat\/nou-curriculum\/wp-content\/uploads\/usu2072\/2024\/11\/mapa-curricular-infantil-lila-fluix.png 300w, https:\/\/projectes.xtec.cat\/nou-curriculum\/wp-content\/uploads\/usu2072\/2024\/11\/mapa-curricular-infantil-lila-fluix-150x150.png 150w\" sizes=\"auto, (max-width: 300px) 100vw, 300px\" \/><\/a><\/figure>\n\n\n\n<p class=\"has-text-align-center has-ast-global-color-5-color has-text-color has-link-color wp-elements-4d638fdc184bc58df46d985b6feccd2e\" style=\"font-size:23px\">Mapa curricular 0 &#8211; 3<\/p>\n<\/div>\n\n\n\n<div class=\"wp-block-column is-layout-flow wp-block-column-is-layout-flow\" style=\"flex-basis:5%\"><\/div>\n\n\n\n<div class=\"wp-block-column caixa-link has-background is-layout-flow wp-block-column-is-layout-flow\" style=\"background-color:#aaaae3;flex-basis:30%\" id=\"https:\/\/docs.google.com\/spreadsheets\/d\/18gGDCM0yh6KADDB_pGeo1jYssMRf51Qpml2iJaWun7k\/template\/preview\">\n<figure class=\"wp-block-image alignright size-full is-resized\"><a href=\"https:\/\/projectes.xtec.cat\/nou-curriculum\/wp-content\/uploads\/usu2072\/2024\/11\/mapa-curricular-infantil-lila-fluix.png\"><img loading=\"lazy\" decoding=\"async\" width=\"300\" height=\"300\" src=\"https:\/\/projectes.xtec.cat\/nou-curriculum\/wp-content\/uploads\/usu2072\/2024\/11\/mapa-curricular-infantil-lila-fluix.png\" alt=\"\" class=\"wp-image-14346\" style=\"width:100px\" srcset=\"https:\/\/projectes.xtec.cat\/nou-curriculum\/wp-content\/uploads\/usu2072\/2024\/11\/mapa-curricular-infantil-lila-fluix.png 300w, https:\/\/projectes.xtec.cat\/nou-curriculum\/wp-content\/uploads\/usu2072\/2024\/11\/mapa-curricular-infantil-lila-fluix-150x150.png 150w\" sizes=\"auto, (max-width: 300px) 100vw, 300px\" \/><\/a><\/figure>\n\n\n\n<p class=\"has-text-align-center has-ast-global-color-5-color has-text-color has-link-color wp-elements-6bd53ddb4f3c192cf4ef2e4244838f28\" style=\"font-size:23px\">Mapa curricular 3 &#8211; 6<\/p>\n<\/div>\n<\/div>\n\n\n\n<div style=\"height:36px\" aria-hidden=\"true\" class=\"wp-block-spacer\"><\/div>\n\n\n\n<div class=\"wp-block-columns is-layout-flex wp-container-core-columns-is-layout-4 wp-block-columns-is-layout-flex\">\n<div class=\"wp-block-column is-layout-flow wp-block-column-is-layout-flow\" style=\"flex-basis:10%\"><\/div>\n\n\n\n<div class=\"wp-block-column caixa has-background is-layout-flow wp-block-column-is-layout-flow\" style=\"background-color:#7474c1\">\n<iframe loading=\"lazy\" src=\"https:\/\/docs.google.com\/presentation\/d\/e\/2PACX-1vTJxRUXRwExD-4qlSOJgIJVDvKazd82wqm4DlwHnkyn1Paq8bR0HGsllPWNGjfUwQ2BcovImcZRKYFl\/embed?start=true&#038;loop=false&#038;delayms=3000\" frameborder=\"0\" width=\"960\" height=\"569\" allowfullscreen=\"true\" mozallowfullscreen=\"true\" webkitallowfullscreen=\"true\"><\/iframe>\n<\/div>\n\n\n\n<div class=\"wp-block-column is-layout-flow wp-block-column-is-layout-flow\" style=\"flex-basis:10%\"><\/div>\n<\/div>\n","protected":false},"excerpt":{"rendered":"<p>El mapa curricular \u00e9s una eina de presentaci\u00f3 dels elements curriculars que pot ser \u00fatil per analitzar fins a quin punt els aprenentatges que s\u2019estan desenvolupant a l\u2019escola es corresponen amb els que recull el curr\u00edculum i decidir, de manera col\u00b7legiada, com es poden incorporar aquells aprenentatges que pensem que no hi s\u00f3n presents. Tamb\u00e9 [&hellip;]<\/p>\n","protected":false},"author":8,"featured_media":0,"parent":0,"menu_order":0,"comment_status":"closed","ping_status":"close","template":"","meta":{"_acf_changed":false,"site-sidebar-layout":"default","site-content-layout":"","ast-site-content-layout":"default","site-content-style":"default","site-sidebar-style":"default","ast-global-header-display":"","ast-banner-title-visibility":"","ast-main-header-display":"","ast-hfb-above-header-display":"","ast-hfb-below-header-display":"","ast-hfb-mobile-header-display":"","site-post-title":"","ast-breadcrumbs-content":"","ast-featured-img":"","footer-sml-layout":"","theme-transparent-header-meta":"","adv-header-id-meta":"","stick-header-meta":"","header-above-stick-meta":"","header-main-stick-meta":"","header-below-stick-meta":"","astra-migrate-meta-layouts":"set","ast-page-background-enabled":"default","ast-page-background-meta":{"desktop":{"background-color":"","background-image":"","background-repeat":"repeat","background-position":"center center","background-size":"auto","background-attachment":"scroll","background-type":"","background-media":"","overlay-type":"","overlay-color":"","overlay-opacity":"","overlay-gradient":""},"tablet":{"background-color":"","background-image":"","background-repeat":"repeat","background-position":"center center","background-size":"auto","background-attachment":"scroll","background-type":"","background-media":"","overlay-type":"","overlay-color":"","overlay-opacity":"","overlay-gradient":""},"mobile":{"background-color":"","background-image":"","background-repeat":"repeat","background-position":"center center","background-size":"auto","background-attachment":"scroll","background-type":"","background-media":"","overlay-type":"","overlay-color":"","overlay-opacity":"","overlay-gradient":""}},"ast-content-background-meta":{"desktop":{"background-color":"var(--ast-global-color-5)","background-image":"","background-repeat":"repeat","background-position":"center center","background-size":"auto","background-attachment":"scroll","background-type":"","background-media":"","overlay-type":"","overlay-color":"","overlay-opacity":"","overlay-gradient":""},"tablet":{"background-color":"var(--ast-global-color-5)","background-image":"","background-repeat":"repeat","background-position":"center center","background-size":"auto","background-attachment":"scroll","background-type":"","background-media":"","overlay-type":"","overlay-color":"","overlay-opacity":"","overlay-gradient":""},"mobile":{"background-color":"var(--ast-global-color-5)","background-image":"","background-repeat":"repeat","background-position":"center center","background-size":"auto","background-attachment":"scroll","background-type":"","background-media":"","overlay-type":"","overlay-color":"","overlay-opacity":"","overlay-gradient":""}},"footnotes":""},"class_list":["post-13955","page","type-page","status-publish","hentry"],"acf":[],"post_mailing_queue_ids":[],"_links":{"self":[{"href":"https:\/\/projectes.xtec.cat\/nou-curriculum\/wp-json\/wp\/v2\/pages\/13955","targetHints":{"allow":["GET"]}}],"collection":[{"href":"https:\/\/projectes.xtec.cat\/nou-curriculum\/wp-json\/wp\/v2\/pages"}],"about":[{"href":"https:\/\/projectes.xtec.cat\/nou-curriculum\/wp-json\/wp\/v2\/types\/page"}],"author":[{"embeddable":true,"href":"https:\/\/projectes.xtec.cat\/nou-curriculum\/wp-json\/wp\/v2\/users\/8"}],"replies":[{"embeddable":true,"href":"https:\/\/projectes.xtec.cat\/nou-curriculum\/wp-json\/wp\/v2\/comments?post=13955"}],"version-history":[{"count":5,"href":"https:\/\/projectes.xtec.cat\/nou-curriculum\/wp-json\/wp\/v2\/pages\/13955\/revisions"}],"predecessor-version":[{"id":14347,"href":"https:\/\/projectes.xtec.cat\/nou-curriculum\/wp-json\/wp\/v2\/pages\/13955\/revisions\/14347"}],"wp:attachment":[{"href":"https:\/\/projectes.xtec.cat\/nou-curriculum\/wp-json\/wp\/v2\/media?parent=13955"}],"curies":[{"name":"wp","href":"https:\/\/api.w.org\/{rel}","templated":true}]}}