{"id":14095,"date":"2024-10-20T18:02:43","date_gmt":"2024-10-20T16:02:43","guid":{"rendered":"https:\/\/projectes.xtec.cat\/nou-curriculum\/?page_id=14095"},"modified":"2025-11-12T14:00:32","modified_gmt":"2025-11-12T13:00:32","slug":"reptes-actualitzacio-cientifica","status":"publish","type":"page","link":"https:\/\/projectes.xtec.cat\/nou-curriculum\/batxillerat\/reptes-actuals-de-les-ciencies\/reptes-actualitzacio-cientifica\/","title":{"rendered":"Reptes actuals de les ci\u00e8ncies 24-25"},"content":{"rendered":"\n<figure class=\"wp-block-image aligncenter size-full is-resized is-style-default\"><a href=\"https:\/\/projectes.xtec.cat\/nou-curriculum\/wp-content\/uploads\/usu2072\/2024\/10\/connexions.jpg\"><img loading=\"lazy\" decoding=\"async\" width=\"744\" height=\"132\" src=\"https:\/\/projectes.xtec.cat\/nou-curriculum\/wp-content\/uploads\/usu2072\/2024\/10\/connexions.jpg\" alt=\"\" class=\"wp-image-14098\" style=\"width:801px;height:auto\" srcset=\"https:\/\/projectes.xtec.cat\/nou-curriculum\/wp-content\/uploads\/usu2072\/2024\/10\/connexions.jpg 744w, https:\/\/projectes.xtec.cat\/nou-curriculum\/wp-content\/uploads\/usu2072\/2024\/10\/connexions-300x53.jpg 300w\" sizes=\"auto, (max-width: 744px) 100vw, 744px\" \/><\/a><\/figure>\n\n\n\n<p class=\"has-medium-font-size\">Cicle de confer\u00e8ncies per a con\u00e8ixer alguns dels \u00faltims aven\u00e7os de la ci\u00e8ncia i per inspirar contextos per dissenyar situacions d&#8217;aprenentatge de les mat\u00e8ries relacionades amb la Biologia, la F\u00edsica, la Geologia i la Qu\u00edmica.<\/p>\n\n\n\n<h2 class=\"wp-block-heading has-text-color has-link-color wp-elements-35f44805a26708b44362dea1261bc886\" style=\"color:#5c9fac\"><strong>Curs 2024-2025<\/strong><\/h2>\n\n\n\n<div class=\"wp-block-columns is-layout-flex wp-container-core-columns-is-layout-1 wp-block-columns-is-layout-flex\">\n<div class=\"wp-block-column is-layout-flow wp-block-column-is-layout-flow\">\n<figure class=\"wp-block-image size-large is-resized is-style-default\"><a href=\"https:\/\/www.youtube.com\/watch?v=vuFP3BcBy0k\" target=\"_blank\" rel=\"noreferrer noopener\"><img loading=\"lazy\" decoding=\"async\" width=\"1024\" height=\"576\" src=\"https:\/\/projectes.xtec.cat\/nou-curriculum\/wp-content\/uploads\/usu2072\/2024\/10\/1-Les-grans-idees-de-la-ciencia-1-1024x576.png\" alt=\"\" class=\"wp-image-14101\" style=\"width:572px;height:auto\" srcset=\"https:\/\/projectes.xtec.cat\/nou-curriculum\/wp-content\/uploads\/usu2072\/2024\/10\/1-Les-grans-idees-de-la-ciencia-1-1024x576.png 1024w, https:\/\/projectes.xtec.cat\/nou-curriculum\/wp-content\/uploads\/usu2072\/2024\/10\/1-Les-grans-idees-de-la-ciencia-1-300x169.png 300w, https:\/\/projectes.xtec.cat\/nou-curriculum\/wp-content\/uploads\/usu2072\/2024\/10\/1-Les-grans-idees-de-la-ciencia-1-768x432.png 768w, https:\/\/projectes.xtec.cat\/nou-curriculum\/wp-content\/uploads\/usu2072\/2024\/10\/1-Les-grans-idees-de-la-ciencia-1-1536x864.png 1536w, https:\/\/projectes.xtec.cat\/nou-curriculum\/wp-content\/uploads\/usu2072\/2024\/10\/1-Les-grans-idees-de-la-ciencia-1.png 1920w\" sizes=\"auto, (max-width: 1024px) 100vw, 1024px\" \/><\/a><\/figure>\n<\/div>\n\n\n\n<div class=\"wp-block-column is-layout-flow wp-block-column-is-layout-flow\">\n<figure class=\"wp-block-image size-large is-resized is-style-default\"><a href=\"https:\/\/projectes.xtec.cat\/nou-curriculum\/?page_id=16248&amp;preview=true\"><img loading=\"lazy\" decoding=\"async\" width=\"1024\" height=\"576\" src=\"https:\/\/projectes.xtec.cat\/nou-curriculum\/wp-content\/uploads\/usu2072\/2024\/11\/2-1024x576.png\" alt=\"\" class=\"wp-image-14348\" style=\"width:569px;height:auto\" srcset=\"https:\/\/projectes.xtec.cat\/nou-curriculum\/wp-content\/uploads\/usu2072\/2024\/11\/2-1024x576.png 1024w, https:\/\/projectes.xtec.cat\/nou-curriculum\/wp-content\/uploads\/usu2072\/2024\/11\/2-300x169.png 300w, https:\/\/projectes.xtec.cat\/nou-curriculum\/wp-content\/uploads\/usu2072\/2024\/11\/2-768x432.png 768w, https:\/\/projectes.xtec.cat\/nou-curriculum\/wp-content\/uploads\/usu2072\/2024\/11\/2-1536x864.png 1536w, https:\/\/projectes.xtec.cat\/nou-curriculum\/wp-content\/uploads\/usu2072\/2024\/11\/2.png 1920w\" sizes=\"auto, (max-width: 1024px) 100vw, 1024px\" \/><\/a><\/figure>\n<\/div>\n<\/div>\n\n\n\n<h2 class=\"wp-block-heading\"><\/h2>\n\n\n\n<div class=\"wp-block-columns is-layout-flex wp-container-core-columns-is-layout-2 wp-block-columns-is-layout-flex\">\n<div class=\"wp-block-column is-layout-flow wp-block-column-is-layout-flow\"><\/div>\n<\/div>\n\n\n\n<h2 class=\"wp-block-heading\"><\/h2>\n\n\n\n<div class=\"wp-block-columns is-layout-flex wp-container-core-columns-is-layout-3 wp-block-columns-is-layout-flex\">\n<div class=\"wp-block-column is-layout-flow wp-block-column-is-layout-flow\">\n<div class=\"wp-block-buttons is-content-justification-left is-layout-flex wp-container-core-buttons-is-layout-1 wp-block-buttons-is-layout-flex\">\n<div class=\"wp-block-button has-custom-width wp-block-button__width-25 has-custom-font-size has-medium-font-size\"><a class=\"wp-block-button__link has-ast-global-color-5-color has-text-color has-background has-link-color has-border-color has-text-align-center wp-element-button\" href=\"https:\/\/www.youtube.com\/watch?v=vuFP3BcBy0k\" style=\"border-color:#42717b;border-width:4px;border-radius:53px;background-color:#5c9fac\" target=\"_blank\" rel=\"noreferrer noopener\"><strong>Enlla\u00e7 al v\u00eddeo de la sessi\u00f3<\/strong> <strong>1<\/strong><\/a><\/div>\n\n\n\n<div class=\"wp-block-button has-custom-width wp-block-button__width-25 has-custom-font-size has-medium-font-size\"><a class=\"wp-block-button__link has-ast-global-color-5-color has-text-color has-background has-link-color has-border-color has-text-align-center wp-element-button\" href=\"https:\/\/projectes.xtec.cat\/nou-curriculum\/materials-de-la-formacio-reptes-actuals-de-les-ciencies\/\" style=\"border-color:#42717b;border-width:4px;border-radius:53px;background-color:#5c9fac\"><strong>Enlla\u00e7 als materials de la sessi\u00f3<\/strong> <strong>1<\/strong><\/a><\/div>\n\n\n\n<div class=\"wp-block-button has-custom-width wp-block-button__width-25 has-custom-font-size has-medium-font-size\"><a class=\"wp-block-button__link has-ast-global-color-5-color has-text-color has-background has-link-color has-border-color wp-element-button\" href=\"https:\/\/www.youtube.com\/watch?v=qnhPUcZveLw\" style=\"border-color:#42717b;border-width:4px;border-radius:53px;background-color:#5c9fac\"><strong>Enlla\u00e7 al v\u00eddeo de la sessi\u00f3 2<\/strong><\/a><\/div>\n\n\n\n<div class=\"wp-block-button has-custom-width wp-block-button__width-25 has-custom-font-size has-medium-font-size\"><a class=\"wp-block-button__link has-ast-global-color-5-color has-text-color has-background has-link-color has-border-color wp-element-button\" href=\"https:\/\/drive.google.com\/file\/d\/16fZLvvHGLeknCcdQQhdxhZPFqHqoYQr6\/view?usp=drive_link\" style=\"border-color:#42717b;border-width:4px;border-radius:53px;background-color:#5c9fac\" target=\"_blank\" rel=\"noreferrer noopener\"><strong>Enlla\u00e7 als materials de la sessi\u00f3<\/strong> <strong>2<\/strong><\/a><\/div>\n<\/div>\n<\/div>\n<\/div>\n\n\n\n<h2 class=\"wp-block-heading\"><\/h2>\n\n\n\n<p><\/p>\n\n\n\n<div class=\"wp-block-columns is-layout-flex wp-container-core-columns-is-layout-4 wp-block-columns-is-layout-flex\">\n<div class=\"wp-block-column is-layout-flow wp-block-column-is-layout-flow\">\n<figure class=\"wp-block-image size-large is-resized is-style-default\"><a href=\"https:\/\/projectes.xtec.cat\/nou-curriculum\/wp-content\/uploads\/usu2072\/2024\/12\/Sessio-3.png\"><img loading=\"lazy\" decoding=\"async\" width=\"1024\" height=\"576\" src=\"https:\/\/projectes.xtec.cat\/nou-curriculum\/wp-content\/uploads\/usu2072\/2024\/12\/Sessio-3-1024x576.png\" alt=\"\" class=\"wp-image-14461\" style=\"width:606px;height:auto\" srcset=\"https:\/\/projectes.xtec.cat\/nou-curriculum\/wp-content\/uploads\/usu2072\/2024\/12\/Sessio-3-1024x576.png 1024w, https:\/\/projectes.xtec.cat\/nou-curriculum\/wp-content\/uploads\/usu2072\/2024\/12\/Sessio-3-300x169.png 300w, https:\/\/projectes.xtec.cat\/nou-curriculum\/wp-content\/uploads\/usu2072\/2024\/12\/Sessio-3-768x432.png 768w, https:\/\/projectes.xtec.cat\/nou-curriculum\/wp-content\/uploads\/usu2072\/2024\/12\/Sessio-3-1536x864.png 1536w, https:\/\/projectes.xtec.cat\/nou-curriculum\/wp-content\/uploads\/usu2072\/2024\/12\/Sessio-3.png 1920w\" sizes=\"auto, (max-width: 1024px) 100vw, 1024px\" \/><\/a><\/figure>\n<\/div>\n\n\n\n<div class=\"wp-block-column is-layout-flow wp-block-column-is-layout-flow\">\n<figure class=\"wp-block-image size-large is-resized is-style-default\"><a href=\"https:\/\/projectes.xtec.cat\/nou-curriculum\/wp-content\/uploads\/usu2072\/2025\/01\/Caratula-S4.png\"><img loading=\"lazy\" decoding=\"async\" width=\"1024\" height=\"576\" src=\"https:\/\/projectes.xtec.cat\/nou-curriculum\/wp-content\/uploads\/usu2072\/2025\/01\/Caratula-S4-1024x576.png\" alt=\"\" class=\"wp-image-14538\" style=\"width:603px;height:auto\" srcset=\"https:\/\/projectes.xtec.cat\/nou-curriculum\/wp-content\/uploads\/usu2072\/2025\/01\/Caratula-S4-1024x576.png 1024w, https:\/\/projectes.xtec.cat\/nou-curriculum\/wp-content\/uploads\/usu2072\/2025\/01\/Caratula-S4-300x169.png 300w, https:\/\/projectes.xtec.cat\/nou-curriculum\/wp-content\/uploads\/usu2072\/2025\/01\/Caratula-S4-768x432.png 768w, https:\/\/projectes.xtec.cat\/nou-curriculum\/wp-content\/uploads\/usu2072\/2025\/01\/Caratula-S4-1536x864.png 1536w, https:\/\/projectes.xtec.cat\/nou-curriculum\/wp-content\/uploads\/usu2072\/2025\/01\/Caratula-S4.png 1920w\" sizes=\"auto, (max-width: 1024px) 100vw, 1024px\" \/><\/a><\/figure>\n<\/div>\n<\/div>\n\n\n\n<h2 class=\"wp-block-heading\"><\/h2>\n\n\n\n<div class=\"wp-block-buttons is-layout-flex wp-block-buttons-is-layout-flex\">\n<div class=\"wp-block-button has-custom-width wp-block-button__width-25 has-custom-font-size has-medium-font-size\"><a class=\"wp-block-button__link has-ast-global-color-5-color has-text-color has-background has-link-color has-border-color wp-element-button\" href=\"https:\/\/www.youtube.com\/watch?v=4DqfWIDF8eU\" style=\"border-color:#42717b;border-width:4px;border-radius:53px;background-color:#5c9fac\" target=\"_blank\" rel=\"noreferrer noopener\"><strong>Enlla\u00e7 al v\u00eddeo de la sessi\u00f3<\/strong> <strong>3<\/strong><\/a><\/div>\n\n\n\n<div class=\"wp-block-button has-custom-width wp-block-button__width-25 has-custom-font-size has-medium-font-size\"><a class=\"wp-block-button__link has-ast-global-color-5-color has-text-color has-background has-link-color has-border-color wp-element-button\" href=\"https:\/\/drive.google.com\/file\/d\/1kzNl8OY2hPcg3vSqJL5G2nTdjFMHrCl1\/view?usp=drive_link\" style=\"border-color:#42717b;border-width:4px;border-radius:53px;background-color:#5c9fac\" target=\"_blank\" rel=\"noreferrer noopener\"><strong>Enlla\u00e7 als materials de la sessi\u00f3<\/strong> <strong>3<\/strong><\/a><\/div>\n\n\n\n<div class=\"wp-block-button has-custom-width wp-block-button__width-25 has-custom-font-size has-medium-font-size\"><a class=\"wp-block-button__link has-ast-global-color-5-color has-text-color has-background has-link-color has-border-color wp-element-button\" href=\"https:\/\/www.youtube.com\/watch?v=k1ldTUxNG4s\" style=\"border-color:#42717b;border-width:4px;border-radius:53px;background-color:#5c9fac\" target=\"_blank\" rel=\"noreferrer noopener\"><strong>Enlla\u00e7 al v\u00eddeo de la sessi\u00f3<\/strong> <strong>4<\/strong><\/a><\/div>\n\n\n\n<div class=\"wp-block-button has-custom-width wp-block-button__width-25 has-custom-font-size has-medium-font-size\"><a class=\"wp-block-button__link has-ast-global-color-5-color has-text-color has-background has-link-color has-border-color wp-element-button\" href=\"https:\/\/drive.google.com\/file\/d\/1Oku7W_NI-47Vm0nQ3x99d16e-jVH_1Uk\/view?usp=drive_link\" style=\"border-color:#42717b;border-width:4px;border-radius:53px;background-color:#5c9fac\" target=\"_blank\" rel=\"noreferrer noopener\"><strong>Enlla\u00e7 als materials de la sessi\u00f3 4<\/strong><\/a><\/div>\n<\/div>\n\n\n\n<h2 class=\"wp-block-heading\"><\/h2>\n\n\n\n<h2 class=\"wp-block-heading\"><\/h2>\n\n\n\n<div class=\"wp-block-columns is-layout-flex wp-container-core-columns-is-layout-5 wp-block-columns-is-layout-flex\">\n<div class=\"wp-block-column is-layout-flow wp-block-column-is-layout-flow\">\n<figure class=\"wp-block-image size-large is-style-default\"><a href=\"https:\/\/projectes.xtec.cat\/nou-curriculum\/wp-content\/uploads\/usu2072\/2025\/02\/Caratula-sessio-5.png\"><img loading=\"lazy\" decoding=\"async\" width=\"1024\" height=\"576\" src=\"https:\/\/projectes.xtec.cat\/nou-curriculum\/wp-content\/uploads\/usu2072\/2025\/02\/Caratula-sessio-5-1024x576.png\" alt=\"\" class=\"wp-image-14621\" srcset=\"https:\/\/projectes.xtec.cat\/nou-curriculum\/wp-content\/uploads\/usu2072\/2025\/02\/Caratula-sessio-5-1024x576.png 1024w, https:\/\/projectes.xtec.cat\/nou-curriculum\/wp-content\/uploads\/usu2072\/2025\/02\/Caratula-sessio-5-300x169.png 300w, https:\/\/projectes.xtec.cat\/nou-curriculum\/wp-content\/uploads\/usu2072\/2025\/02\/Caratula-sessio-5-768x432.png 768w, https:\/\/projectes.xtec.cat\/nou-curriculum\/wp-content\/uploads\/usu2072\/2025\/02\/Caratula-sessio-5-1536x864.png 1536w, https:\/\/projectes.xtec.cat\/nou-curriculum\/wp-content\/uploads\/usu2072\/2025\/02\/Caratula-sessio-5.png 1920w\" sizes=\"auto, (max-width: 1024px) 100vw, 1024px\" \/><\/a><\/figure>\n<\/div>\n\n\n\n<div class=\"wp-block-column is-layout-flow wp-block-column-is-layout-flow\">\n<figure class=\"wp-block-image size-large is-style-default\"><a href=\"https:\/\/projectes.xtec.cat\/nou-curriculum\/wp-content\/uploads\/usu2072\/2025\/04\/Sessio-6.png\"><img loading=\"lazy\" decoding=\"async\" width=\"1024\" height=\"576\" src=\"https:\/\/projectes.xtec.cat\/nou-curriculum\/wp-content\/uploads\/usu2072\/2025\/04\/Sessio-6-1024x576.png\" alt=\"\" class=\"wp-image-14955\" srcset=\"https:\/\/projectes.xtec.cat\/nou-curriculum\/wp-content\/uploads\/usu2072\/2025\/04\/Sessio-6-1024x576.png 1024w, https:\/\/projectes.xtec.cat\/nou-curriculum\/wp-content\/uploads\/usu2072\/2025\/04\/Sessio-6-300x169.png 300w, https:\/\/projectes.xtec.cat\/nou-curriculum\/wp-content\/uploads\/usu2072\/2025\/04\/Sessio-6-768x432.png 768w, https:\/\/projectes.xtec.cat\/nou-curriculum\/wp-content\/uploads\/usu2072\/2025\/04\/Sessio-6-1536x864.png 1536w, https:\/\/projectes.xtec.cat\/nou-curriculum\/wp-content\/uploads\/usu2072\/2025\/04\/Sessio-6.png 1920w\" sizes=\"auto, (max-width: 1024px) 100vw, 1024px\" \/><\/a><\/figure>\n<\/div>\n<\/div>\n\n\n\n<h4 class=\"wp-block-heading\"><\/h4>\n\n\n\n<div class=\"wp-block-buttons is-layout-flex wp-block-buttons-is-layout-flex\">\n<div class=\"wp-block-button has-custom-width wp-block-button__width-25 has-custom-font-size has-medium-font-size\"><a class=\"wp-block-button__link has-ast-global-color-5-color has-text-color has-background has-link-color has-border-color wp-element-button\" href=\"https:\/\/www.youtube.com\/watch?v=xEky06Wj_TA\" style=\"border-color:#42717b;border-width:4px;border-radius:51px;background-color:#5c9fac;padding-right:0;padding-left:0\"><strong>Enlla\u00e7 al v\u00eddeo de la sessi\u00f3 5<\/strong><\/a><\/div>\n\n\n\n<div class=\"wp-block-button has-custom-width wp-block-button__width-25 has-custom-font-size has-medium-font-size\"><a class=\"wp-block-button__link has-ast-global-color-5-color has-text-color has-background has-link-color has-border-color wp-element-button\" href=\"https:\/\/drive.google.com\/file\/d\/12XgKmoVMLEBwOUKN8oyBBAOJtYL7_sF3\/view?usp=drive_link\" style=\"border-color:#42717b;border-width:4px;border-radius:56px;background-color:#5c9fac;padding-right:0;padding-left:0\" target=\"_blank\" rel=\"noreferrer noopener\"><strong>Enlla\u00e7 als materials de la sessi\u00f3 5<\/strong><\/a><\/div>\n\n\n\n<div class=\"wp-block-button has-custom-width wp-block-button__width-25 has-custom-font-size has-medium-font-size\"><a class=\"wp-block-button__link has-ast-global-color-5-color has-text-color has-background has-link-color has-border-color wp-element-button\" href=\"https:\/\/www.youtube.com\/watch?v=_8C40aWBqwU\" style=\"border-color:#42717b;border-width:4px;border-radius:56px;background-color:#5c9fac;padding-right:0;padding-left:0\"><strong>Enlla\u00e7 al v\u00eddeo de la sessi\u00f3 6<\/strong><\/a><\/div>\n\n\n\n<div class=\"wp-block-button has-custom-width wp-block-button__width-25 has-custom-font-size has-medium-font-size\"><a class=\"wp-block-button__link has-ast-global-color-5-color has-text-color has-background has-link-color has-border-color wp-element-button\" href=\"https:\/\/drive.google.com\/file\/d\/1zvTSjix306Keu4iVjb_tcgTa1S24SkZI\/view?usp=drive_link\" style=\"border-color:#42717b;border-width:4px;border-radius:56px;background-color:#5c9fac;padding-right:0;padding-left:0\" target=\"_blank\" rel=\"noreferrer noopener\"><strong>Enlla\u00e7 als materials de la sessi\u00f3 6<\/strong><\/a><\/div>\n<\/div>\n\n\n\n<h2 class=\"wp-block-heading\"><\/h2>\n\n\n\n<p><\/p>\n\n\n\n<h2 class=\"wp-block-heading has-text-color has-link-color wp-elements-5289e431f14130bc38a1eb3bf1c5deef\" style=\"color:#5c9fac\"><strong>Materials de cursos anteriors<\/strong><\/h2>\n\n\n\n<figure class=\"wp-block-image size-large is-resized is-style-default\"><a href=\"https:\/\/projectes.xtec.cat\/nou-curriculum\/connexions\/\" target=\"_blank\" rel=\"noreferrer noopener\"><img loading=\"lazy\" decoding=\"async\" width=\"1024\" height=\"576\" src=\"https:\/\/projectes.xtec.cat\/nou-curriculum\/wp-content\/uploads\/usu2072\/2024\/10\/2-1024x576.png\" alt=\"\" class=\"wp-image-14106\" style=\"width:516px;height:auto\" srcset=\"https:\/\/projectes.xtec.cat\/nou-curriculum\/wp-content\/uploads\/usu2072\/2024\/10\/2-1024x576.png 1024w, https:\/\/projectes.xtec.cat\/nou-curriculum\/wp-content\/uploads\/usu2072\/2024\/10\/2-300x169.png 300w, https:\/\/projectes.xtec.cat\/nou-curriculum\/wp-content\/uploads\/usu2072\/2024\/10\/2-768x432.png 768w, https:\/\/projectes.xtec.cat\/nou-curriculum\/wp-content\/uploads\/usu2072\/2024\/10\/2-1536x864.png 1536w, https:\/\/projectes.xtec.cat\/nou-curriculum\/wp-content\/uploads\/usu2072\/2024\/10\/2.png 1920w\" sizes=\"auto, (max-width: 1024px) 100vw, 1024px\" \/><\/a><\/figure>\n","protected":false},"excerpt":{"rendered":"<p>Cicle de confer\u00e8ncies per a con\u00e8ixer alguns dels \u00faltims aven\u00e7os de la ci\u00e8ncia i per inspirar contextos per dissenyar situacions d&#8217;aprenentatge de les mat\u00e8ries relacionades amb la Biologia, la F\u00edsica, la Geologia i la Qu\u00edmica. Curs 2024-2025 Materials de cursos anteriors<\/p>\n","protected":false},"author":6,"featured_media":0,"parent":16214,"menu_order":7,"comment_status":"closed","ping_status":"close","template":"","meta":{"_acf_changed":false,"site-sidebar-layout":"default","site-content-layout":"","ast-site-content-layout":"default","site-content-style":"default","site-sidebar-style":"default","ast-global-header-display":"","ast-banner-title-visibility":"","ast-main-header-display":"","ast-hfb-above-header-display":"","ast-hfb-below-header-display":"","ast-hfb-mobile-header-display":"","site-post-title":"","ast-breadcrumbs-content":"","ast-featured-img":"","footer-sml-layout":"","theme-transparent-header-meta":"","adv-header-id-meta":"","stick-header-meta":"","header-above-stick-meta":"","header-main-stick-meta":"","header-below-stick-meta":"","astra-migrate-meta-layouts":"set","ast-page-background-enabled":"default","ast-page-background-meta":{"desktop":{"background-color":"","background-image":"","background-repeat":"repeat","background-position":"center center","background-size":"auto","background-attachment":"scroll","background-type":"","background-media":"","overlay-type":"","overlay-color":"","overlay-opacity":"","overlay-gradient":""},"tablet":{"background-color":"","background-image":"","background-repeat":"repeat","background-position":"center center","background-size":"auto","background-attachment":"scroll","background-type":"","background-media":"","overlay-type":"","overlay-color":"","overlay-opacity":"","overlay-gradient":""},"mobile":{"background-color":"","background-image":"","background-repeat":"repeat","background-position":"center center","background-size":"auto","background-attachment":"scroll","background-type":"","background-media":"","overlay-type":"","overlay-color":"","overlay-opacity":"","overlay-gradient":""}},"ast-content-background-meta":{"desktop":{"background-color":"var(--ast-global-color-5)","background-image":"","background-repeat":"repeat","background-position":"center center","background-size":"auto","background-attachment":"scroll","background-type":"","background-media":"","overlay-type":"","overlay-color":"","overlay-opacity":"","overlay-gradient":""},"tablet":{"background-color":"var(--ast-global-color-5)","background-image":"","background-repeat":"repeat","background-position":"center center","background-size":"auto","background-attachment":"scroll","background-type":"","background-media":"","overlay-type":"","overlay-color":"","overlay-opacity":"","overlay-gradient":""},"mobile":{"background-color":"var(--ast-global-color-5)","background-image":"","background-repeat":"repeat","background-position":"center center","background-size":"auto","background-attachment":"scroll","background-type":"","background-media":"","overlay-type":"","overlay-color":"","overlay-opacity":"","overlay-gradient":""}},"footnotes":""},"class_list":["post-14095","page","type-page","status-publish","hentry"],"acf":[],"post_mailing_queue_ids":[],"_links":{"self":[{"href":"https:\/\/projectes.xtec.cat\/nou-curriculum\/wp-json\/wp\/v2\/pages\/14095","targetHints":{"allow":["GET"]}}],"collection":[{"href":"https:\/\/projectes.xtec.cat\/nou-curriculum\/wp-json\/wp\/v2\/pages"}],"about":[{"href":"https:\/\/projectes.xtec.cat\/nou-curriculum\/wp-json\/wp\/v2\/types\/page"}],"author":[{"embeddable":true,"href":"https:\/\/projectes.xtec.cat\/nou-curriculum\/wp-json\/wp\/v2\/users\/6"}],"replies":[{"embeddable":true,"href":"https:\/\/projectes.xtec.cat\/nou-curriculum\/wp-json\/wp\/v2\/comments?post=14095"}],"version-history":[{"count":5,"href":"https:\/\/projectes.xtec.cat\/nou-curriculum\/wp-json\/wp\/v2\/pages\/14095\/revisions"}],"predecessor-version":[{"id":16310,"href":"https:\/\/projectes.xtec.cat\/nou-curriculum\/wp-json\/wp\/v2\/pages\/14095\/revisions\/16310"}],"up":[{"embeddable":true,"href":"https:\/\/projectes.xtec.cat\/nou-curriculum\/wp-json\/wp\/v2\/pages\/16214"}],"wp:attachment":[{"href":"https:\/\/projectes.xtec.cat\/nou-curriculum\/wp-json\/wp\/v2\/media?parent=14095"}],"curies":[{"name":"wp","href":"https:\/\/api.w.org\/{rel}","templated":true}]}}