{"id":14232,"date":"2024-10-30T11:55:20","date_gmt":"2024-10-30T10:55:20","guid":{"rendered":"https:\/\/projectes.xtec.cat\/nou-curriculum\/?page_id=14232"},"modified":"2025-04-14T12:24:35","modified_gmt":"2025-04-14T10:24:35","slug":"guies-didactiques-florence-per-a-secundaria","status":"publish","type":"page","link":"https:\/\/projectes.xtec.cat\/nou-curriculum\/guies-didactiques-florence-per-a-secundaria\/","title":{"rendered":"Guies did\u00e0ctiques Florence per a secund\u00e0ria"},"content":{"rendered":"\n<p><strong>FORMACI\u00d3 FINALITZADA.<\/strong><\/p>\n\n\n\n<p>Ja est\u00e0 oberta la<a href=\"https:\/\/aplicacions.gestioeducativa.gencat.cat\/ords\/pls\/soloas\/pk_for_mod_ins.p_for_detall_activitat?p_codi=9009980547&amp;p_curs=2024-2025&amp;p_es_inscr=S\" data-type=\"link\" data-id=\"https:\/\/aplicacions.gestioeducativa.gencat.cat\/ords\/pls\/soloas\/pk_for_mod_ins.p_for_detall_activitat?p_codi=9009980547&amp;p_curs=2024-2025&amp;p_es_inscr=S\"> inscripci\u00f3 <\/a>al cicle de confer\u00e8ncies sobre les guies did\u00e0ctiques on s&#8217;hi presenten activitats per treballar determinats conceptes a les aules de secund\u00e0ria. Les cinc confer\u00e8ncies i la realitzaci\u00f3 d&#8217;un q\u00fcestionari certifiquen 10 hores.<\/p>\n\n\n\n<p>En qualsevol moment del curs sou a temps d&#8217;inscriure-us!<\/p>\n\n\n\n<p>Per assistir a les presentacions, cliqueu sobre la miniatura de cada sessi\u00f3. La gravaci\u00f3 de la confer\u00e8ncia la podeu trobar, tamb\u00e9, clicant sobre la imatge.<\/p>\n\n\n\n<p><strong>Guies ja presentades i material relacionat:<\/strong><\/p>\n\n\n\n<div class=\"wp-block-columns is-layout-flex wp-container-core-columns-is-layout-1 wp-block-columns-is-layout-flex\">\n<div class=\"wp-block-column is-layout-flow wp-block-column-is-layout-flow\" style=\"flex-basis:5%\"><\/div>\n\n\n\n<div class=\"wp-block-column is-layout-flow wp-block-column-is-layout-flow\"><\/div>\n<\/div>\n\n\n\n<p><\/p>\n\n\n\n<div class=\"wp-block-columns is-layout-flex wp-container-core-columns-is-layout-2 wp-block-columns-is-layout-flex\">\n<div class=\"wp-block-column caixa has-ast-global-color-5-color has-text-color has-background has-link-color wp-elements-e7219ab11c16b00e3e7aeb10c8a3a4e5 is-layout-flow wp-block-column-is-layout-flow\" style=\"background-color:#749ec5\">\n<div class=\"wp-block-media-text alignwide is-stacked-on-mobile is-vertically-aligned-center\"><figure class=\"wp-block-media-text__media\"><a href=\"https:\/\/www.youtube.com\/watch?reload=9&amp;v=p5ylP8PQiYw\" target=\"_blank\" rel=\"noreferrer noopener\"><img loading=\"lazy\" decoding=\"async\" width=\"1024\" height=\"576\" src=\"https:\/\/projectes.xtec.cat\/nou-curriculum\/wp-content\/uploads\/usu2072\/2024\/10\/imatges-per-nodes.-guies-3-1024x576.png\" alt=\"Un tangram diferent. Per\u00edmetre, \u00e0rea i Pit\u00e0gores.\" class=\"wp-image-14257 size-full\" srcset=\"https:\/\/projectes.xtec.cat\/nou-curriculum\/wp-content\/uploads\/usu2072\/2024\/10\/imatges-per-nodes.-guies-3-1024x576.png 1024w, https:\/\/projectes.xtec.cat\/nou-curriculum\/wp-content\/uploads\/usu2072\/2024\/10\/imatges-per-nodes.-guies-3-300x169.png 300w, https:\/\/projectes.xtec.cat\/nou-curriculum\/wp-content\/uploads\/usu2072\/2024\/10\/imatges-per-nodes.-guies-3-768x432.png 768w, https:\/\/projectes.xtec.cat\/nou-curriculum\/wp-content\/uploads\/usu2072\/2024\/10\/imatges-per-nodes.-guies-3.png 1280w\" sizes=\"auto, (max-width: 1024px) 100vw, 1024px\" \/><\/a><\/figure><div class=\"wp-block-media-text__content\">\n<p class=\"has-text-align-center has-ast-global-color-5-color has-text-color has-link-color wp-elements-a89854bd221205a62c1f7d006a8c9349\"><strong>Un tangram diferent. Per\u00edmetre, \u00e0rea i Pit\u00e0gores.<\/strong> <\/p>\n\n\n\n<p class=\"has-ast-global-color-5-color has-text-color has-link-color wp-elements-1fd1cc82cd5a0418fb5e52ff1cfff316\">A c\u00e0rrec de N\u00faria Serra<\/p>\n\n\n\n<p class=\"has-ast-global-color-5-color has-text-color has-link-color wp-elements-d368febba49d23ca29eb64904ef1641c\">6 de novembre de 2024 a les 18h<\/p>\n\n\n\n<p><strong><em> <\/em><\/strong><img loading=\"lazy\" decoding=\"async\" width=\"20\" height=\"20\" class=\"wp-image-14331\" style=\"width: 20px;\" src=\"https:\/\/projectes.xtec.cat\/nou-curriculum\/wp-content\/uploads\/usu2072\/2024\/11\/image.png\" alt=\"\"><strong><em><a href=\"https:\/\/docs.google.com\/forms\/d\/e\/1FAIpQLSeDQxbg99YyvZgieP4eavNr9YBuehOarClZeATAu9-imSkswA\/viewform?pli=1\">Formulari de certificaci\u00f3<\/a><\/em><\/strong><\/p>\n\n\n\n<p class=\"has-ast-global-color-5-color has-text-color has-link-color wp-elements-9870caf6c3c075f1d59757a6db16b682\"><img loading=\"lazy\" decoding=\"async\" width=\"20\" height=\"20\" class=\"wp-image-14331\" style=\"width: 20px;\" src=\"https:\/\/projectes.xtec.cat\/nou-curriculum\/wp-content\/uploads\/usu2072\/2024\/11\/image.png\" alt=\"\"><a href=\"https:\/\/drive.google.com\/file\/d\/1bC50B08rvg0SfngYhJKDYMpDk72QUI-F\/view?usp=drive_link\">Document de la presentaci\u00f3<\/a><\/p>\n\n\n\n<div class=\"wp-block-buttons is-layout-flex wp-block-buttons-is-layout-flex\">\n<div class=\"wp-block-button has-custom-width wp-block-button__width-75 has-custom-font-size has-medium-font-size\"><a class=\"wp-block-button__link has-black-color has-text-color has-background has-link-color wp-element-button\" href=\"https:\/\/projectes.xtec.cat\/nou-curriculum\/wp-content\/uploads\/usu2072\/2025\/03\/Guia_Mates_Un-tangram-diferent.pdf\" style=\"background-color:#d0d3e3\">Guia did\u00e0ctica<\/a><\/div>\n<\/div>\n<\/div><\/div>\n<\/div>\n\n\n\n<div class=\"wp-block-column is-layout-flow wp-block-column-is-layout-flow\" style=\"flex-basis:5%\"><\/div>\n\n\n\n<div class=\"wp-block-column caixa has-background is-layout-flow wp-block-column-is-layout-flow\" style=\"background-color:#59618e\">\n<div class=\"wp-block-media-text alignwide is-stacked-on-mobile is-vertically-aligned-center\" style=\"grid-template-columns:47% auto\"><figure class=\"wp-block-media-text__media\"><a href=\"https:\/\/www.youtube.com\/live\/DbbyBPXqjvw\"><img loading=\"lazy\" decoding=\"async\" width=\"1024\" height=\"576\" src=\"https:\/\/projectes.xtec.cat\/nou-curriculum\/wp-content\/uploads\/usu2072\/2024\/10\/imatges-per-nodes.-guies-2-1024x576.png\" alt=\"I si f\u00f3ssim cent? Percentatges en context\" class=\"wp-image-14256 size-full\" srcset=\"https:\/\/projectes.xtec.cat\/nou-curriculum\/wp-content\/uploads\/usu2072\/2024\/10\/imatges-per-nodes.-guies-2-1024x576.png 1024w, https:\/\/projectes.xtec.cat\/nou-curriculum\/wp-content\/uploads\/usu2072\/2024\/10\/imatges-per-nodes.-guies-2-300x169.png 300w, https:\/\/projectes.xtec.cat\/nou-curriculum\/wp-content\/uploads\/usu2072\/2024\/10\/imatges-per-nodes.-guies-2-768x432.png 768w, https:\/\/projectes.xtec.cat\/nou-curriculum\/wp-content\/uploads\/usu2072\/2024\/10\/imatges-per-nodes.-guies-2.png 1280w\" sizes=\"auto, (max-width: 1024px) 100vw, 1024px\" \/><\/a><\/figure><div class=\"wp-block-media-text__content\">\n<p class=\"has-text-align-center has-ast-global-color-5-color has-text-color has-link-color wp-elements-6125ca2fa447462ba543f02b03ef2a3d\"><strong>I si f\u00f3ssim cent? Percentatges en context<\/strong><\/p>\n\n\n\n<p class=\"has-ast-global-color-5-color has-text-color has-link-color has-small-font-size wp-elements-8202ac3cd00561339bdc8dd3052e0be7\">A c\u00e0rrec de S\u00edlvia Salvador i Imma Casas.<\/p>\n\n\n\n<p class=\"has-ast-global-color-5-color has-text-color has-link-color wp-elements-95d38d070208ca1f647f045839447389\">28 de novembre de 2024 a les 18h<\/p>\n\n\n\n<p class=\"has-ast-global-color-5-color has-text-color has-link-color wp-elements-87b6b85a0bac7ef05799738e7b5bc3b4\"><img loading=\"lazy\" decoding=\"async\" width=\"20\" height=\"20\" class=\"wp-image-14331\" style=\"width: 20px;\" src=\"https:\/\/projectes.xtec.cat\/nou-curriculum\/wp-content\/uploads\/usu2072\/2024\/11\/image.png\" alt=\"\"><a href=\"https:\/\/docs.google.com\/forms\/d\/e\/1FAIpQLScBxnUWSq-wkN2AibOonh7R6vcJWAI7F9Ll9SP3lOZcykqGDA\/viewform\"><strong>Formulari de certificaci\u00f3<\/strong><\/a><\/p>\n\n\n\n<p class=\"has-ast-global-color-5-color has-text-color has-link-color wp-elements-9dfb41c40ef70e34f0605eed109f89a9\"><img loading=\"lazy\" decoding=\"async\" width=\"20\" height=\"20\" class=\"wp-image-14331\" style=\"width: 20px;\" src=\"https:\/\/projectes.xtec.cat\/nou-curriculum\/wp-content\/uploads\/usu2072\/2024\/11\/image.png\" alt=\"\"><a href=\"https:\/\/projectes.xtec.cat\/nou-curriculum\/wp-content\/uploads\/usu2072\/2024\/11\/I-SI-FOSSIM-100.pdf\">Document de la presentaci\u00f3<\/a><\/p>\n\n\n\n<div class=\"wp-block-buttons is-content-justification-center is-layout-flex wp-container-core-buttons-is-layout-2 wp-block-buttons-is-layout-flex\">\n<div class=\"wp-block-button has-custom-width wp-block-button__width-75 has-custom-font-size has-medium-font-size\"><a class=\"wp-block-button__link has-black-color has-text-color has-background has-link-color wp-element-button\" href=\"https:\/\/projectes.xtec.cat\/nou-curriculum\/wp-content\/uploads\/usu2072\/2025\/03\/Guia_Mates_I-si-fossim-cent.pdf\" style=\"background-color:#d0d3e3\">Guia did\u00e0ctica<\/a><\/div>\n<\/div>\n<\/div><\/div>\n<\/div>\n<\/div>\n\n\n\n<p><\/p>\n\n\n\n<div class=\"wp-block-columns is-layout-flex wp-container-core-columns-is-layout-3 wp-block-columns-is-layout-flex\">\n<div class=\"wp-block-column is-vertically-aligned-center caixa has-background is-layout-flow wp-block-column-is-layout-flow\" style=\"background-color:#59618e\">\n<div class=\"wp-block-media-text alignwide is-stacked-on-mobile is-vertically-aligned-center\"><figure class=\"wp-block-media-text__media\"><a href=\"https:\/\/www.youtube.com\/live\/0xUcTMHa6wo\"><img loading=\"lazy\" decoding=\"async\" width=\"1024\" height=\"576\" src=\"https:\/\/projectes.xtec.cat\/nou-curriculum\/wp-content\/uploads\/usu2072\/2024\/10\/imatges-per-nodes.-guies-1-1024x576.png\" alt=\"De flors i rosasses. Angles i angles de gir\" class=\"wp-image-14254 size-full\" srcset=\"https:\/\/projectes.xtec.cat\/nou-curriculum\/wp-content\/uploads\/usu2072\/2024\/10\/imatges-per-nodes.-guies-1-1024x576.png 1024w, https:\/\/projectes.xtec.cat\/nou-curriculum\/wp-content\/uploads\/usu2072\/2024\/10\/imatges-per-nodes.-guies-1-300x169.png 300w, https:\/\/projectes.xtec.cat\/nou-curriculum\/wp-content\/uploads\/usu2072\/2024\/10\/imatges-per-nodes.-guies-1-768x432.png 768w, https:\/\/projectes.xtec.cat\/nou-curriculum\/wp-content\/uploads\/usu2072\/2024\/10\/imatges-per-nodes.-guies-1.png 1280w\" sizes=\"auto, (max-width: 1024px) 100vw, 1024px\" \/><\/a><\/figure><div class=\"wp-block-media-text__content\">\n<p class=\"has-text-align-center has-ast-global-color-5-color has-text-color has-link-color wp-elements-e29e417ee78bb10622244a46d4a83880\"><strong>De flors i rosasses. Angles i angles de gir<\/strong><\/p>\n\n\n\n<p class=\"has-ast-global-color-5-color has-text-color has-link-color wp-elements-80989cc5d0d5bdc4888234569e0672f8\">A c\u00e0rrec de Caterina Canyelles i Serra           <\/p>\n\n\n\n<p class=\"has-ast-global-color-5-color has-text-color has-link-color wp-elements-09ee3627e852718a6694bebd69a21417\">22 de gener de 2025 a les 18h<\/p>\n\n\n\n<p class=\"has-ast-global-color-5-color has-text-color has-link-color wp-elements-1a0cec570e38f7dc071ab1f89e6892b6\"><strong><em> <\/em><\/strong><img loading=\"lazy\" decoding=\"async\" width=\"20\" height=\"20\" class=\"wp-image-14331\" style=\"width: 20px;\" src=\"https:\/\/projectes.xtec.cat\/nou-curriculum\/wp-content\/uploads\/usu2072\/2024\/11\/image.png\" alt=\"\"><strong><em><a href=\"https:\/\/docs.google.com\/forms\/d\/e\/1FAIpQLSdzi5kj-6-Ju295KV7sbhMGwyPUn3Oz_Sq1cVC7TtL1iviKNA\/viewform\">Formulari de certificaci\u00f3<\/a><\/em><\/strong><\/p>\n\n\n\n<p class=\"has-ast-global-color-5-color has-text-color has-link-color wp-elements-6bb18f043a0db0ed463421f3b36f3f73\"><img loading=\"lazy\" decoding=\"async\" width=\"20\" height=\"20\" class=\"wp-image-14331\" style=\"width: 20px;\" src=\"https:\/\/projectes.xtec.cat\/nou-curriculum\/wp-content\/uploads\/usu2072\/2024\/11\/image.png\" alt=\"\"><a href=\"https:\/\/drive.google.com\/file\/d\/1YtTMU8oGihWuITNAod8V16xbZ1t6D-eb\/view\">Document de la presentaci\u00f3<\/a><\/p>\n\n\n\n<div class=\"wp-block-buttons is-layout-flex wp-block-buttons-is-layout-flex\">\n<div class=\"wp-block-button has-custom-width wp-block-button__width-75 has-custom-font-size has-medium-font-size\"><a class=\"wp-block-button__link has-black-color has-text-color has-background has-link-color wp-element-button\" href=\"https:\/\/projectes.xtec.cat\/nou-curriculum\/wp-content\/uploads\/usu2072\/2025\/03\/Guia_Mates_De-flors-i-rosasses.pdf\" style=\"background-color:#d0d3e3\">Guia did\u00e0ctica<\/a><\/div>\n<\/div>\n<\/div><\/div>\n<\/div>\n\n\n\n<div class=\"wp-block-column is-layout-flow wp-block-column-is-layout-flow\" style=\"flex-basis:5%\"><\/div>\n\n\n\n<div class=\"wp-block-column caixa has-ast-global-color-5-color has-text-color has-background has-link-color wp-elements-eb388c60d114e39bed9987852ee11e97 is-layout-flow wp-block-column-is-layout-flow\" style=\"background-color:#749ec5;flex-basis:45%\">\n<div class=\"wp-block-media-text alignwide is-stacked-on-mobile is-vertically-aligned-center\" style=\"grid-template-columns:49% auto\"><figure class=\"wp-block-media-text__media\"><a href=\"https:\/\/www.youtube.com\/live\/XurcCvZLQpU\"><img loading=\"lazy\" decoding=\"async\" width=\"1024\" height=\"576\" src=\"https:\/\/projectes.xtec.cat\/nou-curriculum\/wp-content\/uploads\/usu2072\/2024\/10\/imatges-per-nodes.-guies-4-1024x576.png\" alt=\"El crube, el nou outfit del croissant. Ra\u00f3 entre longitud, \u00e0rea i volum.\" class=\"wp-image-14258 size-full\" srcset=\"https:\/\/projectes.xtec.cat\/nou-curriculum\/wp-content\/uploads\/usu2072\/2024\/10\/imatges-per-nodes.-guies-4-1024x576.png 1024w, https:\/\/projectes.xtec.cat\/nou-curriculum\/wp-content\/uploads\/usu2072\/2024\/10\/imatges-per-nodes.-guies-4-300x169.png 300w, https:\/\/projectes.xtec.cat\/nou-curriculum\/wp-content\/uploads\/usu2072\/2024\/10\/imatges-per-nodes.-guies-4-768x432.png 768w, https:\/\/projectes.xtec.cat\/nou-curriculum\/wp-content\/uploads\/usu2072\/2024\/10\/imatges-per-nodes.-guies-4.png 1280w\" sizes=\"auto, (max-width: 1024px) 100vw, 1024px\" \/><\/a><\/figure><div class=\"wp-block-media-text__content\">\n<p class=\"has-text-align-center has-ast-global-color-5-color has-text-color has-link-color wp-elements-768659a2d49f1e148881b29bd0168487\"><strong>El crube, el nou outfit del croissant. Ra\u00f3 entre longitud, \u00e0rea i volum<\/strong>.<\/p>\n\n\n\n<p class=\"has-ast-global-color-5-color has-text-color has-link-color wp-elements-53b765e7084d6a511f8555d4f17a7206\">A c\u00e0rrec de S\u00edlvia Salvador i Imma Casas.<\/p>\n\n\n\n<p><img loading=\"lazy\" decoding=\"async\" width=\"20\" height=\"20\" class=\"wp-image-14331\" style=\"width: 20px;\" src=\"https:\/\/projectes.xtec.cat\/nou-curriculum\/wp-content\/uploads\/usu2072\/2024\/11\/image.png\" alt=\"\"><a href=\"https:\/\/docs.google.com\/forms\/d\/e\/1FAIpQLSed9aetl6CphqM8RS-mUuolnR65MUt4KsCX9BKQt1B7Ill8GA\/viewform\"><strong>Formulari de certificaci\u00f3<\/strong><\/a><\/p>\n\n\n\n<p class=\"has-ast-global-color-5-color has-text-color has-link-color wp-elements-fc4c5535c220d272584be846faac6788\"><img loading=\"lazy\" decoding=\"async\" width=\"20\" height=\"20\" class=\"wp-image-14331\" style=\"width: 20px;\" src=\"https:\/\/projectes.xtec.cat\/nou-curriculum\/wp-content\/uploads\/usu2072\/2024\/11\/image.png\" alt=\"\"><a href=\"https:\/\/drive.google.com\/file\/d\/1w_KU7Fa5nbEhpIYSKBte5U92lGXP4e-O\/view?usp=drive_link\">Document de presentaci\u00f3<\/a><\/p>\n\n\n\n<p class=\"has-ast-global-color-5-color has-text-color has-link-color wp-elements-462b5fd8dab13309e4335b61c500c6fa\">12 de febrer de 2025 a les 18h<\/p>\n\n\n\n<div class=\"wp-block-buttons is-content-justification-left is-layout-flex wp-container-core-buttons-is-layout-4 wp-block-buttons-is-layout-flex\">\n<div class=\"wp-block-button has-custom-width wp-block-button__width-75 has-custom-font-size is-style-fill has-medium-font-size\"><a class=\"wp-block-button__link has-black-color has-text-color has-background has-link-color wp-element-button\" href=\"https:\/\/projectes.xtec.cat\/nou-curriculum\/wp-content\/uploads\/usu2072\/2025\/03\/Guia_Mates_El-crube-el-nou-outfit-del-croissant.pdf\" style=\"background-color:#d0d3e3\">Guia did\u00e0ctica<\/a><\/div>\n<\/div>\n<\/div><\/div>\n<\/div>\n<\/div>\n\n\n\n<div class=\"wp-block-columns is-layout-flex wp-container-core-columns-is-layout-4 wp-block-columns-is-layout-flex\">\n<div class=\"wp-block-column caixa has-background is-layout-flow wp-block-column-is-layout-flow\" style=\"background-color:#749ec5;flex-basis:45%\">\n<div class=\"wp-block-media-text is-stacked-on-mobile is-vertically-aligned-center\" style=\"grid-template-columns:48% auto\"><figure class=\"wp-block-media-text__media\"><a href=\"https:\/\/www.youtube.com\/live\/RyGmwuC_3y4\"><img loading=\"lazy\" decoding=\"async\" width=\"1024\" height=\"576\" src=\"https:\/\/projectes.xtec.cat\/nou-curriculum\/wp-content\/uploads\/usu2072\/2024\/10\/imatges-per-nodes.-guies-1024x576.png\" alt=\"Dianes de colors. La partici\u00f3 de la unitat.\" class=\"wp-image-14250 size-full\" srcset=\"https:\/\/projectes.xtec.cat\/nou-curriculum\/wp-content\/uploads\/usu2072\/2024\/10\/imatges-per-nodes.-guies-1024x576.png 1024w, https:\/\/projectes.xtec.cat\/nou-curriculum\/wp-content\/uploads\/usu2072\/2024\/10\/imatges-per-nodes.-guies-300x169.png 300w, https:\/\/projectes.xtec.cat\/nou-curriculum\/wp-content\/uploads\/usu2072\/2024\/10\/imatges-per-nodes.-guies-768x432.png 768w, https:\/\/projectes.xtec.cat\/nou-curriculum\/wp-content\/uploads\/usu2072\/2024\/10\/imatges-per-nodes.-guies.png 1280w\" sizes=\"auto, (max-width: 1024px) 100vw, 1024px\" \/><\/a><\/figure><div class=\"wp-block-media-text__content\">\n<p class=\"has-text-align-center has-ast-global-color-5-color has-text-color has-link-color wp-elements-d77a5845f275fa01f0401992ee3c76d6\"><strong>Dianes de colors. La partici\u00f3 de la unitat.<\/strong><\/p>\n\n\n\n<p class=\"has-ast-global-color-5-color has-text-color has-link-color wp-elements-0c5f3ad0f6ff814f546e6355e2fec023\">A c\u00e0rrec de Santi Vilches<\/p>\n\n\n\n<p class=\"has-ast-global-color-5-color has-text-color has-link-color wp-elements-ded27b1d31108e8279a26f992233eeef\">19 de mar\u00e7 de 2025 a les 18h<\/p>\n\n\n\n<p class=\"has-ast-global-color-5-color has-text-color has-link-color wp-elements-84129b0eb1173b81d001dbd748f868af\"><strong><em> <\/em><\/strong><img loading=\"lazy\" decoding=\"async\" width=\"20\" height=\"20\" class=\"wp-image-14331\" style=\"width: 20px;\" src=\"https:\/\/projectes.xtec.cat\/nou-curriculum\/wp-content\/uploads\/usu2072\/2024\/11\/image.png\" alt=\"\"><strong><em><a href=\"https:\/\/docs.google.com\/forms\/d\/e\/1FAIpQLScRiS4SAkF_sp-LlChMUPwtZ2fp1wl8USgE4Lwh87nR1SNAtA\/viewform\">Formulari de certificaci\u00f3<\/a><\/em><\/strong><\/p>\n\n\n\n<p class=\"has-ast-global-color-5-color has-text-color has-link-color wp-elements-4eda279b6faba921d0ee3afd3f65a9fd\"><img loading=\"lazy\" decoding=\"async\" width=\"20\" height=\"20\" class=\"wp-image-14331\" style=\"width: 20px;\" src=\"https:\/\/projectes.xtec.cat\/nou-curriculum\/wp-content\/uploads\/usu2072\/2024\/11\/image.png\" alt=\"\"><a href=\"https:\/\/projectes.xtec.cat\/nou-curriculum\/wp-content\/uploads\/usu2072\/2025\/03\/060325.-presentacio.-La-particio-de-la-unitat_V3.pdf\">Document de la presentaci\u00f3<\/a><\/p>\n\n\n\n<div class=\"wp-block-buttons is-layout-flex wp-block-buttons-is-layout-flex\">\n<div class=\"wp-block-button has-custom-width wp-block-button__width-75 has-custom-font-size has-medium-font-size\"><a class=\"wp-block-button__link has-black-color has-text-color has-background has-link-color wp-element-button\" href=\"https:\/\/projectes.xtec.cat\/nou-curriculum\/wp-content\/uploads\/usu2072\/2025\/03\/Guia_Mates_La-meva-diana-de-tres-colors.pdf\" style=\"background-color:#d0d3e3\">Guia did\u00e0ctica<\/a><\/div>\n<\/div>\n<\/div><\/div>\n<\/div>\n\n\n\n<div class=\"wp-block-column is-layout-flow wp-block-column-is-layout-flow\" style=\"flex-basis:5%\"><\/div>\n\n\n\n<div class=\"wp-block-column is-layout-flow wp-block-column-is-layout-flow\"><\/div>\n<\/div>\n","protected":false},"excerpt":{"rendered":"<p>FORMACI\u00d3 FINALITZADA. Ja est\u00e0 oberta la inscripci\u00f3 al cicle de confer\u00e8ncies sobre les guies did\u00e0ctiques on s&#8217;hi presenten activitats per treballar determinats conceptes a les aules de secund\u00e0ria. Les cinc confer\u00e8ncies i la realitzaci\u00f3 d&#8217;un q\u00fcestionari certifiquen 10 hores. En qualsevol moment del curs sou a temps d&#8217;inscriure-us! Per assistir a les presentacions, cliqueu sobre [&hellip;]<\/p>\n","protected":false},"author":9,"featured_media":0,"parent":0,"menu_order":0,"comment_status":"closed","ping_status":"close","template":"","meta":{"_acf_changed":false,"site-sidebar-layout":"default","site-content-layout":"","ast-site-content-layout":"default","site-content-style":"default","site-sidebar-style":"default","ast-global-header-display":"","ast-banner-title-visibility":"","ast-main-header-display":"","ast-hfb-above-header-display":"","ast-hfb-below-header-display":"","ast-hfb-mobile-header-display":"","site-post-title":"","ast-breadcrumbs-content":"","ast-featured-img":"","footer-sml-layout":"","theme-transparent-header-meta":"","adv-header-id-meta":"","stick-header-meta":"","header-above-stick-meta":"","header-main-stick-meta":"","header-below-stick-meta":"","astra-migrate-meta-layouts":"set","ast-page-background-enabled":"default","ast-page-background-meta":{"desktop":{"background-color":"","background-image":"","background-repeat":"repeat","background-position":"center center","background-size":"auto","background-attachment":"scroll","background-type":"","background-media":"","overlay-type":"","overlay-color":"","overlay-opacity":"","overlay-gradient":""},"tablet":{"background-color":"","background-image":"","background-repeat":"repeat","background-position":"center center","background-size":"auto","background-attachment":"scroll","background-type":"","background-media":"","overlay-type":"","overlay-color":"","overlay-opacity":"","overlay-gradient":""},"mobile":{"background-color":"","background-image":"","background-repeat":"repeat","background-position":"center center","background-size":"auto","background-attachment":"scroll","background-type":"","background-media":"","overlay-type":"","overlay-color":"","overlay-opacity":"","overlay-gradient":""}},"ast-content-background-meta":{"desktop":{"background-color":"var(--ast-global-color-5)","background-image":"","background-repeat":"repeat","background-position":"center center","background-size":"auto","background-attachment":"scroll","background-type":"","background-media":"","overlay-type":"","overlay-color":"","overlay-opacity":"","overlay-gradient":""},"tablet":{"background-color":"var(--ast-global-color-5)","background-image":"","background-repeat":"repeat","background-position":"center center","background-size":"auto","background-attachment":"scroll","background-type":"","background-media":"","overlay-type":"","overlay-color":"","overlay-opacity":"","overlay-gradient":""},"mobile":{"background-color":"var(--ast-global-color-5)","background-image":"","background-repeat":"repeat","background-position":"center center","background-size":"auto","background-attachment":"scroll","background-type":"","background-media":"","overlay-type":"","overlay-color":"","overlay-opacity":"","overlay-gradient":""}},"footnotes":""},"class_list":["post-14232","page","type-page","status-publish","hentry"],"acf":[],"post_mailing_queue_ids":[],"_links":{"self":[{"href":"https:\/\/projectes.xtec.cat\/nou-curriculum\/wp-json\/wp\/v2\/pages\/14232","targetHints":{"allow":["GET"]}}],"collection":[{"href":"https:\/\/projectes.xtec.cat\/nou-curriculum\/wp-json\/wp\/v2\/pages"}],"about":[{"href":"https:\/\/projectes.xtec.cat\/nou-curriculum\/wp-json\/wp\/v2\/types\/page"}],"author":[{"embeddable":true,"href":"https:\/\/projectes.xtec.cat\/nou-curriculum\/wp-json\/wp\/v2\/users\/9"}],"replies":[{"embeddable":true,"href":"https:\/\/projectes.xtec.cat\/nou-curriculum\/wp-json\/wp\/v2\/comments?post=14232"}],"version-history":[{"count":6,"href":"https:\/\/projectes.xtec.cat\/nou-curriculum\/wp-json\/wp\/v2\/pages\/14232\/revisions"}],"predecessor-version":[{"id":14952,"href":"https:\/\/projectes.xtec.cat\/nou-curriculum\/wp-json\/wp\/v2\/pages\/14232\/revisions\/14952"}],"wp:attachment":[{"href":"https:\/\/projectes.xtec.cat\/nou-curriculum\/wp-json\/wp\/v2\/media?parent=14232"}],"curies":[{"name":"wp","href":"https:\/\/api.w.org\/{rel}","templated":true}]}}