{"id":14334,"date":"2024-11-12T11:54:55","date_gmt":"2024-11-12T10:54:55","guid":{"rendered":"https:\/\/projectes.xtec.cat\/nou-curriculum\/?page_id=14334"},"modified":"2024-11-12T11:54:55","modified_gmt":"2024-11-12T10:54:55","slug":"materials-de-la-formacio-reptes-actuals-de-les-ciencies","status":"publish","type":"page","link":"https:\/\/projectes.xtec.cat\/nou-curriculum\/materials-de-la-formacio-reptes-actuals-de-les-ciencies\/","title":{"rendered":"MATERIALS DE LA FORMACI\u00d3 &#8220;REPTES ACTUALS DE LES CI\u00c8NCIES&#8221;"},"content":{"rendered":"\n<h3 class=\"wp-block-heading\"><\/h3>\n\n\n\n<div class=\"wp-block-media-text is-stacked-on-mobile\"><figure class=\"wp-block-media-text__media\"><img loading=\"lazy\" decoding=\"async\" width=\"1024\" height=\"576\" src=\"https:\/\/projectes.xtec.cat\/nou-curriculum\/wp-content\/uploads\/usu2072\/2024\/10\/1-Les-grans-idees-de-la-ciencia-1-1024x576.png\" alt=\"\" class=\"wp-image-14101 size-full\" srcset=\"https:\/\/projectes.xtec.cat\/nou-curriculum\/wp-content\/uploads\/usu2072\/2024\/10\/1-Les-grans-idees-de-la-ciencia-1-1024x576.png 1024w, https:\/\/projectes.xtec.cat\/nou-curriculum\/wp-content\/uploads\/usu2072\/2024\/10\/1-Les-grans-idees-de-la-ciencia-1-300x169.png 300w, https:\/\/projectes.xtec.cat\/nou-curriculum\/wp-content\/uploads\/usu2072\/2024\/10\/1-Les-grans-idees-de-la-ciencia-1-768x432.png 768w, https:\/\/projectes.xtec.cat\/nou-curriculum\/wp-content\/uploads\/usu2072\/2024\/10\/1-Les-grans-idees-de-la-ciencia-1-1536x864.png 1536w, https:\/\/projectes.xtec.cat\/nou-curriculum\/wp-content\/uploads\/usu2072\/2024\/10\/1-Les-grans-idees-de-la-ciencia-1.png 1920w\" sizes=\"auto, (max-width: 1024px) 100vw, 1024px\" \/><\/figure><div class=\"wp-block-media-text__content\">\n<p>1. Presentaci\u00f3 Anna Marb\u00e0: &#8220;Les grans idees de la ci\u00e8ncia&#8221;. (<a href=\"https:\/\/projectes.xtec.cat\/nou-curriculum\/wp-content\/uploads\/usu2072\/2024\/11\/Les-grans-idees-de-la-ciencia-A-Marba.pdf\">.pdf<\/a>)<\/p>\n\n\n\n<p>2. Presentaci\u00f3 Javier Losarcos: &#8220;Calor i temperatura&#8221;. (.<a href=\"https:\/\/projectes.xtec.cat\/nou-curriculum\/wp-content\/uploads\/usu2072\/2024\/11\/Calor-i-Temperatura-J-Losarcos.pdf\">pdf<\/a>)<\/p>\n\n\n\n<p>3. Presentaci\u00f3 Jesus Gasco. Aplicacions a l&#8217;aula de F\u00edsica i Qu\u00edmica. (.<a href=\"https:\/\/projectes.xtec.cat\/nou-curriculum\/wp-content\/uploads\/usu2072\/2024\/11\/Aplicacio-a-laula-J-Gasco.pdf\">pdf)<\/a><\/p>\n\n\n\n<p>4. Materials d&#8217;aula i mapes de progressi\u00f3 d&#8217;idees de la proposta d&#8217;en Jes\u00fas Gasco. (<a href=\"https:\/\/drive.google.com\/drive\/folders\/1-b8xylE_MDRYtPnn-pGfvdxXR3vTwU93\">enlla\u00e7 Drive<\/a>)<\/p>\n<\/div><\/div>\n","protected":false},"excerpt":{"rendered":"<p>1. Presentaci\u00f3 Anna Marb\u00e0: &#8220;Les grans idees de la ci\u00e8ncia&#8221;. (.pdf) 2. Presentaci\u00f3 Javier Losarcos: &#8220;Calor i temperatura&#8221;. (.pdf) 3. Presentaci\u00f3 Jesus Gasco. Aplicacions a l&#8217;aula de F\u00edsica i Qu\u00edmica. (.pdf) 4. Materials d&#8217;aula i mapes de progressi\u00f3 d&#8217;idees de la proposta d&#8217;en Jes\u00fas Gasco. (enlla\u00e7 Drive)<\/p>\n","protected":false},"author":9,"featured_media":0,"parent":0,"menu_order":0,"comment_status":"closed","ping_status":"close","template":"","meta":{"_acf_changed":false,"site-sidebar-layout":"default","site-content-layout":"","ast-site-content-layout":"default","site-content-style":"default","site-sidebar-style":"default","ast-global-header-display":"","ast-banner-title-visibility":"","ast-main-header-display":"","ast-hfb-above-header-display":"","ast-hfb-below-header-display":"","ast-hfb-mobile-header-display":"","site-post-title":"","ast-breadcrumbs-content":"","ast-featured-img":"","footer-sml-layout":"","theme-transparent-header-meta":"","adv-header-id-meta":"","stick-header-meta":"","header-above-stick-meta":"","header-main-stick-meta":"","header-below-stick-meta":"","astra-migrate-meta-layouts":"set","ast-page-background-enabled":"default","ast-page-background-meta":{"desktop":{"background-color":"","background-image":"","background-repeat":"repeat","background-position":"center center","background-size":"auto","background-attachment":"scroll","background-type":"","background-media":"","overlay-type":"","overlay-color":"","overlay-opacity":"","overlay-gradient":""},"tablet":{"background-color":"","background-image":"","background-repeat":"repeat","background-position":"center center","background-size":"auto","background-attachment":"scroll","background-type":"","background-media":"","overlay-type":"","overlay-color":"","overlay-opacity":"","overlay-gradient":""},"mobile":{"background-color":"","background-image":"","background-repeat":"repeat","background-position":"center center","background-size":"auto","background-attachment":"scroll","background-type":"","background-media":"","overlay-type":"","overlay-color":"","overlay-opacity":"","overlay-gradient":""}},"ast-content-background-meta":{"desktop":{"background-color":"var(--ast-global-color-5)","background-image":"","background-repeat":"repeat","background-position":"center center","background-size":"auto","background-attachment":"scroll","background-type":"","background-media":"","overlay-type":"","overlay-color":"","overlay-opacity":"","overlay-gradient":""},"tablet":{"background-color":"var(--ast-global-color-5)","background-image":"","background-repeat":"repeat","background-position":"center center","background-size":"auto","background-attachment":"scroll","background-type":"","background-media":"","overlay-type":"","overlay-color":"","overlay-opacity":"","overlay-gradient":""},"mobile":{"background-color":"var(--ast-global-color-5)","background-image":"","background-repeat":"repeat","background-position":"center center","background-size":"auto","background-attachment":"scroll","background-type":"","background-media":"","overlay-type":"","overlay-color":"","overlay-opacity":"","overlay-gradient":""}},"footnotes":""},"class_list":["post-14334","page","type-page","status-publish","hentry"],"acf":[],"post_mailing_queue_ids":[],"_links":{"self":[{"href":"https:\/\/projectes.xtec.cat\/nou-curriculum\/wp-json\/wp\/v2\/pages\/14334","targetHints":{"allow":["GET"]}}],"collection":[{"href":"https:\/\/projectes.xtec.cat\/nou-curriculum\/wp-json\/wp\/v2\/pages"}],"about":[{"href":"https:\/\/projectes.xtec.cat\/nou-curriculum\/wp-json\/wp\/v2\/types\/page"}],"author":[{"embeddable":true,"href":"https:\/\/projectes.xtec.cat\/nou-curriculum\/wp-json\/wp\/v2\/users\/9"}],"replies":[{"embeddable":true,"href":"https:\/\/projectes.xtec.cat\/nou-curriculum\/wp-json\/wp\/v2\/comments?post=14334"}],"version-history":[{"count":6,"href":"https:\/\/projectes.xtec.cat\/nou-curriculum\/wp-json\/wp\/v2\/pages\/14334\/revisions"}],"predecessor-version":[{"id":14343,"href":"https:\/\/projectes.xtec.cat\/nou-curriculum\/wp-json\/wp\/v2\/pages\/14334\/revisions\/14343"}],"wp:attachment":[{"href":"https:\/\/projectes.xtec.cat\/nou-curriculum\/wp-json\/wp\/v2\/media?parent=14334"}],"curies":[{"name":"wp","href":"https:\/\/api.w.org\/{rel}","templated":true}]}}