{"id":15224,"date":"2025-08-21T14:09:38","date_gmt":"2025-08-21T12:09:38","guid":{"rendered":"https:\/\/projectes.xtec.cat\/nou-curriculum\/?page_id=15224"},"modified":"2025-11-26T15:45:28","modified_gmt":"2025-11-26T14:45:28","slug":"orientacions-de-la-materia-de-matematiques-de-leso","status":"publish","type":"page","link":"https:\/\/projectes.xtec.cat\/nou-curriculum\/orientacions-curriculars\/orientacions-de-la-materia-de-matematiques-de-leso\/","title":{"rendered":"Orientacions de la mat\u00e8ria de matem\u00e0tiques de l&#8217;ESO"},"content":{"rendered":"\n<div class=\"wp-block-columns is-layout-flex wp-container-core-columns-is-layout-1 wp-block-columns-is-layout-flex\">\n<div class=\"wp-block-column is-layout-flow wp-block-column-is-layout-flow\" style=\"flex-basis:66.66%\">\n<p>Les orientacions de la mat\u00e8ria de matem\u00e0tiques de secund\u00e0ria consten de diverses parts: des de la concreci\u00f3 i seq\u00fcenciaci\u00f3 dels sabers, fins a activitats per treballar-los.<\/p>\n\n\n\n<p>A continuaci\u00f3 es poden trobar els enlla\u00e7os als arxius en format pdf amb la concreci\u00f3 i la seq\u00fcenciaci\u00f3 dels sabers marcats pel curr\u00edculum:<\/p>\n\n\n\n<p><a href=\"https:\/\/xtec.gencat.cat\/web\/.content\/curriculum\/eso\/concrecions-curriculars\/Orientacions-curriculars_MAT_SEC_per-sentits.pdf\" target=\"_blank\" rel=\"noreferrer noopener\"><img loading=\"lazy\" decoding=\"async\" width=\"35\" height=\"35\" class=\"wp-image-9867\" style=\"width: 35px;\" src=\"https:\/\/projectes.xtec.cat\/nou-curriculum\/wp-content\/uploads\/usu2072\/2023\/01\/pdf-2.png\" alt=\"\" srcset=\"https:\/\/projectes.xtec.cat\/nou-curriculum\/wp-content\/uploads\/usu2072\/2023\/01\/pdf-2.png 256w, https:\/\/projectes.xtec.cat\/nou-curriculum\/wp-content\/uploads\/usu2072\/2023\/01\/pdf-2-150x150.png 150w\" sizes=\"auto, (max-width: 35px) 100vw, 35px\" \/>Seq\u00fcenciaci\u00f3 i concreci\u00f3: proposta per sentits<\/a><br><a href=\"https:\/\/xtec.gencat.cat\/web\/.content\/curriculum\/eso\/concrecions-curriculars\/Orientacions-curriculars_MAT_SEC_per-cursos.pdf\" target=\"_blank\" rel=\"noreferrer noopener\"><img loading=\"lazy\" decoding=\"async\" width=\"35\" height=\"35\" class=\"wp-image-9867\" style=\"width: 35px;\" src=\"https:\/\/projectes.xtec.cat\/nou-curriculum\/wp-content\/uploads\/usu2072\/2023\/01\/pdf-2.png\" alt=\"\" srcset=\"https:\/\/projectes.xtec.cat\/nou-curriculum\/wp-content\/uploads\/usu2072\/2023\/01\/pdf-2.png 256w, https:\/\/projectes.xtec.cat\/nou-curriculum\/wp-content\/uploads\/usu2072\/2023\/01\/pdf-2-150x150.png 150w\" sizes=\"auto, (max-width: 35px) 100vw, 35px\" \/>Seq\u00fcenciaci\u00f3 i concreci\u00f3: proposta per cursos<\/a><\/p>\n\n\n\n<p>En el primer arxiu es pot trobar una breu introducci\u00f3 i una taula amb la concreci\u00f3 i la seq\u00fcenciaci\u00f3 per a cada curs de l&#8217;ESO.<\/p>\n\n\n\n<figure class=\"wp-block-image size-large is-resized\"><a href=\"https:\/\/projectes.xtec.cat\/nou-curriculum\/wp-content\/uploads\/usu2072\/2025\/09\/mat_sec.png\"><img loading=\"lazy\" decoding=\"async\" width=\"1024\" height=\"567\" src=\"https:\/\/projectes.xtec.cat\/nou-curriculum\/wp-content\/uploads\/usu2072\/2025\/09\/mat_sec-1024x567.png\" alt=\"\" class=\"wp-image-15288\" style=\"width:744px;height:auto\" srcset=\"https:\/\/projectes.xtec.cat\/nou-curriculum\/wp-content\/uploads\/usu2072\/2025\/09\/mat_sec-1024x567.png 1024w, https:\/\/projectes.xtec.cat\/nou-curriculum\/wp-content\/uploads\/usu2072\/2025\/09\/mat_sec-300x166.png 300w, https:\/\/projectes.xtec.cat\/nou-curriculum\/wp-content\/uploads\/usu2072\/2025\/09\/mat_sec-768x425.png 768w, https:\/\/projectes.xtec.cat\/nou-curriculum\/wp-content\/uploads\/usu2072\/2025\/09\/mat_sec.png 1240w\" sizes=\"auto, (max-width: 1024px) 100vw, 1024px\" \/><\/a><\/figure>\n\n\n\n<p>En les taules s&#8217;indica amb etiquetes iniciades pel car\u00e0cter <mark style=\"background-color:#6eb0dc\" class=\"has-inline-color\">#<\/mark>, altres sabers molts relacionats. Tamb\u00e9 s&#8217;indiquen amb l&#8217;etiqueta <mark style=\"background-color:#ddd18e\" class=\"has-inline-color\">[ESS]<\/mark><mark style=\"background-color:rgba(0, 0, 0, 0)\" class=\"has-inline-color has-ast-global-color-8-color\"> <\/mark>aquells sabers que es consideren essencials, \u00e9s a dir, que \u00e9s necessari aprendre&#8217;ls per poder seguir avan\u00e7ant en els sabers posteriors de la mat\u00e8ria de matem\u00e0tiques.<\/p>\n\n\n\n<p>En el segon arxiu es pot trobar la llista de sabers concretats per a cada curs.<\/p>\n\n\n\n<p>Per accedir a les orientacions completes, amb activitats, recomanacions, suggeriments i la mateixa seq\u00fcenciaci\u00f3 i concreci\u00f3 i altres recursos, cal accedir al seg\u00fcent enlla\u00e7:<\/p>\n\n\n\n<p class=\"has-text-align-center\"><a href=\"https:\/\/projectes.xtec.cat\/nou-curriculum\/orientacions-curriculars\/orientacions-curriculars-matematiques-secundaria-eso\/\">Acc\u00e9s a les orientacions completes de la mat\u00e8ria de matem\u00e0tiques de l&#8217;ESO<\/a><\/p>\n<\/div>\n\n\n\n<div class=\"wp-block-column is-layout-flow wp-block-column-is-layout-flow\" style=\"flex-basis:33.33%\">\n<figure class=\"wp-block-image size-large has-custom-border\"><a href=\"https:\/\/projectes.xtec.cat\/nou-curriculum\/orientacions-curriculars\/orientacions-curriculars-matematiques-secundaria-eso\/\"><img loading=\"lazy\" decoding=\"async\" width=\"1024\" height=\"764\" src=\"https:\/\/projectes.xtec.cat\/nou-curriculum\/wp-content\/uploads\/usu2072\/2025\/08\/mates_secundaria-1024x764.png\" alt=\"\" class=\"wp-image-15229\" style=\"border-width:1px\" srcset=\"https:\/\/projectes.xtec.cat\/nou-curriculum\/wp-content\/uploads\/usu2072\/2025\/08\/mates_secundaria-1024x764.png 1024w, https:\/\/projectes.xtec.cat\/nou-curriculum\/wp-content\/uploads\/usu2072\/2025\/08\/mates_secundaria-300x224.png 300w, https:\/\/projectes.xtec.cat\/nou-curriculum\/wp-content\/uploads\/usu2072\/2025\/08\/mates_secundaria-768x573.png 768w, https:\/\/projectes.xtec.cat\/nou-curriculum\/wp-content\/uploads\/usu2072\/2025\/08\/mates_secundaria.png 1148w\" sizes=\"auto, (max-width: 1024px) 100vw, 1024px\" \/><\/a><\/figure>\n\n\n\n<p class=\"has-text-align-center has-medium-font-size\"><a href=\"https:\/\/projectes.xtec.cat\/nou-curriculum\/orientacions-curriculars\/orientacions-curriculars-matematiques-secundaria-eso\/\">Acc\u00e9s a les orientacions completes de la mat\u00e8ria de matem\u00e0tiques de l&#8217;ESO<\/a><\/p>\n<\/div>\n<\/div>\n\n\n\n<p><\/p>\n","protected":false},"excerpt":{"rendered":"<p>Les orientacions de la mat\u00e8ria de matem\u00e0tiques de secund\u00e0ria consten de diverses parts: des de la concreci\u00f3 i seq\u00fcenciaci\u00f3 dels sabers, fins a activitats per treballar-los. A continuaci\u00f3 es poden trobar els enlla\u00e7os als arxius en format pdf amb la concreci\u00f3 i la seq\u00fcenciaci\u00f3 dels sabers marcats pel curr\u00edculum: Seq\u00fcenciaci\u00f3 i concreci\u00f3: proposta per sentitsSeq\u00fcenciaci\u00f3 [&hellip;]<\/p>\n","protected":false},"author":10,"featured_media":0,"parent":14683,"menu_order":0,"comment_status":"closed","ping_status":"closed","template":"","meta":{"_acf_changed":false,"site-sidebar-layout":"default","site-content-layout":"","ast-site-content-layout":"default","site-content-style":"default","site-sidebar-style":"default","ast-global-header-display":"","ast-banner-title-visibility":"","ast-main-header-display":"","ast-hfb-above-header-display":"","ast-hfb-below-header-display":"","ast-hfb-mobile-header-display":"","site-post-title":"","ast-breadcrumbs-content":"","ast-featured-img":"","footer-sml-layout":"","theme-transparent-header-meta":"","adv-header-id-meta":"","stick-header-meta":"","header-above-stick-meta":"","header-main-stick-meta":"","header-below-stick-meta":"","astra-migrate-meta-layouts":"set","ast-page-background-enabled":"default","ast-page-background-meta":{"desktop":{"background-color":"","background-image":"","background-repeat":"repeat","background-position":"center center","background-size":"auto","background-attachment":"scroll","background-type":"","background-media":"","overlay-type":"","overlay-color":"","overlay-opacity":"","overlay-gradient":""},"tablet":{"background-color":"","background-image":"","background-repeat":"repeat","background-position":"center center","background-size":"auto","background-attachment":"scroll","background-type":"","background-media":"","overlay-type":"","overlay-color":"","overlay-opacity":"","overlay-gradient":""},"mobile":{"background-color":"","background-image":"","background-repeat":"repeat","background-position":"center center","background-size":"auto","background-attachment":"scroll","background-type":"","background-media":"","overlay-type":"","overlay-color":"","overlay-opacity":"","overlay-gradient":""}},"ast-content-background-meta":{"desktop":{"background-color":"var(--ast-global-color-5)","background-image":"","background-repeat":"repeat","background-position":"center center","background-size":"auto","background-attachment":"scroll","background-type":"","background-media":"","overlay-type":"","overlay-color":"","overlay-opacity":"","overlay-gradient":""},"tablet":{"background-color":"var(--ast-global-color-5)","background-image":"","background-repeat":"repeat","background-position":"center center","background-size":"auto","background-attachment":"scroll","background-type":"","background-media":"","overlay-type":"","overlay-color":"","overlay-opacity":"","overlay-gradient":""},"mobile":{"background-color":"var(--ast-global-color-5)","background-image":"","background-repeat":"repeat","background-position":"center center","background-size":"auto","background-attachment":"scroll","background-type":"","background-media":"","overlay-type":"","overlay-color":"","overlay-opacity":"","overlay-gradient":""}},"footnotes":""},"class_list":["post-15224","page","type-page","status-publish","hentry"],"acf":[],"post_mailing_queue_ids":[],"_links":{"self":[{"href":"https:\/\/projectes.xtec.cat\/nou-curriculum\/wp-json\/wp\/v2\/pages\/15224","targetHints":{"allow":["GET"]}}],"collection":[{"href":"https:\/\/projectes.xtec.cat\/nou-curriculum\/wp-json\/wp\/v2\/pages"}],"about":[{"href":"https:\/\/projectes.xtec.cat\/nou-curriculum\/wp-json\/wp\/v2\/types\/page"}],"author":[{"embeddable":true,"href":"https:\/\/projectes.xtec.cat\/nou-curriculum\/wp-json\/wp\/v2\/users\/10"}],"replies":[{"embeddable":true,"href":"https:\/\/projectes.xtec.cat\/nou-curriculum\/wp-json\/wp\/v2\/comments?post=15224"}],"version-history":[{"count":6,"href":"https:\/\/projectes.xtec.cat\/nou-curriculum\/wp-json\/wp\/v2\/pages\/15224\/revisions"}],"predecessor-version":[{"id":16400,"href":"https:\/\/projectes.xtec.cat\/nou-curriculum\/wp-json\/wp\/v2\/pages\/15224\/revisions\/16400"}],"up":[{"embeddable":true,"href":"https:\/\/projectes.xtec.cat\/nou-curriculum\/wp-json\/wp\/v2\/pages\/14683"}],"wp:attachment":[{"href":"https:\/\/projectes.xtec.cat\/nou-curriculum\/wp-json\/wp\/v2\/media?parent=15224"}],"curies":[{"name":"wp","href":"https:\/\/api.w.org\/{rel}","templated":true}]}}