{"id":15660,"date":"2025-09-05T13:34:47","date_gmt":"2025-09-05T11:34:47","guid":{"rendered":"https:\/\/projectes.xtec.cat\/nou-curriculum\/?page_id=15660"},"modified":"2025-10-17T13:24:14","modified_gmt":"2025-10-17T11:24:14","slug":"cercador-de-proves-davaluacio","status":"publish","type":"page","link":"https:\/\/projectes.xtec.cat\/nou-curriculum\/cercador-de-proves-davaluacio\/","title":{"rendered":"Cercador de proves d&#8217;avaluaci\u00f3"},"content":{"rendered":"\n<p>En aquest cercador podeu buscar per paraules clau o filtrar amb els filtres del lateral esquerre les diferents proves publicades per l&#8217;Ag\u00e8ncia d&#8217;Avaluaci\u00f3 i Prospectiva de l&#8217;Educaci\u00f3.<\/p>\n\n\n    <style>\n      \/* Layout *\/\n      .pf-shell{display:flex;flex-direction:column;gap:16px}\n      .pf-wrap{display:grid;grid-template-columns:1fr 3fr;gap:24px}\n      @media (max-width:900px){.pf-wrap{grid-template-columns:1fr}}\n      .pf-side{border-right:1px solid #eee;padding-right:14px}\n      @media (max-width:900px){.pf-side{border-right:none;padding-right:0}}\n\n      \/* Cercador TOP 100% *\/\n      .pf-searchbar{display:flex;gap:10px}\n      .pf-searchbar input[type=\"search\"]{flex:1;padding:12px 14px;border:1px solid #ccc;border-radius:10px}\n      .pf-searchbar button{padding:12px 14px;border-radius:10px;border:1px solid #ccc;background:#fff;cursor:pointer}\n      .pf-searchbar .clear{color:#1aaec0}\n\n      \/* Acordions PRISMA *\/\n      .pf-acc details{border-bottom:1px solid #eee}\n      .pf-acc summary{cursor:pointer;display:flex;align-items:center;gap:8px;padding:12px 0 12px 18px;font-weight:700;color:#333;position:relative}\n      .pf-acc summary::-webkit-details-marker{display:none}\n      .pf-acc summary::before{content:\"\";position:absolute;left:0;top:50%;transform:translateY(-50%);width:0;height:0;border-left:6px solid transparent;border-right:6px solid transparent;border-top:8px solid #1aaec0}\n      .pf-acc details[open] summary::before{border-top:none;border-bottom:8px solid #1aaec0}\n      .pf-acc details{--bar:#1aaec0}\n      .pf-acc details[open] summary{border-top:2px solid var(--bar);padding-top:10px}\n\n      \/* Checks *\/\n      .pf-checklist{padding:10px 0 14px;display:flex;flex-direction:column;gap:10px}\n      .pf-check{display:flex;align-items:flex-start;gap:8px}\n      .pf-check input[type=checkbox]{transform:translateY(2px)}\n      .pf-children{margin-left:16px;border-left:2px solid #1aaec0;padding-left:10px}\n\n      \/* Botons *\/\n      .pf-tools{display:flex;gap:10px;align-items:center;margin:12px 0}\n      .pf-tools .btn{padding:8px 12px;border-radius:999px;border:1px solid #ccc;background:#fff;cursor:pointer}\n      .pf-tools .reset{color:#1aaec0}\n\n      \/* Resultats *\/\n      .pf-list{list-style:none;padding:0;margin:0;border-top:1px solid #eee;border-bottom:1px solid #eee}\n      .pf-list li{padding:14px 12px}\n      .pf-list li a{color:#1a1a1a;text-decoration:none;display:block}\n      .pf-list li a:hover{color:#1aaec0}\n      .pf-striped li:nth-child(even){background:#d5ecef}\n      .pf-striped li:nth-child(odd){background:#fff}\n\n      \/* Paginaci\u00f3 *\/\n      .pf-pagination{display:flex;gap:8px;flex-wrap:wrap;margin-top:16px}\n      .pf-pagination button{padding:6px 10px;border:1px solid #ddd;border-radius:6px;background:#fff;cursor:pointer}\n      .pf-pagination .current{background:#f3f3f3;border-color:#bbb}\n    <\/style>\n\n    <div class=\"pf-shell\" id=\"pf-shell\">\n      <!-- Cercador TOP (100% ample) -->\n      <div class=\"pf-searchbar\">\n        <input id=\"pf-q\" type=\"search\" placeholder=\"Cerca (ex.: catal\u00e0 2024 4t secund\u00e0ria)\" \/>\n        <button id=\"pf-q-clear\" class=\"clear\" type=\"button\">Neteja<\/button>\n      <\/div>\n\n      <div class=\"pf-wrap\" id=\"pf-app\" data-ajax=\"https:\/\/projectes.xtec.cat\/nou-curriculum\/wp-admin\/admin-ajax.php\" data-nonce=\"abe95fce6a\">\n        <aside class=\"pf-side\">\n          <form id=\"pf-filters\">\n            <div class=\"pf-acc\">\n                            <details><summary>Etapa<\/summary>\n                <div class=\"pf-checklist\"><div class=\"pf-check\"><input type=\"checkbox\" id=\"pf-etapa-primaria\" name=\"etapa[]\" value=\"primaria\" ><label for=\"pf-etapa-primaria\">Prim\u00e0ria<\/label><\/div><div class=\"pf-children\"><div class=\"pf-checklist\"><div class=\"pf-check\"><input type=\"checkbox\" id=\"pf-etapa-4t-de-primaria\" name=\"etapa[]\" value=\"4t-de-primaria\" ><label for=\"pf-etapa-4t-de-primaria\">4t de Prim\u00e0ria (avaluaci\u00f3 diagn\u00f2stica)<\/label><\/div><div class=\"pf-check\"><input type=\"checkbox\" id=\"pf-etapa-6e-de-primaria\" name=\"etapa[]\" value=\"6e-de-primaria\" ><label for=\"pf-etapa-6e-de-primaria\">6\u00e8 de Prim\u00e0ria (avaluaci\u00f3 final)<\/label><\/div><\/div><\/div><div class=\"pf-check\"><input type=\"checkbox\" id=\"pf-etapa-secundaria\" name=\"etapa[]\" value=\"secundaria\" ><label for=\"pf-etapa-secundaria\">Secund\u00e0ria<\/label><\/div><div class=\"pf-children\"><div class=\"pf-checklist\"><div class=\"pf-check\"><input type=\"checkbox\" id=\"pf-etapa-2n-deso\" name=\"etapa[]\" value=\"2n-deso\" ><label for=\"pf-etapa-2n-deso\">2n d&#039;ESO (avaluaci\u00f3 diagn\u00f2stica)<\/label><\/div><div class=\"pf-check\"><input type=\"checkbox\" id=\"pf-etapa-4t-deso\" name=\"etapa[]\" value=\"4t-deso\" ><label for=\"pf-etapa-4t-deso\">4t d&#039;ESO (avaluaci\u00f3 final)<\/label><\/div><\/div><\/div><\/div>              <\/details>\n\n              <details><summary>Compet\u00e8ncia<\/summary>\n                <div class=\"pf-checklist\">\n                                      <div class=\"pf-check\">\n                      <input type=\"checkbox\" id=\"pf-competencia-competencia-comunicativa-en-llengua-catalana-i-literatura\" name=\"competencia[]\" value=\"competencia-comunicativa-en-llengua-catalana-i-literatura\" >\n                      <label for=\"pf-competencia-competencia-comunicativa-en-llengua-catalana-i-literatura\">Compet\u00e8ncia comunicativa en llengua catalana i literatura<\/label>\n                    <\/div>\n                                      <div class=\"pf-check\">\n                      <input type=\"checkbox\" id=\"pf-competencia-competencia-comunicativa-en-llengua-castellana-i-literatura\" name=\"competencia[]\" value=\"competencia-comunicativa-en-llengua-castellana-i-literatura\" >\n                      <label for=\"pf-competencia-competencia-comunicativa-en-llengua-castellana-i-literatura\">Compet\u00e8ncia comunicativa en llengua castellana i literatura<\/label>\n                    <\/div>\n                                      <div class=\"pf-check\">\n                      <input type=\"checkbox\" id=\"pf-competencia-competencia-comunicativa-en-aranes-i-literatura-de-laran\" name=\"competencia[]\" value=\"competencia-comunicativa-en-aranes-i-literatura-de-laran\" >\n                      <label for=\"pf-competencia-competencia-comunicativa-en-aranes-i-literatura-de-laran\">Compet\u00e8ncia comunicativa en aran\u00e8s i literatura de l&#039;Aran<\/label>\n                    <\/div>\n                                      <div class=\"pf-check\">\n                      <input type=\"checkbox\" id=\"pf-competencia-competencia-comunicativa-en-llengua-anglesa\" name=\"competencia[]\" value=\"competencia-comunicativa-en-llengua-anglesa\" >\n                      <label for=\"pf-competencia-competencia-comunicativa-en-llengua-anglesa\">Compet\u00e8ncia comunicativa en llengua anglesa<\/label>\n                    <\/div>\n                                      <div class=\"pf-check\">\n                      <input type=\"checkbox\" id=\"pf-competencia-competencia-comunicativa-en-llengua-francesa\" name=\"competencia[]\" value=\"competencia-comunicativa-en-llengua-francesa\" >\n                      <label for=\"pf-competencia-competencia-comunicativa-en-llengua-francesa\">Compet\u00e8ncia comunicativa en llengua francesa<\/label>\n                    <\/div>\n                                      <div class=\"pf-check\">\n                      <input type=\"checkbox\" id=\"pf-competencia-competencia-comunicativa-en-llengua-alemanya\" name=\"competencia[]\" value=\"competencia-comunicativa-en-llengua-alemanya\" >\n                      <label for=\"pf-competencia-competencia-comunicativa-en-llengua-alemanya\">Compet\u00e8ncia comunicativa en llengua alemanya<\/label>\n                    <\/div>\n                                      <div class=\"pf-check\">\n                      <input type=\"checkbox\" id=\"pf-competencia-competencia-matematica\" name=\"competencia[]\" value=\"competencia-matematica\" >\n                      <label for=\"pf-competencia-competencia-matematica\">Compet\u00e8ncia matem\u00e0tica<\/label>\n                    <\/div>\n                                      <div class=\"pf-check\">\n                      <input type=\"checkbox\" id=\"pf-competencia-competencia-en-coneixement-del-medi-natural-social-i-cultural\" name=\"competencia[]\" value=\"competencia-en-coneixement-del-medi-natural-social-i-cultural\" >\n                      <label for=\"pf-competencia-competencia-en-coneixement-del-medi-natural-social-i-cultural\">Compet\u00e8ncia en coneixement del medi natural, social i cultural<\/label>\n                    <\/div>\n                                      <div class=\"pf-check\">\n                      <input type=\"checkbox\" id=\"pf-competencia-competencia-en-ciencies-experimentals\" name=\"competencia[]\" value=\"competencia-en-ciencies-experimentals\" >\n                      <label for=\"pf-competencia-competencia-en-ciencies-experimentals\">Compet\u00e8ncia en ci\u00e8ncies experimentals<\/label>\n                    <\/div>\n                                      <div class=\"pf-check\">\n                      <input type=\"checkbox\" id=\"pf-competencia-competencia-en-ciencia-tecnologia-i-enginyeria\" name=\"competencia[]\" value=\"competencia-en-ciencia-tecnologia-i-enginyeria\" >\n                      <label for=\"pf-competencia-competencia-en-ciencia-tecnologia-i-enginyeria\">Compet\u00e8ncia en ci\u00e8ncia, tecnologia i enginyeria<\/label>\n                    <\/div>\n                                      <div class=\"pf-check\">\n                      <input type=\"checkbox\" id=\"pf-competencia-coneixement-del-medi-natural\" name=\"competencia[]\" value=\"coneixement-del-medi-natural\" >\n                      <label for=\"pf-competencia-coneixement-del-medi-natural\">Coneixement del medi natural<\/label>\n                    <\/div>\n                                  <\/div>\n              <\/details>\n\n              <details><summary>Curs<\/summary>\n                <div class=\"pf-checklist\">\n                                      <div class=\"pf-check\">\n                      <input type=\"checkbox\" id=\"pf-curs-2024-2025\" name=\"curs[]\" value=\"2024-2025\" >\n                      <label for=\"pf-curs-2024-2025\">2024-2025<\/label>\n                    <\/div>\n                                      <div class=\"pf-check\">\n                      <input type=\"checkbox\" id=\"pf-curs-2023-2024\" name=\"curs[]\" value=\"2023-2024\" >\n                      <label for=\"pf-curs-2023-2024\">2023-2024<\/label>\n                    <\/div>\n                                      <div class=\"pf-check\">\n                      <input type=\"checkbox\" id=\"pf-curs-2022-2023\" name=\"curs[]\" value=\"2022-2023\" >\n                      <label for=\"pf-curs-2022-2023\">2022-2023<\/label>\n                    <\/div>\n                                      <div class=\"pf-check\">\n                      <input type=\"checkbox\" id=\"pf-curs-2021-2022\" name=\"curs[]\" value=\"2021-2022\" >\n                      <label for=\"pf-curs-2021-2022\">2021-2022<\/label>\n                    <\/div>\n                                      <div class=\"pf-check\">\n                      <input type=\"checkbox\" id=\"pf-curs-2020-2021\" name=\"curs[]\" value=\"2020-2021\" >\n                      <label for=\"pf-curs-2020-2021\">2020-2021<\/label>\n                    <\/div>\n                                  <\/div>\n              <\/details>\n            <\/div>\n\n            <div class=\"pf-tools\">\n              <button class=\"btn reset\" type=\"button\" id=\"pf-reset\">Neteja filtres<\/button>\n            <\/div>\n          <\/form>\n        <\/aside>\n\n        <section class=\"pf-main\" id=\"pf-results\"><!-- AJAX results --><\/section>\n      <\/div>\n    <\/div>\n\n    <script>\n(function(){\n  const app   = document.getElementById('pf-app');\n  const list  = document.getElementById('pf-results');\n  const form  = document.getElementById('pf-filters');\n  const ajax  = app.dataset.ajax;\n  const nonce = app.dataset.nonce;\n\n  const qInput = document.getElementById('pf-q');\n  const qClear = document.getElementById('pf-q-clear');\n\n  \/\/ Valor inicial del cercador passat des del servidor (segur amb json_encode)\n  const qInit = \"\";\n  if (qInit && qInit.trim() !== '') {\n    qInput.value = qInit.trim();\n  }\n\n  function collectData(page=1){\n    const fd = new FormData(form);\n    fd.append('action','xtec_pf_list');\n    fd.append('nonce', nonce);\n    fd.append('page', page);\n    fd.append('q', (qInput.value || '').trim());\n    return fd;\n  }\n\n  async function loadList(page=1){\n    try{\n      const res = await fetch(ajax, { method:'POST', body: collectData(page) });\n      const data = await res.json();\n      list.innerHTML = (data && data.success) ? data.data.html : '<div class=\"pf-empty\">Error carregant resultats.<\/div>';\n      list.querySelectorAll('.pf-page').forEach(btn=>{\n        btn.addEventListener('click', (e)=>{ e.preventDefault(); loadList(parseInt(btn.dataset.page||'1',10)); });\n      });\n    }catch(e){\n      list.innerHTML = '<div class=\"pf-empty\">Error de connexi\u00f3.<\/div>';\n    }\n  }\n\n  \/\/ Debounce cerca\n  let t=null;\n  qInput.addEventListener('input', ()=>{ clearTimeout(t); t=setTimeout(()=>loadList(1),300); });\n  qClear.addEventListener('click', ()=>{ qInput.value=''; loadList(1); });\n\n  \/\/ Tics filtres\n  form.querySelectorAll('input[type=\"checkbox\"]').forEach(cb=>{\n    cb.addEventListener('change', ()=> loadList(1));\n  });\n\n  \/\/ Reset filtres\n  document.getElementById('pf-reset').addEventListener('click', ()=>{\n    form.reset();\n    qInput.value = ''; \/\/ netegem tamb\u00e9 la query\n    loadList(1);\n  });\n\n  \/\/ Inicial (si hi ha qInit, ja est\u00e0 posat a l\u2019input)\n  loadList(1);\n})();\n<\/script>\n\n    \n","protected":false},"excerpt":{"rendered":"<p>En aquest cercador podeu buscar per paraules clau o filtrar amb els filtres del lateral esquerre les diferents proves publicades per l&#8217;Ag\u00e8ncia d&#8217;Avaluaci\u00f3 i Prospectiva de l&#8217;Educaci\u00f3.<\/p>\n","protected":false},"author":2,"featured_media":0,"parent":0,"menu_order":0,"comment_status":"closed","ping_status":"close","template":"","meta":{"_acf_changed":false,"site-sidebar-layout":"default","site-content-layout":"","ast-site-content-layout":"default","site-content-style":"default","site-sidebar-style":"default","ast-global-header-display":"","ast-banner-title-visibility":"","ast-main-header-display":"","ast-hfb-above-header-display":"","ast-hfb-below-header-display":"","ast-hfb-mobile-header-display":"","site-post-title":"","ast-breadcrumbs-content":"","ast-featured-img":"disabled","footer-sml-layout":"","theme-transparent-header-meta":"","adv-header-id-meta":"","stick-header-meta":"","header-above-stick-meta":"","header-main-stick-meta":"","header-below-stick-meta":"","astra-migrate-meta-layouts":"set","ast-page-background-enabled":"default","ast-page-background-meta":{"desktop":{"background-color":"","background-image":"","background-repeat":"repeat","background-position":"center center","background-size":"auto","background-attachment":"scroll","background-type":"","background-media":"","overlay-type":"","overlay-color":"","overlay-opacity":"","overlay-gradient":""},"tablet":{"background-color":"","background-image":"","background-repeat":"repeat","background-position":"center center","background-size":"auto","background-attachment":"scroll","background-type":"","background-media":"","overlay-type":"","overlay-color":"","overlay-opacity":"","overlay-gradient":""},"mobile":{"background-color":"","background-image":"","background-repeat":"repeat","background-position":"center center","background-size":"auto","background-attachment":"scroll","background-type":"","background-media":"","overlay-type":"","overlay-color":"","overlay-opacity":"","overlay-gradient":""}},"ast-content-background-meta":{"desktop":{"background-color":"var(--ast-global-color-5)","background-image":"","background-repeat":"repeat","background-position":"center center","background-size":"auto","background-attachment":"scroll","background-type":"","background-media":"","overlay-type":"","overlay-color":"","overlay-opacity":"","overlay-gradient":""},"tablet":{"background-color":"var(--ast-global-color-5)","background-image":"","background-repeat":"repeat","background-position":"center center","background-size":"auto","background-attachment":"scroll","background-type":"","background-media":"","overlay-type":"","overlay-color":"","overlay-opacity":"","overlay-gradient":""},"mobile":{"background-color":"var(--ast-global-color-5)","background-image":"","background-repeat":"repeat","background-position":"center center","background-size":"auto","background-attachment":"scroll","background-type":"","background-media":"","overlay-type":"","overlay-color":"","overlay-opacity":"","overlay-gradient":""}},"footnotes":""},"class_list":["post-15660","page","type-page","status-publish","hentry"],"acf":[],"post_mailing_queue_ids":[],"_links":{"self":[{"href":"https:\/\/projectes.xtec.cat\/nou-curriculum\/wp-json\/wp\/v2\/pages\/15660","targetHints":{"allow":["GET"]}}],"collection":[{"href":"https:\/\/projectes.xtec.cat\/nou-curriculum\/wp-json\/wp\/v2\/pages"}],"about":[{"href":"https:\/\/projectes.xtec.cat\/nou-curriculum\/wp-json\/wp\/v2\/types\/page"}],"author":[{"embeddable":true,"href":"https:\/\/projectes.xtec.cat\/nou-curriculum\/wp-json\/wp\/v2\/users\/2"}],"replies":[{"embeddable":true,"href":"https:\/\/projectes.xtec.cat\/nou-curriculum\/wp-json\/wp\/v2\/comments?post=15660"}],"version-history":[{"count":4,"href":"https:\/\/projectes.xtec.cat\/nou-curriculum\/wp-json\/wp\/v2\/pages\/15660\/revisions"}],"predecessor-version":[{"id":15843,"href":"https:\/\/projectes.xtec.cat\/nou-curriculum\/wp-json\/wp\/v2\/pages\/15660\/revisions\/15843"}],"wp:attachment":[{"href":"https:\/\/projectes.xtec.cat\/nou-curriculum\/wp-json\/wp\/v2\/media?parent=15660"}],"curies":[{"name":"wp","href":"https:\/\/api.w.org\/{rel}","templated":true}]}}