{"id":15668,"date":"2025-09-05T13:26:52","date_gmt":"2025-09-05T11:26:52","guid":{"rendered":"https:\/\/projectes.xtec.cat\/nou-curriculum\/?page_id=15668"},"modified":"2025-09-05T13:26:53","modified_gmt":"2025-09-05T11:26:53","slug":"avaluacio-diagnostica-de-segon-deso-ad2s","status":"publish","type":"page","link":"https:\/\/projectes.xtec.cat\/nou-curriculum\/avaluacio-diagnostica-de-segon-deso-ad2s\/","title":{"rendered":"Avaluaci\u00f3 diagn\u00f2stica de segon d&#8217;ESO (AD2S)"},"content":{"rendered":"\n<p>Aquesta prova avalua les compet\u00e8ncies i els coneixements de l&#8217;alumnat al segon curs de l&#8217;educaci\u00f3 secund\u00e0ria obligat\u00f2ria.<\/p>\n\n\n\n<p>Es tracta d&#8217;una avaluaci\u00f3 interna, amb una finalitat formativa i orientadora per als centres i per al conjunt de la comunitat educativa.<\/p>\n\n\n\n<p>\u00c9s una activitat educativa i, com a tal, t\u00e9 car\u00e0cter obligatori.<\/p>\n\n\n    <style>\n      .lp2-wrap{display:grid;grid-template-columns:1fr 1fr;gap:24px}\n      @media (max-width:900px){.lp2-wrap{grid-template-columns:1fr}}\n\n      .lp2-acc details{border-bottom:1px solid #eee}\n      .lp2-acc summary{\n        cursor:pointer;display:flex;align-items:center;gap:8px;\n        padding:12px 0 12px 18px;font-weight:700;color:#333;position:relative;\n      }\n      .lp2-acc summary::-webkit-details-marker{display:none}\n      .lp2-acc summary::before{\n        content:\"\";position:absolute;left:0;top:50%;transform:translateY(-50%);\n        width:0;height:0;border-left:6px solid transparent;border-right:6px solid transparent;\n        border-top:8px solid #1aaec0;\n      }\n      .lp2-acc details[open] summary::before{\n        border-top:none;border-bottom:8px solid #1aaec0;\n      }\n      .lp2-acc details{--bar:#1aaec0}\n      .lp2-acc details[open] summary{border-top:2px solid var(--bar);padding-top:10px}\n      .lp2-acc details:not([open]) summary{border-top:2px solid transparent}\n\n      .lp2-list{list-style:none;margin:0 0 16px 0;padding:0;border-top:1px solid #eee;border-bottom:1px solid #eee}\n      .lp2-list li{padding:12px}\n      .lp2-list li:nth-child(odd){background:#fff}\n      .lp2-list li:nth-child(even){background:#d5ecef}\n      .lp2-list a{color:#1a1a1a;text-decoration:none;display:block}\n      .lp2-list a:hover{color:#1aaec0}\n\n      .lp2-col h3{margin:0 0 8px 0;font-size:1.1rem}\n    <\/style>\n\n    <div class=\"lp2-wrap\">\n      <!-- Columna esquerra: Compet\u00e8ncia -->\n      <div class=\"lp2-col\">\n        <h3>Compet\u00e8ncia<\/h3>\n        <div class=\"lp2-acc\">\n                                    <details>\n                <summary>Compet\u00e8ncia comunicativa en llengua catalana i literatura<\/summary>\n                <ul class=\"lp2-list\">\n                                      <li><a href=\"https:\/\/projectes.xtec.cat\/nou-curriculum\/prova-final\/ad2s-prova-de-llengua-catalana-i-literatura-curs-2024-2025\/\">AD2S. Prova de llengua catalana i literatura. Curs 2024-2025<\/a><\/li>\n                                      <li><a href=\"https:\/\/projectes.xtec.cat\/nou-curriculum\/prova-final\/ad2s-prova-de-llengua-catalana-i-literatura-curs-2023-2024\/\">AD2S. Prova de llengua catalana i literatura. Curs 2023-2024<\/a><\/li>\n                                  <\/ul>\n              <\/details>\n                          <details>\n                <summary>Compet\u00e8ncia comunicativa en llengua castellana i literatura<\/summary>\n                <ul class=\"lp2-list\">\n                                      <li><a href=\"https:\/\/projectes.xtec.cat\/nou-curriculum\/prova-final\/ad2s-prova-de-llengua-castellana-i-literatura-curs-2024-2025\/\">AD2S. Prova de llengua castellana i literatura. Curs 2024-2025<\/a><\/li>\n                                      <li><a href=\"https:\/\/projectes.xtec.cat\/nou-curriculum\/prova-final\/ad2s-prova-de-llengua-castellana-i-literatura-curs-2023-2024\/\">AD2S. Prova de llengua castellana i literatura. Curs 2023-2024<\/a><\/li>\n                                  <\/ul>\n              <\/details>\n                          <details>\n                <summary>Compet\u00e8ncia comunicativa en aran\u00e8s i literatura de l&#039;Aran<\/summary>\n                <ul class=\"lp2-list\">\n                                      <li><a href=\"https:\/\/projectes.xtec.cat\/nou-curriculum\/prova-final\/ad2s-prova-daranes-i-literatura-de-laran-curs-2024-2025\/\">AD2S. Prova d&#8217;aran\u00e8s i literatura de l&#8217;Aran. Curs 2024-2025<\/a><\/li>\n                                      <li><a href=\"https:\/\/projectes.xtec.cat\/nou-curriculum\/prova-final\/ad2s-prova-daranes-i-literatura-de-laran-curs-2023-2024\/\">AD2S. Prova d&#8217;aran\u00e8s i literatura de l&#8217;Aran. Curs 2023-2024<\/a><\/li>\n                                  <\/ul>\n              <\/details>\n                          <details>\n                <summary>Compet\u00e8ncia comunicativa en llengua anglesa<\/summary>\n                <ul class=\"lp2-list\">\n                                      <li><a href=\"https:\/\/projectes.xtec.cat\/nou-curriculum\/prova-final\/ad2s-prova-de-llengua-anglesa-curs-2024-2025\/\">AD2S. Prova de llengua anglesa. Curs 2024-2025<\/a><\/li>\n                                      <li><a href=\"https:\/\/projectes.xtec.cat\/nou-curriculum\/prova-final\/ad2s-prova-de-llengua-anglesa-curs-2023-2024\/\">AD2S. Prova de llengua anglesa. Curs 2023-2024<\/a><\/li>\n                                  <\/ul>\n              <\/details>\n                          <details>\n                <summary>Compet\u00e8ncia comunicativa en llengua francesa<\/summary>\n                <ul class=\"lp2-list\">\n                                      <li><a href=\"https:\/\/projectes.xtec.cat\/nou-curriculum\/prova-final\/ad2s-prova-de-llengua-francesa-curs-2024-2025\/\">AD2S. Prova de llengua francesa. Curs 2024-2025<\/a><\/li>\n                                  <\/ul>\n              <\/details>\n                          <details>\n                <summary>Compet\u00e8ncia comunicativa en llengua alemanya<\/summary>\n                <ul class=\"lp2-list\">\n                                      <li><a href=\"https:\/\/projectes.xtec.cat\/nou-curriculum\/prova-final\/ad2s-prova-de-llengua-alemanya-curs-2024-2025\/\">AD2S. Prova de llengua alemanya. Curs 2024-2025<\/a><\/li>\n                                  <\/ul>\n              <\/details>\n                          <details>\n                <summary>Compet\u00e8ncia matem\u00e0tica<\/summary>\n                <ul class=\"lp2-list\">\n                                      <li><a href=\"https:\/\/projectes.xtec.cat\/nou-curriculum\/prova-final\/ad2s-prova-de-matematiques-curs-2024-2025\/\">AD2S. Prova de matem\u00e0tiques. Curs 2024-2025<\/a><\/li>\n                                      <li><a href=\"https:\/\/projectes.xtec.cat\/nou-curriculum\/prova-final\/ad2s-prova-de-matematiques-curs-2023-2024\/\">AD2S. Prova de matem\u00e0tiques. Curs 2023-2024<\/a><\/li>\n                                  <\/ul>\n              <\/details>\n                          <details>\n                <summary>Compet\u00e8ncia en ci\u00e8ncies experimentals<\/summary>\n                <ul class=\"lp2-list\">\n                                      <li><a href=\"https:\/\/projectes.xtec.cat\/nou-curriculum\/prova-final\/ad2s-prova-de-ciencies-experimentals-curs-2024-2025\/\">AD2S. Prova de ci\u00e8ncies experimentals. Curs 2024-2025<\/a><\/li>\n                                      <li><a href=\"https:\/\/projectes.xtec.cat\/nou-curriculum\/prova-final\/ad2s-prova-de-ciencies-experimentals-curs-2023-2024\/\">AD2S. Prova de ci\u00e8ncies experimentals. Curs 2023-2024<\/a><\/li>\n                                  <\/ul>\n              <\/details>\n                              <\/div>\n      <\/div>\n\n      <!-- Columna dreta: Curs -->\n      <div class=\"lp2-col\">\n        <h3>Curs<\/h3>\n        <div class=\"lp2-acc\">\n                                    <details>\n                <summary>2024-2025<\/summary>\n                <ul class=\"lp2-list\">\n                                      <li><a href=\"https:\/\/projectes.xtec.cat\/nou-curriculum\/prova-final\/ad2s-prova-de-llengua-catalana-i-literatura-curs-2024-2025\/\">AD2S. Prova de llengua catalana i literatura. Curs 2024-2025<\/a><\/li>\n                                      <li><a href=\"https:\/\/projectes.xtec.cat\/nou-curriculum\/prova-final\/ad2s-prova-de-llengua-castellana-i-literatura-curs-2024-2025\/\">AD2S. Prova de llengua castellana i literatura. Curs 2024-2025<\/a><\/li>\n                                      <li><a href=\"https:\/\/projectes.xtec.cat\/nou-curriculum\/prova-final\/ad2s-prova-daranes-i-literatura-de-laran-curs-2024-2025\/\">AD2S. Prova d&#8217;aran\u00e8s i literatura de l&#8217;Aran. Curs 2024-2025<\/a><\/li>\n                                      <li><a href=\"https:\/\/projectes.xtec.cat\/nou-curriculum\/prova-final\/ad2s-prova-de-llengua-anglesa-curs-2024-2025\/\">AD2S. Prova de llengua anglesa. Curs 2024-2025<\/a><\/li>\n                                      <li><a href=\"https:\/\/projectes.xtec.cat\/nou-curriculum\/prova-final\/ad2s-prova-de-llengua-francesa-curs-2024-2025\/\">AD2S. Prova de llengua francesa. Curs 2024-2025<\/a><\/li>\n                                      <li><a href=\"https:\/\/projectes.xtec.cat\/nou-curriculum\/prova-final\/ad2s-prova-de-llengua-alemanya-curs-2024-2025\/\">AD2S. Prova de llengua alemanya. Curs 2024-2025<\/a><\/li>\n                                      <li><a href=\"https:\/\/projectes.xtec.cat\/nou-curriculum\/prova-final\/ad2s-prova-de-matematiques-curs-2024-2025\/\">AD2S. Prova de matem\u00e0tiques. Curs 2024-2025<\/a><\/li>\n                                      <li><a href=\"https:\/\/projectes.xtec.cat\/nou-curriculum\/prova-final\/ad2s-prova-de-ciencies-experimentals-curs-2024-2025\/\">AD2S. Prova de ci\u00e8ncies experimentals. Curs 2024-2025<\/a><\/li>\n                                  <\/ul>\n              <\/details>\n                          <details>\n                <summary>2023-2024<\/summary>\n                <ul class=\"lp2-list\">\n                                      <li><a href=\"https:\/\/projectes.xtec.cat\/nou-curriculum\/prova-final\/ad2s-prova-de-llengua-catalana-i-literatura-curs-2023-2024\/\">AD2S. Prova de llengua catalana i literatura. Curs 2023-2024<\/a><\/li>\n                                      <li><a href=\"https:\/\/projectes.xtec.cat\/nou-curriculum\/prova-final\/ad2s-prova-de-llengua-castellana-i-literatura-curs-2023-2024\/\">AD2S. Prova de llengua castellana i literatura. Curs 2023-2024<\/a><\/li>\n                                      <li><a href=\"https:\/\/projectes.xtec.cat\/nou-curriculum\/prova-final\/ad2s-prova-daranes-i-literatura-de-laran-curs-2023-2024\/\">AD2S. Prova d&#8217;aran\u00e8s i literatura de l&#8217;Aran. Curs 2023-2024<\/a><\/li>\n                                      <li><a href=\"https:\/\/projectes.xtec.cat\/nou-curriculum\/prova-final\/ad2s-prova-de-llengua-anglesa-curs-2023-2024\/\">AD2S. Prova de llengua anglesa. Curs 2023-2024<\/a><\/li>\n                                      <li><a href=\"https:\/\/projectes.xtec.cat\/nou-curriculum\/prova-final\/ad2s-prova-de-matematiques-curs-2023-2024\/\">AD2S. Prova de matem\u00e0tiques. Curs 2023-2024<\/a><\/li>\n                                      <li><a href=\"https:\/\/projectes.xtec.cat\/nou-curriculum\/prova-final\/ad2s-prova-de-ciencies-experimentals-curs-2023-2024\/\">AD2S. Prova de ci\u00e8ncies experimentals. Curs 2023-2024<\/a><\/li>\n                                  <\/ul>\n              <\/details>\n                              <\/div>\n      <\/div>\n    <\/div>\n    \n\n\n\n<p><\/p>\n","protected":false},"excerpt":{"rendered":"<p>Aquesta prova avalua les compet\u00e8ncies i els coneixements de l&#8217;alumnat al segon curs de l&#8217;educaci\u00f3 secund\u00e0ria obligat\u00f2ria. Es tracta d&#8217;una avaluaci\u00f3 interna, amb una finalitat formativa i orientadora per als centres i per al conjunt de la comunitat educativa. \u00c9s una activitat educativa i, com a tal, t\u00e9 car\u00e0cter obligatori.<\/p>\n","protected":false},"author":2,"featured_media":0,"parent":0,"menu_order":0,"comment_status":"closed","ping_status":"close","template":"","meta":{"_acf_changed":false,"site-sidebar-layout":"default","site-content-layout":"","ast-site-content-layout":"default","site-content-style":"default","site-sidebar-style":"default","ast-global-header-display":"","ast-banner-title-visibility":"","ast-main-header-display":"","ast-hfb-above-header-display":"","ast-hfb-below-header-display":"","ast-hfb-mobile-header-display":"","site-post-title":"","ast-breadcrumbs-content":"","ast-featured-img":"","footer-sml-layout":"","theme-transparent-header-meta":"","adv-header-id-meta":"","stick-header-meta":"","header-above-stick-meta":"","header-main-stick-meta":"","header-below-stick-meta":"","astra-migrate-meta-layouts":"set","ast-page-background-enabled":"default","ast-page-background-meta":{"desktop":{"background-color":"","background-image":"","background-repeat":"repeat","background-position":"center center","background-size":"auto","background-attachment":"scroll","background-type":"","background-media":"","overlay-type":"","overlay-color":"","overlay-opacity":"","overlay-gradient":""},"tablet":{"background-color":"","background-image":"","background-repeat":"repeat","background-position":"center center","background-size":"auto","background-attachment":"scroll","background-type":"","background-media":"","overlay-type":"","overlay-color":"","overlay-opacity":"","overlay-gradient":""},"mobile":{"background-color":"","background-image":"","background-repeat":"repeat","background-position":"center center","background-size":"auto","background-attachment":"scroll","background-type":"","background-media":"","overlay-type":"","overlay-color":"","overlay-opacity":"","overlay-gradient":""}},"ast-content-background-meta":{"desktop":{"background-color":"var(--ast-global-color-5)","background-image":"","background-repeat":"repeat","background-position":"center center","background-size":"auto","background-attachment":"scroll","background-type":"","background-media":"","overlay-type":"","overlay-color":"","overlay-opacity":"","overlay-gradient":""},"tablet":{"background-color":"var(--ast-global-color-5)","background-image":"","background-repeat":"repeat","background-position":"center center","background-size":"auto","background-attachment":"scroll","background-type":"","background-media":"","overlay-type":"","overlay-color":"","overlay-opacity":"","overlay-gradient":""},"mobile":{"background-color":"var(--ast-global-color-5)","background-image":"","background-repeat":"repeat","background-position":"center center","background-size":"auto","background-attachment":"scroll","background-type":"","background-media":"","overlay-type":"","overlay-color":"","overlay-opacity":"","overlay-gradient":""}},"footnotes":""},"class_list":["post-15668","page","type-page","status-publish","hentry"],"acf":[],"post_mailing_queue_ids":[],"_links":{"self":[{"href":"https:\/\/projectes.xtec.cat\/nou-curriculum\/wp-json\/wp\/v2\/pages\/15668","targetHints":{"allow":["GET"]}}],"collection":[{"href":"https:\/\/projectes.xtec.cat\/nou-curriculum\/wp-json\/wp\/v2\/pages"}],"about":[{"href":"https:\/\/projectes.xtec.cat\/nou-curriculum\/wp-json\/wp\/v2\/types\/page"}],"author":[{"embeddable":true,"href":"https:\/\/projectes.xtec.cat\/nou-curriculum\/wp-json\/wp\/v2\/users\/2"}],"replies":[{"embeddable":true,"href":"https:\/\/projectes.xtec.cat\/nou-curriculum\/wp-json\/wp\/v2\/comments?post=15668"}],"version-history":[{"count":2,"href":"https:\/\/projectes.xtec.cat\/nou-curriculum\/wp-json\/wp\/v2\/pages\/15668\/revisions"}],"predecessor-version":[{"id":15711,"href":"https:\/\/projectes.xtec.cat\/nou-curriculum\/wp-json\/wp\/v2\/pages\/15668\/revisions\/15711"}],"wp:attachment":[{"href":"https:\/\/projectes.xtec.cat\/nou-curriculum\/wp-json\/wp\/v2\/media?parent=15668"}],"curies":[{"name":"wp","href":"https:\/\/api.w.org\/{rel}","templated":true}]}}