{"id":16578,"date":"2026-02-05T12:01:25","date_gmt":"2026-02-05T11:01:25","guid":{"rendered":"https:\/\/projectes.xtec.cat\/nou-curriculum\/?page_id=16578"},"modified":"2026-02-05T12:10:56","modified_gmt":"2026-02-05T11:10:56","slug":"modificacio-del-decret-de-batxillerat","status":"publish","type":"page","link":"https:\/\/projectes.xtec.cat\/nou-curriculum\/batxillerat\/modificacio-del-decret-de-batxillerat\/","title":{"rendered":"Modificaci\u00f3 del decret de Batxillerat"},"content":{"rendered":"\n<div class=\"wp-block-columns is-layout-flex wp-container-core-columns-is-layout-1 wp-block-columns-is-layout-flex\">\n<div class=\"wp-block-column is-layout-flow wp-block-column-is-layout-flow\" style=\"flex-basis:350px\">\n<figure class=\"wp-block-image size-full is-resized ambvora\"><a href=\"https:\/\/drive.google.com\/file\/d\/1sBmCVoTVbeJTrSFyihPPvkkq_rIP41iY\/view?usp=drive_link\" target=\"_blank\" rel=\" noreferrer noopener\"><img loading=\"lazy\" decoding=\"async\" width=\"610\" height=\"712\" src=\"https:\/\/projectes.xtec.cat\/nou-curriculum\/wp-content\/uploads\/usu2072\/2026\/02\/itineraris_2.png\" alt=\"\" class=\"wp-image-16583\" style=\"width:300px\" srcset=\"https:\/\/projectes.xtec.cat\/nou-curriculum\/wp-content\/uploads\/usu2072\/2026\/02\/itineraris_2.png 610w, https:\/\/projectes.xtec.cat\/nou-curriculum\/wp-content\/uploads\/usu2072\/2026\/02\/itineraris_2-257x300.png 257w\" sizes=\"auto, (max-width: 610px) 100vw, 610px\" \/><\/a><\/figure>\n<\/div>\n\n\n\n<div class=\"wp-block-column is-layout-flow wp-block-column-is-layout-flow\">\n<p>El Departament d&#8217;Educaci\u00f3 i Formaci\u00f3 Professional ha publicat<strong>&nbsp;l&#8217;esborrany definitiu del decret de modificaci\u00f3 de batxillerat.<\/strong><\/p>\n\n\n\n<p>Per acompanyar les direccions dels centres que ofereixen&nbsp;batxillerat, s&#8217;han preparat els documents seg\u00fcents:<\/p>\n\n\n\n<ul class=\"wp-block-list\">\n<li><a href=\"https:\/\/documents.espai.educacio.gencat.cat\/documents_publics\/Presentacio_canvis_Decret_Batxillerat_2026.pdf\" target=\"_blank\" rel=\"noreferrer noopener\">Presen\u200btaci\u00f3<\/a>, amb el resum dels canvis que introdueix la modificaci\u00f3 del Decret 171\/2022.<\/li>\n<\/ul>\n\n\n\n<ul class=\"wp-block-list\">\n<li><a style=\"font-size: 1rem; font-weight: inherit;\" href=\"https:\/\/documents.espai.educacio.gencat.cat\/documents_publics\/Infografia_canvis_Decret_Batxillerat_2026.pdf\" target=\"_blank\" rel=\"noreferrer noopener\">Info\u200bgrafia<\/a><span style=\"font-size: 1rem; font-weight: inherit;\">, amb la&nbsp;configuraci\u00f3 de les mat\u00e8ries de primer de batxillerat per&nbsp;al curs 2026-2027.<\/span><\/li>\n<\/ul>\n\n\n\n<ul class=\"wp-block-list\">\n<li><a style=\"font-size: 1rem; font-weight: inherit;\" href=\"https:\/\/governobert.gencat.cat\/web\/shared\/Transparencia\/normativa-en-tramit\/EDU\/en-tramit\/dbatxilleratmod\/dbatxilleratmod-09-projecte.pdf\" target=\"_blank\" rel=\"noreferrer noopener\">Projecte de decret de modificaci\u00f3 del Decret 171\/2022<\/a><span style=\"font-size: 1rem; font-weight: inherit;\">, de 20 de setembre, d&#8217;ordenaci\u00f3 dels ensenyaments de batxillerat.<\/span><\/li>\n<\/ul>\n\n\n\n<ul class=\"wp-block-list\">\n<li><a href=\"https:\/\/drive.google.com\/file\/d\/1sBmCVoTVbeJTrSFyihPPvkkq_rIP41iY\/view?usp=drive_link\" target=\"_blank\" rel=\"noreferrer noopener\">Proposta d&#8217;itineraris acad\u00e8mics<\/a> per a primer de Batxillerat.<\/li>\n<\/ul>\n<\/div>\n<\/div>\n\n\n\n<div style=\"height:50px\" aria-hidden=\"true\" class=\"wp-block-spacer\"><\/div>\n\n\n\n<div class=\"wp-block-columns is-layout-flex wp-container-core-columns-is-layout-2 wp-block-columns-is-layout-flex\">\n<div class=\"wp-block-column caixa has-background is-layout-flow wp-block-column-is-layout-flow\" style=\"background-color:#f4f4f4;flex-basis:33.33%\">\n<p class=\"has-text-align-left\">Enregistrament del seminari en l\u00ednia realitzat el dijous 5 de febrer de 2026 per informar les direccions dels centres p\u00fablics, concertats i privats sobre les modificacions del Decret 171\/2022, de 20 de setembre, d\u2019ordenaci\u00f3 dels ensenyaments de batxillerat, i per donar orientacions per l&#8217;organitzaci\u00f3 del pr\u00f2xim curs 2026-2027.<\/p>\n<\/div>\n\n\n\n<div class=\"wp-block-column is-layout-flow wp-block-column-is-layout-flow\" style=\"flex-basis:66.66%\">\n<figure class=\"wp-block-embed is-type-video is-provider-youtube wp-block-embed-youtube wp-embed-aspect-16-9 wp-has-aspect-ratio\"><div class=\"wp-block-embed__wrapper\">\n<div class=\"ast-oembed-container \" style=\"height: 100%;\"><iframe loading=\"lazy\" title=\"Informaci\u00f3 sobre els canvis en el batxillerat per al curs 2026-2027\" width=\"500\" height=\"281\" src=\"https:\/\/www.youtube.com\/embed\/5Dxvd1bWLxo?feature=oembed\" frameborder=\"0\" allow=\"accelerometer; autoplay; clipboard-write; encrypted-media; gyroscope; picture-in-picture; web-share\" referrerpolicy=\"strict-origin-when-cross-origin\" allowfullscreen><\/iframe><\/div>\n<\/div><\/figure>\n<\/div>\n<\/div>\n","protected":false},"excerpt":{"rendered":"<p>El Departament d&#8217;Educaci\u00f3 i Formaci\u00f3 Professional ha publicat&nbsp;l&#8217;esborrany definitiu del decret de modificaci\u00f3 de batxillerat. Per acompanyar les direccions dels centres que ofereixen&nbsp;batxillerat, s&#8217;han preparat els documents seg\u00fcents: Enregistrament del seminari en l\u00ednia realitzat el dijous 5 de febrer de 2026 per informar les direccions dels centres p\u00fablics, concertats i privats sobre les modificacions del [&hellip;]<\/p>\n","protected":false},"author":10,"featured_media":0,"parent":10661,"menu_order":0,"comment_status":"closed","ping_status":"closed","template":"","meta":{"_acf_changed":false,"site-sidebar-layout":"default","site-content-layout":"","ast-site-content-layout":"default","site-content-style":"default","site-sidebar-style":"default","ast-global-header-display":"","ast-banner-title-visibility":"","ast-main-header-display":"","ast-hfb-above-header-display":"","ast-hfb-below-header-display":"","ast-hfb-mobile-header-display":"","site-post-title":"","ast-breadcrumbs-content":"","ast-featured-img":"","footer-sml-layout":"","theme-transparent-header-meta":"","adv-header-id-meta":"","stick-header-meta":"","header-above-stick-meta":"","header-main-stick-meta":"","header-below-stick-meta":"","astra-migrate-meta-layouts":"set","ast-page-background-enabled":"default","ast-page-background-meta":{"desktop":{"background-color":"","background-image":"","background-repeat":"repeat","background-position":"center center","background-size":"auto","background-attachment":"scroll","background-type":"","background-media":"","overlay-type":"","overlay-color":"","overlay-opacity":"","overlay-gradient":""},"tablet":{"background-color":"","background-image":"","background-repeat":"repeat","background-position":"center center","background-size":"auto","background-attachment":"scroll","background-type":"","background-media":"","overlay-type":"","overlay-color":"","overlay-opacity":"","overlay-gradient":""},"mobile":{"background-color":"","background-image":"","background-repeat":"repeat","background-position":"center center","background-size":"auto","background-attachment":"scroll","background-type":"","background-media":"","overlay-type":"","overlay-color":"","overlay-opacity":"","overlay-gradient":""}},"ast-content-background-meta":{"desktop":{"background-color":"var(--ast-global-color-5)","background-image":"","background-repeat":"repeat","background-position":"center center","background-size":"auto","background-attachment":"scroll","background-type":"","background-media":"","overlay-type":"","overlay-color":"","overlay-opacity":"","overlay-gradient":""},"tablet":{"background-color":"var(--ast-global-color-5)","background-image":"","background-repeat":"repeat","background-position":"center center","background-size":"auto","background-attachment":"scroll","background-type":"","background-media":"","overlay-type":"","overlay-color":"","overlay-opacity":"","overlay-gradient":""},"mobile":{"background-color":"var(--ast-global-color-5)","background-image":"","background-repeat":"repeat","background-position":"center center","background-size":"auto","background-attachment":"scroll","background-type":"","background-media":"","overlay-type":"","overlay-color":"","overlay-opacity":"","overlay-gradient":""}},"footnotes":""},"class_list":["post-16578","page","type-page","status-publish","hentry"],"acf":[],"post_mailing_queue_ids":[],"_links":{"self":[{"href":"https:\/\/projectes.xtec.cat\/nou-curriculum\/wp-json\/wp\/v2\/pages\/16578","targetHints":{"allow":["GET"]}}],"collection":[{"href":"https:\/\/projectes.xtec.cat\/nou-curriculum\/wp-json\/wp\/v2\/pages"}],"about":[{"href":"https:\/\/projectes.xtec.cat\/nou-curriculum\/wp-json\/wp\/v2\/types\/page"}],"author":[{"embeddable":true,"href":"https:\/\/projectes.xtec.cat\/nou-curriculum\/wp-json\/wp\/v2\/users\/10"}],"replies":[{"embeddable":true,"href":"https:\/\/projectes.xtec.cat\/nou-curriculum\/wp-json\/wp\/v2\/comments?post=16578"}],"version-history":[{"count":5,"href":"https:\/\/projectes.xtec.cat\/nou-curriculum\/wp-json\/wp\/v2\/pages\/16578\/revisions"}],"predecessor-version":[{"id":16614,"href":"https:\/\/projectes.xtec.cat\/nou-curriculum\/wp-json\/wp\/v2\/pages\/16578\/revisions\/16614"}],"up":[{"embeddable":true,"href":"https:\/\/projectes.xtec.cat\/nou-curriculum\/wp-json\/wp\/v2\/pages\/10661"}],"wp:attachment":[{"href":"https:\/\/projectes.xtec.cat\/nou-curriculum\/wp-json\/wp\/v2\/media?parent=16578"}],"curies":[{"name":"wp","href":"https:\/\/api.w.org\/{rel}","templated":true}]}}