{"id":16796,"date":"2026-04-14T13:32:08","date_gmt":"2026-04-14T11:32:08","guid":{"rendered":"https:\/\/projectes.xtec.cat\/nou-curriculum\/?page_id=16796"},"modified":"2026-04-15T07:47:10","modified_gmt":"2026-04-15T05:47:10","slug":"situacions-daprenentatge-cee","status":"publish","type":"page","link":"https:\/\/projectes.xtec.cat\/nou-curriculum\/situacions-daprenentatge-cee\/","title":{"rendered":"Situacions d&#8217;aprenentatge CEE"},"content":{"rendered":"\n<div class=\"wp-block-columns is-layout-flex wp-container-core-columns-is-layout-1 wp-block-columns-is-layout-flex\">\n<div class=\"wp-block-column caixa has-background is-layout-flow wp-block-column-is-layout-flow\" style=\"background-color:#1e8faf\">\n<h2 class=\"wp-block-heading has-ast-global-color-5-color has-text-color has-link-color wp-elements-c6cc80f4b38815dcf5533c13b3b15749\">Grup de treball de centres d&#8217;educaci\u00f3 especial.<\/h2>\n\n\n\n<h3 class=\"wp-block-heading has-ast-global-color-5-color has-text-color has-link-color wp-elements-e63e28fb964ad0797e177aab1b1037d0\"><em>Situacions d&#8217;aprenentatge elaborades per centres del Grup de Treball de Centres d\u2019Educaci\u00f3 Especial<\/em><\/h3>\n<\/div>\n<\/div>\n\n\n\n<div style=\"height:26px\" aria-hidden=\"true\" class=\"wp-block-spacer\"><\/div>\n\n\n\n<div class=\"wp-block-columns is-layout-flex wp-container-core-columns-is-layout-2 wp-block-columns-is-layout-flex\">\n<div class=\"wp-block-column caixa is-layout-flow wp-block-column-is-layout-flow\">\n<h6 class=\"wp-block-heading\">Les situacions d\u2019aprenentatge en centres d\u2019educaci\u00f3 especial s\u00f3n propostes did\u00e0ctiques globalitzades basades en experi\u00e8ncies reals i significatives, orientades al desenvolupament de compet\u00e8ncies personals, socials, comunicatives i funcionals de l\u2019alumnat.<br>Cada situaci\u00f3 s\u2019adapta a una etapa educativa concreta, t\u00e9 en compte la variabilitat en l\u2019aprenentatge i la intensitat de suport educatiu de l\u2019alumnat, des de suports m\u00e9s intensius fins a m\u00e9s moderats o intermitents, garantint aix\u00ed una resposta educativa flexible i ajustada a les necessitats individuals.<\/h6>\n<\/div>\n<\/div>\n\n\n\n<div style=\"height:39px\" aria-hidden=\"true\" class=\"wp-block-spacer\"><\/div>\n\n\n\n<div class=\"wp-block-columns is-layout-flex wp-container-core-columns-is-layout-3 wp-block-columns-is-layout-flex\">\n<div class=\"wp-block-column caixa-link educacio-basica is-layout-flow wp-block-column-is-layout-flow\" id=\"https:\/\/docs.google.com\/spreadsheets\/d\/15dShP_vz8o0eWddOUcKxdRUEd21V-hrHMsUZQvxKLdA\/template\/preview\">\n<h5 class=\"wp-block-heading\">Entorns l\u00fadics<\/h5>\n\n\n\n<div style=\"height:15px\" aria-hidden=\"true\" class=\"wp-block-spacer\"><\/div>\n\n\n\n<figure class=\"wp-block-image size-large\"><img loading=\"lazy\" decoding=\"async\" width=\"1024\" height=\"486\" src=\"https:\/\/projectes.xtec.cat\/nou-curriculum\/wp-content\/uploads\/usu2072\/2026\/04\/Entorns-ludics-1-1024x486.png\" alt=\"\" class=\"wp-image-16808\" srcset=\"https:\/\/projectes.xtec.cat\/nou-curriculum\/wp-content\/uploads\/usu2072\/2026\/04\/Entorns-ludics-1-1024x486.png 1024w, https:\/\/projectes.xtec.cat\/nou-curriculum\/wp-content\/uploads\/usu2072\/2026\/04\/Entorns-ludics-1-300x142.png 300w, https:\/\/projectes.xtec.cat\/nou-curriculum\/wp-content\/uploads\/usu2072\/2026\/04\/Entorns-ludics-1-768x364.png 768w, https:\/\/projectes.xtec.cat\/nou-curriculum\/wp-content\/uploads\/usu2072\/2026\/04\/Entorns-ludics-1.png 1201w\" sizes=\"auto, (max-width: 1024px) 100vw, 1024px\" \/><\/figure>\n\n\n\n<div style=\"height:10px\" aria-hidden=\"true\" class=\"wp-block-spacer\"><\/div>\n\n\n\n<p class=\"has-small-font-size\">CEE L&#8217;Esperan\u00e7a<\/p>\n<\/div>\n\n\n\n<div class=\"wp-block-column caixa-link educacio-basica is-layout-flow wp-block-column-is-layout-flow\" id=\"https:\/\/docs.google.com\/document\/d\/1kfxnz6giZ3nMzu6Pno4z7S3C_MUI_gycy7_zA1mQDOQ\/template\/preview\">\n<h5 class=\"wp-block-heading\">La m\u00e0gia del cinema<\/h5>\n\n\n\n<figure class=\"wp-block-image size-full\"><img loading=\"lazy\" decoding=\"async\" width=\"937\" height=\"571\" src=\"https:\/\/projectes.xtec.cat\/nou-curriculum\/wp-content\/uploads\/usu2072\/2026\/04\/La-magia-del-cinema.png\" alt=\"\" class=\"wp-image-16802\" srcset=\"https:\/\/projectes.xtec.cat\/nou-curriculum\/wp-content\/uploads\/usu2072\/2026\/04\/La-magia-del-cinema.png 937w, https:\/\/projectes.xtec.cat\/nou-curriculum\/wp-content\/uploads\/usu2072\/2026\/04\/La-magia-del-cinema-300x183.png 300w, https:\/\/projectes.xtec.cat\/nou-curriculum\/wp-content\/uploads\/usu2072\/2026\/04\/La-magia-del-cinema-768x468.png 768w\" sizes=\"auto, (max-width: 937px) 100vw, 937px\" \/><\/figure>\n\n\n\n<p class=\"has-small-font-size\">CEE L&#8217;Esperan\u00e7a <\/p>\n<\/div>\n\n\n\n<div class=\"wp-block-column caixa-link educacio-basica is-layout-flow wp-block-column-is-layout-flow\" id=\"https:\/\/docs.google.com\/document\/d\/1h89l5i7aQ4W1-8MJfJ6IsKAONNC6Wz0DLOvHBk4ZvzI\/template\/preview\">\n<h5 class=\"wp-block-heading\">Viatgem pel m\u00f3n<\/h5>\n\n\n\n<figure class=\"wp-block-image size-full\"><img loading=\"lazy\" decoding=\"async\" width=\"912\" height=\"640\" src=\"https:\/\/projectes.xtec.cat\/nou-curriculum\/wp-content\/uploads\/usu2072\/2026\/04\/Viatgem-pel-mon.png\" alt=\"\" class=\"wp-image-16803\" srcset=\"https:\/\/projectes.xtec.cat\/nou-curriculum\/wp-content\/uploads\/usu2072\/2026\/04\/Viatgem-pel-mon.png 912w, https:\/\/projectes.xtec.cat\/nou-curriculum\/wp-content\/uploads\/usu2072\/2026\/04\/Viatgem-pel-mon-300x211.png 300w, https:\/\/projectes.xtec.cat\/nou-curriculum\/wp-content\/uploads\/usu2072\/2026\/04\/Viatgem-pel-mon-768x539.png 768w\" sizes=\"auto, (max-width: 912px) 100vw, 912px\" \/><\/figure>\n\n\n\n<p class=\"has-small-font-size\">CEE Mare de D\u00e9u del Mont<\/p>\n<\/div>\n<\/div>\n\n\n\n<div style=\"height:54px\" aria-hidden=\"true\" class=\"wp-block-spacer\"><\/div>\n\n\n\n<div class=\"wp-block-columns is-layout-flex wp-container-core-columns-is-layout-4 wp-block-columns-is-layout-flex\">\n<div class=\"wp-block-column caixa-link educacio-basica is-layout-flow wp-block-column-is-layout-flow\" id=\"https:\/\/docs.google.com\/document\/d\/1TecpoSYpQEZt5T_lpOa8_aD2YExokPzHJAWCho4rCYw\/template\/preview\">\n<h5 class=\"wp-block-heading\">Anem de compres<\/h5>\n\n\n\n<figure class=\"wp-block-image size-large\"><img loading=\"lazy\" decoding=\"async\" width=\"1024\" height=\"516\" src=\"https:\/\/projectes.xtec.cat\/nou-curriculum\/wp-content\/uploads\/usu2072\/2026\/04\/Anem-de-compres-1024x516.png\" alt=\"\" class=\"wp-image-16804\" srcset=\"https:\/\/projectes.xtec.cat\/nou-curriculum\/wp-content\/uploads\/usu2072\/2026\/04\/Anem-de-compres-1024x516.png 1024w, https:\/\/projectes.xtec.cat\/nou-curriculum\/wp-content\/uploads\/usu2072\/2026\/04\/Anem-de-compres-300x151.png 300w, https:\/\/projectes.xtec.cat\/nou-curriculum\/wp-content\/uploads\/usu2072\/2026\/04\/Anem-de-compres-768x387.png 768w, https:\/\/projectes.xtec.cat\/nou-curriculum\/wp-content\/uploads\/usu2072\/2026\/04\/Anem-de-compres.png 1233w\" sizes=\"auto, (max-width: 1024px) 100vw, 1024px\" \/><\/figure>\n\n\n\n<p class=\"has-small-font-size\">CEE La Font de l&#8217;Abella<\/p>\n<\/div>\n\n\n\n<div class=\"wp-block-column caixa-link educacio-basica is-layout-flow wp-block-column-is-layout-flow\" id=\"https:\/\/docs.google.com\/spreadsheets\/d\/1tVNx3CcW8_ASvk41a5WtlW9y-rfb1GsZzWQ7vsqtUZU\/template\/preview\">\n<h5 class=\"wp-block-heading\">Servei de bar<\/h5>\n\n\n\n<figure class=\"wp-block-image size-large\"><img loading=\"lazy\" decoding=\"async\" width=\"1024\" height=\"525\" src=\"https:\/\/projectes.xtec.cat\/nou-curriculum\/wp-content\/uploads\/usu2072\/2026\/04\/Servei-de-bar-1024x525.png\" alt=\"\" class=\"wp-image-16805\" srcset=\"https:\/\/projectes.xtec.cat\/nou-curriculum\/wp-content\/uploads\/usu2072\/2026\/04\/Servei-de-bar-1024x525.png 1024w, https:\/\/projectes.xtec.cat\/nou-curriculum\/wp-content\/uploads\/usu2072\/2026\/04\/Servei-de-bar-300x154.png 300w, https:\/\/projectes.xtec.cat\/nou-curriculum\/wp-content\/uploads\/usu2072\/2026\/04\/Servei-de-bar-768x394.png 768w, https:\/\/projectes.xtec.cat\/nou-curriculum\/wp-content\/uploads\/usu2072\/2026\/04\/Servei-de-bar.png 1159w\" sizes=\"auto, (max-width: 1024px) 100vw, 1024px\" \/><\/figure>\n\n\n\n<p class=\"has-small-font-size\">CEE l&#8217;Horitz\u00f3 i CEE Ventitjol<\/p>\n<\/div>\n\n\n\n<div class=\"wp-block-column caixa-link educacio-basica is-layout-flow wp-block-column-is-layout-flow\" id=\"https:\/\/docs.google.com\/spreadsheets\/d\/1myVHCDOcBL-aB736RYdxlRQ1ftu1YFozgz4N30cDqyg\/template\/preview\">\n<h5 class=\"wp-block-heading\">Creem plafons<\/h5>\n\n\n\n<figure class=\"wp-block-image size-large\"><img loading=\"lazy\" decoding=\"async\" width=\"1024\" height=\"501\" src=\"https:\/\/projectes.xtec.cat\/nou-curriculum\/wp-content\/uploads\/usu2072\/2026\/04\/Crear-Plafons-1024x501.png\" alt=\"\" class=\"wp-image-16806\" srcset=\"https:\/\/projectes.xtec.cat\/nou-curriculum\/wp-content\/uploads\/usu2072\/2026\/04\/Crear-Plafons-1024x501.png 1024w, https:\/\/projectes.xtec.cat\/nou-curriculum\/wp-content\/uploads\/usu2072\/2026\/04\/Crear-Plafons-300x147.png 300w, https:\/\/projectes.xtec.cat\/nou-curriculum\/wp-content\/uploads\/usu2072\/2026\/04\/Crear-Plafons-768x376.png 768w, https:\/\/projectes.xtec.cat\/nou-curriculum\/wp-content\/uploads\/usu2072\/2026\/04\/Crear-Plafons.png 1204w\" sizes=\"auto, (max-width: 1024px) 100vw, 1024px\" \/><\/figure>\n\n\n\n<p class=\"has-small-font-size\">CEE Sant Jordi<\/p>\n<\/div>\n<\/div>\n","protected":false},"excerpt":{"rendered":"<p>Grup de treball de centres d&#8217;educaci\u00f3 especial. Situacions d&#8217;aprenentatge elaborades per centres del Grup de Treball de Centres d\u2019Educaci\u00f3 Especial Les situacions d\u2019aprenentatge en centres d\u2019educaci\u00f3 especial s\u00f3n propostes did\u00e0ctiques globalitzades basades en experi\u00e8ncies reals i significatives, orientades al desenvolupament de compet\u00e8ncies personals, socials, comunicatives i funcionals de l\u2019alumnat.Cada situaci\u00f3 s\u2019adapta a una etapa educativa [&hellip;]<\/p>\n","protected":false},"author":7,"featured_media":0,"parent":0,"menu_order":0,"comment_status":"closed","ping_status":"close","template":"","meta":{"_acf_changed":false,"site-sidebar-layout":"default","site-content-layout":"","ast-site-content-layout":"default","site-content-style":"default","site-sidebar-style":"default","ast-global-header-display":"","ast-banner-title-visibility":"","ast-main-header-display":"","ast-hfb-above-header-display":"","ast-hfb-below-header-display":"","ast-hfb-mobile-header-display":"","site-post-title":"disabled","ast-breadcrumbs-content":"","ast-featured-img":"","footer-sml-layout":"","theme-transparent-header-meta":"","adv-header-id-meta":"","stick-header-meta":"","header-above-stick-meta":"","header-main-stick-meta":"","header-below-stick-meta":"","astra-migrate-meta-layouts":"set","ast-page-background-enabled":"default","ast-page-background-meta":{"desktop":{"background-color":"","background-image":"","background-repeat":"repeat","background-position":"center center","background-size":"auto","background-attachment":"scroll","background-type":"","background-media":"","overlay-type":"","overlay-color":"","overlay-opacity":"","overlay-gradient":""},"tablet":{"background-color":"","background-image":"","background-repeat":"repeat","background-position":"center center","background-size":"auto","background-attachment":"scroll","background-type":"","background-media":"","overlay-type":"","overlay-color":"","overlay-opacity":"","overlay-gradient":""},"mobile":{"background-color":"","background-image":"","background-repeat":"repeat","background-position":"center center","background-size":"auto","background-attachment":"scroll","background-type":"","background-media":"","overlay-type":"","overlay-color":"","overlay-opacity":"","overlay-gradient":""}},"ast-content-background-meta":{"desktop":{"background-color":"var(--ast-global-color-5)","background-image":"","background-repeat":"repeat","background-position":"center center","background-size":"auto","background-attachment":"scroll","background-type":"","background-media":"","overlay-type":"","overlay-color":"","overlay-opacity":"","overlay-gradient":""},"tablet":{"background-color":"var(--ast-global-color-5)","background-image":"","background-repeat":"repeat","background-position":"center center","background-size":"auto","background-attachment":"scroll","background-type":"","background-media":"","overlay-type":"","overlay-color":"","overlay-opacity":"","overlay-gradient":""},"mobile":{"background-color":"var(--ast-global-color-5)","background-image":"","background-repeat":"repeat","background-position":"center center","background-size":"auto","background-attachment":"scroll","background-type":"","background-media":"","overlay-type":"","overlay-color":"","overlay-opacity":"","overlay-gradient":""}},"footnotes":""},"class_list":["post-16796","page","type-page","status-publish","hentry"],"acf":[],"post_mailing_queue_ids":[],"_links":{"self":[{"href":"https:\/\/projectes.xtec.cat\/nou-curriculum\/wp-json\/wp\/v2\/pages\/16796","targetHints":{"allow":["GET"]}}],"collection":[{"href":"https:\/\/projectes.xtec.cat\/nou-curriculum\/wp-json\/wp\/v2\/pages"}],"about":[{"href":"https:\/\/projectes.xtec.cat\/nou-curriculum\/wp-json\/wp\/v2\/types\/page"}],"author":[{"embeddable":true,"href":"https:\/\/projectes.xtec.cat\/nou-curriculum\/wp-json\/wp\/v2\/users\/7"}],"replies":[{"embeddable":true,"href":"https:\/\/projectes.xtec.cat\/nou-curriculum\/wp-json\/wp\/v2\/comments?post=16796"}],"version-history":[{"count":5,"href":"https:\/\/projectes.xtec.cat\/nou-curriculum\/wp-json\/wp\/v2\/pages\/16796\/revisions"}],"predecessor-version":[{"id":16831,"href":"https:\/\/projectes.xtec.cat\/nou-curriculum\/wp-json\/wp\/v2\/pages\/16796\/revisions\/16831"}],"wp:attachment":[{"href":"https:\/\/projectes.xtec.cat\/nou-curriculum\/wp-json\/wp\/v2\/media?parent=16796"}],"curies":[{"name":"wp","href":"https:\/\/api.w.org\/{rel}","templated":true}]}}