{"id":9124,"date":"2022-06-23T13:49:11","date_gmt":"2022-06-23T11:49:11","guid":{"rendered":"https:\/\/projectes.xtec.cat\/nou-curriculum\/?page_id=9124"},"modified":"2023-01-25T14:14:21","modified_gmt":"2023-01-25T13:14:21","slug":"educacio-dadults","status":"publish","type":"page","link":"https:\/\/projectes.xtec.cat\/nou-curriculum\/educacio-dadults\/","title":{"rendered":"Educaci\u00f3 d&#8217;adults"},"content":{"rendered":"<div class=\"seccio  gris-petita\">\n<div class=\"wp-block-columns\">\n<div class=\"wp-block-column\" style=\"flex-basis: 30%;\">\n<p class=\"text-destacat\" style=\"font-size: 1.2em;text-align:left;margin-bottom:0\"><span class=\"tag-nou-adults\">28.11.22<\/span> <a href=\"https:\/\/projectes.xtec.cat\/nou-curriculum\/educacio-dadults\/#ordre\">Resoluci\u00f3 sobre el proc\u00e9s d&#8217;avaluaci\u00f3 <\/a><\/p>\n<\/div>\n<div class=\"wp-block-column\" style=\"flex-basis: 30%;\">\n<p class=\"text-destacat\" style=\"font-size: 1.2em;text-align:left;margin-bottom:0\"><span class=\"tag-nou-adults\">23.09.22<\/span> Aprovat el <a href=\"https:\/\/projectes.xtec.cat\/nou-curriculum\/educacio-dadults\/#ordre\">curr\u00edculum<\/a> de formaci\u00f3 instrumental.<\/p>\n<\/div>\n<div class=\"wp-block-column\" style=\"text-align: right;\">\n<p class=\"text-destacat\" style=\"font-size: 1.2em;\">Anar directament a <a class=\"button\" style=\"padding: 0.5em;\" href=\"#ordre\" rel=\"noopener\">l&#8217;Ordre<\/a> <a class=\"button\" style=\"padding: 0.5em;\" href=\"#orientacions\" rel=\"noopener\">Orientacions<\/a><\/p>\n<\/div>\n<\/div>\n<\/div>\n<div class=\"seccio intro\" style=\"padding-bottom: 2em;\">\n<div class=\"wp-block-columns\">\n<div class=\"wp-block-column\">\n<h3>El nou curr\u00edculum de formaci\u00f3 instrumental<\/h3>\n<p>La formaci\u00f3 instrumental \u00e9s una nova oportunitat d&#8217;aprenentatge per a les persones adultes perqu\u00e8 proporciona els mitjans per a l\u2019adquisici\u00f3 de les compet\u00e8ncies, destreses i capacitats que contribueixen a l&#8217;actualitzaci\u00f3 de les compet\u00e8ncies clau, facilitant el desenvolupament i l\u2019autonomia personals i acad\u00e8miques, la integraci\u00f3 social i l\u2019acc\u00e9s al m\u00f3n laboral.<\/p>\n<p>L\u2019actualitzaci\u00f3 del curr\u00edculum de formaci\u00f3 instrumental \u00e9s necess\u00e0ria per adaptar aquests ensenyaments als nous paradigmes educatius i a les necessitats educatives emergents en el context del m\u00f3n actual, globalitzat, digitalitzat i en evoluci\u00f3 constant, tot garantint l&#8217;atenci\u00f3 educativa en el marc d&#8217;un sistema educatiu inclusiu i coeducatiu.<\/p>\n<\/div>\n<div class=\"wp-block-column\" style=\"text-align: left; flex-basis: 60%;\">\n<div style=\"width: 100%;\">\n<div style=\"position: relative; padding-bottom: 56.25%; padding-top: 0; height: 0;\"><iframe loading=\"lazy\" title=\"imatge interactiva amb el nou curr\u00edculum de formaci\u00f3 instrumental\" frameborder=\"0\" width=\"1200px\" height=\"675px\" style=\"position: absolute; top: 0; left: 0; width: 100%; height: 100%;border:1px solid #ddd\" src=\"https:\/\/view.genial.ly\/620d36507be96700112888b6\" type=\"text\/html\" allowscriptaccess=\"always\" allowfullscreen=\"true\" scrolling=\"yes\" allownetworking=\"all\"><\/iframe><\/div>\n<\/div>\n<\/div>\n<\/div>\n<\/div>\n<p><a name=\"ordre\"><\/a><\/p>\n<div class=\"seccio gris-petita\">\n<div class=\"wp-block-columns\">\n<div class=\"wp-block-column\">\n<h2>ORDRE EDU\/217\/2022<\/h2>\n<p style=\"min-height:8em\">De 23 de setembre, per la qual s&#8217;estableix el curr\u00edculum de la formaci\u00f3 instrumental per a les persones adultes<\/p>\n<p><a target=\"_blank\" href=\"https:\/\/dogc.gencat.cat\/ca\/document-del-dogc\/?documentId=938596\" rel=\"noopener\"><img decoding=\"async\" class=\"ambvora\" alt=\"document ordre\" src=\"https:\/\/projectes.xtec.cat\/nou-curriculum\/wp-content\/uploads\/usu2072\/2022\/09\/ordre_adults.png\"><\/a><\/p>\n<\/div>\n<div class=\"wp-block-column\">\n<h2>RESOLUCI\u00d3 EDU\/3774\/2022<\/h2>\n<p style=\"min-height:8em\">De 28 de novembre, per la qual s&#8217;estableixen el procediment, els documents i els requisits formals del proc\u00e9s d&#8217;avaluaci\u00f3 dels ensenyaments de la formaci\u00f3 instrumental per a les persones adultes.<\/p>\n<p><a target=\"_blank\" href=\"https:\/\/dogc.gencat.cat\/ca\/document-del-dogc\/?documentId=944227\" rel=\"noopener\"><img decoding=\"async\" class=\"ambvora\" alt=\"document ordre\" src=\"https:\/\/projectes.xtec.cat\/nou-curriculum\/wp-content\/uploads\/usu2072\/2023\/01\/RESOLUCIO-EDU-3774-2022-de-28-de-novembre-per-la-qual-s-estableixen-1.png\"><\/a><\/p>\n<\/div>\n<div class=\"wp-block-column\">\n<h2>Indicacions<\/h2>\n<p style=\"min-height:8em\">En el seg\u00fcent document es donen algunes informacions complement\u00e0ries sobre el nou curr\u00edculum.<\/p>\n<p><a href=\"https:\/\/projectes.xtec.cat\/nou-curriculum\/wp-content\/uploads\/usu2072\/2022\/06\/Indicacions-nou-curri\u0301culum-FI.pdf\" target=\"_blank\" rel=\"noopener\"><img decoding=\"async\" class=\"ambvora alignnone wp-image-8961 size-full\" src=\"https:\/\/projectes.xtec.cat\/nou-curriculum\/wp-content\/uploads\/usu2072\/2022\/06\/Captura-de-Pantalla-2022-06-23-a-les-16.08.18.png\" alt=\"Informacions sobre el nou curr\u00edculum\" width=\"300\"><\/a><\/p>\n<\/div>\n<\/div>\n<\/div>\n<div class=\"seccio\" style=\"padding-bottom: 2em;\">\n<a name=\"orientacions\"><\/a><\/p>\n<div class=\"wp-block-columns\" data-aos=\"fade-up\" data-aos-duration=\"1500\">\n<div class=\"wp-block-column\" style=\"flex-basis:40%\">\n<h2>Orientacions sobre el curr\u00edculum de formaci\u00f3 instrumental<\/h2>\n<p><a target=\"_blank\" href=\"https:\/\/drive.google.com\/file\/d\/1aftKYRVp5KSplkN8vovJ8x2DC6WTqpqw\/view?usp=sharing\" rel=\"noopener\"><img decoding=\"async\" class=\"ambvora\" alt=\"portada orientacions adults\" src=\"https:\/\/projectes.xtec.cat\/nou-curriculum\/wp-content\/uploads\/usu2072\/2022\/10\/orientacions-adults.png\"><\/a><\/p>\n<\/div>\n<div class=\"wp-block-column\" style=\"margin-top:7em\">\n<h3>Acollida<\/h3>\n<p><a target=\"_blank\" href=\"https:\/\/drive.google.com\/drive\/folders\/1zIGUw6zWPaZRMjhINfBiKxRKJQDr4eT8\" rel=\"noopener\">Orientacions per a l\u2019avaluaci\u00f3 inicial del futur alumne\/a<\/a><\/p>\n<h3>Programacions<\/h3>\n<p><a target=\"_blank\" href=\"https:\/\/drive.google.com\/drive\/folders\/1DUEtS4SeA93KEV0fRSgbZ-UA7XWriaSo\" rel=\"noopener\">Exemples basats en el nou curr\u00edculum<\/a><\/p>\n<p><i>Aquest material ha estat elaborat per un grup de treball format per 16 docents de formaci\u00f3 instrumental que han aportat la seva experi\u00e8ncia amb l\u2019objectiu que sigui d\u2019utilitat per als centres<\/i>.<\/p>\n<\/div>\n<\/div>\n<\/div>\n<div class=\"seccio gris-petita\" style=\"padding-bottom: 2em;\">\n<div class=\"wp-block-columns\" data-aos=\"fade-up\" data-aos-duration=\"1500\">\n<div class=\"wp-block-column\">\n<h3>Projecte de nou curr\u00edculum<\/h3>\n<p><a href=\"https:\/\/drive.google.com\/file\/d\/1IEpn07_w_DJD5cyVsP6JiiOJoq4Gc4ll\/view?usp=sharing\"><img loading=\"lazy\" decoding=\"async\" class=\"alignnone size-large wp-image-8470 ambvora\" src=\"https:\/\/projectes.xtec.cat\/nou-curriculum\/wp-content\/uploads\/usu2072\/2022\/06\/Captura-de-Pantalla-2022-06-23-a-les-15.59.34.png\" alt=\"Projecte de nou curr\u00edculum de la formaci\u00f3 instrumental\" width=\"709\" height=\"1024\"><\/a><\/p>\n<\/div>\n<div class=\"wp-block-column\">\n<h3>Aspectes generals<\/h3>\n<p><a href=\"https:\/\/drive.google.com\/file\/d\/1cnAyaifYVMn5lZfOU7Cjdo19DJoHOxte\/view?usp=sharing\"><img loading=\"lazy\" decoding=\"async\" class=\"ambvora alignnone wp-image-8419 size-large\" src=\"https:\/\/projectes.xtec.cat\/nou-curriculum\/wp-content\/uploads\/usu2072\/2022\/06\/Captura-de-Pantalla-2022-06-23-a-les-15.59.14.png\" alt=\"Aspectes generals sobre el projecte de nou curr\u00edculum de la formaci\u00f3 instrumental\" width=\"709\" height=\"1024\"><\/a><\/p>\n<\/div>\n<div class=\"wp-block-column\">\n<h3>Cap a l&#8217;enfocament globalitzat a la formaci\u00f3 instrumental<\/h3>\n<p><a href=\"https:\/\/drive.google.com\/file\/d\/1V1W-6JR2l7qWFuIrHol6lLH8uvjGRqzn\/view?usp=sharing\"><img loading=\"lazy\" decoding=\"async\" class=\"alignnone size-large wp-image-8471 ambvora\" src=\"https:\/\/projectes.xtec.cat\/nou-curriculum\/wp-content\/uploads\/usu2072\/2022\/06\/Captura-de-Pantalla-2022-06-23-a-les-15.59.51.png\" alt=\"Cap a l\u2019enfocament globalitzat a la formaci\u00f3 instrumental\" width=\"709\" height=\"1024\"><\/a><\/p>\n<\/div>\n<\/div>\n<\/div>\n","protected":false},"excerpt":{"rendered":"<p>28.11.22 Resoluci\u00f3 sobre el proc\u00e9s d&#8217;avaluaci\u00f3 23.09.22 Aprovat el curr\u00edculum de formaci\u00f3 instrumental. Anar directament a l&#8217;Ordre Orientacions El nou curr\u00edculum de formaci\u00f3 instrumental La formaci\u00f3 instrumental \u00e9s una nova oportunitat d&#8217;aprenentatge per a les persones adultes perqu\u00e8 proporciona els mitjans per a l\u2019adquisici\u00f3 de les compet\u00e8ncies, destreses i capacitats que contribueixen a l&#8217;actualitzaci\u00f3 de [&hellip;]<\/p>\n","protected":false},"author":2,"featured_media":0,"parent":0,"menu_order":50,"comment_status":"closed","ping_status":"closed","template":"","meta":{"_acf_changed":false,"site-sidebar-layout":"no-sidebar","site-content-layout":"page-builder","ast-site-content-layout":"","site-content-style":"default","site-sidebar-style":"default","ast-global-header-display":"","ast-banner-title-visibility":"","ast-main-header-display":"","ast-hfb-above-header-display":"","ast-hfb-below-header-display":"","ast-hfb-mobile-header-display":"","site-post-title":"disabled","ast-breadcrumbs-content":"disabled","ast-featured-img":"","footer-sml-layout":"","theme-transparent-header-meta":"default","adv-header-id-meta":"","stick-header-meta":"default","header-above-stick-meta":"","header-main-stick-meta":"","header-below-stick-meta":"","astra-migrate-meta-layouts":"default","ast-page-background-enabled":"default","ast-page-background-meta":{"desktop":{"background-color":"","background-image":"","background-repeat":"repeat","background-position":"center center","background-size":"auto","background-attachment":"scroll","background-type":"","background-media":"","overlay-type":"","overlay-color":"","overlay-opacity":"","overlay-gradient":""},"tablet":{"background-color":"","background-image":"","background-repeat":"repeat","background-position":"center center","background-size":"auto","background-attachment":"scroll","background-type":"","background-media":"","overlay-type":"","overlay-color":"","overlay-opacity":"","overlay-gradient":""},"mobile":{"background-color":"","background-image":"","background-repeat":"repeat","background-position":"center center","background-size":"auto","background-attachment":"scroll","background-type":"","background-media":"","overlay-type":"","overlay-color":"","overlay-opacity":"","overlay-gradient":""}},"ast-content-background-meta":{"desktop":{"background-color":"var(--ast-global-color-5)","background-image":"","background-repeat":"repeat","background-position":"center center","background-size":"auto","background-attachment":"scroll","background-type":"","background-media":"","overlay-type":"","overlay-color":"","overlay-opacity":"","overlay-gradient":""},"tablet":{"background-color":"var(--ast-global-color-5)","background-image":"","background-repeat":"repeat","background-position":"center center","background-size":"auto","background-attachment":"scroll","background-type":"","background-media":"","overlay-type":"","overlay-color":"","overlay-opacity":"","overlay-gradient":""},"mobile":{"background-color":"var(--ast-global-color-5)","background-image":"","background-repeat":"repeat","background-position":"center center","background-size":"auto","background-attachment":"scroll","background-type":"","background-media":"","overlay-type":"","overlay-color":"","overlay-opacity":"","overlay-gradient":""}},"footnotes":""},"class_list":["post-9124","page","type-page","status-publish","hentry"],"acf":[],"post_mailing_queue_ids":[],"_links":{"self":[{"href":"https:\/\/projectes.xtec.cat\/nou-curriculum\/wp-json\/wp\/v2\/pages\/9124","targetHints":{"allow":["GET"]}}],"collection":[{"href":"https:\/\/projectes.xtec.cat\/nou-curriculum\/wp-json\/wp\/v2\/pages"}],"about":[{"href":"https:\/\/projectes.xtec.cat\/nou-curriculum\/wp-json\/wp\/v2\/types\/page"}],"author":[{"embeddable":true,"href":"https:\/\/projectes.xtec.cat\/nou-curriculum\/wp-json\/wp\/v2\/users\/2"}],"replies":[{"embeddable":true,"href":"https:\/\/projectes.xtec.cat\/nou-curriculum\/wp-json\/wp\/v2\/comments?post=9124"}],"version-history":[{"count":3,"href":"https:\/\/projectes.xtec.cat\/nou-curriculum\/wp-json\/wp\/v2\/pages\/9124\/revisions"}],"predecessor-version":[{"id":10088,"href":"https:\/\/projectes.xtec.cat\/nou-curriculum\/wp-json\/wp\/v2\/pages\/9124\/revisions\/10088"}],"wp:attachment":[{"href":"https:\/\/projectes.xtec.cat\/nou-curriculum\/wp-json\/wp\/v2\/media?parent=9124"}],"curies":[{"name":"wp","href":"https:\/\/api.w.org\/{rel}","templated":true}]}}