{"id":9,"date":"2014-09-12T10:15:01","date_gmt":"2014-09-12T08:15:01","guid":{"rendered":"http:\/\/projectes.xtec.cat\/occita\/?page_id=9"},"modified":"2021-02-22T12:18:52","modified_gmt":"2021-02-22T11:18:52","slug":"pagina-dinici-buida","status":"publish","type":"page","link":"https:\/\/projectes.xtec.cat\/occita\/","title":{"rendered":"Portisson"},"content":{"rendered":"<p><span style=\"font-weight: 400;\"><a href=\"https:\/\/projectes.xtec.cat\/occita\/wp-content\/uploads\/usu1295\/2021\/02\/Logo-Nodes-Occita\u0300-copia.png\"><img loading=\"lazy\" decoding=\"async\" class=\" wp-image-9125 alignleft\" src=\"https:\/\/projectes.xtec.cat\/occita\/wp-content\/uploads\/usu1295\/2021\/02\/Logo-Nodes-Occita\u0300-copia.png\" alt=\"\" width=\"234\" height=\"151\" srcset=\"https:\/\/projectes.xtec.cat\/occita\/wp-content\/uploads\/usu1295\/2021\/02\/Logo-Nodes-Occita\u0300-copia.png 308w, https:\/\/projectes.xtec.cat\/occita\/wp-content\/uploads\/usu1295\/2021\/02\/Logo-Nodes-Occita\u0300-copia-300x194.png 300w\" sizes=\"auto, (max-width: 234px) 100vw, 234px\" \/><\/a>Benvinguts al Nodes de Llengua i Cultura occitanes<\/span><\/p>\n<p><span style=\"font-weight: 400;\">Dins d&#8217;aquest espai trobareu recursos, eines i not\u00edcies sobre llengua occitana. Des del Departament d\u2019Educaci\u00f3 volem mantenir-vos informats i actualitzats per tal de crear una comunitat de docents que faci possible que aquesta llengua, oficial al nostre territori, continu\u00ef viva i que el seu \u00fas comenci a cr\u00e9ixer dins de les noves generacions.<\/span><\/p>\n<p><span style=\"font-weight: 400;\">Us animem a visitar el nostre web i subscriure-us-hi!<\/span><\/p>\n","protected":false},"excerpt":{"rendered":"<p><a href=\"https:\/\/projectes.xtec.cat\/occita\/wp-content\/uploads\/usu1295\/2021\/02\/Logo-Nodes-Occita\u0300-copia.png\"><\/a>Benvinguts al Nodes de Llengua i Cultura occitanes<br \/>\nDins d&#8217;aquest espai trobareu recursos, eines i not\u00edcies sobre llengua occitana. Des del Departament d\u2019Educaci\u00f3 volem mantenir-vos informats i actualitzats per tal de crear una comunitat de docents que faci possible que aquesta llengua, oficial al nostre&hellip;  <a href=\"https:\/\/projectes.xtec.cat\/occita\/\" title=\"Read Portisson\">Llegeix m\u00e9s\u00bb<\/a><\/p>\n","protected":false},"author":1,"featured_media":0,"parent":0,"menu_order":0,"comment_status":"closed","ping_status":"closed","template":"","meta":{"_bbp_topic_count":0,"_bbp_reply_count":0,"_bbp_total_topic_count":0,"_bbp_total_reply_count":0,"_bbp_voice_count":0,"_bbp_anonymous_reply_count":0,"_bbp_topic_count_hidden":0,"_bbp_reply_count_hidden":0,"_bbp_forum_subforum_count":0,"footnotes":""},"class_list":["post-9","page","type-page","status-publish","hentry"],"post_mailing_queue_ids":[],"_links":{"self":[{"href":"https:\/\/projectes.xtec.cat\/occita\/wp-json\/wp\/v2\/pages\/9","targetHints":{"allow":["GET"]}}],"collection":[{"href":"https:\/\/projectes.xtec.cat\/occita\/wp-json\/wp\/v2\/pages"}],"about":[{"href":"https:\/\/projectes.xtec.cat\/occita\/wp-json\/wp\/v2\/types\/page"}],"author":[{"embeddable":true,"href":"https:\/\/projectes.xtec.cat\/occita\/wp-json\/wp\/v2\/users\/1"}],"replies":[{"embeddable":true,"href":"https:\/\/projectes.xtec.cat\/occita\/wp-json\/wp\/v2\/comments?post=9"}],"version-history":[{"count":4,"href":"https:\/\/projectes.xtec.cat\/occita\/wp-json\/wp\/v2\/pages\/9\/revisions"}],"predecessor-version":[{"id":9149,"href":"https:\/\/projectes.xtec.cat\/occita\/wp-json\/wp\/v2\/pages\/9\/revisions\/9149"}],"wp:attachment":[{"href":"https:\/\/projectes.xtec.cat\/occita\/wp-json\/wp\/v2\/media?parent=9"}],"curies":[{"name":"wp","href":"https:\/\/api.w.org\/{rel}","templated":true}]}}