{"id":9019,"date":"2021-01-26T11:59:29","date_gmt":"2021-01-26T10:59:29","guid":{"rendered":"https:\/\/projectes.xtec.cat\/occita\/?page_id=9019"},"modified":"2021-02-23T11:18:57","modified_gmt":"2021-02-23T10:18:57","slug":"formacion","status":"publish","type":"page","link":"https:\/\/projectes.xtec.cat\/occita\/formacion\/","title":{"rendered":"Formacion"},"content":{"rendered":"<p>Un dels objectius del sist\u00e8ma educatiu nos ditz que l\u2019escolanat deu aver una \u201cactitud positiva d\u2019inter\u00e9s e de fisan\u00e7a envers l\u2019aprendissatge de lengas estrangi\u00e8ras e per con\u00e9isser d&#8217;autras lengas e culturas\u201d.<\/p>\n<p>La <strong>lenga occitana<\/strong>, coma lenga pr\u00f2pria e oficiala en Aran e, tre la reforma estatut\u00e0ria de 2006 e l&#8217;aprobacion de la Lei der Occitan, aran\u00e9s en Aran, de 2010, coma lenga oficiala en Catalonha tota, es una <strong>riquesa ling\u00fcistica e culturala que nos fa partida a totes<\/strong> los ciutadans de Catalonha e Aran. En la linha de la potenciacion de la formacion de locutors pluriling\u00fces e pluriculturals que si\u00e1n capables d&#8217;interagir de per un mond globalizat compl\u00e8x, l&#8217;aprendissatge de la lenga occitana deven una aisina fondamentala per a l&#8217;acc\u00e8s a la r\u00e8sta de lengas de l&#8217;airal romanic.<\/p>\n<h4><\/h4>\n<h4><\/h4>\n<h4><strong>Oferta formativa\u00a0<\/strong><\/h4>\n<p><em><strong>Lenga e cultura occitanas<\/strong> <strong>I<\/strong><\/em> i <em><strong>II<\/strong><\/em> es una formacion telematica e publica pel professorat de Primari e Segondari pensada coma una formacion propedeutica que se propausa, coma t\u00f2ca, la sensibilizacion e la coneissen\u00e7a basica d&#8217;una lenga que fa partida de n\u00f2stre patrim\u00f2ni e n\u00f2stre futur coma p\u00f2ble, amb una intencion plan decidida: introdusir dins las classas lo pluriling\u00fcisme d&#8217;una forma efectiva e efica\u00e7a pel biais de l&#8217;occitan.<\/p>\n<p><a href=\"https:\/\/projectes.xtec.cat\/occita\/wp-content\/uploads\/usu1295\/2021\/02\/Lenga-e-cultuas-occitanas-I.pdf\">Lenga e cultura occitanas I<\/a><\/p>\n<p><a href=\"https:\/\/projectes.xtec.cat\/occita\/wp-content\/uploads\/usu1295\/2021\/02\/Lenga-e-cultuas-occitanas-I-I.pdf\">Lenga e cultura occitanas I I<\/a><\/p>\n<p>Mandatz-nos un corri\u00e8r a:<\/p>\n<h6>occita@xtec.cat<\/h6>\n<p>&nbsp;<\/p>\n<h4><strong>Mas, perqu\u00e9 l&#8217;occitan? Vint responsas<\/strong><\/h4>\n<p>Consultatz <a href=\"https:\/\/projectes.xtec.cat\/occita\/general\/perque-loccitan-vint-responsas\/\"><strong>aqu\u00ed<\/strong> <\/a>las rasons de perqu\u00e9 de l&#8217;occitan.<\/p>\n<h4><a href=\"http:\/\/projectes.xtec.cat\/occita\/wp-content\/uploads\/usu1295\/2017\/01\/Collage.jpg\"><img loading=\"lazy\" decoding=\"async\" class=\"aligncenter wp-image-8185\" src=\"http:\/\/projectes.xtec.cat\/occita\/wp-content\/uploads\/usu1295\/2017\/01\/Collage-1024x344.jpg\" alt=\"collage\" width=\"800\" height=\"268\" srcset=\"https:\/\/projectes.xtec.cat\/occita\/wp-content\/uploads\/usu1295\/2017\/01\/Collage-1024x344.jpg 1024w, https:\/\/projectes.xtec.cat\/occita\/wp-content\/uploads\/usu1295\/2017\/01\/Collage-300x101.jpg 300w, https:\/\/projectes.xtec.cat\/occita\/wp-content\/uploads\/usu1295\/2017\/01\/Collage-768x258.jpg 768w\" sizes=\"auto, (max-width: 800px) 100vw, 800px\" \/><\/a><\/h4>\n","protected":false},"excerpt":{"rendered":"<p>Un dels objectius del sist\u00e8ma educatiu nos ditz que l\u2019escolanat deu aver una \u201cactitud positiva d\u2019inter\u00e9s e de fisan\u00e7a envers l\u2019aprendissatge de lengas estrangi\u00e8ras e per con\u00e9isser d&#8217;autras lengas e culturas\u201d.<br \/>\nLa lenga occitana, coma lenga pr\u00f2pria e oficiala en Aran e, tre la reforma estatut\u00e0ria&hellip;  <a href=\"https:\/\/projectes.xtec.cat\/occita\/formacion\/\" title=\"Read Formacion\">Llegeix m\u00e9s\u00bb<\/a><\/p>\n","protected":false},"author":38,"featured_media":0,"parent":0,"menu_order":0,"comment_status":"closed","ping_status":"closed","template":"","meta":{"_bbp_topic_count":0,"_bbp_reply_count":0,"_bbp_total_topic_count":0,"_bbp_total_reply_count":0,"_bbp_voice_count":0,"_bbp_anonymous_reply_count":0,"_bbp_topic_count_hidden":0,"_bbp_reply_count_hidden":0,"_bbp_forum_subforum_count":0,"footnotes":""},"class_list":["post-9019","page","type-page","status-publish","hentry"],"post_mailing_queue_ids":[],"_links":{"self":[{"href":"https:\/\/projectes.xtec.cat\/occita\/wp-json\/wp\/v2\/pages\/9019","targetHints":{"allow":["GET"]}}],"collection":[{"href":"https:\/\/projectes.xtec.cat\/occita\/wp-json\/wp\/v2\/pages"}],"about":[{"href":"https:\/\/projectes.xtec.cat\/occita\/wp-json\/wp\/v2\/types\/page"}],"author":[{"embeddable":true,"href":"https:\/\/projectes.xtec.cat\/occita\/wp-json\/wp\/v2\/users\/38"}],"replies":[{"embeddable":true,"href":"https:\/\/projectes.xtec.cat\/occita\/wp-json\/wp\/v2\/comments?post=9019"}],"version-history":[{"count":4,"href":"https:\/\/projectes.xtec.cat\/occita\/wp-json\/wp\/v2\/pages\/9019\/revisions"}],"predecessor-version":[{"id":9162,"href":"https:\/\/projectes.xtec.cat\/occita\/wp-json\/wp\/v2\/pages\/9019\/revisions\/9162"}],"wp:attachment":[{"href":"https:\/\/projectes.xtec.cat\/occita\/wp-json\/wp\/v2\/media?parent=9019"}],"curies":[{"name":"wp","href":"https:\/\/api.w.org\/{rel}","templated":true}]}}