{"id":9024,"date":"2021-01-26T12:04:25","date_gmt":"2021-01-26T11:04:25","guid":{"rendered":"https:\/\/projectes.xtec.cat\/occita\/?page_id=9024"},"modified":"2021-02-22T12:29:27","modified_gmt":"2021-02-22T11:29:27","slug":"qui-som","status":"publish","type":"page","link":"https:\/\/projectes.xtec.cat\/occita\/qui-som\/","title":{"rendered":"Qui som"},"content":{"rendered":"<p><span style=\"font-weight: 400;\">Segons l&#8217;<strong>Estatut d&#8217;Autonomia de Catalunya<\/strong>, la llengua occitana, tamb\u00e9 denominada aran\u00e8s a l&#8217;Aran, \u00e9s una llengua oficial a Catalunya.<\/span><\/p>\n<p><span style=\"font-weight: 400;\">La <strong>llengua occitana<\/strong> compta amb m\u00e9s de tres milions de parlants i, encara, \u00e9s present en molts \u00e0mbits com a l&#8217;educaci\u00f3, a l&#8217;administraci\u00f3, als mitjans de comunicaci\u00f3 i a la cultura.<\/span><\/p>\n<p><span style=\"font-weight: 400;\">Fins al dia d&#8217;avui, la conservaci\u00f3 d&#8217;aquesta llengua minorit\u00e0ria ha sigut possible gr\u00e0cies a les accions que s&#8217;han fet tant per part de l&#8217;administraci\u00f3 p\u00fablica com per part de la societat occitanoparlant.<\/span><\/p>\n<p><span style=\"font-weight: 400;\">La llengua occitana forma part del projecte <a href=\"http:\/\/xtec.gencat.cat\/ca\/projectes\/plurilinguisme\/\"><strong>Marc per al pluriling\u00fcisme<\/strong><\/a>, on es vetlla per una educaci\u00f3 pluriling\u00fce on l&#8217;alumnat sigui capa\u00e7 de dominar les lleng\u00fces oficials del territori catal\u00e0.<\/span><\/p>\n<p><span style=\"font-weight: 400;\">Avui dia, l&#8217;aprenentatge de lleng\u00fces \u00e9s essencial per tenir m\u00e9s oportunitats en el m\u00f3n laboral i per a fer possible que la ciutadania sigui capa\u00e7 d&#8217;actuar en qualsevol \u00e0mbit.<\/span><\/p>\n<p><span style=\"font-weight: 400;\">Per aix\u00f2, hem creat aquest espai Nodes amb l&#8217;objectiu de transmetre informaci\u00f3, compartir recursos, eines i not\u00edcies sobre la llengua occitana. Volem que aquest espai sigui un punt de trobada dels docents de tot el territori catal\u00e0 que estiguin interessats en aprendre la llengua occitana i que vulguin fer ensenyament en i de llengua occitana a les aules. Us animem que visiteu les seccions del web on trobareu:<\/span><\/p>\n<ul>\n<li><span style=\"font-weight: 400;\"><a href=\"https:\/\/projectes.xtec.cat\/occita\/categoria\/occitania-e-loccitan\/\"><strong>Occit\u00e0<\/strong><\/a>: hi trobareu not\u00edcies sobre jornades, cursos, tallers que ofereixen des de l&#8217;administraci\u00f3, etc.<\/span><\/li>\n<li><span style=\"font-weight: 400;\"><a href=\"https:\/\/projectes.xtec.cat\/occita\/categoria\/suport-a-laprenentatge-doc\/\"><strong>Suport a l&#8217;aprenentatge<\/strong><\/a>: en aquest apartat volem compartir materials que podeu utilitzar a l&#8217;aula per treballar la llengua occitana, aix\u00ed com la seva cultura.<\/span><\/li>\n<li><span style=\"font-weight: 400;\"><a href=\"https:\/\/projectes.xtec.cat\/occita\/istoric-de-participants\/\"><strong>Comunautat<\/strong><\/a>: aqu\u00ed oferirem propostes did\u00e0ctiques per dur a terme a l&#8217;aula.<\/span><\/li>\n<li><span style=\"font-weight: 400;\"><a href=\"https:\/\/projectes.xtec.cat\/occita\/formacion\/\"><strong>Formacion<\/strong><\/a>: en aquesta secci\u00f3 trobareu informaci\u00f3 sobre l&#8217;oferta formativa del Departament d&#8217;Educaci\u00f3 relacionada amb l&#8217;ensenyament i l&#8217;aprenentatge de la llengua occitana.<\/span><\/li>\n<\/ul>\n<p><strong>Contacte<\/strong>: occita@xtec.cat<\/p>\n<p>Servei de Suports i Recursos Ling\u00fc\u00edstics<br \/>\nSub-direcci\u00f3 General de Pluriling\u00fcisme<br \/>\nDirecci\u00f3 General de Curr\u00edculum i Personalitzaci\u00f3<\/p>\n","protected":false},"excerpt":{"rendered":"<p>Segons l&#8217;Estatut d&#8217;Autonomia de Catalunya, la llengua occitana, tamb\u00e9 denominada aran\u00e8s a l&#8217;Aran, \u00e9s una llengua oficial a Catalunya.<br \/>\nLa llengua occitana compta amb m\u00e9s de tres milions de parlants i, encara, \u00e9s present en molts \u00e0mbits com a l&#8217;educaci\u00f3, a l&#8217;administraci\u00f3, als mitjans de comunicaci\u00f3&hellip;  <a href=\"https:\/\/projectes.xtec.cat\/occita\/qui-som\/\" title=\"Read Qui som\">Llegeix m\u00e9s\u00bb<\/a><\/p>\n","protected":false},"author":38,"featured_media":0,"parent":0,"menu_order":0,"comment_status":"closed","ping_status":"closed","template":"","meta":{"_bbp_topic_count":0,"_bbp_reply_count":0,"_bbp_total_topic_count":0,"_bbp_total_reply_count":0,"_bbp_voice_count":0,"_bbp_anonymous_reply_count":0,"_bbp_topic_count_hidden":0,"_bbp_reply_count_hidden":0,"_bbp_forum_subforum_count":0,"footnotes":""},"class_list":["post-9024","page","type-page","status-publish","hentry"],"post_mailing_queue_ids":[],"_links":{"self":[{"href":"https:\/\/projectes.xtec.cat\/occita\/wp-json\/wp\/v2\/pages\/9024","targetHints":{"allow":["GET"]}}],"collection":[{"href":"https:\/\/projectes.xtec.cat\/occita\/wp-json\/wp\/v2\/pages"}],"about":[{"href":"https:\/\/projectes.xtec.cat\/occita\/wp-json\/wp\/v2\/types\/page"}],"author":[{"embeddable":true,"href":"https:\/\/projectes.xtec.cat\/occita\/wp-json\/wp\/v2\/users\/38"}],"replies":[{"embeddable":true,"href":"https:\/\/projectes.xtec.cat\/occita\/wp-json\/wp\/v2\/comments?post=9024"}],"version-history":[{"count":3,"href":"https:\/\/projectes.xtec.cat\/occita\/wp-json\/wp\/v2\/pages\/9024\/revisions"}],"predecessor-version":[{"id":9151,"href":"https:\/\/projectes.xtec.cat\/occita\/wp-json\/wp\/v2\/pages\/9024\/revisions\/9151"}],"wp:attachment":[{"href":"https:\/\/projectes.xtec.cat\/occita\/wp-json\/wp\/v2\/media?parent=9024"}],"curies":[{"name":"wp","href":"https:\/\/api.w.org\/{rel}","templated":true}]}}