{"id":10176,"date":"2024-06-18T12:44:36","date_gmt":"2024-06-18T10:44:36","guid":{"rendered":"https:\/\/projectes.xtec.cat\/origen\/?page_id=10176"},"modified":"2024-06-18T13:11:52","modified_gmt":"2024-06-18T11:11:52","slug":"llista-de-musica-xinesa","status":"publish","type":"page","link":"https:\/\/projectes.xtec.cat\/origen\/xines\/llista-de-musica-xinesa\/","title":{"rendered":"Llista de m\u00fasica xinesa"},"content":{"rendered":"<p>Des del pop al rap i m\u00e9s, hi ha una gran quantitat de m\u00fasica xinesa per descobrir i gaudir.<\/p>\n<p>Escoltar m\u00fasica pot ser una eina molt \u00fatil per ajudar-vos amb el vocabulari i per millorar la pronunciaci\u00f3, aix\u00ed que per qu\u00e8 no afegir algunes can\u00e7ons xineses a les vostres llistes de reproducci\u00f3.<\/p>\n<p>Visiteu l&#8217;<a href=\"https:\/\/open.spotify.com\/playlist\/0LkdIjrsTDUOwp8zixR31f\">Spotify<\/a> del Ministeri d&#8217;Educaci\u00f3 d&#8217;Irlanda per obtenir algunes llistes de reproducci\u00f3 recomanades en xin\u00e8s.<\/p>\n","protected":false},"excerpt":{"rendered":"<p>Des del pop al rap i m\u00e9s, hi ha una gran quantitat de m\u00fasica xinesa per descobrir i gaudir.<br \/>\nEscoltar m\u00fasica pot ser una eina molt \u00fatil per ajudar-vos amb el vocabulari i per millorar la pronunciaci\u00f3, aix\u00ed que per qu\u00e8 no afegir algunes can\u00e7ons xineses&hellip;  <a href=\"https:\/\/projectes.xtec.cat\/origen\/xines\/llista-de-musica-xinesa\/\" title=\"Read Llista de m\u00fasica xinesa\">Llegeix m\u00e9s\u00bb<\/a><\/p>\n","protected":false},"author":5,"featured_media":0,"parent":8430,"menu_order":30,"comment_status":"closed","ping_status":"closed","template":"page-templates\/side-menu.php","meta":{"_bbp_topic_count":0,"_bbp_reply_count":0,"_bbp_total_topic_count":0,"_bbp_total_reply_count":0,"_bbp_voice_count":0,"_bbp_anonymous_reply_count":0,"_bbp_topic_count_hidden":0,"_bbp_reply_count_hidden":0,"_bbp_forum_subforum_count":0,"footnotes":""},"class_list":["post-10176","page","type-page","status-publish","hentry"],"post_mailing_queue_ids":[],"_links":{"self":[{"href":"https:\/\/projectes.xtec.cat\/origen\/wp-json\/wp\/v2\/pages\/10176","targetHints":{"allow":["GET"]}}],"collection":[{"href":"https:\/\/projectes.xtec.cat\/origen\/wp-json\/wp\/v2\/pages"}],"about":[{"href":"https:\/\/projectes.xtec.cat\/origen\/wp-json\/wp\/v2\/types\/page"}],"author":[{"embeddable":true,"href":"https:\/\/projectes.xtec.cat\/origen\/wp-json\/wp\/v2\/users\/5"}],"replies":[{"embeddable":true,"href":"https:\/\/projectes.xtec.cat\/origen\/wp-json\/wp\/v2\/comments?post=10176"}],"version-history":[{"count":2,"href":"https:\/\/projectes.xtec.cat\/origen\/wp-json\/wp\/v2\/pages\/10176\/revisions"}],"predecessor-version":[{"id":10181,"href":"https:\/\/projectes.xtec.cat\/origen\/wp-json\/wp\/v2\/pages\/10176\/revisions\/10181"}],"up":[{"embeddable":true,"href":"https:\/\/projectes.xtec.cat\/origen\/wp-json\/wp\/v2\/pages\/8430"}],"wp:attachment":[{"href":"https:\/\/projectes.xtec.cat\/origen\/wp-json\/wp\/v2\/media?parent=10176"}],"curies":[{"name":"wp","href":"https:\/\/api.w.org\/{rel}","templated":true}]}}