{"id":10187,"date":"2024-06-18T13:31:04","date_gmt":"2024-06-18T11:31:04","guid":{"rendered":"https:\/\/projectes.xtec.cat\/origen\/?page_id=10187"},"modified":"2024-06-18T13:31:04","modified_gmt":"2024-06-18T11:31:04","slug":"llista-de-musica-romanesa","status":"publish","type":"page","link":"https:\/\/projectes.xtec.cat\/origen\/romanes\/llista-de-musica-romanesa\/","title":{"rendered":"Llista de m\u00fasica romanesa"},"content":{"rendered":"<p>Des del pop al rap i m\u00e9s, hi ha una gran quantitat de m\u00fasica romanesa per descobrir i gaudir.<\/p>\n<p>Escoltar m\u00fasica pot ser una eina molt \u00fatil per ajudar-vos amb el vocabulari i per millorar la pronunciaci\u00f3, aix\u00ed que per qu\u00e8 no afegir algunes can\u00e7ons romaneses a les vostres llistes de reproducci\u00f3.<\/p>\n<p>Visiteu l<a href=\"https:\/\/open.spotify.com\/playlist\/0tjIExyGn1iNEQ7XZTD4Ji\">\u2019Spotify <\/a>del Ministeri d\u2019Educaci\u00f3 d\u2019Irlanda per obtenir algunes llistes de reproducci\u00f3 recomanades en roman\u00e8s.<\/p>\n","protected":false},"excerpt":{"rendered":"<p>Des del pop al rap i m\u00e9s, hi ha una gran quantitat de m\u00fasica romanesa per descobrir i gaudir.<br \/>\nEscoltar m\u00fasica pot ser una eina molt \u00fatil per ajudar-vos amb el vocabulari i per millorar la pronunciaci\u00f3, aix\u00ed que per qu\u00e8 no afegir algunes can\u00e7ons romaneses&hellip;  <a href=\"https:\/\/projectes.xtec.cat\/origen\/romanes\/llista-de-musica-romanesa\/\" title=\"Read Llista de m\u00fasica romanesa\">Llegeix m\u00e9s\u00bb<\/a><\/p>\n","protected":false},"author":5,"featured_media":0,"parent":8281,"menu_order":20,"comment_status":"closed","ping_status":"closed","template":"page-templates\/side-menu.php","meta":{"_bbp_topic_count":0,"_bbp_reply_count":0,"_bbp_total_topic_count":0,"_bbp_total_reply_count":0,"_bbp_voice_count":0,"_bbp_anonymous_reply_count":0,"_bbp_topic_count_hidden":0,"_bbp_reply_count_hidden":0,"_bbp_forum_subforum_count":0,"footnotes":""},"class_list":["post-10187","page","type-page","status-publish","hentry"],"post_mailing_queue_ids":[],"_links":{"self":[{"href":"https:\/\/projectes.xtec.cat\/origen\/wp-json\/wp\/v2\/pages\/10187","targetHints":{"allow":["GET"]}}],"collection":[{"href":"https:\/\/projectes.xtec.cat\/origen\/wp-json\/wp\/v2\/pages"}],"about":[{"href":"https:\/\/projectes.xtec.cat\/origen\/wp-json\/wp\/v2\/types\/page"}],"author":[{"embeddable":true,"href":"https:\/\/projectes.xtec.cat\/origen\/wp-json\/wp\/v2\/users\/5"}],"replies":[{"embeddable":true,"href":"https:\/\/projectes.xtec.cat\/origen\/wp-json\/wp\/v2\/comments?post=10187"}],"version-history":[{"count":2,"href":"https:\/\/projectes.xtec.cat\/origen\/wp-json\/wp\/v2\/pages\/10187\/revisions"}],"predecessor-version":[{"id":10191,"href":"https:\/\/projectes.xtec.cat\/origen\/wp-json\/wp\/v2\/pages\/10187\/revisions\/10191"}],"up":[{"embeddable":true,"href":"https:\/\/projectes.xtec.cat\/origen\/wp-json\/wp\/v2\/pages\/8281"}],"wp:attachment":[{"href":"https:\/\/projectes.xtec.cat\/origen\/wp-json\/wp\/v2\/media?parent=10187"}],"curies":[{"name":"wp","href":"https:\/\/api.w.org\/{rel}","templated":true}]}}