{"id":10315,"date":"2024-11-28T10:20:18","date_gmt":"2024-11-28T09:20:18","guid":{"rendered":"https:\/\/projectes.xtec.cat\/origen\/?page_id=10315"},"modified":"2025-02-14T10:20:05","modified_gmt":"2025-02-14T09:20:05","slug":"recursos-didactics","status":"publish","type":"page","link":"https:\/\/projectes.xtec.cat\/origen\/xines\/recursos-didactics\/","title":{"rendered":"Recursos per l&#8217;aprenentage del xin\u00e8s"},"content":{"rendered":"<h2><strong>Hola Xina!<\/strong><\/h2>\n<p>Projecte de la Fundaci\u00f3 Institut Confuci de Barcelona que es va iniciar en 2011. L\u2019objectiu d\u2019aquest projecte \u00e9s ajudar a introduir la llengua i la cultura xineses en els centres educatius de prim\u00e0ria i secund\u00e0ria de Catalunya.<\/p>\n<p><a href=\"https:\/\/holaxina.cat\/\">https:\/\/holaxina.cat\/<\/a><\/p>\n<h2><strong>e\u00b7Chinese Tools<\/strong><\/h2>\n<p>Aquest projecte respon a l&#8217;inter\u00e8s creixent per aprendre xin\u00e8s i a la dispersi\u00f3 dels recursos disponibles a Internet. Es tracta d&#8217;una base de dades de recursos digitals avaluats per especialistes i accessibles mitjan\u00e7ant un web multiling\u00fce d&#8217;acc\u00e9s obert. Aquesta plataforma permet filtrar els recursos els nivells A1-B2 adre\u00e7ada als castellanoparlants, segons les necessitats dels usuaris, ja siguin estudiants o docents, oferint una eina \u00fatil tant per a l&#8217;aprenentatge aut\u00f2nom com per a l&#8217;\u00fas a l&#8217;aula.<\/p>\n<p><a href=\"https:\/\/dtieao.uab.cat\/txicc\/echinese\/ca\/\"><img loading=\"lazy\" decoding=\"async\" class=\"alignnone wp-image-10319\" src=\"https:\/\/projectes.xtec.cat\/origen\/wp-content\/uploads\/usu2451\/2024\/11\/Captura-de-pantalla-2024-11-28-102355-1024x443.jpg\" alt=\"\" width=\"950\" height=\"411\" srcset=\"https:\/\/projectes.xtec.cat\/origen\/wp-content\/uploads\/usu2451\/2024\/11\/Captura-de-pantalla-2024-11-28-102355-1024x443.jpg 1024w, https:\/\/projectes.xtec.cat\/origen\/wp-content\/uploads\/usu2451\/2024\/11\/Captura-de-pantalla-2024-11-28-102355-300x130.jpg 300w, https:\/\/projectes.xtec.cat\/origen\/wp-content\/uploads\/usu2451\/2024\/11\/Captura-de-pantalla-2024-11-28-102355-768x332.jpg 768w, https:\/\/projectes.xtec.cat\/origen\/wp-content\/uploads\/usu2451\/2024\/11\/Captura-de-pantalla-2024-11-28-102355.jpg 1362w\" sizes=\"auto, (max-width: 950px) 100vw, 950px\" \/><\/a><\/p>\n<p>&nbsp;<\/p>\n<h2><strong>e\u00b7Chinese Plus<\/strong><\/h2>\n<div class=\"flex max-w-full flex-col flex-grow\">\n<div class=\"min-h-8 text-message flex w-full flex-col items-end gap-2 whitespace-normal break-words [.text-message+&amp;]:mt-5\" dir=\"auto\" data-message-author-role=\"assistant\" data-message-id=\"4b148155-d606-4a4d-b814-2fb28e87ea2d\" data-message-model-slug=\"gpt-4o\">\n<div class=\"flex w-full flex-col gap-1 empty:hidden first:pt-[3px]\">\n<div class=\"markdown prose w-full break-words dark:prose-invert light\">\n<p><strong>e\u00b7Chinese Plus<\/strong> \u00e9s una plataforma d\u2019acc\u00e9s obert destinada a l\u2019aprenentatge de la llengua xinesa, on trobareu activitats dels nivells A1-B2 del MCER per practicar diverses compet\u00e8ncies. Per facilitar-ne l\u2019\u00fas, podreu filtrar les activitats per nivell, per compet\u00e8ncia ling\u00fc\u00edstica i tamb\u00e9 per tema.<\/p>\n<\/div>\n<\/div>\n<\/div>\n<\/div>\n<h2><a href=\"https:\/\/dtieao.uab.cat\/gelea2lt\/echineseplus\/#\"><img loading=\"lazy\" decoding=\"async\" class=\"alignnone size-large wp-image-10320\" src=\"https:\/\/projectes.xtec.cat\/origen\/wp-content\/uploads\/usu2451\/2024\/11\/Captura-de-pantalla-2024-11-28-102329.jpg\" alt=\"\" width=\"949\" height=\"654\" srcset=\"https:\/\/projectes.xtec.cat\/origen\/wp-content\/uploads\/usu2451\/2024\/11\/Captura-de-pantalla-2024-11-28-102329.jpg 949w, https:\/\/projectes.xtec.cat\/origen\/wp-content\/uploads\/usu2451\/2024\/11\/Captura-de-pantalla-2024-11-28-102329-300x207.jpg 300w, https:\/\/projectes.xtec.cat\/origen\/wp-content\/uploads\/usu2451\/2024\/11\/Captura-de-pantalla-2024-11-28-102329-768x529.jpg 768w\" sizes=\"auto, (max-width: 949px) 100vw, 949px\" \/><\/a><\/h2>\n<h2><strong>Shuomos! hablemos chino juntos\u00a0<\/strong><\/h2>\n<p>&#8220;<a href=\"https:\/\/www.confuciobarcelona.cat\/es\/actividades\/shuomos\">Shuomos! Parlem xin\u00e8s junts<\/a>&#8221; \u00e9s una activitat organitzada per l&#8217;Institut Confuci de Barcelona, dissenyada per practicar xin\u00e8s en un ambient relaxat i divertit. Es tracta de sessions d&#8217;intercanvi ling\u00fc\u00edstic xin\u00e8s-catal\u00e0, moderades per professors, on els participants conversen durant 40 minuts en xin\u00e8s i 40 minuts en catal\u00e0. Aquestes sessions estan obertes a nivells des de B\u00e0sic 1 fins a Superior, i no cal ser alumne de la instituci\u00f3 per participar-hi. Les activitats s\u00f3n gratu\u00eftes, per\u00f2 cal inscripci\u00f3 pr\u00e8via a causa de les places limitades.<\/p>\n<p><a href=\"https:\/\/www.confuciobarcelona.cat\/es\/actividades\/shuomos\"><img loading=\"lazy\" decoding=\"async\" class=\"alignnone size-full wp-image-10423\" src=\"https:\/\/projectes.xtec.cat\/origen\/wp-content\/uploads\/usu2451\/2025\/02\/shuomos2025.jpg\" alt=\"\" width=\"823\" height=\"400\" srcset=\"https:\/\/projectes.xtec.cat\/origen\/wp-content\/uploads\/usu2451\/2025\/02\/shuomos2025.jpg 823w, https:\/\/projectes.xtec.cat\/origen\/wp-content\/uploads\/usu2451\/2025\/02\/shuomos2025-300x146.jpg 300w, https:\/\/projectes.xtec.cat\/origen\/wp-content\/uploads\/usu2451\/2025\/02\/shuomos2025-768x373.jpg 768w\" sizes=\"auto, (max-width: 823px) 100vw, 823px\" \/><\/a><\/p>\n","protected":false},"excerpt":{"rendered":"<p>Hola Xina!<br \/>\nProjecte de la Fundaci\u00f3 Institut Confuci de Barcelona que es va iniciar en 2011. L\u2019objectiu d\u2019aquest projecte \u00e9s ajudar a introduir la llengua i la cultura xineses en els centres educatius de prim\u00e0ria i secund\u00e0ria de Catalunya.<br \/>\n<a href=\"https:\/\/holaxina.cat\/\">https:\/\/holaxina.cat\/<\/a><br \/>\ne\u00b7Chinese Tools<br \/>\nAquest projecte respon a l&#8217;inter\u00e8s creixent&hellip;  <a href=\"https:\/\/projectes.xtec.cat\/origen\/xines\/recursos-didactics\/\" title=\"Read Recursos per l&#8217;aprenentage del xin\u00e8s\">Llegeix m\u00e9s\u00bb<\/a><\/p>\n","protected":false},"author":4,"featured_media":0,"parent":8430,"menu_order":0,"comment_status":"closed","ping_status":"closed","template":"","meta":{"_bbp_topic_count":0,"_bbp_reply_count":0,"_bbp_total_topic_count":0,"_bbp_total_reply_count":0,"_bbp_voice_count":0,"_bbp_anonymous_reply_count":0,"_bbp_topic_count_hidden":0,"_bbp_reply_count_hidden":0,"_bbp_forum_subforum_count":0,"footnotes":""},"class_list":["post-10315","page","type-page","status-publish","hentry"],"post_mailing_queue_ids":[],"_links":{"self":[{"href":"https:\/\/projectes.xtec.cat\/origen\/wp-json\/wp\/v2\/pages\/10315","targetHints":{"allow":["GET"]}}],"collection":[{"href":"https:\/\/projectes.xtec.cat\/origen\/wp-json\/wp\/v2\/pages"}],"about":[{"href":"https:\/\/projectes.xtec.cat\/origen\/wp-json\/wp\/v2\/types\/page"}],"author":[{"embeddable":true,"href":"https:\/\/projectes.xtec.cat\/origen\/wp-json\/wp\/v2\/users\/4"}],"replies":[{"embeddable":true,"href":"https:\/\/projectes.xtec.cat\/origen\/wp-json\/wp\/v2\/comments?post=10315"}],"version-history":[{"count":7,"href":"https:\/\/projectes.xtec.cat\/origen\/wp-json\/wp\/v2\/pages\/10315\/revisions"}],"predecessor-version":[{"id":10425,"href":"https:\/\/projectes.xtec.cat\/origen\/wp-json\/wp\/v2\/pages\/10315\/revisions\/10425"}],"up":[{"embeddable":true,"href":"https:\/\/projectes.xtec.cat\/origen\/wp-json\/wp\/v2\/pages\/8430"}],"wp:attachment":[{"href":"https:\/\/projectes.xtec.cat\/origen\/wp-json\/wp\/v2\/media?parent=10315"}],"curies":[{"name":"wp","href":"https:\/\/api.w.org\/{rel}","templated":true}]}}