{"id":10483,"date":"2025-09-05T12:49:30","date_gmt":"2025-09-05T10:49:30","guid":{"rendered":"https:\/\/projectes.xtec.cat\/origen\/?page_id=10483"},"modified":"2026-03-13T11:19:48","modified_gmt":"2026-03-13T10:19:48","slug":"dia-de-la-llengua-materna","status":"publish","type":"page","link":"https:\/\/projectes.xtec.cat\/origen\/dia-de-la-llengua-materna\/","title":{"rendered":"Dia de la llengua materna"},"content":{"rendered":"<p><strong style=\"font-family: inherit; font-size: 1em;\"><span class=\"TextRun SCXW131300496 BCX8\" lang=\"CA-ES\" xml:lang=\"CA-ES\" data-contrast=\"auto\"><span class=\"NormalTextRun SCXW131300496 BCX8\">Celebrar el Dia de la Llengua Materna<\/span><\/span><\/strong><\/p>\n<p><span data-contrast=\"none\">Cada\u202f<\/span><b><span data-contrast=\"none\">21 de febrer<\/span><\/b><span data-contrast=\"none\">\u202fse celebra el\u202f<\/span><b><span data-contrast=\"none\">Dia Internacional de la Llengua Materna<\/span><\/b><span data-contrast=\"none\">, una jornada destinada a recordar la import\u00e0ncia de preservar i promoure la diversitat ling\u00fc\u00edstica arreu del m\u00f3n. Aquesta data, instaurada per la UNESCO l\u2019any 2000, posa en relleu no nom\u00e9s les paraules que utilitzem per comunicar-nos, sin\u00f3 tamb\u00e9 la cultura, les tradicions i les hist\u00f2ries que aquestes lleng\u00fces porten amb elles.<\/span><span data-ccp-props=\"{}\">\u00a0<\/span><\/p>\n<p><span data-contrast=\"none\">Us presentem un seguit d\u2019activitats organitzades per diferents centres durant el dia 21 de febrer:<\/span><\/p>\n<table style=\"border-collapse: collapse; width: 100%; height: 863px;\">\n<tbody>\n<tr style=\"height: 33px;\">\n<td style=\"width: 33.3333%; height: 33px;\"><strong>CENTRE EDUCATIU<\/strong><\/td>\n<td style=\"width: 33.3333%; height: 33px;\"><strong>DESCRIPCI\u00d3<\/strong><\/td>\n<td style=\"width: 33.3333%; height: 33px;\"><strong>ENLLA\u00c7<\/strong><\/td>\n<\/tr>\n<tr style=\"height: 494px;\">\n<td style=\"width: 33.3333%; height: 494px;\"><span class=\"TextRun SCXW185423123 BCX8\" lang=\"CA-ES\" xml:lang=\"CA-ES\" data-contrast=\"auto\"><span class=\"NormalTextRun SCXW185423123 BCX8\">ESC Mestre Ramon Estadella de Guissona<\/span><\/span><\/td>\n<td style=\"width: 33.3333%; height: 494px;\"><span data-contrast=\"none\">Tant els docents com l\u2019alumnat i les fam\u00edlies van viure la celebraci\u00f3 del Dia de la Llengua Materna amb entusiasme i molta implicaci\u00f3. A Guissona compten amb una gran diversitat cultural i ling\u00fc\u00edstica, amb la pres\u00e8ncia de 54 nacionalitats diferents.\u202f<\/span><span data-ccp-props=\"{&quot;134233117&quot;:false,&quot;134233118&quot;:false,&quot;201341983&quot;:0,&quot;335557856&quot;:16777215,&quot;335559738&quot;:200,&quot;335559739&quot;:0,&quot;335559740&quot;:240}\">\u00a0<\/span><\/p>\n<p><span data-contrast=\"none\">La fira de lleng\u00fces ja fa anys que es duu a terme a l\u2019escola, consolidant-se com una tradici\u00f3 important per a la comunitat educativa. Enguany, hi han participat les comunitats de la Rep\u00fablica Dominicana, Paraguai, Ucra\u00efna, Romania, el Marroc, Bol\u00edvia, el Senegal i Catalunya. Al llarg del mat\u00ed, s\u2019organitzen tallers de manualitats, pintures amb henna, danses tradicionals i altres activitats culturals.<\/span><span data-ccp-props=\"{&quot;134233117&quot;:false,&quot;134233118&quot;:false,&quot;201341983&quot;:0,&quot;335557856&quot;:16777215,&quot;335559738&quot;:200,&quot;335559739&quot;:0,&quot;335559740&quot;:240}\">\u00a0<\/span><\/p>\n<p><span data-contrast=\"none\">L\u2019alumnat s\u2019organitza en dos torns de grups internivells: en el primer hi assisteix l\u2019alumnat d\u2019I3 a 2n, i en el segon hi participa l\u2019alumnat de 3r a 6\u00e8. Els nens i nenes van passant per cada taller, vivint de primera m\u00e0 la diversitat cultural del seu entorn. A m\u00e9s, totes les comunitats comparteixen els seus menjars t\u00edpics, oferint una mostra gastron\u00f2mica. L\u2019acte finalitza amb una sardana conjunta, on participa tota la comunitat educativa, acompanyada pels gegants de Guissona.\u202f<\/span><span data-ccp-props=\"{&quot;134233117&quot;:false,&quot;134233118&quot;:false,&quot;201341983&quot;:0,&quot;335551550&quot;:6,&quot;335551620&quot;:6,&quot;335557856&quot;:16777215,&quot;335559738&quot;:240,&quot;335559739&quot;:240,&quot;335559740&quot;:240}\">\u00a0<\/span><\/td>\n<td style=\"width: 33.3333%; height: 494px;\"><a href=\"https:\/\/x.com\/i\/status\/1892901936116207752\">Tot es mou &#8211; 3Cat<\/a><\/td>\n<\/tr>\n<tr style=\"height: 80px;\">\n<td style=\"width: 33.3333%; height: 80px;\"><span class=\"NormalTextRun SCXW266834994 BCX8\">Escoles i instituts del <\/span><span class=\"NormalTextRun SCXW266834994 BCX8\">Districte<\/span><span class=\"NormalTextRun SCXW266834994 BCX8\"> de Sants-Montju\u00efc de la ciutat de Barcelona<\/span><\/td>\n<td style=\"width: 33.3333%; height: 80px;\"><span class=\"TextRun Highlight SCXW102473490 BCX8\" lang=\"CA-ES\" xml:lang=\"CA-ES\" data-contrast=\"auto\"><span class=\"NormalTextRun SCXW102473490 BCX8\">Propostes com ara el desig de benvinguda al barri, lectures de poemes, refranys, salutacions-\u201cbon dia\u201d, cercles ling\u00fc\u00edstics, missatges de reconeixement, inicis i finals de contes, o mots i expressions en les diferents lleng\u00fces familiars presents a cada centre educatiu.<\/span><\/span><span class=\"EOP SCXW102473490 BCX8\" data-ccp-props=\"{}\">\u00a0<\/span><\/td>\n<td style=\"width: 33.3333%; height: 80px;\"><a href=\"https:\/\/serveiseducatius.xtec.cat\/sants-montjuic\/general\/21f-diada-de-les-llengues-familiars\/\">https:\/\/serveiseducatius.xtec.cat\/sants-montjuic\/general\/21f-diada-de-les-llengues-familiars\/<\/a><\/td>\n<\/tr>\n<tr style=\"height: 48px;\">\n<td style=\"width: 33.3333%; height: 48px;\"><span class=\"TextRun SCXW160305221 BCX8\" lang=\"CA-ES\" xml:lang=\"CA-ES\" data-contrast=\"auto\"><span class=\"NormalTextRun SCXW160305221 BCX8\">ESC Gass\u00f3 i Vidal de Ripollet<\/span><\/span><span class=\"NormalTextRun SCXW266834994 BCX8\"><br \/>\n<\/span><\/td>\n<td style=\"width: 33.3333%; height: 48px;\"><span class=\"TextRun Highlight SCXW102473490 BCX8\" lang=\"CA-ES\" xml:lang=\"CA-ES\" data-contrast=\"auto\"><span class=\"NormalTextRun SCXW102473490 BCX8\"><span class=\"TextRun SCXW163393754 BCX8\" lang=\"CA-ES\" xml:lang=\"CA-ES\" data-contrast=\"auto\"><span class=\"NormalTextRun SCXW163393754 BCX8\">Reportatge de l\u2019INFOK a l\u2019ESC Gass\u00f3 i Vidal de Ripollet sobre la visibilitat de les lleng\u00fces maternes al centre<\/span><\/span><\/span><\/span><\/td>\n<td style=\"width: 33.3333%; height: 48px;\"><a href=\"https:\/\/www.3cat.cat\/tv3\/sx3\/parlem-en-la-nostra-llengua-materna\/video\/6326610\/\">https:\/\/www.3cat.cat\/tv3\/sx3\/parlem-en-la-nostra-llengua-materna\/video\/6326610\/<\/a><\/td>\n<\/tr>\n<tr style=\"height: 64px;\">\n<td style=\"width: 33.3333%; height: 64px;\"><span class=\"TextRun SCXW160305221 BCX8\" lang=\"CA-ES\" xml:lang=\"CA-ES\" data-contrast=\"auto\"><span class=\"NormalTextRun SCXW160305221 BCX8\"><span class=\"TextRun Highlight SCXW102473490 BCX8\" lang=\"CA-ES\" xml:lang=\"CA-ES\" data-contrast=\"auto\"><span class=\"NormalTextRun SCXW102473490 BCX8\"><span class=\"TextRun SCXW163393754 BCX8\" lang=\"CA-ES\" xml:lang=\"CA-ES\" data-contrast=\"auto\"><span class=\"NormalTextRun SCXW163393754 BCX8\">Institut M\u00aa\u202fAur\u00e8lia\u202fCapmany<\/span><\/span><\/span><\/span><\/span><\/span><\/td>\n<td style=\"width: 33.3333%; height: 64px;\"><span class=\"TextRun Highlight SCXW102473490 BCX8\" lang=\"CA-ES\" xml:lang=\"CA-ES\" data-contrast=\"auto\"><span class=\"NormalTextRun SCXW102473490 BCX8\"><span class=\"TextRun SCXW163393754 BCX8\" lang=\"CA-ES\" xml:lang=\"CA-ES\" data-contrast=\"auto\"><span class=\"NormalTextRun SCXW163393754 BCX8\">Per commemorar el Dia Internacional de la Llengua Materna, els alumnes de l&#8217;Institut M\u00aa\u202fAur\u00e8lia\u202fCapmany participen activament en tallers ling\u00fc\u00edstics, exercint de dinamitzadors en diverses activitats.<\/span><\/span><\/span><\/span><\/td>\n<td style=\"width: 33.3333%; height: 64px;\"><a href=\"https:\/\/www.instagram.com\/reel\/DGVwd0MNBl3\/?igsh=aDV1dDBscjd2NWNp\">https:\/\/www.instagram.com\/reel\/DGVwd0MNBl3\/?igsh=aDV1dDBscjd2NWNp<\/a><\/td>\n<\/tr>\n<tr style=\"height: 96px;\">\n<td style=\"width: 33.3333%; height: 96px;\">Escola E.E. Arbo\u00e7 de Matar\u00f3<span class=\"TextRun SCXW160305221 BCX8\" lang=\"CA-ES\" xml:lang=\"CA-ES\" data-contrast=\"auto\"><span class=\"NormalTextRun SCXW160305221 BCX8\"><span class=\"TextRun Highlight SCXW102473490 BCX8\" lang=\"CA-ES\" xml:lang=\"CA-ES\" data-contrast=\"auto\"><span class=\"NormalTextRun SCXW102473490 BCX8\"><span class=\"TextRun SCXW163393754 BCX8\" lang=\"CA-ES\" xml:lang=\"CA-ES\" data-contrast=\"auto\"><span class=\"NormalTextRun SCXW163393754 BCX8\"><br \/>\n<\/span><\/span><\/span><\/span><\/span><\/span><\/td>\n<td style=\"width: 33.3333%; height: 96px;\"><span class=\"TextRun Highlight SCXW102473490 BCX8\" lang=\"CA-ES\" xml:lang=\"CA-ES\" data-contrast=\"auto\"><span class=\"NormalTextRun SCXW102473490 BCX8\"><span class=\"TextRun SCXW163393754 BCX8\" lang=\"CA-ES\" xml:lang=\"CA-ES\" data-contrast=\"auto\"><span class=\"NormalTextRun SCXW163393754 BCX8\">La proposta inclou un mural amb les lleng\u00fces de les fam\u00edlies de l\u2019escola i com es diu \u201cabra\u00e7ada\u201d en cadascuna, amb pictograma Widgit, signe de la LSC i fotos d\u2019alumnat i professionals abra\u00e7ant-se. Tamb\u00e9 hi ha dos comunicadors on els infants poden pr\u00e9mer la llengua i escoltar com es diu \u201cabra\u00e7ar\u201d.<\/span><\/span><\/span><\/span><\/td>\n<td style=\"width: 33.3333%; height: 96px;\"><a href=\"https:\/\/escolaarboc.cat\/index.php?option=com_content&amp;view=article&amp;id=567:dia-internacional-de-les-llenguees-maternes-2026&amp;catid=34&amp;Itemid=187&amp;lang=ca\" target=\"_blank\" rel=\"noopener\" data-saferedirecturl=\"https:\/\/www.google.com\/url?q=https:\/\/escolaarboc.cat\/index.php?option%3Dcom_content%26view%3Darticle%26id%3D567:dia-internacional-de-les-llenguees-maternes-2026%26catid%3D34%26Itemid%3D187%26lang%3Dca&amp;source=gmail&amp;ust=1772718705523000&amp;usg=AOvVaw1vV3FwLydtizT8aVNK7mk9\">Projectes i Iniciatives educatives Dia Internacional de les Lleng\u00fces Maternes 2026<\/a><\/td>\n<\/tr>\n<tr style=\"height: 48px;\">\n<td style=\"width: 33.3333%; height: 48px;\">ESC Antoni Roig de Torredembarra<\/td>\n<td style=\"width: 33.3333%; height: 48px;\"><span class=\"TextRun Highlight SCXW102473490 BCX8\" lang=\"CA-ES\" xml:lang=\"CA-ES\" data-contrast=\"auto\"><span class=\"NormalTextRun SCXW102473490 BCX8\"><span class=\"TextRun SCXW163393754 BCX8\" lang=\"CA-ES\" xml:lang=\"CA-ES\" data-contrast=\"auto\"><span class=\"NormalTextRun SCXW163393754 BCX8\">Una exposici\u00f3 per recon\u00e8ixer la diversitat ling\u00fc\u00edstica i cultural del centre.\u00a0<\/span><\/span><\/span><\/span><\/td>\n<td style=\"width: 33.3333%; height: 48px;\"><a href=\"https:\/\/projectes.xtec.cat\/acollidasuport\/general\/fira-de-la-llengua-materna-una-bona-practica-de-centre\/\">Fira de la Llengua Materna.<\/a>\u00a0 <a href=\"https:\/\/projectes.xtec.cat\/acollidasuport\/wp-content\/uploads\/usu2169\/2026\/03\/2026.03.02_Escola-Antoni-Roig_Fira-de-la-Llengua-Materna.pdf\">Fitxa<\/a> de l&#8217;activitat<\/td>\n<\/tr>\n<tr>\n<td style=\"width: 33.3333%;\"><span style=\"font-weight: 400;\">Escola Joan Baptista Serra,<\/span><span style=\"font-weight: 400;\"> Alcanar.\u00a0<\/span><\/td>\n<td style=\"width: 33.3333%;\"><span style=\"font-weight: 400;\">L\u2019alumnat de l\u2019aula d\u2019acollida impulsa l\u2019activitat <strong data-start=\"2531\" data-end=\"2553\">\u201cMurs ling\u00fc\u00edstics\u201d<\/strong>, decorant portes i vidres amb paraules significatives en diverses lleng\u00fces. Les fam\u00edlies tamb\u00e9 participen aportant paraules i imatges per compartir-ne el significat i refor\u00e7ar l\u2019aprenentatge del catal\u00e0.<\/span><\/td>\n<td style=\"width: 33.3333%;\"><a href=\"https:\/\/agora.xtec.cat\/ceip-jbserra-alcanar\/general\/llengua-i-cohesio-social-21-de-febrer\/\">https:\/\/agora.xtec.cat\/ceip-jbserra-alcanar\/general\/llengua-i-cohesio-social-21-de-febrer\/<\/a><\/td>\n<\/tr>\n<\/tbody>\n<\/table>\n","protected":false},"excerpt":{"rendered":"<p>Celebrar el Dia de la Llengua Materna<br \/>\nCada\u202f21 de febrer\u202fse celebra el\u202fDia Internacional de la Llengua Materna, una jornada destinada a recordar la import\u00e0ncia de preservar i promoure la diversitat ling\u00fc\u00edstica arreu del m\u00f3n. Aquesta data, instaurada per la UNESCO l\u2019any 2000, posa en relleu no&hellip;  <a href=\"https:\/\/projectes.xtec.cat\/origen\/dia-de-la-llengua-materna\/\" title=\"Read Dia de la llengua materna\">Llegeix m\u00e9s\u00bb<\/a><\/p>\n","protected":false},"author":4,"featured_media":0,"parent":0,"menu_order":0,"comment_status":"closed","ping_status":"closed","template":"","meta":{"_bbp_topic_count":0,"_bbp_reply_count":0,"_bbp_total_topic_count":0,"_bbp_total_reply_count":0,"_bbp_voice_count":0,"_bbp_anonymous_reply_count":0,"_bbp_topic_count_hidden":0,"_bbp_reply_count_hidden":0,"_bbp_forum_subforum_count":0,"footnotes":""},"class_list":["post-10483","page","type-page","status-publish","hentry"],"post_mailing_queue_ids":[],"_links":{"self":[{"href":"https:\/\/projectes.xtec.cat\/origen\/wp-json\/wp\/v2\/pages\/10483","targetHints":{"allow":["GET"]}}],"collection":[{"href":"https:\/\/projectes.xtec.cat\/origen\/wp-json\/wp\/v2\/pages"}],"about":[{"href":"https:\/\/projectes.xtec.cat\/origen\/wp-json\/wp\/v2\/types\/page"}],"author":[{"embeddable":true,"href":"https:\/\/projectes.xtec.cat\/origen\/wp-json\/wp\/v2\/users\/4"}],"replies":[{"embeddable":true,"href":"https:\/\/projectes.xtec.cat\/origen\/wp-json\/wp\/v2\/comments?post=10483"}],"version-history":[{"count":6,"href":"https:\/\/projectes.xtec.cat\/origen\/wp-json\/wp\/v2\/pages\/10483\/revisions"}],"predecessor-version":[{"id":10661,"href":"https:\/\/projectes.xtec.cat\/origen\/wp-json\/wp\/v2\/pages\/10483\/revisions\/10661"}],"wp:attachment":[{"href":"https:\/\/projectes.xtec.cat\/origen\/wp-json\/wp\/v2\/media?parent=10483"}],"curies":[{"name":"wp","href":"https:\/\/api.w.org\/{rel}","templated":true}]}}