{"id":797,"date":"2015-11-28T21:06:57","date_gmt":"2015-11-28T20:06:57","guid":{"rendered":"http:\/\/projectes.xtec.cat\/origen\/?page_id=797"},"modified":"2022-05-05T08:41:50","modified_gmt":"2022-05-05T06:41:50","slug":"presentacio","status":"publish","type":"page","link":"https:\/\/projectes.xtec.cat\/origen\/el-projecte\/presentacio\/","title":{"rendered":"Presentaci\u00f3"},"content":{"rendered":"<p><span style=\"font-family: inherit; font-size: 1em;\">L&#8217;inter\u00e8s del Departament d&#8217;Ensenyament a desenvolupar l&#8217;ensenyament de les lleng\u00fces i cultures d&#8217;origen, a integrar-lo de manera m\u00e9s evident en el curr\u00edculum i a promoure la coordinaci\u00f3 dels processos d&#8217;ensenyament i aprenentatge amb la resta de lleng\u00fces s&#8217;explica per la import\u00e0ncia que t\u00e9 la compet\u00e8ncia en la primera llengua per a l&#8217;adquisici\u00f3 d&#8217;una segona llengua; per la relaci\u00f3 existent entre el domini de la primera llengua i la construcci\u00f3 de la identitat i, finalment, per la consideraci\u00f3 de recurs econ\u00f2mic que t\u00e9 la diversitat ling\u00fc\u00edstica i pel valor del coneixement ling\u00fc\u00edstic per al desenvolupament de la nostra societat.<\/span><\/p>\n<div>\n<p>Per tot aix\u00f2, es considera oport\u00fa i necessari impulsar el Programa de Llengua i Cultura d&#8217;Origen, concretant-ne els objectius i modalitats, incrementant-ne els recursos que s&#8217;hi destinen i promovent-ne el coneixement i implementaci\u00f3 en els centres educatius.<\/p>\n<p>A trav\u00e9s d&#8217;aquest programa, el Departament d&#8217;Ensenyament vol promoure accions educatives que reforcin la compet\u00e8ncia pluriling\u00fce i pluricultural de tot l&#8217;alumnat, i que l&#8217;ajudin a adquirir valors de toler\u00e0ncia i respecte que facilitin la conviv\u00e8ncia en la diversitat i que contribueixin a la construcci\u00f3 d&#8217;una societat cohesionada i plural.<\/p>\n<\/div>\n<p><a href=\"https:\/\/projectes.xtec.cat\/origen\/wp-content\/uploads\/usu2451\/2021\/03\/PLCO.pdf\">Resoluci\u00f3<\/a><\/p>\n<p>contacte: origen<span class=\"atwho-query\">@xtec.cat<\/span><\/p>\n","protected":false},"excerpt":{"rendered":"<p>L&#8217;inter\u00e8s del Departament d&#8217;Ensenyament a desenvolupar l&#8217;ensenyament de les lleng\u00fces i cultures d&#8217;origen, a integrar-lo de manera m\u00e9s evident en el curr\u00edculum i a promoure la coordinaci\u00f3 dels processos d&#8217;ensenyament i aprenentatge amb la resta de lleng\u00fces s&#8217;explica per la import\u00e0ncia que t\u00e9 la compet\u00e8ncia&hellip;  <a href=\"https:\/\/projectes.xtec.cat\/origen\/el-projecte\/presentacio\/\" title=\"Read Presentaci\u00f3\">Llegeix m\u00e9s\u00bb<\/a><\/p>\n","protected":false},"author":1,"featured_media":0,"parent":806,"menu_order":10,"comment_status":"closed","ping_status":"closed","template":"page-templates\/side-menu.php","meta":{"_bbp_topic_count":0,"_bbp_reply_count":0,"_bbp_total_topic_count":0,"_bbp_total_reply_count":0,"_bbp_voice_count":0,"_bbp_anonymous_reply_count":0,"_bbp_topic_count_hidden":0,"_bbp_reply_count_hidden":0,"_bbp_forum_subforum_count":0,"footnotes":""},"class_list":["post-797","page","type-page","status-publish","hentry"],"post_mailing_queue_ids":[],"_links":{"self":[{"href":"https:\/\/projectes.xtec.cat\/origen\/wp-json\/wp\/v2\/pages\/797","targetHints":{"allow":["GET"]}}],"collection":[{"href":"https:\/\/projectes.xtec.cat\/origen\/wp-json\/wp\/v2\/pages"}],"about":[{"href":"https:\/\/projectes.xtec.cat\/origen\/wp-json\/wp\/v2\/types\/page"}],"author":[{"embeddable":true,"href":"https:\/\/projectes.xtec.cat\/origen\/wp-json\/wp\/v2\/users\/1"}],"replies":[{"embeddable":true,"href":"https:\/\/projectes.xtec.cat\/origen\/wp-json\/wp\/v2\/comments?post=797"}],"version-history":[{"count":3,"href":"https:\/\/projectes.xtec.cat\/origen\/wp-json\/wp\/v2\/pages\/797\/revisions"}],"predecessor-version":[{"id":9208,"href":"https:\/\/projectes.xtec.cat\/origen\/wp-json\/wp\/v2\/pages\/797\/revisions\/9208"}],"up":[{"embeddable":true,"href":"https:\/\/projectes.xtec.cat\/origen\/wp-json\/wp\/v2\/pages\/806"}],"wp:attachment":[{"href":"https:\/\/projectes.xtec.cat\/origen\/wp-json\/wp\/v2\/media?parent=797"}],"curies":[{"name":"wp","href":"https:\/\/api.w.org\/{rel}","templated":true}]}}