{"id":8280,"date":"2021-03-08T11:02:41","date_gmt":"2021-03-08T10:02:41","guid":{"rendered":"https:\/\/projectes.xtec.cat\/origen\/?page_id=8280"},"modified":"2021-09-22T10:11:26","modified_gmt":"2021-09-22T08:11:26","slug":"portugues","status":"publish","type":"page","link":"https:\/\/projectes.xtec.cat\/origen\/portugues\/","title":{"rendered":"PORTUGU\u00c8S"},"content":{"rendered":"<p>Les classes de llengua i cultura portugueses que s\u2019ofereixen en alguns centres educatius de Catalunya s\u00f3n fruit de l\u2019acord de cooperaci\u00f3 entre Espanya i Portugal en mat\u00e8ria educativa. L\u2019Institut Cam\u00f5es \u00e9s, des de l\u2019any 2009, la instituci\u00f3 competent per promoure l\u2019ensenyament de portugu\u00e8s a l\u2019exterior. El Departament d\u2019Ensenyament col\u00b7labora amb l\u2019Institut Cam\u00f5es des del curs 2008-2009. Les classes de portugu\u00e8s s\u2019ofereixen com a activitat extraescolar i tamb\u00e9 com a opci\u00f3 curricular a secund\u00e0ria, en l\u2019horari lectiu dels alumnes.<\/p>\n<p>M\u00e9s informaci\u00f3:<\/p>\n<p><a href=\"http:\/\/xtec.gencat.cat\/ca\/projectes\/plurilinguisme\/llengues-gestio\/origen\/portugues\/\">http:\/\/xtec.gencat.cat\/ca\/projectes\/plurilinguisme\/llengues-gestio\/origen\/portugues\/<\/a><\/p>\n<p><a href=\"https:\/\/www.educacionyfp.gob.es\/mc\/lengua-cultura-portuguesas\/programa.html\">https:\/\/www.educacionyfp.gob.es\/mc\/lengua-cultura-portuguesas\/programa.html<\/a><\/p>\n<p><img decoding=\"async\" src=\"https:\/\/mail.google.com\/mail\/u\/0?ui=2&amp;ik=6f9b42e7dd&amp;attid=0.0.1&amp;permmsgid=msg-f:1711514530526513830&amp;th=17c08565c3f3caa6&amp;view=fimg&amp;sz=s0-l75-ft&amp;attbid=ANGjdJ-NL5fc8HWd7DOjm5FPhnUgg7t7w99FXHfhnzehENlSJVdW8LJjikQlZIJbZRDLa0rtQ-GfMVxVOA92tT8yVDjsnw4eZ8YKLj1NQ3BOnVZVt4hLsjQHiS4qiFo&amp;disp=emb\" \/><\/p>\n<p>&nbsp;<\/p>\n<p><b>Per\u00edodo de inscri\u00e7\u00e3o dos exames oficiais <\/b>de portugu\u00eas l\u00edngua estrangeira (CAPLE) para a\u00a0<b>convocat\u00f3ria de novembro<\/b>\u00a0est\u00e1 aberto\u00a0<b>at\u00e9 ao dia 19 de outubro de 2021.\u00a0<\/b><\/p>\n<p>A inscri\u00e7\u00e3o dever\u00e1 ser feita atrav\u00e9s da<a href=\"https:\/\/eur03.safelinks.protection.outlook.com\/?url=https%3A%2F%2Fcaple.letras.ulisboa.pt%2Fexames&amp;data=04%7C01%7Cmontse.montagut%40gencat.cat%7C60415ffc00344399ad7c08d97cf9db05%7C3b9427dcd30e43bc8c06ff7253676fec%7C1%7C0%7C637678234829781455%7CUnknown%7CTWFpbGZsb3d8eyJWIjoiMC4wLjAwMDAiLCJQIjoiV2luMzIiLCJBTiI6Ik1haWwiLCJXVCI6Mn0%3D%7C1000&amp;sdata=C0ghytFH3k5ROfrIFW91x6s0QriVRuuE6RIj%2Fuz%2BXRo%3D&amp;reserved=0\" target=\"_blank\" rel=\"noopener noreferrer\" data-saferedirecturl=\"https:\/\/www.google.com\/url?q=https:\/\/eur03.safelinks.protection.outlook.com\/?url%3Dhttps%253A%252F%252Fcaple.letras.ulisboa.pt%252Fexames%26data%3D04%257C01%257Cmontse.montagut%2540gencat.cat%257C60415ffc00344399ad7c08d97cf9db05%257C3b9427dcd30e43bc8c06ff7253676fec%257C1%257C0%257C637678234829781455%257CUnknown%257CTWFpbGZsb3d8eyJWIjoiMC4wLjAwMDAiLCJQIjoiV2luMzIiLCJBTiI6Ik1haWwiLCJXVCI6Mn0%253D%257C1000%26sdata%3DC0ghytFH3k5ROfrIFW91x6s0QriVRuuE6RIj%252Fuz%252BXRo%253D%26reserved%3D0&amp;source=gmail&amp;ust=1632380277333000&amp;usg=AFQjCNFxt51ooGct57B9McSUhXhoeQAUxA\">\u00a0<\/a><a title=\"https:\/\/caple.letras.ulisboa.pt\/\" href=\"https:\/\/eur03.safelinks.protection.outlook.com\/?url=https%3A%2F%2Fcaple.letras.ulisboa.pt%2F&amp;data=04%7C01%7Cmontse.montagut%40gencat.cat%7C60415ffc00344399ad7c08d97cf9db05%7C3b9427dcd30e43bc8c06ff7253676fec%7C1%7C0%7C637678234829781455%7CUnknown%7CTWFpbGZsb3d8eyJWIjoiMC4wLjAwMDAiLCJQIjoiV2luMzIiLCJBTiI6Ik1haWwiLCJXVCI6Mn0%3D%7C1000&amp;sdata=Y%2B9PdgE1%2BZYzQKGsPiCK0%2B%2FSMjXntZ3i92dygJ5szBs%3D&amp;reserved=0\" target=\"_blank\" rel=\"noopener\" data-saferedirecturl=\"https:\/\/www.google.com\/url?q=https:\/\/eur03.safelinks.protection.outlook.com\/?url%3Dhttps%253A%252F%252Fcaple.letras.ulisboa.pt%252F%26data%3D04%257C01%257Cmontse.montagut%2540gencat.cat%257C60415ffc00344399ad7c08d97cf9db05%257C3b9427dcd30e43bc8c06ff7253676fec%257C1%257C0%257C637678234829781455%257CUnknown%257CTWFpbGZsb3d8eyJWIjoiMC4wLjAwMDAiLCJQIjoiV2luMzIiLCJBTiI6Ik1haWwiLCJXVCI6Mn0%253D%257C1000%26sdata%3DY%252B9PdgE1%252BZYzQKGsPiCK0%252B%252FSMjXntZ3i92dygJ5szBs%253D%26reserved%3D0&amp;source=gmail&amp;ust=1632380277333000&amp;usg=AFQjCNH3-YBna0q0vCYBNoASLe26J5OeQQ\">\u00a0plataforma do\u00a0CAPLE<\/a>, onde tamb\u00e9m encontrar\u00e3o toda a informa\u00e7\u00e3o relativa \u00e0 convocat\u00f3ria: n\u00edveis, pre\u00e7os, m\u00e9todo de pagamento, datas, modelos de prova, normativa, etc. Recomendamos que leiam tudo com muita aten\u00e7\u00e3o para evitar contratempos.<\/p>\n<p>Se tiveram quaisquer d\u00favidas, n\u00e3o hesitem em contactar-nos. Tamb\u00e9m podem acompanhar a nossa\u00a0<a href=\"https:\/\/eur03.safelinks.protection.outlook.com\/?url=https%3A%2F%2Fwww.facebook.com%2FCLP.Camoes.Barcelona%2F%3Fref%3Daymt_homepage_panel%26eid%3DARDuZejz1u2vtPObvmvS-6zcYRsWaQIqYn8ZXCsxA9DHFuM40hrFE8GfGOfVxLOFaC3KhqIRqA9pl4KX&amp;data=04%7C01%7Cmontse.montagut%40gencat.cat%7C60415ffc00344399ad7c08d97cf9db05%7C3b9427dcd30e43bc8c06ff7253676fec%7C1%7C0%7C637678234829791439%7CUnknown%7CTWFpbGZsb3d8eyJWIjoiMC4wLjAwMDAiLCJQIjoiV2luMzIiLCJBTiI6Ik1haWwiLCJXVCI6Mn0%3D%7C1000&amp;sdata=K%2B%2FxD1Q78dhZlkhUC2CNti8lj%2B0RV4bQ5m9GDZYXuQM%3D&amp;reserved=0\" target=\"_blank\" rel=\"noopener noreferrer\" data-saferedirecturl=\"https:\/\/www.google.com\/url?q=https:\/\/eur03.safelinks.protection.outlook.com\/?url%3Dhttps%253A%252F%252Fwww.facebook.com%252FCLP.Camoes.Barcelona%252F%253Fref%253Daymt_homepage_panel%2526eid%253DARDuZejz1u2vtPObvmvS-6zcYRsWaQIqYn8ZXCsxA9DHFuM40hrFE8GfGOfVxLOFaC3KhqIRqA9pl4KX%26data%3D04%257C01%257Cmontse.montagut%2540gencat.cat%257C60415ffc00344399ad7c08d97cf9db05%257C3b9427dcd30e43bc8c06ff7253676fec%257C1%257C0%257C637678234829791439%257CUnknown%257CTWFpbGZsb3d8eyJWIjoiMC4wLjAwMDAiLCJQIjoiV2luMzIiLCJBTiI6Ik1haWwiLCJXVCI6Mn0%253D%257C1000%26sdata%3DK%252B%252FxD1Q78dhZlkhUC2CNti8lj%252B0RV4bQ5m9GDZYXuQM%253D%26reserved%3D0&amp;source=gmail&amp;ust=1632380277333000&amp;usg=AFQjCNGrxeYwR7iDKohrGbkdzc-FQ_9gXA\">p\u00e1gina de Facebook<\/a>, o\u00a0<a title=\"https:\/\/www.instagram.com\/instituto_camoes_bcn\/\" href=\"https:\/\/eur03.safelinks.protection.outlook.com\/?url=https%3A%2F%2Fwww.instagram.com%2Finstituto_camoes_bcn%2F&amp;data=04%7C01%7Cmontse.montagut%40gencat.cat%7C60415ffc00344399ad7c08d97cf9db05%7C3b9427dcd30e43bc8c06ff7253676fec%7C1%7C0%7C637678234829791439%7CUnknown%7CTWFpbGZsb3d8eyJWIjoiMC4wLjAwMDAiLCJQIjoiV2luMzIiLCJBTiI6Ik1haWwiLCJXVCI6Mn0%3D%7C1000&amp;sdata=4kIKoNdDg6O%2Bh%2FvhyDscBs8uwmMvTcjTB9vg3eETUvg%3D&amp;reserved=0\" target=\"_blank\" rel=\"noopener noreferrer\" data-saferedirecturl=\"https:\/\/www.google.com\/url?q=https:\/\/eur03.safelinks.protection.outlook.com\/?url%3Dhttps%253A%252F%252Fwww.instagram.com%252Finstituto_camoes_bcn%252F%26data%3D04%257C01%257Cmontse.montagut%2540gencat.cat%257C60415ffc00344399ad7c08d97cf9db05%257C3b9427dcd30e43bc8c06ff7253676fec%257C1%257C0%257C637678234829791439%257CUnknown%257CTWFpbGZsb3d8eyJWIjoiMC4wLjAwMDAiLCJQIjoiV2luMzIiLCJBTiI6Ik1haWwiLCJXVCI6Mn0%253D%257C1000%26sdata%3D4kIKoNdDg6O%252Bh%252FvhyDscBs8uwmMvTcjTB9vg3eETUvg%253D%26reserved%3D0&amp;source=gmail&amp;ust=1632380277333000&amp;usg=AFQjCNH78EUZohP3g54gQ_j660omSdPJ9Q\">nosso Instagram<\/a>\u00a0e o nosso<a href=\"https:\/\/eur03.safelinks.protection.outlook.com\/?url=http%3A%2F%2Fpagines.uab.cat%2Fcentrodelinguaportuguesacamoes%2Fpt-pt%2Fcontent%2Fcursos-de-lingua-portuguesa&amp;data=04%7C01%7Cmontse.montagut%40gencat.cat%7C60415ffc00344399ad7c08d97cf9db05%7C3b9427dcd30e43bc8c06ff7253676fec%7C1%7C0%7C637678234829801435%7CUnknown%7CTWFpbGZsb3d8eyJWIjoiMC4wLjAwMDAiLCJQIjoiV2luMzIiLCJBTiI6Ik1haWwiLCJXVCI6Mn0%3D%7C1000&amp;sdata=UjZyWsb7IVVbQKi0VowmwulDY%2B8gwp%2BIo9YsZU2J4Lw%3D&amp;reserved=0\" target=\"_blank\" rel=\"noopener noreferrer\" data-saferedirecturl=\"https:\/\/www.google.com\/url?q=https:\/\/eur03.safelinks.protection.outlook.com\/?url%3Dhttp%253A%252F%252Fpagines.uab.cat%252Fcentrodelinguaportuguesacamoes%252Fpt-pt%252Fcontent%252Fcursos-de-lingua-portuguesa%26data%3D04%257C01%257Cmontse.montagut%2540gencat.cat%257C60415ffc00344399ad7c08d97cf9db05%257C3b9427dcd30e43bc8c06ff7253676fec%257C1%257C0%257C637678234829801435%257CUnknown%257CTWFpbGZsb3d8eyJWIjoiMC4wLjAwMDAiLCJQIjoiV2luMzIiLCJBTiI6Ik1haWwiLCJXVCI6Mn0%253D%257C1000%26sdata%3DUjZyWsb7IVVbQKi0VowmwulDY%252B8gwp%252BIo9YsZU2J4Lw%253D%26reserved%3D0&amp;source=gmail&amp;ust=1632380277333000&amp;usg=AFQjCNFlaXqwN4mXZ4x4O23NI3qL6PkcdA\">\u00a0site.<\/a><\/p>\n","protected":false},"excerpt":{"rendered":"<p>Les classes de llengua i cultura portugueses que s\u2019ofereixen en alguns centres educatius de Catalunya s\u00f3n fruit de l\u2019acord de cooperaci\u00f3 entre Espanya i Portugal en mat\u00e8ria educativa. L\u2019Institut Cam\u00f5es \u00e9s, des de l\u2019any 2009, la instituci\u00f3 competent per promoure l\u2019ensenyament de portugu\u00e8s a l\u2019exterior.&hellip;  <a href=\"https:\/\/projectes.xtec.cat\/origen\/portugues\/\" title=\"Read PORTUGU\u00c8S\">Llegeix m\u00e9s\u00bb<\/a><\/p>\n","protected":false},"author":1,"featured_media":0,"parent":0,"menu_order":0,"comment_status":"closed","ping_status":"closed","template":"","meta":{"_bbp_topic_count":0,"_bbp_reply_count":0,"_bbp_total_topic_count":0,"_bbp_total_reply_count":0,"_bbp_voice_count":0,"_bbp_anonymous_reply_count":0,"_bbp_topic_count_hidden":0,"_bbp_reply_count_hidden":0,"_bbp_forum_subforum_count":0,"footnotes":""},"class_list":["post-8280","page","type-page","status-publish","hentry"],"post_mailing_queue_ids":[],"_links":{"self":[{"href":"https:\/\/projectes.xtec.cat\/origen\/wp-json\/wp\/v2\/pages\/8280","targetHints":{"allow":["GET"]}}],"collection":[{"href":"https:\/\/projectes.xtec.cat\/origen\/wp-json\/wp\/v2\/pages"}],"about":[{"href":"https:\/\/projectes.xtec.cat\/origen\/wp-json\/wp\/v2\/types\/page"}],"author":[{"embeddable":true,"href":"https:\/\/projectes.xtec.cat\/origen\/wp-json\/wp\/v2\/users\/1"}],"replies":[{"embeddable":true,"href":"https:\/\/projectes.xtec.cat\/origen\/wp-json\/wp\/v2\/comments?post=8280"}],"version-history":[{"count":3,"href":"https:\/\/projectes.xtec.cat\/origen\/wp-json\/wp\/v2\/pages\/8280\/revisions"}],"predecessor-version":[{"id":8697,"href":"https:\/\/projectes.xtec.cat\/origen\/wp-json\/wp\/v2\/pages\/8280\/revisions\/8697"}],"wp:attachment":[{"href":"https:\/\/projectes.xtec.cat\/origen\/wp-json\/wp\/v2\/media?parent=8280"}],"curies":[{"name":"wp","href":"https:\/\/api.w.org\/{rel}","templated":true}]}}