{"id":8281,"date":"2021-03-08T11:02:42","date_gmt":"2021-03-08T10:02:42","guid":{"rendered":"https:\/\/projectes.xtec.cat\/origen\/?page_id=8281"},"modified":"2021-03-09T10:56:18","modified_gmt":"2021-03-09T09:56:18","slug":"romanes","status":"publish","type":"page","link":"https:\/\/projectes.xtec.cat\/origen\/romanes\/","title":{"rendered":"ROMAN\u00c8S"},"content":{"rendered":"<p>Des del curs 2007-2008 s\u2019ofereixen classes de llengua, cultura i civilitzaci\u00f3 romaneses (LCCR) en el marc dels acords de cooperaci\u00f3 educativa entre Romania i Espanya, i del conveni signat entre el Departament d\u2019Ensenyament i l\u2019Ambaixada de Romania a Espanya per a l\u2019ensenyament del roman\u00e8s en horari extraescolar. Aquest programa est\u00e0 finan\u00e7at pel Govern de Romania, a trav\u00e9s de l\u2019Institut de Llengua Romanesa, el qual proporciona el programa d\u2019estudis, els llibres de text i altres materials did\u00e0ctics, i els cursos s\u00f3n impartits per professors i mestres llicenciats en l\u2019\u00e0mbit d\u2019humanitats. Les classes s\u2019ofereixen de manera gratu\u00efta a alumnat de prim\u00e0ria i secund\u00e0ria.<\/p>\n<p>M\u00e9s informaci\u00f3:<\/p>\n<p><a href=\"http:\/\/xtec.gencat.cat\/ca\/projectes\/plurilinguisme\/llengues-gestio\/origen\/romanes\/\">http:\/\/xtec.gencat.cat\/ca\/projectes\/plurilinguisme\/llengues-gestio\/origen\/romanes\/<\/a><\/p>\n","protected":false},"excerpt":{"rendered":"<p>Des del curs 2007-2008 s\u2019ofereixen classes de llengua, cultura i civilitzaci\u00f3 romaneses (LCCR) en el marc dels acords de cooperaci\u00f3 educativa entre Romania i Espanya, i del conveni signat entre el Departament d\u2019Ensenyament i l\u2019Ambaixada de Romania a Espanya per a l\u2019ensenyament del roman\u00e8s en&hellip;  <a href=\"https:\/\/projectes.xtec.cat\/origen\/romanes\/\" title=\"Read ROMAN\u00c8S\">Llegeix m\u00e9s\u00bb<\/a><\/p>\n","protected":false},"author":1,"featured_media":0,"parent":0,"menu_order":0,"comment_status":"closed","ping_status":"closed","template":"","meta":{"_bbp_topic_count":0,"_bbp_reply_count":0,"_bbp_total_topic_count":0,"_bbp_total_reply_count":0,"_bbp_voice_count":0,"_bbp_anonymous_reply_count":0,"_bbp_topic_count_hidden":0,"_bbp_reply_count_hidden":0,"_bbp_forum_subforum_count":0,"footnotes":""},"class_list":["post-8281","page","type-page","status-publish","hentry"],"post_mailing_queue_ids":[],"_links":{"self":[{"href":"https:\/\/projectes.xtec.cat\/origen\/wp-json\/wp\/v2\/pages\/8281","targetHints":{"allow":["GET"]}}],"collection":[{"href":"https:\/\/projectes.xtec.cat\/origen\/wp-json\/wp\/v2\/pages"}],"about":[{"href":"https:\/\/projectes.xtec.cat\/origen\/wp-json\/wp\/v2\/types\/page"}],"author":[{"embeddable":true,"href":"https:\/\/projectes.xtec.cat\/origen\/wp-json\/wp\/v2\/users\/1"}],"replies":[{"embeddable":true,"href":"https:\/\/projectes.xtec.cat\/origen\/wp-json\/wp\/v2\/comments?post=8281"}],"version-history":[{"count":2,"href":"https:\/\/projectes.xtec.cat\/origen\/wp-json\/wp\/v2\/pages\/8281\/revisions"}],"predecessor-version":[{"id":8383,"href":"https:\/\/projectes.xtec.cat\/origen\/wp-json\/wp\/v2\/pages\/8281\/revisions\/8383"}],"wp:attachment":[{"href":"https:\/\/projectes.xtec.cat\/origen\/wp-json\/wp\/v2\/media?parent=8281"}],"curies":[{"name":"wp","href":"https:\/\/api.w.org\/{rel}","templated":true}]}}