{"id":8731,"date":"2021-10-06T12:27:38","date_gmt":"2021-10-06T10:27:38","guid":{"rendered":"https:\/\/projectes.xtec.cat\/origen\/?page_id=8731"},"modified":"2025-09-05T14:11:13","modified_gmt":"2025-09-05T12:11:13","slug":"enllacos-dinteres","status":"publish","type":"page","link":"https:\/\/projectes.xtec.cat\/origen\/enllacos-dinteres\/","title":{"rendered":"Enlla\u00e7os d&#8217;inter\u00e8s"},"content":{"rendered":"<ul>\n<li><a href=\"https:\/\/projectes.xtec.cat\/origen\/portada\/nou-servici-dinterpretacio\/\">Servei de traducci\u00f3 i interpretaci\u00f3\u00a0<\/a><\/li>\n<li><a href=\"http:\/\/xtec.gencat.cat\/ca\/projectes\/plurilinguisme\/llengues-gestio\/diversitatlinguistica\/\">Diversitat ling\u00fc\u00edstica<\/a><\/li>\n<li><a href=\"https:\/\/projectes.xtec.cat\/acollidasuport\/\">Alumnat d&#8217;origen estranger<\/a><\/li>\n<li><a href=\"https:\/\/projectes.xtec.cat\/educacioinclusiva\/\">Educaci\u00f3 inclusiva<\/a><\/li>\n<li><a href=\"http:\/\/xtec.gencat.cat\/ca\/projectes\/intercultural\/\">Educaci\u00f3 intercultural<\/a><\/li>\n<li><a href=\"https:\/\/xtec.gencat.cat\/ca\/projectes\/alumnat-origen-estranger\/suport-linguistic-social\/publicacions\/altres-literatures-universals\/\">Opuscles: les altres literatures universals<\/a><\/li>\n<li><a href=\"https:\/\/serveiseducatius.xtec.cat\/sants-montjuic\/general\/biblioteca-de-les-llengues-dorigen\/\">Biblioteca de les lleng\u00fces d\u2019origen (SE Sants-Montju\u00efc)<\/a><\/li>\n<li><a href=\"https:\/\/www.youtube.com\/@gela1992\/videos\">Podcast &#8220;Lleng\u00fces a tocar&#8221; (grup GELA)<\/a><\/li>\n<li><a href=\"https:\/\/llengua.gencat.cat\/ca\/serveis\/informacio_i_difusio\/publicacions_en_linia\/aprenem_catala_des_de_col\/\">Aprenem catal\u00e0 des de&#8230;<\/a><\/li>\n<li>Article de premsa \u00a0<a href=\"https:\/\/school-education.ec.europa.eu\/en\/discover\/news\/intercultural-competence-role-language-learning\" target=\"_blank\" rel=\"noopener\" data-saferedirecturl=\"https:\/\/www.google.com\/url?q=https:\/\/school-education.ec.europa.eu\/en\/discover\/news\/intercultural-competence-role-language-learning&amp;source=gmail&amp;ust=1732949153602000&amp;usg=AOvVaw1IOXeSaJh-jjoYtmsd8DeT\">Competencia intercultural: el papel del aprendizaje de idiomas <\/a>del Centre <a href=\"https:\/\/www.ecml.at\/\" target=\"_blank\" rel=\"noopener\">Europeu de Lleng\u00fces Modernes<\/a>\u00a0(ECML)<\/li>\n<li>\n<p style=\"font-weight: 400;\">Curs en l\u00ednia (per a l&#8217;autoaprenentatge): <a href=\"https:\/\/school-education.ec.europa.eu\/en\/learn\/courses\/embracing-linguistic-and-cultural-diversity-mainstream-classes?prefLang=en?pk_campaign=esep-sept24\" target=\"_blank\" rel=\"noopener\" data-saferedirecturl=\"https:\/\/www.google.com\/url?q=https:\/\/school-education.ec.europa.eu\/en\/learn\/courses\/embracing-linguistic-and-cultural-diversity-mainstream-classes?prefLang%3Den?pk_campaign%3Desep-sept24&amp;source=gmail&amp;ust=1732949153603000&amp;usg=AOvVaw3wnXgE2KUw77IK4Ffdnaf8\">Integraci\u00f3n de la diversidad ling\u00fc\u00edstica y cultural en las clases ordinarias<\/a>.<\/p>\n<\/li>\n<li>Activitat d&#8217;escriptura de biografia ling\u00fc\u00edstica per alumnes d&#8217;educaci\u00f3 prim\u00e0ria:(<a href=\"https:\/\/www.youtube.com\/watch?v=7BUGDnCdoao\">https:\/\/www.youtube.com\/watch?v=7BUGDnCdoao<\/a>).<\/li>\n<li><span style=\"font-weight: 400;\">Biografies ling\u00fc\u00edstiques o autobiografies <\/span><a href=\"https:\/\/gela.cat\/doku.php?id=autobiografies\"><span style=\"font-weight: 400;\">(https:\/\/gela.cat\/doku.php?id=autobiografies<\/span><\/a><span style=\"font-weight: 400;\">)<\/span><\/li>\n<\/ul>\n<p><a href=\"https:\/\/projectes.xtec.cat\/origen\/wp-content\/uploads\/usu2451\/2025\/09\/Guia-de-recursos-per-a-centres-educatius_definitiu.pdf\">Guia de recursos per a centres educatius_definitiu<\/a><\/p>\n<p><a href=\"https:\/\/projectes.xtec.cat\/origen\/wp-content\/uploads\/usu2451\/2025\/09\/Guia-de-recursos-per-a-centres-educatius_definitiu.pdf\"><img loading=\"lazy\" decoding=\"async\" class=\"alignnone wp-image-10489 \" src=\"https:\/\/projectes.xtec.cat\/origen\/wp-content\/uploads\/usu2451\/2025\/09\/Captura-de-pantalla-2025-09-05-134004-1024x711.jpg\" alt=\"\" width=\"207\" height=\"144\" srcset=\"https:\/\/projectes.xtec.cat\/origen\/wp-content\/uploads\/usu2451\/2025\/09\/Captura-de-pantalla-2025-09-05-134004-1024x711.jpg 1024w, https:\/\/projectes.xtec.cat\/origen\/wp-content\/uploads\/usu2451\/2025\/09\/Captura-de-pantalla-2025-09-05-134004-300x208.jpg 300w, https:\/\/projectes.xtec.cat\/origen\/wp-content\/uploads\/usu2451\/2025\/09\/Captura-de-pantalla-2025-09-05-134004-768x533.jpg 768w, https:\/\/projectes.xtec.cat\/origen\/wp-content\/uploads\/usu2451\/2025\/09\/Captura-de-pantalla-2025-09-05-134004.jpg 1177w\" sizes=\"auto, (max-width: 207px) 100vw, 207px\" \/><\/a><\/p>\n","protected":false},"excerpt":{"rendered":"<ul>\n<li><a href=\"https:\/\/projectes.xtec.cat\/origen\/portada\/nou-servici-dinterpretacio\/\">Servei de traducci\u00f3 i interpretaci\u00f3\u00a0<\/a><\/li>\n<li><a href=\"http:\/\/xtec.gencat.cat\/ca\/projectes\/plurilinguisme\/llengues-gestio\/diversitatlinguistica\/\">Diversitat ling\u00fc\u00edstica<\/a><\/li>\n<li><a href=\"https:\/\/projectes.xtec.cat\/acollidasuport\/\">Alumnat d&#8217;origen estranger<\/a><\/li>\n<li><a href=\"https:\/\/projectes.xtec.cat\/educacioinclusiva\/\">Educaci\u00f3 inclusiva<\/a><\/li>\n<li><a href=\"http:\/\/xtec.gencat.cat\/ca\/projectes\/intercultural\/\">Educaci\u00f3 intercultural<\/a><\/li>\n<li><a href=\"https:\/\/xtec.gencat.cat\/ca\/projectes\/alumnat-origen-estranger\/suport-linguistic-social\/publicacions\/altres-literatures-universals\/\">Opuscles: les altres literatures universals<\/a><\/li>\n<li><a href=\"https:\/\/serveiseducatius.xtec.cat\/sants-montjuic\/general\/biblioteca-de-les-llengues-dorigen\/\">Biblioteca de les lleng\u00fces d\u2019origen (SE Sants-Montju\u00efc)<\/a><\/li>\n<li><a href=\"https:\/\/www.youtube.com\/@gela1992\/videos\">Podcast &#8220;Lleng\u00fces a tocar&#8221; (grup GELA)<\/a><\/li>\n<li><a href=\"https:\/\/llengua.gencat.cat\/ca\/serveis\/informacio_i_difusio\/publicacions_en_linia\/aprenem_catala_des_de_col\/\">Aprenem catal\u00e0 des de&#8230;<\/a><\/li>\n<li>Article de premsa \u00a0<a href=\"https:\/\/school-education.ec.europa.eu\/en\/discover\/news\/intercultural-competence-role-language-learning\" target=\"_blank\" rel=\"noopener\" data-saferedirecturl=\"https:\/\/www.google.com\/url?q=https:\/\/school-education.ec.europa.eu\/en\/discover\/news\/intercultural-competence-role-language-learning&amp;source=gmail&amp;ust=1732949153602000&amp;usg=AOvVaw1IOXeSaJh-jjoYtmsd8DeT\">Competencia intercultural:&hellip;  <a href=\"https:\/\/projectes.xtec.cat\/origen\/enllacos-dinteres\/\" title=\"Read Enlla\u00e7os d&#8217;inter\u00e8s\">Llegeix m\u00e9s\u00bb<\/a><br \/>\n","protected":false},"author":4,"featured_media":0,"parent":0,"menu_order":0,"comment_status":"closed","ping_status":"closed","template":"","meta":{"_bbp_topic_count":0,"_bbp_reply_count":0,"_bbp_total_topic_count":0,"_bbp_total_reply_count":0,"_bbp_voice_count":0,"_bbp_anonymous_reply_count":0,"_bbp_topic_count_hidden":0,"_bbp_reply_count_hidden":0,"_bbp_forum_subforum_count":0,"footnotes":""},"class_list":["post-8731","page","type-page","status-publish","hentry"],"post_mailing_queue_ids":[],"_links":{"self":[{"href":"https:\/\/projectes.xtec.cat\/origen\/wp-json\/wp\/v2\/pages\/8731","targetHints":{"allow":["GET"]}}],"collection":[{"href":"https:\/\/projectes.xtec.cat\/origen\/wp-json\/wp\/v2\/pages"}],"about":[{"href":"https:\/\/projectes.xtec.cat\/origen\/wp-json\/wp\/v2\/types\/page"}],"author":[{"embeddable":true,"href":"https:\/\/projectes.xtec.cat\/origen\/wp-json\/wp\/v2\/users\/4"}],"replies":[{"embeddable":true,"href":"https:\/\/projectes.xtec.cat\/origen\/wp-json\/wp\/v2\/comments?post=8731"}],"version-history":[{"count":6,"href":"https:\/\/projectes.xtec.cat\/origen\/wp-json\/wp\/v2\/pages\/8731\/revisions"}],"predecessor-version":[{"id":10496,"href":"https:\/\/projectes.xtec.cat\/origen\/wp-json\/wp\/v2\/pages\/8731\/revisions\/10496"}],"wp:attachment":[{"href":"https:\/\/projectes.xtec.cat\/origen\/wp-json\/wp\/v2\/media?parent=8731"}],"curies":[{"name":"wp","href":"https:\/\/api.w.org\/{rel}","templated":true}]}}