{"id":9128,"date":"2022-03-03T11:39:15","date_gmt":"2022-03-03T10:39:15","guid":{"rendered":"https:\/\/projectes.xtec.cat\/origen\/?page_id=9128"},"modified":"2023-02-16T12:25:17","modified_gmt":"2023-02-16T11:25:17","slug":"recursos-pel-professorat-darab","status":"publish","type":"page","link":"https:\/\/projectes.xtec.cat\/origen\/arab\/recursos-per-al-professorat-darab\/recursos-pel-professorat-darab\/","title":{"rendered":"Recursos per al professorat d&#8217;\u00e0rab"},"content":{"rendered":"<p>&nbsp;<\/p>\n<table style=\"border-collapse: collapse; width: 52.2666%; height: 50px;\">\n<tbody>\n<tr style=\"height: 50px;\">\n<td style=\"width: 100%; height: 50px;\">Tile Maker introdueix els estudiants als conceptes fonamentals de l&#8217;art i l&#8217;arquitectura isl\u00e0mics mitjan\u00e7ant l&#8217;exploraci\u00f3 i la creaci\u00f3 d&#8217;art de mosaic.<\/td>\n<\/tr>\n<\/tbody>\n<\/table>\n<p><a href=\"https:\/\/tilemaker.qfi.org\/\"><img loading=\"lazy\" decoding=\"async\" class=\"alignnone size-full wp-image-9133\" src=\"https:\/\/projectes.xtec.cat\/origen\/wp-content\/uploads\/usu2451\/2022\/03\/TILEMAKER.jpg\" alt=\"\" width=\"536\" height=\"352\" srcset=\"https:\/\/projectes.xtec.cat\/origen\/wp-content\/uploads\/usu2451\/2022\/03\/TILEMAKER.jpg 536w, https:\/\/projectes.xtec.cat\/origen\/wp-content\/uploads\/usu2451\/2022\/03\/TILEMAKER-300x197.jpg 300w\" sizes=\"auto, (max-width: 536px) 100vw, 536px\" \/><\/a><\/p>\n<table style=\"border-collapse: collapse; width: 52.2114%; height: 13px;\">\n<tbody>\n<tr>\n<td style=\"width: 100%;\">Madar Al Huruf ajuda a descodificar l&#8217;alfabet \u00e0rab i permet als estudiants transliterar paraules del catal\u00e0 a l&#8217;\u00e0rab, comen\u00e7ant pels seus noms.<\/td>\n<\/tr>\n<\/tbody>\n<\/table>\n<p><a href=\"https:\/\/www.qfi.org\/resources\/madar-al-huruf\/\"><img loading=\"lazy\" decoding=\"async\" class=\"alignnone wp-image-9136\" src=\"https:\/\/projectes.xtec.cat\/origen\/wp-content\/uploads\/usu2451\/2022\/03\/WHEEL.jpg\" alt=\"\" width=\"526\" height=\"376\" srcset=\"https:\/\/projectes.xtec.cat\/origen\/wp-content\/uploads\/usu2451\/2022\/03\/WHEEL.jpg 577w, https:\/\/projectes.xtec.cat\/origen\/wp-content\/uploads\/usu2451\/2022\/03\/WHEEL-300x215.jpg 300w\" sizes=\"auto, (max-width: 526px) 100vw, 526px\" \/><\/a><\/p>\n<p><strong>INFOGRAFIES<\/strong><\/p>\n<p>https:\/\/www.qfi.org\/resources\/gallery\/<\/p>\n<p><a href=\"https:\/\/projectes.xtec.cat\/origen\/wp-content\/uploads\/usu2451\/2022\/03\/Cafe-Infographic-PRINT2_compressed.pdf\"><img loading=\"lazy\" decoding=\"async\" class=\"alignnone wp-image-9142\" src=\"https:\/\/projectes.xtec.cat\/origen\/wp-content\/uploads\/usu2451\/2022\/03\/Cafe-Infographic-PRINT2_compressed_page-0001-2-1024x768.jpg\" alt=\"\" width=\"686\" height=\"514\" srcset=\"https:\/\/projectes.xtec.cat\/origen\/wp-content\/uploads\/usu2451\/2022\/03\/Cafe-Infographic-PRINT2_compressed_page-0001-2-1024x768.jpg 1024w, https:\/\/projectes.xtec.cat\/origen\/wp-content\/uploads\/usu2451\/2022\/03\/Cafe-Infographic-PRINT2_compressed_page-0001-2-300x225.jpg 300w, https:\/\/projectes.xtec.cat\/origen\/wp-content\/uploads\/usu2451\/2022\/03\/Cafe-Infographic-PRINT2_compressed_page-0001-2-768x576.jpg 768w, https:\/\/projectes.xtec.cat\/origen\/wp-content\/uploads\/usu2451\/2022\/03\/Cafe-Infographic-PRINT2_compressed_page-0001-2-1536x1152.jpg 1536w, https:\/\/projectes.xtec.cat\/origen\/wp-content\/uploads\/usu2451\/2022\/03\/Cafe-Infographic-PRINT2_compressed_page-0001-2-2048x1536.jpg 2048w, https:\/\/projectes.xtec.cat\/origen\/wp-content\/uploads\/usu2451\/2022\/03\/Cafe-Infographic-PRINT2_compressed_page-0001-2-200x150.jpg 200w\" sizes=\"auto, (max-width: 686px) 100vw, 686px\" \/><\/a><\/p>\n<ul>\n<li><span style=\"font-family: inherit; font-size: 1em;\"><span data-sheets-value=\"{&quot;1&quot;:2,&quot;2&quot;:&quot;Language in Art and the Work of Ali Omar Ermes - Resource Pack &amp; Workshop&quot;}\" data-sheets-userformat=\"{&quot;2&quot;:15167,&quot;3&quot;:{&quot;1&quot;:0},&quot;4&quot;:{&quot;1&quot;:2,&quot;2&quot;:16777215},&quot;5&quot;:{&quot;1&quot;:[{&quot;1&quot;:2,&quot;2&quot;:0,&quot;5&quot;:{&quot;1&quot;:2,&quot;2&quot;:0}},{&quot;1&quot;:0,&quot;2&quot;:0,&quot;3&quot;:3},{&quot;1&quot;:1,&quot;2&quot;:0,&quot;4&quot;:1}]},&quot;6&quot;:{&quot;1&quot;:[{&quot;1&quot;:2,&quot;2&quot;:0,&quot;5&quot;:{&quot;1&quot;:2,&quot;2&quot;:0}},{&quot;1&quot;:0,&quot;2&quot;:0,&quot;3&quot;:3},{&quot;1&quot;:1,&quot;2&quot;:0,&quot;4&quot;:1}]},&quot;7&quot;:{&quot;1&quot;:[{&quot;1&quot;:2,&quot;2&quot;:0,&quot;5&quot;:{&quot;1&quot;:2,&quot;2&quot;:0}},{&quot;1&quot;:0,&quot;2&quot;:0,&quot;3&quot;:3},{&quot;1&quot;:1,&quot;2&quot;:0,&quot;4&quot;:1}]},&quot;8&quot;:{&quot;1&quot;:[{&quot;1&quot;:2,&quot;2&quot;:0,&quot;5&quot;:{&quot;1&quot;:2,&quot;2&quot;:0}},{&quot;1&quot;:0,&quot;2&quot;:0,&quot;3&quot;:3},{&quot;1&quot;:1,&quot;2&quot;:0,&quot;4&quot;:1}]},&quot;11&quot;:4,&quot;12&quot;:0,&quot;14&quot;:{&quot;1&quot;:2,&quot;2&quot;:1136076},&quot;15&quot;:&quot;\\&quot;Times New Roman\\&quot;, serif&quot;,&quot;16&quot;:12}\" data-sheets-hyperlink=\"https:\/\/resources.qfi.org\/resources\/language-art-and-work-ali-omar-ermes-resource-pack-workshop\"><a class=\"in-cell-link\" href=\"https:\/\/resources.qfi.org\/resources\/language-art-and-work-ali-omar-ermes-resource-pack-workshop\" target=\"_blank\" rel=\"noopener\">Language in Art and the Work of Ali Omar Ermes &#8211; Resource Pack &amp; Workshop<\/a>: <\/span>Extractes d&#8217;un enregistrament de v\u00eddeo realitzat durant el programa de tallers de desenvolupament professional a Londres, Leeds i Birmingham\u00a0que va tenir lloc a Goldsmiths el 22 d&#8217;octubre de 2018. Per a una finalitat de claredat i facilitat d&#8217;\u00fas, el contingut s&#8217;ha dividit en onze apartats. El paquet \u00e9s adre\u00e7at principalment a aprenents intermedis i m\u00e9s avan\u00e7ats, per\u00f2 es pot adaptar f\u00e0cilment a nivells inferiors.<\/span><\/li>\n<\/ul>\n<p>&nbsp;<\/p>\n<p><iframe loading=\"lazy\" title=\"Language in Art and the Work of Ali Omar Ermes\" width=\"500\" height=\"281\" src=\"https:\/\/www.youtube.com\/embed\/videoseries?list=PLO_7Sl-0e9JcL0q8O8hN0hvkVuebluP_4\" frameborder=\"0\" allow=\"accelerometer; autoplay; clipboard-write; encrypted-media; gyroscope; picture-in-picture; web-share\" referrerpolicy=\"strict-origin-when-cross-origin\" allowfullscreen><\/iframe><\/p>\n<p><a href=\"https:\/\/resources.qfi.org\/sites\/default\/files\/2021-12\/Workshop%20Presentation%20-%20Arabic.pdf\"><img loading=\"lazy\" decoding=\"async\" class=\"wp-image-8802 alignleft\" src=\"https:\/\/projectes.xtec.cat\/origen\/wp-content\/uploads\/usu2451\/2021\/10\/pdf.png\" alt=\"\" width=\"66\" height=\"66\" srcset=\"https:\/\/projectes.xtec.cat\/origen\/wp-content\/uploads\/usu2451\/2021\/10\/pdf.png 512w, https:\/\/projectes.xtec.cat\/origen\/wp-content\/uploads\/usu2451\/2021\/10\/pdf-300x300.png 300w, https:\/\/projectes.xtec.cat\/origen\/wp-content\/uploads\/usu2451\/2021\/10\/pdf-150x150.png 150w\" sizes=\"auto, (max-width: 66px) 100vw, 66px\" \/><\/a><\/p>\n<p>&nbsp;<\/p>\n<p>&nbsp;<\/p>\n<ul>\n<li>Una actuaci\u00f3 de l&#8217;artista Omar Offendum, seguida d&#8217;un taller virtual amb Jacqueline Vidal sobre com els professors poden incorporar la m\u00fasica i la poesia d&#8217;Omar Offendum als seus cursos per promoure l&#8217;intercanvi i la reflexi\u00f3 intercultural. El viatge art\u00edstic d&#8217;una d\u00e8cada que ha anat paral\u00b7lel a l&#8217;auge de les xarxes socials i ha estat testimoni dels grans canvis sociopol\u00edtics a S\u00edria, Omar Offendum parla de com ha estat capa\u00e7 de desenvolupar una combinaci\u00f3 especial de hip-hop i poesia \u00e0rab per superar les divisions culturals. Jacqueline Vidal \u00e9s professora d&#8217;estudis socials de secund\u00e0ria a Austin, Texas.<\/li>\n<\/ul>\n<p><iframe loading=\"lazy\" title=\"SyrianamericanA: A Nation State of Mind Performance by Omar Offendum\" width=\"500\" height=\"281\" src=\"https:\/\/www.youtube.com\/embed\/ieylAlLHYUA?feature=oembed\" frameborder=\"0\" allow=\"accelerometer; autoplay; clipboard-write; encrypted-media; gyroscope; picture-in-picture; web-share\" referrerpolicy=\"strict-origin-when-cross-origin\" allowfullscreen><\/iframe><\/p>\n<p><strong>UNITATS DID\u00c0CTIQUES<\/strong><\/p>\n<ul>\n<li><strong><a class=\"in-cell-link\" href=\"https:\/\/resources.qfi.org\/sites\/default\/files\/2022-12\/wc-lesson-plans.pdf\" target=\"_blank\" rel=\"noopener\">Lessons on the World Cup<\/a>: <\/strong><\/li>\n<\/ul>\n<p><a href=\"https:\/\/resources.qfi.org\/sites\/default\/files\/2022-12\/wc-lesson-plans.pdf\"><img loading=\"lazy\" decoding=\"async\" class=\"alignnone wp-image-9723\" src=\"https:\/\/projectes.xtec.cat\/origen\/wp-content\/uploads\/usu2451\/2023\/02\/Sense-titol.png\" alt=\"\" width=\"386\" height=\"538\" srcset=\"https:\/\/projectes.xtec.cat\/origen\/wp-content\/uploads\/usu2451\/2023\/02\/Sense-titol.png 626w, https:\/\/projectes.xtec.cat\/origen\/wp-content\/uploads\/usu2451\/2023\/02\/Sense-titol-215x300.png 215w\" sizes=\"auto, (max-width: 386px) 100vw, 386px\" \/><\/a><\/p>\n<ul>\n<li style=\"font-family: 'Helvetica Neue', Helvetica, Helvetica, Arial, sans-serif; font-size: 16px;\"><strong>Jusuur (<\/strong><a class=\"in-cell-link\" style=\"color: #2795b6;\" href=\"https:\/\/jusuurtextbook.com\/\" target=\"_blank\" rel=\"noopener\">https:\/\/jusuurtextbook.com\/<\/a>)<\/li>\n<\/ul>\n<p style=\"font-family: 'Helvetica Neue', Helvetica, Helvetica, Arial, sans-serif; font-size: 16px;\">Jusuur 1: Inici de l&#8217;\u00e0rab comunicatiu i Jusuur 1 Quadern de treball de l&#8217;alfabet \u00e0rab conjuntament formen el primer any del programa de dos anys de llengua \u00e0rab Jusuur. Al final dels dos anys d&#8217;instrucci\u00f3, els estudiants que acabin amb \u00e8xit el programa seran capa\u00e7os de comunicar-se a nivells de compet\u00e8ncia principiant-alt o mitj\u00e0-baix.<\/p>\n<p><span data-sheets-value=\"{&quot;1&quot;:2,&quot;2&quot;:&quot;Art, language and culture&quot;}\" data-sheets-userformat=\"{&quot;2&quot;:1049405,&quot;3&quot;:{&quot;1&quot;:0},&quot;5&quot;:{&quot;1&quot;:[{&quot;1&quot;:2,&quot;2&quot;:0,&quot;5&quot;:{&quot;1&quot;:2,&quot;2&quot;:0}},{&quot;1&quot;:0,&quot;2&quot;:0,&quot;3&quot;:3},{&quot;1&quot;:1,&quot;2&quot;:0,&quot;4&quot;:1}]},&quot;6&quot;:{&quot;1&quot;:[{&quot;1&quot;:2,&quot;2&quot;:0,&quot;5&quot;:{&quot;1&quot;:2,&quot;2&quot;:0}},{&quot;1&quot;:0,&quot;2&quot;:0,&quot;3&quot;:3},{&quot;1&quot;:1,&quot;2&quot;:0,&quot;4&quot;:1}]},&quot;7&quot;:{&quot;1&quot;:[{&quot;1&quot;:2,&quot;2&quot;:0,&quot;5&quot;:{&quot;1&quot;:2,&quot;2&quot;:0}},{&quot;1&quot;:0,&quot;2&quot;:0,&quot;3&quot;:3},{&quot;1&quot;:1,&quot;2&quot;:0,&quot;4&quot;:1}]},&quot;8&quot;:{&quot;1&quot;:[{&quot;1&quot;:2,&quot;2&quot;:0,&quot;5&quot;:{&quot;1&quot;:2,&quot;2&quot;:0}},{&quot;1&quot;:0,&quot;2&quot;:0,&quot;3&quot;:3},{&quot;1&quot;:1,&quot;2&quot;:0,&quot;4&quot;:1}]},&quot;11&quot;:4,&quot;12&quot;:0,&quot;23&quot;:1}\" data-sheets-hyperlink=\"https:\/\/teachmideast.org\/mideast-focus\/art-language-culture\/\"><a href=\"https:\/\/jusuurtextbook.com\/jusuur-book-1\/videos\/\"><img loading=\"lazy\" decoding=\"async\" class=\"alignnone size-full wp-image-9734\" src=\"https:\/\/projectes.xtec.cat\/origen\/wp-content\/uploads\/usu2451\/2023\/02\/Sense-titol-2.png\" alt=\"\" width=\"674\" height=\"315\" srcset=\"https:\/\/projectes.xtec.cat\/origen\/wp-content\/uploads\/usu2451\/2023\/02\/Sense-titol-2.png 674w, https:\/\/projectes.xtec.cat\/origen\/wp-content\/uploads\/usu2451\/2023\/02\/Sense-titol-2-300x140.png 300w\" sizes=\"auto, (max-width: 674px) 100vw, 674px\" \/><\/a><\/span><\/p>\n<ul>\n<li><span data-sheets-value=\"{&quot;1&quot;:2,&quot;2&quot;:&quot;Art, language and culture&quot;}\" data-sheets-userformat=\"{&quot;2&quot;:1049405,&quot;3&quot;:{&quot;1&quot;:0},&quot;5&quot;:{&quot;1&quot;:[{&quot;1&quot;:2,&quot;2&quot;:0,&quot;5&quot;:{&quot;1&quot;:2,&quot;2&quot;:0}},{&quot;1&quot;:0,&quot;2&quot;:0,&quot;3&quot;:3},{&quot;1&quot;:1,&quot;2&quot;:0,&quot;4&quot;:1}]},&quot;6&quot;:{&quot;1&quot;:[{&quot;1&quot;:2,&quot;2&quot;:0,&quot;5&quot;:{&quot;1&quot;:2,&quot;2&quot;:0}},{&quot;1&quot;:0,&quot;2&quot;:0,&quot;3&quot;:3},{&quot;1&quot;:1,&quot;2&quot;:0,&quot;4&quot;:1}]},&quot;7&quot;:{&quot;1&quot;:[{&quot;1&quot;:2,&quot;2&quot;:0,&quot;5&quot;:{&quot;1&quot;:2,&quot;2&quot;:0}},{&quot;1&quot;:0,&quot;2&quot;:0,&quot;3&quot;:3},{&quot;1&quot;:1,&quot;2&quot;:0,&quot;4&quot;:1}]},&quot;8&quot;:{&quot;1&quot;:[{&quot;1&quot;:2,&quot;2&quot;:0,&quot;5&quot;:{&quot;1&quot;:2,&quot;2&quot;:0}},{&quot;1&quot;:0,&quot;2&quot;:0,&quot;3&quot;:3},{&quot;1&quot;:1,&quot;2&quot;:0,&quot;4&quot;:1}]},&quot;11&quot;:4,&quot;12&quot;:0,&quot;23&quot;:1}\" data-sheets-hyperlink=\"https:\/\/teachmideast.org\/mideast-focus\/art-language-culture\/\"><a class=\"in-cell-link\" href=\"https:\/\/teachmideast.org\/mideast-focus\/art-language-culture\/\" target=\"_blank\" rel=\"noopener\">Art, language and culture<\/a><\/span><\/li>\n<\/ul>\n<p><a href=\"https:\/\/projectes.xtec.cat\/origen\/wp-content\/uploads\/usu2451\/2023\/02\/Sense-titol-1.png\"><img loading=\"lazy\" decoding=\"async\" class=\"alignnone size-large wp-image-9732\" src=\"https:\/\/projectes.xtec.cat\/origen\/wp-content\/uploads\/usu2451\/2023\/02\/Sense-titol-1-1024x428.png\" alt=\"\" width=\"1024\" height=\"428\" srcset=\"https:\/\/projectes.xtec.cat\/origen\/wp-content\/uploads\/usu2451\/2023\/02\/Sense-titol-1-1024x428.png 1024w, https:\/\/projectes.xtec.cat\/origen\/wp-content\/uploads\/usu2451\/2023\/02\/Sense-titol-1-300x125.png 300w, https:\/\/projectes.xtec.cat\/origen\/wp-content\/uploads\/usu2451\/2023\/02\/Sense-titol-1-768x321.png 768w, https:\/\/projectes.xtec.cat\/origen\/wp-content\/uploads\/usu2451\/2023\/02\/Sense-titol-1-1536x642.png 1536w, https:\/\/projectes.xtec.cat\/origen\/wp-content\/uploads\/usu2451\/2023\/02\/Sense-titol-1.png 1636w\" sizes=\"auto, (max-width: 1024px) 100vw, 1024px\" \/><\/a><\/p>\n<p><a href=\"https:\/\/www.digitaldialects.com\/Arabic.htm\">https:\/\/www.digitaldialects.com\/Arabic.htm<\/a><\/p>\n<p><strong>Recursos digitals:\u00a0<\/strong><\/p>\n<ul>\n<li><strong>Adam Wa Mishmish:<\/strong><\/li>\n<\/ul>\n<p>Adam Wa Mishmish \u00e9s un dibuix animat educatiu creat perqu\u00e8 els nens aprenguin i estimin la llengua \u00e0rab. Est\u00e0 adre\u00e7at a nens en els primers anys, de 0 a 5 anys, i tots els episodis s\u00f3n m\u00fasica basada en l&#8217;aprenentatge de l&#8217;\u00e0rab. Cada episodi t\u00e9 una durada d&#8217;entre 1 i 3 minuts i se centra en un tema diferent cada vegada, que va des d&#8217;alfabets, n\u00fameros, instruments musicals, animals, etc.<\/p>\n<p><strong><a href=\"https:\/\/www.adamwamishmish.com\/\"><img loading=\"lazy\" decoding=\"async\" class=\"alignnone size-large wp-image-9735\" src=\"https:\/\/projectes.xtec.cat\/origen\/wp-content\/uploads\/usu2451\/2023\/02\/Sense-titol-3-1024x392.png\" alt=\"\" width=\"1024\" height=\"392\" srcset=\"https:\/\/projectes.xtec.cat\/origen\/wp-content\/uploads\/usu2451\/2023\/02\/Sense-titol-3-1024x392.png 1024w, https:\/\/projectes.xtec.cat\/origen\/wp-content\/uploads\/usu2451\/2023\/02\/Sense-titol-3-300x115.png 300w, https:\/\/projectes.xtec.cat\/origen\/wp-content\/uploads\/usu2451\/2023\/02\/Sense-titol-3-768x294.png 768w, https:\/\/projectes.xtec.cat\/origen\/wp-content\/uploads\/usu2451\/2023\/02\/Sense-titol-3-1536x588.png 1536w, https:\/\/projectes.xtec.cat\/origen\/wp-content\/uploads\/usu2451\/2023\/02\/Sense-titol-3.png 1885w\" sizes=\"auto, (max-width: 1024px) 100vw, 1024px\" \/><\/a><\/strong><\/p>\n<ul>\n<li><strong>3asafeer:<\/strong><\/li>\n<\/ul>\n<p>Aquest recurs est\u00e0 totalment en \u00e0rab. Cont\u00e9 molts llibres electr\u00f2nics perqu\u00e8 els professors\/alumnes\/fam\u00edlia els llegeixin en veu alta. El lloc web pregunta al lector a quin nivell d&#8217;\u00e0rab li agradaria llegir, i despr\u00e9s genera una llarga llista de llibres entre els quals triar.<\/p>\n<p>&nbsp;<\/p>\n<p><a href=\"https:\/\/3asafeer.com\/\"><img loading=\"lazy\" decoding=\"async\" class=\"alignnone size-large wp-image-9736\" src=\"https:\/\/projectes.xtec.cat\/origen\/wp-content\/uploads\/usu2451\/2023\/02\/Sense-titol-4-1024x409.png\" alt=\"\" width=\"1024\" height=\"409\" srcset=\"https:\/\/projectes.xtec.cat\/origen\/wp-content\/uploads\/usu2451\/2023\/02\/Sense-titol-4-1024x409.png 1024w, https:\/\/projectes.xtec.cat\/origen\/wp-content\/uploads\/usu2451\/2023\/02\/Sense-titol-4-300x120.png 300w, https:\/\/projectes.xtec.cat\/origen\/wp-content\/uploads\/usu2451\/2023\/02\/Sense-titol-4-768x307.png 768w, https:\/\/projectes.xtec.cat\/origen\/wp-content\/uploads\/usu2451\/2023\/02\/Sense-titol-4-1536x613.png 1536w, https:\/\/projectes.xtec.cat\/origen\/wp-content\/uploads\/usu2451\/2023\/02\/Sense-titol-4.png 1583w\" sizes=\"auto, (max-width: 1024px) 100vw, 1024px\" \/><\/a><\/p>\n<ul>\n<li><strong>Arabic with Lina<\/strong> (<a style=\"font-family: inherit; font-size: 1em;\" href=\"https:\/\/www.youtube.com\/@arabicwithlina\/videos\">https:\/\/www.youtube.com\/@arabicwithlina\/videos)<\/a><\/li>\n<\/ul>\n<p>El canal de YouTube de Lina Kholaki \u00e9s un dip\u00f2sit per llegir en veu alta llibres infantils en \u00e0rab. No nom\u00e9s llegeix els llibres en veu alta, sin\u00f3 que comen\u00e7a cada v\u00eddeo amb una introducci\u00f3 a les paraules que els estudiants escoltaran amb accessoris i obres d&#8217;art per ajudar a aprendre noves paraules durant la lectura en veu alta.<\/p>\n<p><iframe loading=\"lazy\" title=\"The Angry Rabbit pt.1  \u0627\u0644\u0623\u0631\u0646\u0628 \u0627\u0644\u063a\u0636\u0628\u0627\u0646\" width=\"500\" height=\"281\" src=\"https:\/\/www.youtube.com\/embed\/YYLlhl8s1oE?feature=oembed\" frameborder=\"0\" allow=\"accelerometer; autoplay; clipboard-write; encrypted-media; gyroscope; picture-in-picture; web-share\" referrerpolicy=\"strict-origin-when-cross-origin\" allowfullscreen><\/iframe><\/p>\n<ul>\n<li><strong>Jocs en l\u00ednia<\/strong><\/li>\n<\/ul>\n<p><a href=\"https:\/\/www.digitaldialects.com\/Arabic.htm\">https:\/\/www.digitaldialects.com\/Arabic.htm<\/a><\/p>\n<p><a href=\"https:\/\/projectes.xtec.cat\/origen\/wp-content\/uploads\/usu2451\/2023\/02\/Sense-titol-6.png\"><img loading=\"lazy\" decoding=\"async\" class=\"alignnone size-large wp-image-9740\" src=\"https:\/\/projectes.xtec.cat\/origen\/wp-content\/uploads\/usu2451\/2023\/02\/Sense-titol-6-1024x906.png\" alt=\"\" width=\"1024\" height=\"906\" srcset=\"https:\/\/projectes.xtec.cat\/origen\/wp-content\/uploads\/usu2451\/2023\/02\/Sense-titol-6-1024x906.png 1024w, https:\/\/projectes.xtec.cat\/origen\/wp-content\/uploads\/usu2451\/2023\/02\/Sense-titol-6-300x265.png 300w, https:\/\/projectes.xtec.cat\/origen\/wp-content\/uploads\/usu2451\/2023\/02\/Sense-titol-6-768x679.png 768w, https:\/\/projectes.xtec.cat\/origen\/wp-content\/uploads\/usu2451\/2023\/02\/Sense-titol-6.png 1057w\" sizes=\"auto, (max-width: 1024px) 100vw, 1024px\" \/><\/a><\/p>\n<ul>\n<li><strong>Materials de comprensi\u00f3 oral<\/strong><\/li>\n<\/ul>\n<p><a href=\"https:\/\/www.laits.utexas.edu\/aswaat\/index.php\">https:\/\/www.laits.utexas.edu\/aswaat\/index.php<\/a><\/p>\n<p><a href=\"https:\/\/projectes.xtec.cat\/origen\/wp-content\/uploads\/usu2451\/2023\/02\/Sense-titol-5.png\"><img loading=\"lazy\" decoding=\"async\" class=\"alignnone size-full wp-image-9738\" src=\"https:\/\/projectes.xtec.cat\/origen\/wp-content\/uploads\/usu2451\/2023\/02\/Sense-titol-5.png\" alt=\"\" width=\"986\" height=\"571\" srcset=\"https:\/\/projectes.xtec.cat\/origen\/wp-content\/uploads\/usu2451\/2023\/02\/Sense-titol-5.png 986w, https:\/\/projectes.xtec.cat\/origen\/wp-content\/uploads\/usu2451\/2023\/02\/Sense-titol-5-300x174.png 300w, https:\/\/projectes.xtec.cat\/origen\/wp-content\/uploads\/usu2451\/2023\/02\/Sense-titol-5-768x445.png 768w\" sizes=\"auto, (max-width: 986px) 100vw, 986px\" \/><\/a><\/p>\n","protected":false},"excerpt":{"rendered":"<p>&nbsp;<\/p>\n<p>Tile Maker introdueix els estudiants als conceptes fonamentals de l&#8217;art i l&#8217;arquitectura isl\u00e0mics mitjan\u00e7ant l&#8217;exploraci\u00f3 i la creaci\u00f3 d&#8217;art de mosaic.<\/p>\n<p><a href=\"https:\/\/tilemaker.qfi.org\/\"><\/a><\/p>\n<p>Madar Al Huruf ajuda a descodificar l&#8217;alfabet \u00e0rab i permet als estudiants transliterar paraules del catal\u00e0 a l&#8217;\u00e0rab, comen\u00e7ant pels seus noms.<\/p>\n<p><a href=\"https:\/\/www.qfi.org\/resources\/madar-al-huruf\/\"><\/a><br \/>\nINFOGRAFIES<br \/>\nhttps:\/\/www.qfi.org\/resources\/gallery\/<br \/>\n<a href=\"https:\/\/projectes.xtec.cat\/origen\/wp-content\/uploads\/usu2451\/2022\/03\/Cafe-Infographic-PRINT2_compressed.pdf\"><\/a><\/p>\n<ul>\n<li><a&hellip;  <a href=\"https:\/\/projectes.xtec.cat\/origen\/arab\/recursos-per-al-professorat-darab\/recursos-pel-professorat-darab\/\" title=\"Read Recursos per al professorat d&#8217;\u00e0rab\">Llegeix m\u00e9s\u00bb<\/a><br \/>\n","protected":false},"author":4,"featured_media":0,"parent":9528,"menu_order":30,"comment_status":"closed","ping_status":"closed","template":"page-templates\/side-menu.php","meta":{"_bbp_topic_count":0,"_bbp_reply_count":0,"_bbp_total_topic_count":0,"_bbp_total_reply_count":0,"_bbp_voice_count":0,"_bbp_anonymous_reply_count":0,"_bbp_topic_count_hidden":0,"_bbp_reply_count_hidden":0,"_bbp_forum_subforum_count":0,"footnotes":""},"class_list":["post-9128","page","type-page","status-publish","hentry"],"post_mailing_queue_ids":[],"_links":{"self":[{"href":"https:\/\/projectes.xtec.cat\/origen\/wp-json\/wp\/v2\/pages\/9128","targetHints":{"allow":["GET"]}}],"collection":[{"href":"https:\/\/projectes.xtec.cat\/origen\/wp-json\/wp\/v2\/pages"}],"about":[{"href":"https:\/\/projectes.xtec.cat\/origen\/wp-json\/wp\/v2\/types\/page"}],"author":[{"embeddable":true,"href":"https:\/\/projectes.xtec.cat\/origen\/wp-json\/wp\/v2\/users\/4"}],"replies":[{"embeddable":true,"href":"https:\/\/projectes.xtec.cat\/origen\/wp-json\/wp\/v2\/comments?post=9128"}],"version-history":[{"count":4,"href":"https:\/\/projectes.xtec.cat\/origen\/wp-json\/wp\/v2\/pages\/9128\/revisions"}],"predecessor-version":[{"id":9750,"href":"https:\/\/projectes.xtec.cat\/origen\/wp-json\/wp\/v2\/pages\/9128\/revisions\/9750"}],"up":[{"embeddable":true,"href":"https:\/\/projectes.xtec.cat\/origen\/wp-json\/wp\/v2\/pages\/9528"}],"wp:attachment":[{"href":"https:\/\/projectes.xtec.cat\/origen\/wp-json\/wp\/v2\/media?parent=9128"}],"curies":[{"name":"wp","href":"https:\/\/api.w.org\/{rel}","templated":true}]}}