{"id":9304,"date":"2022-05-11T10:19:51","date_gmt":"2022-05-11T08:19:51","guid":{"rendered":"https:\/\/projectes.xtec.cat\/origen\/?page_id=9304"},"modified":"2022-05-11T10:19:51","modified_gmt":"2022-05-11T08:19:51","slug":"curriculum-i-orientacions-competencies-basiques","status":"publish","type":"page","link":"https:\/\/projectes.xtec.cat\/origen\/xines\/curriculum-i-orientacions-competencies-basiques\/","title":{"rendered":"Curr\u00edculum i orientacions. Compet\u00e8ncies b\u00e0siques"},"content":{"rendered":"<p><a href=\"http:\/\/educacio.gencat.cat\/web\/.content\/home\/departament\/publicacions\/colleccions\/curriculum\/curriculum-xines.pdf\"><img loading=\"lazy\" decoding=\"async\" class=\"alignnone size-full wp-image-8255\" src=\"https:\/\/projectes.xtec.cat\/origen\/wp-content\/uploads\/usu2451\/2021\/03\/curriculum-xin\u00e8s.jpg\" alt=\"\" width=\"553\" height=\"311\" srcset=\"https:\/\/projectes.xtec.cat\/origen\/wp-content\/uploads\/usu2451\/2021\/03\/curriculum-xin\u00e8s.jpg 553w, https:\/\/projectes.xtec.cat\/origen\/wp-content\/uploads\/usu2451\/2021\/03\/curriculum-xin\u00e8s-300x169.jpg 300w\" sizes=\"auto, (max-width: 553px) 100vw, 553px\" \/><\/a><\/p>\n<figure class=\"figure wp-caption alignnone\"><a href=\"https:\/\/educacio.gencat.cat\/ca\/departament\/publicacions\/colleccions\/competencies-basiques\/eso\/ambit-linguistic-arab-xines\/\"><img loading=\"lazy\" decoding=\"async\" src=\"https:\/\/educacio.gencat.cat\/web\/.content\/home\/departament\/publicacions\/colleccions\/competencies-basiques\/eso\/arab-xines\/arab-xines.jpg_2026732490.jpg\" alt=\"Compet\u00e8ncies b\u00e0siques de l'\u00e0mbit ling\u00fc\u00edstic\" width=\"268\" height=\"377\" \/><\/a><figcaption class=\"wp-caption-text\"><a href=\"https:\/\/educacio.gencat.cat\/ca\/departament\/publicacions\/colleccions\/competencies-basiques\/eso\/ambit-linguistic-arab-xines\/\">\u00a0NOU DOCUMENT<\/a><\/figcaption><\/figure>\n","protected":false},"excerpt":{"rendered":"<p><a href=\"http:\/\/educacio.gencat.cat\/web\/.content\/home\/departament\/publicacions\/colleccions\/curriculum\/curriculum-xines.pdf\"><\/a><br \/>\n<a href=\"https:\/\/educacio.gencat.cat\/ca\/departament\/publicacions\/colleccions\/competencies-basiques\/eso\/ambit-linguistic-arab-xines\/\"><\/a><a href=\"https:\/\/educacio.gencat.cat\/ca\/departament\/publicacions\/colleccions\/competencies-basiques\/eso\/ambit-linguistic-arab-xines\/\">\u00a0NOU DOCUMENT<\/a><\/p>\n","protected":false},"author":4,"featured_media":0,"parent":8430,"menu_order":10,"comment_status":"closed","ping_status":"closed","template":"page-templates\/side-menu.php","meta":{"_bbp_topic_count":0,"_bbp_reply_count":0,"_bbp_total_topic_count":0,"_bbp_total_reply_count":0,"_bbp_voice_count":0,"_bbp_anonymous_reply_count":0,"_bbp_topic_count_hidden":0,"_bbp_reply_count_hidden":0,"_bbp_forum_subforum_count":0,"footnotes":""},"class_list":["post-9304","page","type-page","status-publish","hentry"],"post_mailing_queue_ids":[],"_links":{"self":[{"href":"https:\/\/projectes.xtec.cat\/origen\/wp-json\/wp\/v2\/pages\/9304","targetHints":{"allow":["GET"]}}],"collection":[{"href":"https:\/\/projectes.xtec.cat\/origen\/wp-json\/wp\/v2\/pages"}],"about":[{"href":"https:\/\/projectes.xtec.cat\/origen\/wp-json\/wp\/v2\/types\/page"}],"author":[{"embeddable":true,"href":"https:\/\/projectes.xtec.cat\/origen\/wp-json\/wp\/v2\/users\/4"}],"replies":[{"embeddable":true,"href":"https:\/\/projectes.xtec.cat\/origen\/wp-json\/wp\/v2\/comments?post=9304"}],"version-history":[{"count":1,"href":"https:\/\/projectes.xtec.cat\/origen\/wp-json\/wp\/v2\/pages\/9304\/revisions"}],"predecessor-version":[{"id":9305,"href":"https:\/\/projectes.xtec.cat\/origen\/wp-json\/wp\/v2\/pages\/9304\/revisions\/9305"}],"up":[{"embeddable":true,"href":"https:\/\/projectes.xtec.cat\/origen\/wp-json\/wp\/v2\/pages\/8430"}],"wp:attachment":[{"href":"https:\/\/projectes.xtec.cat\/origen\/wp-json\/wp\/v2\/media?parent=9304"}],"curies":[{"name":"wp","href":"https:\/\/api.w.org\/{rel}","templated":true}]}}