{"id":9306,"date":"2022-05-11T10:24:26","date_gmt":"2022-05-11T08:24:26","guid":{"rendered":"https:\/\/projectes.xtec.cat\/origen\/?page_id=9306"},"modified":"2022-05-11T10:24:26","modified_gmt":"2022-05-11T08:24:26","slug":"curriculum-i-orientacions-competencies-basiques","status":"publish","type":"page","link":"https:\/\/projectes.xtec.cat\/origen\/arab\/curriculum-i-orientacions-competencies-basiques\/","title":{"rendered":"Curr\u00edculum i orientacions. Compet\u00e8ncies b\u00e0siques"},"content":{"rendered":"<p><a href=\"http:\/\/educacio.gencat.cat\/web\/.content\/home\/departament\/publicacions\/colleccions\/curriculum\/curriculum-arab.pdf\"><img loading=\"lazy\" decoding=\"async\" class=\"alignnone wp-image-8258 size-full\" src=\"https:\/\/projectes.xtec.cat\/origen\/wp-content\/uploads\/usu2451\/2021\/03\/\u00e0rab-curriculum.png\" alt=\"\" width=\"189\" height=\"266\" \/><\/a><\/p>\n<figure class=\"figure wp-caption alignleft\"><a href=\"https:\/\/educacio.gencat.cat\/web\/.content\/home\/departament\/publicacions\/colleccions\/competencies-basiques\/eso\/arab-xines\/arab-xines.jpg_2026732490.jpg\"><img loading=\"lazy\" decoding=\"async\" src=\"https:\/\/educacio.gencat.cat\/web\/.content\/home\/departament\/publicacions\/colleccions\/competencies-basiques\/eso\/arab-xines\/arab-xines.jpg_2026732490.jpg\" alt=\"Compet\u00e8ncies b\u00e0siques de l'\u00e0mbit ling\u00fc\u00edstic\" width=\"268\" height=\"377\" \/><\/a><figcaption class=\"wp-caption-text\"><a href=\"https:\/\/educacio.gencat.cat\/ca\/departament\/publicacions\/colleccions\/competencies-basiques\/eso\/ambit-linguistic-arab-xines\/\">NOU DOCUMENT<\/a><\/figcaption><\/figure>\n","protected":false},"excerpt":{"rendered":"<p><a href=\"http:\/\/educacio.gencat.cat\/web\/.content\/home\/departament\/publicacions\/colleccions\/curriculum\/curriculum-arab.pdf\"><\/a><br \/>\n<a href=\"https:\/\/educacio.gencat.cat\/web\/.content\/home\/departament\/publicacions\/colleccions\/competencies-basiques\/eso\/arab-xines\/arab-xines.jpg_2026732490.jpg\"><\/a><a href=\"https:\/\/educacio.gencat.cat\/ca\/departament\/publicacions\/colleccions\/competencies-basiques\/eso\/ambit-linguistic-arab-xines\/\">NOU DOCUMENT<\/a><\/p>\n","protected":false},"author":4,"featured_media":0,"parent":8211,"menu_order":10,"comment_status":"closed","ping_status":"closed","template":"page-templates\/side-menu.php","meta":{"_bbp_topic_count":0,"_bbp_reply_count":0,"_bbp_total_topic_count":0,"_bbp_total_reply_count":0,"_bbp_voice_count":0,"_bbp_anonymous_reply_count":0,"_bbp_topic_count_hidden":0,"_bbp_reply_count_hidden":0,"_bbp_forum_subforum_count":0,"footnotes":""},"class_list":["post-9306","page","type-page","status-publish","hentry"],"post_mailing_queue_ids":[],"_links":{"self":[{"href":"https:\/\/projectes.xtec.cat\/origen\/wp-json\/wp\/v2\/pages\/9306","targetHints":{"allow":["GET"]}}],"collection":[{"href":"https:\/\/projectes.xtec.cat\/origen\/wp-json\/wp\/v2\/pages"}],"about":[{"href":"https:\/\/projectes.xtec.cat\/origen\/wp-json\/wp\/v2\/types\/page"}],"author":[{"embeddable":true,"href":"https:\/\/projectes.xtec.cat\/origen\/wp-json\/wp\/v2\/users\/4"}],"replies":[{"embeddable":true,"href":"https:\/\/projectes.xtec.cat\/origen\/wp-json\/wp\/v2\/comments?post=9306"}],"version-history":[{"count":1,"href":"https:\/\/projectes.xtec.cat\/origen\/wp-json\/wp\/v2\/pages\/9306\/revisions"}],"predecessor-version":[{"id":9307,"href":"https:\/\/projectes.xtec.cat\/origen\/wp-json\/wp\/v2\/pages\/9306\/revisions\/9307"}],"up":[{"embeddable":true,"href":"https:\/\/projectes.xtec.cat\/origen\/wp-json\/wp\/v2\/pages\/8211"}],"wp:attachment":[{"href":"https:\/\/projectes.xtec.cat\/origen\/wp-json\/wp\/v2\/media?parent=9306"}],"curies":[{"name":"wp","href":"https:\/\/api.w.org\/{rel}","templated":true}]}}