{"id":9331,"date":"2022-05-11T13:27:32","date_gmt":"2022-05-11T11:27:32","guid":{"rendered":"https:\/\/projectes.xtec.cat\/origen\/?page_id=9331"},"modified":"2022-05-11T13:52:11","modified_gmt":"2022-05-11T11:52:11","slug":"ucraines","status":"publish","type":"page","link":"https:\/\/projectes.xtec.cat\/origen\/ucraines\/","title":{"rendered":"UCRA\u00cfN\u00c8S"},"content":{"rendered":"<p>Al lloc xtec del Programa de Lleng\u00fces i Cultures d&#8217;Origen, trobareu materials i informaci\u00f3 sobre la llengua i cultures ucra\u00efneses.<a href=\"http:\/\/xtec.gencat.cat\/ca\/projectes\/plurilinguisme\/llengues-gestio\/origen\/ucraines\/\"><img loading=\"lazy\" decoding=\"async\" class=\"wp-image-9343 aligncenter\" src=\"https:\/\/projectes.xtec.cat\/origen\/wp-content\/uploads\/usu2451\/2022\/05\/ucraines.png\" alt=\"\" width=\"427\" height=\"330\" srcset=\"https:\/\/projectes.xtec.cat\/origen\/wp-content\/uploads\/usu2451\/2022\/05\/ucraines.png 898w, https:\/\/projectes.xtec.cat\/origen\/wp-content\/uploads\/usu2451\/2022\/05\/ucraines-300x232.png 300w, https:\/\/projectes.xtec.cat\/origen\/wp-content\/uploads\/usu2451\/2022\/05\/ucraines-768x594.png 768w\" sizes=\"auto, (max-width: 427px) 100vw, 427px\" \/><\/a><\/p>\n","protected":false},"excerpt":{"rendered":"<p>Al lloc xtec del Programa de Lleng\u00fces i Cultures d&#8217;Origen, trobareu materials i informaci\u00f3 sobre la llengua i cultures ucra\u00efneses.<a href=\"http:\/\/xtec.gencat.cat\/ca\/projectes\/plurilinguisme\/llengues-gestio\/origen\/ucraines\/\"><\/a><\/p>\n","protected":false},"author":4,"featured_media":0,"parent":0,"menu_order":0,"comment_status":"closed","ping_status":"closed","template":"","meta":{"_bbp_topic_count":0,"_bbp_reply_count":0,"_bbp_total_topic_count":0,"_bbp_total_reply_count":0,"_bbp_voice_count":0,"_bbp_anonymous_reply_count":0,"_bbp_topic_count_hidden":0,"_bbp_reply_count_hidden":0,"_bbp_forum_subforum_count":0,"footnotes":""},"class_list":["post-9331","page","type-page","status-publish","hentry"],"post_mailing_queue_ids":[],"_links":{"self":[{"href":"https:\/\/projectes.xtec.cat\/origen\/wp-json\/wp\/v2\/pages\/9331","targetHints":{"allow":["GET"]}}],"collection":[{"href":"https:\/\/projectes.xtec.cat\/origen\/wp-json\/wp\/v2\/pages"}],"about":[{"href":"https:\/\/projectes.xtec.cat\/origen\/wp-json\/wp\/v2\/types\/page"}],"author":[{"embeddable":true,"href":"https:\/\/projectes.xtec.cat\/origen\/wp-json\/wp\/v2\/users\/4"}],"replies":[{"embeddable":true,"href":"https:\/\/projectes.xtec.cat\/origen\/wp-json\/wp\/v2\/comments?post=9331"}],"version-history":[{"count":3,"href":"https:\/\/projectes.xtec.cat\/origen\/wp-json\/wp\/v2\/pages\/9331\/revisions"}],"predecessor-version":[{"id":9346,"href":"https:\/\/projectes.xtec.cat\/origen\/wp-json\/wp\/v2\/pages\/9331\/revisions\/9346"}],"wp:attachment":[{"href":"https:\/\/projectes.xtec.cat\/origen\/wp-json\/wp\/v2\/media?parent=9331"}],"curies":[{"name":"wp","href":"https:\/\/api.w.org\/{rel}","templated":true}]}}