{"id":9550,"date":"2022-11-16T12:12:03","date_gmt":"2022-11-16T11:12:03","guid":{"rendered":"https:\/\/projectes.xtec.cat\/origen\/?page_id=9550"},"modified":"2022-11-16T12:27:08","modified_gmt":"2022-11-16T11:27:08","slug":"literatura-infantil-i-juvenil-en-arab","status":"publish","type":"page","link":"https:\/\/projectes.xtec.cat\/origen\/arab\/recursos-per-al-professorat-darab\/literatura-infantil-i-juvenil-en-arab\/","title":{"rendered":"Literatura infantil i juvenil en \u00e0rab"},"content":{"rendered":"<p><b>LITERATURA \u00c0RAB<\/b><\/p>\n<p><i><span style=\"font-weight: 400;\">La Mar de llibres per endinsar-se en el m\u00f3n \u00e0rab.<\/span><\/i><span style=\"font-weight: 400;\"> Publicada per l\u2019IEMed i Casa \u00c1rabe (Barcelona\/Madrid, 2009).<\/span><\/p>\n<p><span style=\"font-weight: 400;\">250 obres ressenyades, agrupades per g\u00e8neres (assaig, literatura, llengua, viatges, gastronomia\u2026) posen al descobert l&#8217;exist\u00e8ncia d&#8217;una producci\u00f3 editorial gens menyspreable que evidencia un inter\u00e8s creixent dels lectors i editors en catal\u00e0 per la tem\u00e0tica \u00e0rab i af\u00ed.<a href=\"https:\/\/projectes.xtec.cat\/origen\/wp-content\/uploads\/usu2451\/2022\/11\/portadaguiamardellibres168_336-grande.jpg\"><img loading=\"lazy\" decoding=\"async\" class=\"wp-image-9560 aligncenter\" src=\"https:\/\/projectes.xtec.cat\/origen\/wp-content\/uploads\/usu2451\/2022\/11\/portadaguiamardellibres168_336-grande.jpg\" alt=\"\" width=\"113\" height=\"237\" srcset=\"https:\/\/projectes.xtec.cat\/origen\/wp-content\/uploads\/usu2451\/2022\/11\/portadaguiamardellibres168_336-grande.jpg 343w, https:\/\/projectes.xtec.cat\/origen\/wp-content\/uploads\/usu2451\/2022\/11\/portadaguiamardellibres168_336-grande-143x300.jpg 143w\" sizes=\"auto, (max-width: 113px) 100vw, 113px\" \/><\/a><\/span><\/p>\n<p><a href=\"https:\/\/aulaintercultural.org\/ca\/2011\/01\/25\/simsim-llibres-infantils-i-juvenils-per-treure-el-cap-pel-mon-arab\/\"><b>Simsim Llibres infantils i juvenils per treure el cap pel m\u00f3n \u00e0rab.<\/b><\/a> Guia de lectura infantil i juvenil editada per la Casa \u00c0rab que ressenya 287 lectures infantils o juvenils a trav\u00e9s de les quals el lector\/a pot apropar-se al m\u00f3n \u00e0rab. La guia inclou publicacions en catal\u00e0, basc i gallec pels m\u00e9s joves.<a href=\"https:\/\/projectes.xtec.cat\/origen\/wp-content\/uploads\/usu2451\/2022\/11\/Guia-de-lectura-de-la-Casa-Arabe.jpg\"><img loading=\"lazy\" decoding=\"async\" class=\"wp-image-9557 aligncenter\" src=\"https:\/\/projectes.xtec.cat\/origen\/wp-content\/uploads\/usu2451\/2022\/11\/Guia-de-lectura-de-la-Casa-Arabe.jpg\" alt=\"\" width=\"419\" height=\"298\" srcset=\"https:\/\/projectes.xtec.cat\/origen\/wp-content\/uploads\/usu2451\/2022\/11\/Guia-de-lectura-de-la-Casa-Arabe.jpg 794w, https:\/\/projectes.xtec.cat\/origen\/wp-content\/uploads\/usu2451\/2022\/11\/Guia-de-lectura-de-la-Casa-Arabe-300x213.jpg 300w, https:\/\/projectes.xtec.cat\/origen\/wp-content\/uploads\/usu2451\/2022\/11\/Guia-de-lectura-de-la-Casa-Arabe-768x546.jpg 768w\" sizes=\"auto, (max-width: 419px) 100vw, 419px\" \/><\/a><\/p>\n","protected":false},"excerpt":{"rendered":"<p>LITERATURA \u00c0RAB<br \/>\nLa Mar de llibres per endinsar-se en el m\u00f3n \u00e0rab. Publicada per l\u2019IEMed i Casa \u00c1rabe (Barcelona\/Madrid, 2009).<br \/>\n250 obres ressenyades, agrupades per g\u00e8neres (assaig, literatura, llengua, viatges, gastronomia\u2026) posen al descobert l&#8217;exist\u00e8ncia d&#8217;una producci\u00f3 editorial gens menyspreable que evidencia un inter\u00e8s creixent dels lectors&hellip;  <a href=\"https:\/\/projectes.xtec.cat\/origen\/arab\/recursos-per-al-professorat-darab\/literatura-infantil-i-juvenil-en-arab\/\" title=\"Read Literatura infantil i juvenil en \u00e0rab\">Llegeix m\u00e9s\u00bb<\/a><\/p>\n","protected":false},"author":4,"featured_media":0,"parent":9528,"menu_order":10,"comment_status":"closed","ping_status":"closed","template":"","meta":{"_bbp_topic_count":0,"_bbp_reply_count":0,"_bbp_total_topic_count":0,"_bbp_total_reply_count":0,"_bbp_voice_count":0,"_bbp_anonymous_reply_count":0,"_bbp_topic_count_hidden":0,"_bbp_reply_count_hidden":0,"_bbp_forum_subforum_count":0,"footnotes":""},"class_list":["post-9550","page","type-page","status-publish","hentry"],"post_mailing_queue_ids":[],"_links":{"self":[{"href":"https:\/\/projectes.xtec.cat\/origen\/wp-json\/wp\/v2\/pages\/9550","targetHints":{"allow":["GET"]}}],"collection":[{"href":"https:\/\/projectes.xtec.cat\/origen\/wp-json\/wp\/v2\/pages"}],"about":[{"href":"https:\/\/projectes.xtec.cat\/origen\/wp-json\/wp\/v2\/types\/page"}],"author":[{"embeddable":true,"href":"https:\/\/projectes.xtec.cat\/origen\/wp-json\/wp\/v2\/users\/4"}],"replies":[{"embeddable":true,"href":"https:\/\/projectes.xtec.cat\/origen\/wp-json\/wp\/v2\/comments?post=9550"}],"version-history":[{"count":3,"href":"https:\/\/projectes.xtec.cat\/origen\/wp-json\/wp\/v2\/pages\/9550\/revisions"}],"predecessor-version":[{"id":9563,"href":"https:\/\/projectes.xtec.cat\/origen\/wp-json\/wp\/v2\/pages\/9550\/revisions\/9563"}],"up":[{"embeddable":true,"href":"https:\/\/projectes.xtec.cat\/origen\/wp-json\/wp\/v2\/pages\/9528"}],"wp:attachment":[{"href":"https:\/\/projectes.xtec.cat\/origen\/wp-json\/wp\/v2\/media?parent=9550"}],"curies":[{"name":"wp","href":"https:\/\/api.w.org\/{rel}","templated":true}]}}