{"id":10027,"date":"2025-01-17T09:37:16","date_gmt":"2025-01-17T08:37:16","guid":{"rendered":"https:\/\/projectes.xtec.cat\/pee\/?page_id=10027"},"modified":"2026-03-02T15:46:53","modified_gmt":"2026-03-02T14:46:53","slug":"orientacio-dambit-comunitari-oac","status":"publish","type":"page","link":"https:\/\/projectes.xtec.cat\/pee\/orientacio-dambit-comunitari-oac\/","title":{"rendered":"Orientaci\u00f3 d&#8217;\u00e0mbit comunitari (OAC)"},"content":{"rendered":"\n<div class=\"wp-block-buttons is-content-justification-center is-layout-flex wp-container-core-buttons-is-layout-1 wp-block-buttons-is-layout-flex\">\n<div class=\"wp-block-button has-custom-width wp-block-button__width-50 has-custom-font-size has-medium-font-size\"><a class=\"wp-block-button__link wp-element-button\" href=\"https:\/\/projectes.xtec.cat\/pee\/documents-i-eines-oac\/\" style=\"border-width:20px\" target=\"_blank\" rel=\"noreferrer noopener\">Documents i eines<\/a><\/div>\n\n\n\n<div class=\"wp-block-button has-custom-width wp-block-button__width-50 has-custom-font-size has-medium-font-size\"><a class=\"wp-block-button__link wp-element-button\" href=\"https:\/\/projectes.xtec.cat\/pee\/xarxa-dorientacio-dambit-comunitari-xoac\/\" style=\"border-width:29px;padding-top:0;padding-bottom:0\" target=\"_blank\" rel=\"noreferrer noopener\">Xarxa OAC<\/a><\/div>\n\n\n\n<div class=\"wp-block-button has-custom-width wp-block-button__width-50 has-custom-font-size has-medium-font-size\"><a class=\"wp-block-button__link wp-element-button\" href=\"https:\/\/drive.google.com\/file\/d\/1kTgXh3RUvbev_p8zz9h5R0Nii0CZUeP7\/view?usp=drive_link\" style=\"border-width:29px;padding-top:0;padding-bottom:0\">Dec\u00e0leg de l&#8217;abordatge de l&#8217;acompanyament i l&#8217;orientaci\u00f3<\/a><\/div>\n<\/div>\n\n\n\n<p><\/p>\n\n\n\n<p>L\u2019Orientaci\u00f3 d\u2019\u00e0mbit comunitari \u00e9s una acci\u00f3 en el marc dels plans educatius d\u2019entorn&nbsp; que suma tots els agents educatius de la xarxa que acompanyen l\u2019alumnat i les seves fam\u00edlies al llarg del proc\u00e9s educatiu i des de diferents contextos.&nbsp;<\/p>\n\n\n\n<p>L\u2019 OAC recull, coordina i dona coher\u00e8ncia a les actuacions que es duen a terme i, si cal, en genera de noves, complementant-les. Aquesta mirada comunit\u00e0ria permet connectar i recon\u00e8ixer totes les persones que ja estan duent a terme accions orientadores per a donar una resposta efica\u00e7, evitar duplicitats, optimitzar recursos i compartir significats.<\/p>\n\n\n\n<p>Les orientadores d\u2019\u00e0mbit comunitari dels plans educatius d\u2019entorn s\u00f3n acompanyades per orientadores referents en el desplegament de l\u2019orientaci\u00f3 personalitzat a cada territori.&nbsp;<\/p>\n\n\n\n<p>Podem entendre tres concrecions de l\u2019OAC al territori:<\/p>\n\n\n\n<ul class=\"wp-block-list\">\n<li>La xarxa d\u2019agents<\/li>\n\n\n\n<li>L\u2019equip impulsor i dinamitzador<\/li>\n\n\n\n<li>El servei d\u2019intervenci\u00f3 directa&nbsp;<\/li>\n<\/ul>\n\n\n\n<p><\/p>\n\n\n\n<figure class=\"wp-block-image size-large\"><a href=\"https:\/\/projectes.xtec.cat\/pee\/wp-content\/uploads\/usu2653\/2025\/03\/OAC.jpg\"><img loading=\"lazy\" decoding=\"async\" width=\"1024\" height=\"544\" src=\"https:\/\/projectes.xtec.cat\/pee\/wp-content\/uploads\/usu2653\/2025\/03\/OAC-1024x544.jpg\" alt=\"\" class=\"wp-image-10366\" srcset=\"https:\/\/projectes.xtec.cat\/pee\/wp-content\/uploads\/usu2653\/2025\/03\/OAC-1024x544.jpg 1024w, https:\/\/projectes.xtec.cat\/pee\/wp-content\/uploads\/usu2653\/2025\/03\/OAC-300x159.jpg 300w, https:\/\/projectes.xtec.cat\/pee\/wp-content\/uploads\/usu2653\/2025\/03\/OAC-768x408.jpg 768w, https:\/\/projectes.xtec.cat\/pee\/wp-content\/uploads\/usu2653\/2025\/03\/OAC.jpg 1225w\" sizes=\"auto, (max-width: 1024px) 100vw, 1024px\" \/><\/a><\/figure>\n\n\n\n<p><\/p>\n","protected":false},"excerpt":{"rendered":"<p>L\u2019Orientaci\u00f3 d\u2019\u00e0mbit comunitari \u00e9s una acci\u00f3 en el marc dels plans educatius d\u2019entorn&nbsp; que suma tots els agents educatius de la xarxa que acompanyen l\u2019alumnat i les seves fam\u00edlies al llarg del proc\u00e9s educatiu i des de diferents contextos.&nbsp; L\u2019 OAC recull, coordina i dona coher\u00e8ncia a les actuacions que es duen a terme i, [&hellip;]<\/p>\n","protected":false},"author":1,"featured_media":0,"parent":0,"menu_order":0,"comment_status":"closed","ping_status":"close","template":"","meta":{"_bbp_topic_count":0,"_bbp_reply_count":0,"_bbp_total_topic_count":0,"_bbp_total_reply_count":0,"_bbp_voice_count":0,"_bbp_anonymous_reply_count":0,"_bbp_topic_count_hidden":0,"_bbp_reply_count_hidden":0,"_bbp_forum_subforum_count":0,"site-sidebar-layout":"default","site-content-layout":"","ast-site-content-layout":"default","site-content-style":"default","site-sidebar-style":"default","ast-global-header-display":"","ast-banner-title-visibility":"","ast-main-header-display":"","ast-hfb-above-header-display":"","ast-hfb-below-header-display":"","ast-hfb-mobile-header-display":"","site-post-title":"","ast-breadcrumbs-content":"","ast-featured-img":"","footer-sml-layout":"","theme-transparent-header-meta":"","adv-header-id-meta":"","stick-header-meta":"","header-above-stick-meta":"","header-main-stick-meta":"","header-below-stick-meta":"","astra-migrate-meta-layouts":"set","ast-page-background-enabled":"default","ast-page-background-meta":{"desktop":{"background-color":"var(--ast-global-color-4)","background-image":"","background-repeat":"repeat","background-position":"center center","background-size":"auto","background-attachment":"scroll","background-type":"","background-media":"","overlay-type":"","overlay-color":"","overlay-opacity":"","overlay-gradient":""},"tablet":{"background-color":"","background-image":"","background-repeat":"repeat","background-position":"center center","background-size":"auto","background-attachment":"scroll","background-type":"","background-media":"","overlay-type":"","overlay-color":"","overlay-opacity":"","overlay-gradient":""},"mobile":{"background-color":"","background-image":"","background-repeat":"repeat","background-position":"center center","background-size":"auto","background-attachment":"scroll","background-type":"","background-media":"","overlay-type":"","overlay-color":"","overlay-opacity":"","overlay-gradient":""}},"ast-content-background-meta":{"desktop":{"background-color":"var(--ast-global-color-5)","background-image":"","background-repeat":"repeat","background-position":"center center","background-size":"auto","background-attachment":"scroll","background-type":"","background-media":"","overlay-type":"","overlay-color":"","overlay-opacity":"","overlay-gradient":""},"tablet":{"background-color":"var(--ast-global-color-5)","background-image":"","background-repeat":"repeat","background-position":"center center","background-size":"auto","background-attachment":"scroll","background-type":"","background-media":"","overlay-type":"","overlay-color":"","overlay-opacity":"","overlay-gradient":""},"mobile":{"background-color":"var(--ast-global-color-5)","background-image":"","background-repeat":"repeat","background-position":"center center","background-size":"auto","background-attachment":"scroll","background-type":"","background-media":"","overlay-type":"","overlay-color":"","overlay-opacity":"","overlay-gradient":""}},"footnotes":""},"class_list":["post-10027","page","type-page","status-publish","hentry"],"post_mailing_queue_ids":[],"_links":{"self":[{"href":"https:\/\/projectes.xtec.cat\/pee\/wp-json\/wp\/v2\/pages\/10027","targetHints":{"allow":["GET"]}}],"collection":[{"href":"https:\/\/projectes.xtec.cat\/pee\/wp-json\/wp\/v2\/pages"}],"about":[{"href":"https:\/\/projectes.xtec.cat\/pee\/wp-json\/wp\/v2\/types\/page"}],"author":[{"embeddable":true,"href":"https:\/\/projectes.xtec.cat\/pee\/wp-json\/wp\/v2\/users\/1"}],"replies":[{"embeddable":true,"href":"https:\/\/projectes.xtec.cat\/pee\/wp-json\/wp\/v2\/comments?post=10027"}],"version-history":[{"count":6,"href":"https:\/\/projectes.xtec.cat\/pee\/wp-json\/wp\/v2\/pages\/10027\/revisions"}],"predecessor-version":[{"id":10696,"href":"https:\/\/projectes.xtec.cat\/pee\/wp-json\/wp\/v2\/pages\/10027\/revisions\/10696"}],"wp:attachment":[{"href":"https:\/\/projectes.xtec.cat\/pee\/wp-json\/wp\/v2\/media?parent=10027"}],"curies":[{"name":"wp","href":"https:\/\/api.w.org\/{rel}","templated":true}]}}