{"id":10064,"date":"2025-01-17T12:48:59","date_gmt":"2025-01-17T11:48:59","guid":{"rendered":"https:\/\/projectes.xtec.cat\/pee\/?page_id=10064"},"modified":"2025-06-02T13:15:22","modified_gmt":"2025-06-02T11:15:22","slug":"materials-i-recursos-a-un-clic","status":"publish","type":"page","link":"https:\/\/projectes.xtec.cat\/pee\/materials-i-recursos-a-un-clic\/","title":{"rendered":"Materials i Recursos a un clic"},"content":{"rendered":"\n<div class=\"wp-block-buttons is-layout-flex wp-block-buttons-is-layout-flex\">\n<div class=\"wp-block-button\"><a class=\"wp-block-button__link wp-element-button\" href=\"https:\/\/projectes.xtec.cat\/pee\/gt-pee-2023-2024\/\" target=\"_blank\" rel=\"noreferrer noopener\">GT 2023-2024<\/a><\/div>\n\n\n\n<div class=\"wp-block-button\"><a class=\"wp-block-button__link wp-element-button\" href=\"https:\/\/projectes.xtec.cat\/pee\/gt-pee-2024-2025\/\" target=\"_blank\" rel=\"noreferrer noopener\">GT 2024-2025<\/a><\/div>\n\n\n\n<div class=\"wp-block-button\"><a class=\"wp-block-button__link wp-element-button\" href=\"https:\/\/projectes.xtec.cat\/pee\/pindoles-formatives-dels-pee\/\" target=\"_blank\" rel=\"noreferrer noopener\">SEMINARIS WEB<\/a><\/div>\n<\/div>\n\n\n\n<p><\/p>\n\n\n\n<p><a href=\"https:\/\/docs.google.com\/document\/d\/1Hcr1BnPYLFDnETA1770MvjW8wfnxNqfN\/edit?usp=sharing&amp;ouid=105524380281426200647&amp;rtpof=true&amp;sd=true\" data-type=\"link\" data-id=\"https:\/\/docs.google.com\/document\/d\/1Hcr1BnPYLFDnETA1770MvjW8wfnxNqfN\/edit?usp=sharing&amp;ouid=105524380281426200647&amp;rtpof=true&amp;sd=true\">Guia i r\u00fabrica d&#8217;autodiagnosi dels Plans educatius d&#8217;entorn.<\/a> Juny 2025<\/p>\n\n\n\n<p><a href=\"https:\/\/drive.google.com\/file\/d\/1Zh1qdAbOOTr6TCADxi1JlCgJlmPVOxbY\/view?usp=sharing\" data-type=\"link\" data-id=\"https:\/\/drive.google.com\/file\/d\/1Zh1qdAbOOTr6TCADxi1JlCgJlmPVOxbY\/view?usp=sharing\">PRESENTACI\u00d3_Plans educatius d&#8217;entorn<\/a>. <em>Un comprom\u00eds comunitari per a l\u2019\u00e8xit educatiu<\/em>. (Actualitzaci\u00f3 gener 2025)<\/p>\n\n\n\n<p><a href=\"https:\/\/drive.google.com\/file\/d\/1reyOLraiZXghvaoAxiGxuis31WoyeHNx\/view\" data-type=\"link\" data-id=\"https:\/\/drive.google.com\/file\/d\/1reyOLraiZXghvaoAxiGxuis31WoyeHNx\/view\" target=\"_blank\" rel=\"noreferrer noopener\">Orientacions acollida agents PEE<\/a>. Octubre 2023<\/p>\n\n\n\n<p><a href=\"https:\/\/drive.google.com\/file\/d\/1k0zJlJHoUU7M5XWDmIhaPjDoM8E0fNsF\/view\" data-type=\"link\" data-id=\"https:\/\/drive.google.com\/file\/d\/1k0zJlJHoUU7M5XWDmIhaPjDoM8E0fNsF\/view\" target=\"_blank\" rel=\"noreferrer noopener\">INFOGRAFIA_adhesi\u00f3 nous PEE_CENTRES<\/a><\/p>\n\n\n\n<p><a href=\"https:\/\/drive.google.com\/file\/d\/19XkQPIU2YBUBNfZ1H9w8W0In81ZlVfgl\/view\" data-type=\"link\" data-id=\"https:\/\/drive.google.com\/file\/d\/19XkQPIU2YBUBNfZ1H9w8W0In81ZlVfgl\/view\" target=\"_blank\" rel=\"noreferrer noopener\">INFOGRAFIA_adhesi\u00f3 nous PEE_MUNICIPIS<\/a><\/p>\n\n\n\n<p><a href=\"https:\/\/xtec.gencat.cat\/web\/.content\/comunitat\/entorn_pee_presentacio\/ROL_CENTRES_PEE_2025.pdf\" data-type=\"link\" data-id=\"https:\/\/xtec.gencat.cat\/web\/.content\/comunitat\/entorn_pee_presentacio\/ROL_CENTRES_PEE_2025.pdf\" target=\"_blank\" rel=\"noreferrer noopener\">EL ROL DEL CENTRE EDUCATIU COM A NODE D\u2019UNA XARXA<\/a>.<\/p>\n\n\n\n<p><a href=\"https:\/\/drive.google.com\/file\/d\/15LLSE5jRyF2lTJtza1Hh1Ix-z56ZsT9P\/view?usp=sharing\" data-type=\"link\" data-id=\"https:\/\/drive.google.com\/file\/d\/15LLSE5jRyF2lTJtza1Hh1Ix-z56ZsT9P\/view?usp=sharing\" target=\"_blank\" rel=\"noreferrer noopener\">Gu\u00eda d&#8217;extraescolars amb impacte<\/a>. Juliol 2021<\/p>\n\n\n\n<p><a href=\"https:\/\/drive.google.com\/drive\/u\/0\/folders\/1ZoN5DuIZ3ieF0F_6xCEcbc2nzgiyPlVa\" data-type=\"link\" data-id=\"https:\/\/drive.google.com\/drive\/u\/0\/folders\/1ZoN5DuIZ3ieF0F_6xCEcbc2nzgiyPlVa\" target=\"_blank\" rel=\"noreferrer noopener\">CAMINS EDUCATIUS<\/a>. (Joc descarregable)<\/p>\n\n\n\n<p>EINA de metaavaluaci\u00f3 dels PEE. <a href=\"https:\/\/docs.google.com\/document\/d\/1JEVOtCeGs7NwarAjzHm2kkCjfY0Gpqah\/edit?usp=sharing&amp;ouid=105524380281426200647&amp;rtpof=true&amp;sd=true\" data-type=\"link\" data-id=\"https:\/\/docs.google.com\/document\/d\/1JEVOtCeGs7NwarAjzHm2kkCjfY0Gpqah\/edit?usp=sharing&amp;ouid=105524380281426200647&amp;rtpof=true&amp;sd=true\">Format doc<\/a> \/ <a href=\"https:\/\/drive.google.com\/file\/d\/146mJ-VBxny7MGY6a5BSVM8osndMNDDiY\/view?usp=sharing\" data-type=\"link\" data-id=\"https:\/\/drive.google.com\/file\/d\/146mJ-VBxny7MGY6a5BSVM8osndMNDDiY\/view?usp=sharing\">Format pdf<\/a><\/p>\n\n\n\n<p><a href=\"https:\/\/drive.google.com\/file\/d\/1J46GftqlqcTyR8BWh2Dqhqf_FpuKVSaI\/view?usp=sharing\" data-type=\"link\" data-id=\"https:\/\/drive.google.com\/file\/d\/1J46GftqlqcTyR8BWh2Dqhqf_FpuKVSaI\/view?usp=sharing\" target=\"_blank\" rel=\"noreferrer noopener\">Autoritzaci\u00f3 d&#8217;imatge<\/a> (Formulari descarregable)<\/p>\n","protected":false},"excerpt":{"rendered":"<p>Guia i r\u00fabrica d&#8217;autodiagnosi dels Plans educatius d&#8217;entorn. Juny 2025 PRESENTACI\u00d3_Plans educatius d&#8217;entorn. Un comprom\u00eds comunitari per a l\u2019\u00e8xit educatiu. (Actualitzaci\u00f3 gener 2025) Orientacions acollida agents PEE. Octubre 2023 INFOGRAFIA_adhesi\u00f3 nous PEE_CENTRES INFOGRAFIA_adhesi\u00f3 nous PEE_MUNICIPIS EL ROL DEL CENTRE EDUCATIU COM A NODE D\u2019UNA XARXA. Gu\u00eda d&#8217;extraescolars amb impacte. Juliol 2021 CAMINS EDUCATIUS. (Joc descarregable) [&hellip;]<\/p>\n","protected":false},"author":1,"featured_media":0,"parent":0,"menu_order":0,"comment_status":"closed","ping_status":"close","template":"","meta":{"_bbp_topic_count":0,"_bbp_reply_count":0,"_bbp_total_topic_count":0,"_bbp_total_reply_count":0,"_bbp_voice_count":0,"_bbp_anonymous_reply_count":0,"_bbp_topic_count_hidden":0,"_bbp_reply_count_hidden":0,"_bbp_forum_subforum_count":0,"site-sidebar-layout":"default","site-content-layout":"","ast-site-content-layout":"default","site-content-style":"default","site-sidebar-style":"default","ast-global-header-display":"","ast-banner-title-visibility":"","ast-main-header-display":"","ast-hfb-above-header-display":"","ast-hfb-below-header-display":"","ast-hfb-mobile-header-display":"","site-post-title":"","ast-breadcrumbs-content":"","ast-featured-img":"","footer-sml-layout":"","theme-transparent-header-meta":"","adv-header-id-meta":"","stick-header-meta":"","header-above-stick-meta":"","header-main-stick-meta":"","header-below-stick-meta":"","astra-migrate-meta-layouts":"set","ast-page-background-enabled":"default","ast-page-background-meta":{"desktop":{"background-color":"var(--ast-global-color-4)","background-image":"","background-repeat":"repeat","background-position":"center center","background-size":"auto","background-attachment":"scroll","background-type":"","background-media":"","overlay-type":"","overlay-color":"","overlay-opacity":"","overlay-gradient":""},"tablet":{"background-color":"","background-image":"","background-repeat":"repeat","background-position":"center center","background-size":"auto","background-attachment":"scroll","background-type":"","background-media":"","overlay-type":"","overlay-color":"","overlay-opacity":"","overlay-gradient":""},"mobile":{"background-color":"","background-image":"","background-repeat":"repeat","background-position":"center center","background-size":"auto","background-attachment":"scroll","background-type":"","background-media":"","overlay-type":"","overlay-color":"","overlay-opacity":"","overlay-gradient":""}},"ast-content-background-meta":{"desktop":{"background-color":"var(--ast-global-color-5)","background-image":"","background-repeat":"repeat","background-position":"center center","background-size":"auto","background-attachment":"scroll","background-type":"","background-media":"","overlay-type":"","overlay-color":"","overlay-opacity":"","overlay-gradient":""},"tablet":{"background-color":"var(--ast-global-color-5)","background-image":"","background-repeat":"repeat","background-position":"center center","background-size":"auto","background-attachment":"scroll","background-type":"","background-media":"","overlay-type":"","overlay-color":"","overlay-opacity":"","overlay-gradient":""},"mobile":{"background-color":"var(--ast-global-color-5)","background-image":"","background-repeat":"repeat","background-position":"center center","background-size":"auto","background-attachment":"scroll","background-type":"","background-media":"","overlay-type":"","overlay-color":"","overlay-opacity":"","overlay-gradient":""}},"footnotes":""},"class_list":["post-10064","page","type-page","status-publish","hentry"],"post_mailing_queue_ids":[],"_links":{"self":[{"href":"https:\/\/projectes.xtec.cat\/pee\/wp-json\/wp\/v2\/pages\/10064","targetHints":{"allow":["GET"]}}],"collection":[{"href":"https:\/\/projectes.xtec.cat\/pee\/wp-json\/wp\/v2\/pages"}],"about":[{"href":"https:\/\/projectes.xtec.cat\/pee\/wp-json\/wp\/v2\/types\/page"}],"author":[{"embeddable":true,"href":"https:\/\/projectes.xtec.cat\/pee\/wp-json\/wp\/v2\/users\/1"}],"replies":[{"embeddable":true,"href":"https:\/\/projectes.xtec.cat\/pee\/wp-json\/wp\/v2\/comments?post=10064"}],"version-history":[{"count":6,"href":"https:\/\/projectes.xtec.cat\/pee\/wp-json\/wp\/v2\/pages\/10064\/revisions"}],"predecessor-version":[{"id":10413,"href":"https:\/\/projectes.xtec.cat\/pee\/wp-json\/wp\/v2\/pages\/10064\/revisions\/10413"}],"wp:attachment":[{"href":"https:\/\/projectes.xtec.cat\/pee\/wp-json\/wp\/v2\/media?parent=10064"}],"curies":[{"name":"wp","href":"https:\/\/api.w.org\/{rel}","templated":true}]}}