{"id":10146,"date":"2025-01-23T13:55:42","date_gmt":"2025-01-23T12:55:42","guid":{"rendered":"https:\/\/projectes.xtec.cat\/pee\/?page_id=10146"},"modified":"2025-09-10T08:55:47","modified_gmt":"2025-09-10T06:55:47","slug":"gt_projecte-marc","status":"publish","type":"page","link":"https:\/\/projectes.xtec.cat\/pee\/gt_projecte-marc\/","title":{"rendered":"GT_Projecte marc"},"content":{"rendered":"\n<p><a href=\"https:\/\/docs.google.com\/document\/d\/13jNnUADPXqLnPhly2eZNlFhS1IVdcu_K\/edit\" data-type=\"link\" data-id=\"https:\/\/docs.google.com\/document\/d\/13jNnUADPXqLnPhly2eZNlFhS1IVdcu_K\/edit\" target=\"_blank\" rel=\"noreferrer noopener\">Projecte marc. Document base<\/a> <\/p>\n\n\n\n<p><a href=\"https:\/\/drive.google.com\/file\/d\/1DZlm84GoPrbNQ1nEB0nko78X8F4UTCVR\/view?usp=sharing\" data-type=\"link\" data-id=\"https:\/\/drive.google.com\/file\/d\/1DZlm84GoPrbNQ1nEB0nko78X8F4UTCVR\/view?usp=sharing\" target=\"_blank\" rel=\"noreferrer noopener\">Full de ruta per al desplegament d&#8217;un nou PEE<\/a><\/p>\n\n\n\n<p><a href=\"https:\/\/docs.google.com\/document\/d\/1AxFU65RVUBqYAkb-FPtKejqSxodziNbR\/edit\" data-type=\"link\" data-id=\"https:\/\/docs.google.com\/document\/d\/1AxFU65RVUBqYAkb-FPtKejqSxodziNbR\/edit\" target=\"_blank\" rel=\"noreferrer noopener\">Full d&#8217;adhesi\u00f3 de CENTRES al PEE<\/a> \/ <a href=\"https:\/\/drive.google.com\/file\/d\/1k0zJlJHoUU7M5XWDmIhaPjDoM8E0fNsF\/view\" data-type=\"link\" data-id=\"https:\/\/drive.google.com\/file\/d\/1k0zJlJHoUU7M5XWDmIhaPjDoM8E0fNsF\/view\" target=\"_blank\" rel=\"noreferrer noopener\">INFOGRAFIA_adhesi\u00f3 nous PEE_CENTRES<\/a><\/p>\n\n\n\n<p><a href=\"https:\/\/docs.google.com\/document\/d\/1CxtAlfc1zK63rBau0K_tV4kR7q71toV-\/edit\" data-type=\"link\" data-id=\"https:\/\/docs.google.com\/document\/d\/1AxFU65RVUBqYAkb-FPtKejqSxodziNbR\/edit\" target=\"_blank\" rel=\"noreferrer noopener\">Full d&#8217;adhesi\u00f3 d&#8217;ENTITATS al PEE<\/a><\/p>\n\n\n\n<p><a href=\"https:\/\/drive.google.com\/file\/d\/19XkQPIU2YBUBNfZ1H9w8W0In81ZlVfgl\/view\" data-type=\"link\" data-id=\"https:\/\/drive.google.com\/file\/d\/19XkQPIU2YBUBNfZ1H9w8W0In81ZlVfgl\/view\" target=\"_blank\" rel=\"noreferrer noopener\">INFOGRAFIA_adhesi\u00f3 nous PEE_MUNICIPIS<\/a><\/p>\n\n\n\n<p><\/p>\n","protected":false},"excerpt":{"rendered":"<p>Projecte marc. Document base Full de ruta per al desplegament d&#8217;un nou PEE Full d&#8217;adhesi\u00f3 de CENTRES al PEE \/ INFOGRAFIA_adhesi\u00f3 nous PEE_CENTRES Full d&#8217;adhesi\u00f3 d&#8217;ENTITATS al PEE INFOGRAFIA_adhesi\u00f3 nous PEE_MUNICIPIS<\/p>\n","protected":false},"author":1,"featured_media":0,"parent":0,"menu_order":0,"comment_status":"closed","ping_status":"close","template":"","meta":{"_bbp_topic_count":0,"_bbp_reply_count":0,"_bbp_total_topic_count":0,"_bbp_total_reply_count":0,"_bbp_voice_count":0,"_bbp_anonymous_reply_count":0,"_bbp_topic_count_hidden":0,"_bbp_reply_count_hidden":0,"_bbp_forum_subforum_count":0,"site-sidebar-layout":"default","site-content-layout":"","ast-site-content-layout":"default","site-content-style":"default","site-sidebar-style":"default","ast-global-header-display":"","ast-banner-title-visibility":"","ast-main-header-display":"","ast-hfb-above-header-display":"","ast-hfb-below-header-display":"","ast-hfb-mobile-header-display":"","site-post-title":"","ast-breadcrumbs-content":"","ast-featured-img":"","footer-sml-layout":"","theme-transparent-header-meta":"","adv-header-id-meta":"","stick-header-meta":"","header-above-stick-meta":"","header-main-stick-meta":"","header-below-stick-meta":"","astra-migrate-meta-layouts":"set","ast-page-background-enabled":"default","ast-page-background-meta":{"desktop":{"background-color":"var(--ast-global-color-4)","background-image":"","background-repeat":"repeat","background-position":"center center","background-size":"auto","background-attachment":"scroll","background-type":"","background-media":"","overlay-type":"","overlay-color":"","overlay-opacity":"","overlay-gradient":""},"tablet":{"background-color":"","background-image":"","background-repeat":"repeat","background-position":"center center","background-size":"auto","background-attachment":"scroll","background-type":"","background-media":"","overlay-type":"","overlay-color":"","overlay-opacity":"","overlay-gradient":""},"mobile":{"background-color":"","background-image":"","background-repeat":"repeat","background-position":"center center","background-size":"auto","background-attachment":"scroll","background-type":"","background-media":"","overlay-type":"","overlay-color":"","overlay-opacity":"","overlay-gradient":""}},"ast-content-background-meta":{"desktop":{"background-color":"var(--ast-global-color-5)","background-image":"","background-repeat":"repeat","background-position":"center center","background-size":"auto","background-attachment":"scroll","background-type":"","background-media":"","overlay-type":"","overlay-color":"","overlay-opacity":"","overlay-gradient":""},"tablet":{"background-color":"var(--ast-global-color-5)","background-image":"","background-repeat":"repeat","background-position":"center center","background-size":"auto","background-attachment":"scroll","background-type":"","background-media":"","overlay-type":"","overlay-color":"","overlay-opacity":"","overlay-gradient":""},"mobile":{"background-color":"var(--ast-global-color-5)","background-image":"","background-repeat":"repeat","background-position":"center center","background-size":"auto","background-attachment":"scroll","background-type":"","background-media":"","overlay-type":"","overlay-color":"","overlay-opacity":"","overlay-gradient":""}},"footnotes":""},"class_list":["post-10146","page","type-page","status-publish","hentry"],"post_mailing_queue_ids":[],"_links":{"self":[{"href":"https:\/\/projectes.xtec.cat\/pee\/wp-json\/wp\/v2\/pages\/10146","targetHints":{"allow":["GET"]}}],"collection":[{"href":"https:\/\/projectes.xtec.cat\/pee\/wp-json\/wp\/v2\/pages"}],"about":[{"href":"https:\/\/projectes.xtec.cat\/pee\/wp-json\/wp\/v2\/types\/page"}],"author":[{"embeddable":true,"href":"https:\/\/projectes.xtec.cat\/pee\/wp-json\/wp\/v2\/users\/1"}],"replies":[{"embeddable":true,"href":"https:\/\/projectes.xtec.cat\/pee\/wp-json\/wp\/v2\/comments?post=10146"}],"version-history":[{"count":6,"href":"https:\/\/projectes.xtec.cat\/pee\/wp-json\/wp\/v2\/pages\/10146\/revisions"}],"predecessor-version":[{"id":10570,"href":"https:\/\/projectes.xtec.cat\/pee\/wp-json\/wp\/v2\/pages\/10146\/revisions\/10570"}],"wp:attachment":[{"href":"https:\/\/projectes.xtec.cat\/pee\/wp-json\/wp\/v2\/media?parent=10146"}],"curies":[{"name":"wp","href":"https:\/\/api.w.org\/{rel}","templated":true}]}}