{"id":10172,"date":"2025-01-27T11:14:56","date_gmt":"2025-01-27T10:14:56","guid":{"rendered":"https:\/\/projectes.xtec.cat\/pee\/?page_id=10172"},"modified":"2025-01-27T11:25:29","modified_gmt":"2025-01-27T10:25:29","slug":"memoria-justificativa-eco","status":"publish","type":"page","link":"https:\/\/projectes.xtec.cat\/pee\/memoria-justificativa-eco\/","title":{"rendered":"Mem\u00f2ria justificativa ECO"},"content":{"rendered":"\n<figure class=\"wp-block-table\"><table><tbody><tr><td><strong>DATES<\/strong><\/td><td><strong>ECON\u00d2MICA<\/strong><\/td><td><\/td><\/tr><tr><td><strong>FONS PROPIS<\/strong><\/td><td><strong>M\u00f2dul 1:<\/strong> Dotaci\u00f3 ordin\u00e0ria dels PEE&nbsp;<br><strong>M\u00f2dul 2:<\/strong> Recursos t\u00e8cnics per refor\u00e7ar el lideratge t\u00e8cnic i la dinamitzaci\u00f3 de l&#8217;educaci\u00f3 en l&#8217;\u00e0mbit comunitari<\/td><td><strong>Justificaci\u00f3 fins al 15 d\u2019octubre de 2024<\/strong><\/td><td>Model1:<br><a href=\"https:\/\/drive.google.com\/file\/d\/1fJ-0AE5H0dOvFsiS9RRXMHoknJSG_QKu\/view?usp=sharing\" target=\"_blank\" rel=\"noreferrer noopener\">Model_1_Justificaci\u00f3_ORD_2324<\/a> (Per ampliar files heu d\u2019habilitar edici\u00f3 i contingut un cop descarregat l\u2019arxiu)<\/td><td rowspan=\"2\"><strong>Mem\u00f2ria t\u00e8cnica_23-24<\/strong><br><a href=\"https:\/\/forms.gle\/zC6bEhrXmZvd8pEX8\">Formulari<\/a> \/ <a href=\"https:\/\/drive.google.com\/file\/d\/1Ns-8bNmPKCRDoi-gAiLzoVlcwt81tMhz\/view?usp=sharing\">pdf_<\/a> \/<br><a href=\"https:\/\/drive.google.com\/file\/d\/1-JoeMdtSDfisaFatT_mIHfu6OydtIH6K\/view?usp=sharing\">Recorregut_<\/a><br><br><br><strong>Justificaci\u00f3 fins al 15 d\u2019octubre de 2024<\/strong><\/td><\/tr><tr><td><strong>FONS MRR<\/strong><\/td><td><strong>M\u00f2dul 3:<\/strong><br>Tallers de suport i acompanyament educatiu i diversificats<br>Oportunitats educatives m\u00e9s enll\u00e0 de l&#8217;escola&nbsp;<br>Mentoria socioeducativa<\/td><td><strong>Justificaci\u00f3 fins al 15 d\u2019octubre de 2024<\/strong><\/td><td>Model 2:<br><a href=\"https:\/\/drive.google.com\/file\/d\/1ONayg-g3jaIsQ-lHCgmFwHHSitt7DxVP\/view?usp=sharing\">Model_2_Justificaci\u00f3_MRR2324<\/a> (Per ampliar files heu d\u2019habilitar edici\u00f3 i contingut un cop descarregat l\u2019arxiu)<\/td><\/tr><\/tbody><\/table><\/figure>\n\n\n\n<p>Recordeu que la ruta per enviar les justificacions per EACAT \u00e9s la seg\u00fcent:<br><strong>Inici &gt; Tr\u00e0mits &gt; Cat\u00e0leg &gt; EDF &#8211; Comunicacions referents als Plans Educatius d&#8217;Entorn &gt; Comunicaci\u00f3 al Departament<\/strong><\/p>\n","protected":false},"excerpt":{"rendered":"<p>DATES ECON\u00d2MICA FONS PROPIS M\u00f2dul 1: Dotaci\u00f3 ordin\u00e0ria dels PEE&nbsp;M\u00f2dul 2: Recursos t\u00e8cnics per refor\u00e7ar el lideratge t\u00e8cnic i la dinamitzaci\u00f3 de l&#8217;educaci\u00f3 en l&#8217;\u00e0mbit comunitari Justificaci\u00f3 fins al 15 d\u2019octubre de 2024 Model1:Model_1_Justificaci\u00f3_ORD_2324 (Per ampliar files heu d\u2019habilitar edici\u00f3 i contingut un cop descarregat l\u2019arxiu) Mem\u00f2ria t\u00e8cnica_23-24Formulari \/ pdf_ \/Recorregut_ Justificaci\u00f3 fins al 15 [&hellip;]<\/p>\n","protected":false},"author":1,"featured_media":0,"parent":0,"menu_order":0,"comment_status":"closed","ping_status":"close","template":"","meta":{"_bbp_topic_count":0,"_bbp_reply_count":0,"_bbp_total_topic_count":0,"_bbp_total_reply_count":0,"_bbp_voice_count":0,"_bbp_anonymous_reply_count":0,"_bbp_topic_count_hidden":0,"_bbp_reply_count_hidden":0,"_bbp_forum_subforum_count":0,"site-sidebar-layout":"default","site-content-layout":"","ast-site-content-layout":"default","site-content-style":"default","site-sidebar-style":"default","ast-global-header-display":"","ast-banner-title-visibility":"","ast-main-header-display":"","ast-hfb-above-header-display":"","ast-hfb-below-header-display":"","ast-hfb-mobile-header-display":"","site-post-title":"","ast-breadcrumbs-content":"","ast-featured-img":"","footer-sml-layout":"","theme-transparent-header-meta":"","adv-header-id-meta":"","stick-header-meta":"","header-above-stick-meta":"","header-main-stick-meta":"","header-below-stick-meta":"","astra-migrate-meta-layouts":"set","ast-page-background-enabled":"default","ast-page-background-meta":{"desktop":{"background-color":"var(--ast-global-color-4)","background-image":"","background-repeat":"repeat","background-position":"center center","background-size":"auto","background-attachment":"scroll","background-type":"","background-media":"","overlay-type":"","overlay-color":"","overlay-opacity":"","overlay-gradient":""},"tablet":{"background-color":"","background-image":"","background-repeat":"repeat","background-position":"center center","background-size":"auto","background-attachment":"scroll","background-type":"","background-media":"","overlay-type":"","overlay-color":"","overlay-opacity":"","overlay-gradient":""},"mobile":{"background-color":"","background-image":"","background-repeat":"repeat","background-position":"center center","background-size":"auto","background-attachment":"scroll","background-type":"","background-media":"","overlay-type":"","overlay-color":"","overlay-opacity":"","overlay-gradient":""}},"ast-content-background-meta":{"desktop":{"background-color":"var(--ast-global-color-5)","background-image":"","background-repeat":"repeat","background-position":"center center","background-size":"auto","background-attachment":"scroll","background-type":"","background-media":"","overlay-type":"","overlay-color":"","overlay-opacity":"","overlay-gradient":""},"tablet":{"background-color":"var(--ast-global-color-5)","background-image":"","background-repeat":"repeat","background-position":"center center","background-size":"auto","background-attachment":"scroll","background-type":"","background-media":"","overlay-type":"","overlay-color":"","overlay-opacity":"","overlay-gradient":""},"mobile":{"background-color":"var(--ast-global-color-5)","background-image":"","background-repeat":"repeat","background-position":"center center","background-size":"auto","background-attachment":"scroll","background-type":"","background-media":"","overlay-type":"","overlay-color":"","overlay-opacity":"","overlay-gradient":""}},"footnotes":""},"class_list":["post-10172","page","type-page","status-publish","hentry"],"post_mailing_queue_ids":[],"_links":{"self":[{"href":"https:\/\/projectes.xtec.cat\/pee\/wp-json\/wp\/v2\/pages\/10172","targetHints":{"allow":["GET"]}}],"collection":[{"href":"https:\/\/projectes.xtec.cat\/pee\/wp-json\/wp\/v2\/pages"}],"about":[{"href":"https:\/\/projectes.xtec.cat\/pee\/wp-json\/wp\/v2\/types\/page"}],"author":[{"embeddable":true,"href":"https:\/\/projectes.xtec.cat\/pee\/wp-json\/wp\/v2\/users\/1"}],"replies":[{"embeddable":true,"href":"https:\/\/projectes.xtec.cat\/pee\/wp-json\/wp\/v2\/comments?post=10172"}],"version-history":[{"count":6,"href":"https:\/\/projectes.xtec.cat\/pee\/wp-json\/wp\/v2\/pages\/10172\/revisions"}],"predecessor-version":[{"id":10181,"href":"https:\/\/projectes.xtec.cat\/pee\/wp-json\/wp\/v2\/pages\/10172\/revisions\/10181"}],"wp:attachment":[{"href":"https:\/\/projectes.xtec.cat\/pee\/wp-json\/wp\/v2\/media?parent=10172"}],"curies":[{"name":"wp","href":"https:\/\/api.w.org\/{rel}","templated":true}]}}