{"id":10182,"date":"2025-01-27T11:33:56","date_gmt":"2025-01-27T10:33:56","guid":{"rendered":"https:\/\/projectes.xtec.cat\/pee\/?page_id=10182"},"modified":"2025-01-27T11:50:57","modified_gmt":"2025-01-27T10:50:57","slug":"fons-europeus","status":"publish","type":"page","link":"https:\/\/projectes.xtec.cat\/pee\/fons-europeus\/","title":{"rendered":"Fons europeus"},"content":{"rendered":"\n<div class=\"wp-block-buttons is-layout-flex wp-block-buttons-is-layout-flex\">\n<div class=\"wp-block-button has-custom-width wp-block-button__width-25\"><a class=\"wp-block-button__link wp-element-button\" href=\"https:\/\/drive.google.com\/drive\/folders\/1lGOM9UtWgy1fh4H-q-k2B12wIwfz0B23\" target=\"_blank\" rel=\"noreferrer noopener\">GESTI\u00d3 MRR<\/a><\/div>\n\n\n\n<div class=\"wp-block-button has-custom-width wp-block-button__width-25\"><a class=\"wp-block-button__link wp-element-button\" href=\"https:\/\/projectes.xtec.cat\/pee\/coffee\/\" target=\"_blank\" rel=\"noreferrer noopener\">CoFFEE<\/a><\/div>\n\n\n\n<div class=\"wp-block-button has-custom-width wp-block-button__width-25\"><a class=\"wp-block-button__link wp-element-button\" href=\"https:\/\/soportesgffee.zendesk.com\/hc\/es\" target=\"_blank\" rel=\"noreferrer noopener\">CAU<\/a><\/div>\n\n\n\n<div class=\"wp-block-button has-custom-width wp-block-button__width-25\"><a class=\"wp-block-button__link wp-element-button\" href=\"https:\/\/sede.agenciatributaria.gob.es\/Sede\/procedimientoini\/ZA25.shtml\" target=\"_blank\" rel=\"noreferrer noopener\">MINERVA<\/a><\/div>\n\n\n\n<div class=\"wp-block-button has-custom-width wp-block-button__width-25\"><a class=\"wp-block-button__link has-text-align-center wp-element-button\" href=\"https:\/\/drive.google.com\/file\/d\/1w_9Fkrk1-vD2kKrYK61dgLDtGaI4nT-W\/view\" target=\"_blank\" rel=\"noreferrer noopener\">LOGOS<\/a><\/div>\n<\/div>\n\n\n\n<p><\/p>\n\n\n\n<figure class=\"wp-block-image alignleft\"><a href=\"https:\/\/www.fondoseuropeos.hacienda.gob.es\/sitios\/dgpmrr\/es-es\/Paginas\/documentos.aspx\"><img loading=\"lazy\" decoding=\"async\" width=\"194\" height=\"238\" src=\"https:\/\/projectes.xtec.cat\/pee\/wp-content\/uploads\/usu2653\/2024\/01\/cau.jpg\" alt=\"\" class=\"wp-image-9542\"\/><\/a><\/figure>\n\n\n\n<p><strong><a href=\"https:\/\/www.fondoseuropeos.hacienda.gob.es\/sitios\/dgpmrr\/es-es\/Documents\/2023%2004%2011%20PROTOCOLO%20DE%20ADHESI%C3%93N%20AL%20SERVICIO%20DE%20ASISTENCIA%20T%C3%89CNICA%20Y%20DINAMIZACI%C3%93N%20TRACSATEC%20EN%20EL%20PRTR%20LOGOS.pdf\" target=\"_blank\" rel=\"noreferrer noopener\">Protocol d\u2019adhesi\u00f3 del Ministeri d\u2019Hisenda <\/a><\/strong><em>(Informaci\u00f3 relativa al servei d\u2019assist\u00e8ncia t\u00e8cnica i dinamitzaci\u00f3 de la participaci\u00f3 de les administracions p\u00fabliques en el pla de recuperaci\u00f3, transformaci\u00f3 i resili\u00e8ncia (PRTR))<\/em><\/p>\n\n\n\n<p><a href=\"https:\/\/drive.google.com\/file\/d\/1IrPNAEf-GImDEX9P8d6PAwDLQv7Htksy\/view?usp=sharing\">RESOLUCI\u00d3_TRANSFER\u00c8NCIA FONS MRR_CURS 2023-2024<\/a><\/p>\n\n\n\n<p>Per a preguntes relacionades amb els fons MRR contacte: <a href=\"mailto:pee.educacio@gencat.cat\" target=\"_blank\" rel=\"noreferrer noopener\">pee.educacio@gencat.cat<\/a><\/p>\n\n\n\n<p><a href=\"https:\/\/educacio.gencat.cat\/ca\/departament\/fons-europeus\/\">FONS EUROPEUS A CATALUNYA (FEDER \/ NEXT GENERATION)<\/a><\/p>\n\n\n\n<p><a href=\"https:\/\/fonseuropeus.gencat.cat\/ca\/detalls\/article\/art-pla-antifrau-mmr-catalunya\">FONS EUROPEUS A CATALUNYA (Pla de mesures antifrau)<\/a><\/p>\n\n\n\n<p>PLATAFORMA DE&nbsp;<a href=\"https:\/\/aulafondoseuropeos.es\/\">FORMACI\u00d3N ONLINE FONDOS EUROPEOS<\/a><\/p>\n\n\n\n<figure class=\"wp-block-image size-large is-resized\"><a href=\"https:\/\/projectes.xtec.cat\/pee\/wp-content\/uploads\/usu2653\/2025\/01\/Fons-europeus.png\"><img loading=\"lazy\" decoding=\"async\" width=\"1024\" height=\"577\" src=\"https:\/\/projectes.xtec.cat\/pee\/wp-content\/uploads\/usu2653\/2025\/01\/Fons-europeus-1024x577.png\" alt=\"\" class=\"wp-image-10188\" style=\"width:728px;height:auto\" srcset=\"https:\/\/projectes.xtec.cat\/pee\/wp-content\/uploads\/usu2653\/2025\/01\/Fons-europeus-1024x577.png 1024w, https:\/\/projectes.xtec.cat\/pee\/wp-content\/uploads\/usu2653\/2025\/01\/Fons-europeus-300x169.png 300w, https:\/\/projectes.xtec.cat\/pee\/wp-content\/uploads\/usu2653\/2025\/01\/Fons-europeus-768x433.png 768w, https:\/\/projectes.xtec.cat\/pee\/wp-content\/uploads\/usu2653\/2025\/01\/Fons-europeus.png 1198w\" sizes=\"auto, (max-width: 1024px) 100vw, 1024px\" \/><\/a><\/figure>\n\n\n\n<p><a href=\"https:\/\/www.boe.es\/boe\/dias\/2021\/09\/30\/pdfs\/BOE-A-2021-15860.pdf\">Orden HFP\/1030\/2021<\/a>, i&nbsp;<a href=\"https:\/\/www.boe.es\/boe\/dias\/2021\/09\/30\/pdfs\/BOE-A-2021-15861.pdf\">Orden HFP\/1031\/2021<\/a>&nbsp;de 29 de setembre. Sistema de gesti\u00f3 del Plan de Recuperaci\u00f3n, Transformaci\u00f3n y Resiliencia.<\/p>\n\n\n\n<p><a href=\"https:\/\/exteriors.gencat.cat\/ca\/ambits-dactuacio\/afers_exteriors\/ue\/fons_europeus\/detalls\/noticia\/20230126_conflicte-interes\">Ordre HFP\/55\/2023<\/a>, de 24 de gener, en relaci\u00f3 a&nbsp;<strong>l\u2019an\u00e0lisi sistem\u00e0tica del risc de conflicte d\u2019inter\u00e8s<\/strong><\/p>\n","protected":false},"excerpt":{"rendered":"<p>Protocol d\u2019adhesi\u00f3 del Ministeri d\u2019Hisenda (Informaci\u00f3 relativa al servei d\u2019assist\u00e8ncia t\u00e8cnica i dinamitzaci\u00f3 de la participaci\u00f3 de les administracions p\u00fabliques en el pla de recuperaci\u00f3, transformaci\u00f3 i resili\u00e8ncia (PRTR)) RESOLUCI\u00d3_TRANSFER\u00c8NCIA FONS MRR_CURS 2023-2024 Per a preguntes relacionades amb els fons MRR contacte: pee.educacio@gencat.cat FONS EUROPEUS A CATALUNYA (FEDER \/ NEXT GENERATION) FONS EUROPEUS A CATALUNYA [&hellip;]<\/p>\n","protected":false},"author":1,"featured_media":0,"parent":0,"menu_order":0,"comment_status":"closed","ping_status":"close","template":"","meta":{"_bbp_topic_count":0,"_bbp_reply_count":0,"_bbp_total_topic_count":0,"_bbp_total_reply_count":0,"_bbp_voice_count":0,"_bbp_anonymous_reply_count":0,"_bbp_topic_count_hidden":0,"_bbp_reply_count_hidden":0,"_bbp_forum_subforum_count":0,"site-sidebar-layout":"default","site-content-layout":"","ast-site-content-layout":"default","site-content-style":"default","site-sidebar-style":"default","ast-global-header-display":"","ast-banner-title-visibility":"","ast-main-header-display":"","ast-hfb-above-header-display":"","ast-hfb-below-header-display":"","ast-hfb-mobile-header-display":"","site-post-title":"","ast-breadcrumbs-content":"","ast-featured-img":"","footer-sml-layout":"","theme-transparent-header-meta":"","adv-header-id-meta":"","stick-header-meta":"","header-above-stick-meta":"","header-main-stick-meta":"","header-below-stick-meta":"","astra-migrate-meta-layouts":"set","ast-page-background-enabled":"default","ast-page-background-meta":{"desktop":{"background-color":"var(--ast-global-color-4)","background-image":"","background-repeat":"repeat","background-position":"center center","background-size":"auto","background-attachment":"scroll","background-type":"","background-media":"","overlay-type":"","overlay-color":"","overlay-opacity":"","overlay-gradient":""},"tablet":{"background-color":"","background-image":"","background-repeat":"repeat","background-position":"center center","background-size":"auto","background-attachment":"scroll","background-type":"","background-media":"","overlay-type":"","overlay-color":"","overlay-opacity":"","overlay-gradient":""},"mobile":{"background-color":"","background-image":"","background-repeat":"repeat","background-position":"center center","background-size":"auto","background-attachment":"scroll","background-type":"","background-media":"","overlay-type":"","overlay-color":"","overlay-opacity":"","overlay-gradient":""}},"ast-content-background-meta":{"desktop":{"background-color":"var(--ast-global-color-5)","background-image":"","background-repeat":"repeat","background-position":"center center","background-size":"auto","background-attachment":"scroll","background-type":"","background-media":"","overlay-type":"","overlay-color":"","overlay-opacity":"","overlay-gradient":""},"tablet":{"background-color":"var(--ast-global-color-5)","background-image":"","background-repeat":"repeat","background-position":"center center","background-size":"auto","background-attachment":"scroll","background-type":"","background-media":"","overlay-type":"","overlay-color":"","overlay-opacity":"","overlay-gradient":""},"mobile":{"background-color":"var(--ast-global-color-5)","background-image":"","background-repeat":"repeat","background-position":"center center","background-size":"auto","background-attachment":"scroll","background-type":"","background-media":"","overlay-type":"","overlay-color":"","overlay-opacity":"","overlay-gradient":""}},"footnotes":""},"class_list":["post-10182","page","type-page","status-publish","hentry"],"post_mailing_queue_ids":[],"_links":{"self":[{"href":"https:\/\/projectes.xtec.cat\/pee\/wp-json\/wp\/v2\/pages\/10182","targetHints":{"allow":["GET"]}}],"collection":[{"href":"https:\/\/projectes.xtec.cat\/pee\/wp-json\/wp\/v2\/pages"}],"about":[{"href":"https:\/\/projectes.xtec.cat\/pee\/wp-json\/wp\/v2\/types\/page"}],"author":[{"embeddable":true,"href":"https:\/\/projectes.xtec.cat\/pee\/wp-json\/wp\/v2\/users\/1"}],"replies":[{"embeddable":true,"href":"https:\/\/projectes.xtec.cat\/pee\/wp-json\/wp\/v2\/comments?post=10182"}],"version-history":[{"count":4,"href":"https:\/\/projectes.xtec.cat\/pee\/wp-json\/wp\/v2\/pages\/10182\/revisions"}],"predecessor-version":[{"id":10193,"href":"https:\/\/projectes.xtec.cat\/pee\/wp-json\/wp\/v2\/pages\/10182\/revisions\/10193"}],"wp:attachment":[{"href":"https:\/\/projectes.xtec.cat\/pee\/wp-json\/wp\/v2\/media?parent=10182"}],"curies":[{"name":"wp","href":"https:\/\/api.w.org\/{rel}","templated":true}]}}